{"id":60681,"date":"2021-06-25T15:56:09","date_gmt":"2021-06-25T15:56:09","guid":{"rendered":"https:\/\/www.meliconi.com\/prodotto\/hp-steto-digital\/"},"modified":"2024-10-08T15:16:43","modified_gmt":"2024-10-08T13:16:43","slug":"hp-steto-digital","status":"publish","type":"product","link":"https:\/\/www.meliconi.com\/de\/produkt\/hp-steto-digital\/","title":{"rendered":"HP STETO DIGITAL"},"content":{"rendered":"<p>Kabelloses digitales System (2,4 GHz), das das Anh\u00f6ren von Programmen, Filmen oder Musik \u00fcber Kopfh\u00f6rer erm\u00f6glicht, ohne st\u00f6rende Kabel und mit voller Bewegungsfreiheit.<br \/>\nDas digitale Signal durchdringt W\u00e4nde. Maximale Reichweite von 30 m im freien Feld.<br \/>\nDie Kopfh\u00f6rer verf\u00fcgen \u00fcber zwei Audioeing\u00e4nge: optisch-digital (Toslink) und analog (AUX 3,5 mm), sodass sie mit nahezu allen auf dem Markt erh\u00e4ltlichen TV-Modellen kompatibel sind.<br \/>\nDer Kopfb\u00fcgel verl\u00e4uft unter dem Kinn f\u00fcr eine bequemere und leichtere L\u00f6sung im Vergleich zu herk\u00f6mmlichen Kopfh\u00f6rern.<br \/>\nDie Kopfh\u00f6rer werden mit einem Lithium-Akku betrieben und bieten 8 Stunden ununterbrochene Nutzung. Zwei Batterien sind im Lieferumfang enthalten.<br \/>\nLadestation zur praktischen Aufbewahrung und Aufladung der Kopfh\u00f6rer nach Gebrauch.<br \/>\nLautst\u00e4rkeregelung und Sound-Balance direkt am Kopfh\u00f6rer.<br \/>\nMikrofon an den Kopfh\u00f6rern aktivierbar (eingehendes Audio kann stummgeschaltet werden, um die Kopfh\u00f6rer in ein Verst\u00e4rkungsmikrofon zu verwandeln und Umgebungsger\u00e4usche und Stimmen wahrzunehmen).<br \/>\nEqualizer: Drei verschiedene Einstellungen verf\u00fcgbar.<br \/>\nMono- oder Stereo-Modus w\u00e4hlbar.<\/p>\n","protected":false},"excerpt":{"rendered":"<p>Kabelloser digitaler Kopfh\u00f6rer 2,4 GHz Modell &#8222;STETO&#8220; mit optisch-digitalem Audioeingang und Ladestation, Reichweite 20 m.<\/p>\n","protected":false},"featured_media":60684,"template":"","meta":{"_acf_changed":false},"product_brand":[],"product_cat":[566],"product_tag":[],"class_list":{"0":"post-60681","1":"product","2":"type-product","3":"status-publish","4":"has-post-thumbnail","6":"product_cat-kabellose-tv-kopfhorer","8":"first","9":"outofstock","10":"taxable","11":"shipping-taxable","12":"purchasable","13":"product-type-simple"},"acf":[],"yoast_head":"<!-- This site is optimized with the Yoast SEO plugin v27.4 - https:\/\/yoast.com\/product\/yoast-seo-wordpress\/ -->\n<title>HP STETO DIGITAL - Meliconi<\/title>\n<meta name=\"robots\" content=\"index, follow, max-snippet:-1, max-image-preview:large, max-video-preview:-1\" \/>\n<link rel=\"canonical\" href=\"https:\/\/www.meliconi.com\/de\/produkt\/hp-steto-digital\/\" \/>\n<meta property=\"og:locale\" content=\"de_DE\" \/>\n<meta property=\"og:type\" content=\"article\" \/>\n<meta property=\"og:title\" content=\"HP STETO DIGITAL - Meliconi\" \/>\n<meta property=\"og:description\" content=\"Kabelloser digitaler Kopfh\u00f6rer 2,4 GHz Modell &quot;STETO&quot; mit optisch-digitalem Audioeingang und Ladestation, Reichweite 20 m.\" \/>\n<meta property=\"og:url\" content=\"https:\/\/www.meliconi.com\/de\/produkt\/hp-steto-digital\/\" \/>\n<meta property=\"og:site_name\" content=\"Meliconi\" \/>\n<meta property=\"article:modified_time\" content=\"2024-10-08T13:16:43+00:00\" \/>\n<meta property=\"og:image\" content=\"https:\/\/www.meliconi.com\/wp-content\/uploads\/2021\/06\/497316_HP-Steto-Digital.jpg\" \/>\n\t<meta property=\"og:image:width\" content=\"1889\" \/>\n\t<meta property=\"og:image:height\" content=\"2512\" \/>\n\t<meta property=\"og:image:type\" content=\"image\/jpeg\" \/>\n<meta name=\"twitter:card\" content=\"summary_large_image\" \/>\n<meta name=\"twitter:label1\" content=\"Gesch\u00e4tzte Lesezeit\" \/>\n\t<meta name=\"twitter:data1\" content=\"1\u00a0Minute\" \/>\n<script type=\"application\/ld+json\" class=\"yoast-schema-graph\">{\"@context\":\"https:\\\/\\\/schema.org\",\"@graph\":[{\"@type\":\"WebPage\",\"@id\":\"https:\\\/\\\/www.meliconi.com\\\/de\\\/produkt\\\/hp-steto-digital\\\/\",\"url\":\"https:\\\/\\\/www.meliconi.com\\\/de\\\/produkt\\\/hp-steto-digital\\\/\",\"name\":\"HP STETO DIGITAL - Meliconi\",\"isPartOf\":{\"@id\":\"https:\\\/\\\/www.meliconi.com\\\/de\\\/#website\"},\"primaryImageOfPage\":{\"@id\":\"https:\\\/\\\/www.meliconi.com\\\/de\\\/produkt\\\/hp-steto-digital\\\/#primaryimage\"},\"image\":{\"@id\":\"https:\\\/\\\/www.meliconi.com\\\/de\\\/produkt\\\/hp-steto-digital\\\/#primaryimage\"},\"thumbnailUrl\":\"https:\\\/\\\/www.meliconi.com\\\/wp-content\\\/uploads\\\/2021\\\/06\\\/497316_HP-Steto-Digital.jpg\",\"datePublished\":\"2021-06-25T15:56:09+00:00\",\"dateModified\":\"2024-10-08T13:16:43+00:00\",\"breadcrumb\":{\"@id\":\"https:\\\/\\\/www.meliconi.com\\\/de\\\/produkt\\\/hp-steto-digital\\\/#breadcrumb\"},\"inLanguage\":\"de\",\"potentialAction\":[{\"@type\":\"ReadAction\",\"target\":[\"https:\\\/\\\/www.meliconi.com\\\/de\\\/produkt\\\/hp-steto-digital\\\/\"]}]},{\"@type\":\"ImageObject\",\"inLanguage\":\"de\",\"@id\":\"https:\\\/\\\/www.meliconi.com\\\/de\\\/produkt\\\/hp-steto-digital\\\/#primaryimage\",\"url\":\"https:\\\/\\\/www.meliconi.com\\\/wp-content\\\/uploads\\\/2021\\\/06\\\/497316_HP-Steto-Digital.jpg\",\"contentUrl\":\"https:\\\/\\\/www.meliconi.com\\\/wp-content\\\/uploads\\\/2021\\\/06\\\/497316_HP-Steto-Digital.jpg\",\"width\":1889,\"height\":2512},{\"@type\":\"BreadcrumbList\",\"@id\":\"https:\\\/\\\/www.meliconi.com\\\/de\\\/produkt\\\/hp-steto-digital\\\/#breadcrumb\",\"itemListElement\":[{\"@type\":\"ListItem\",\"position\":1,\"name\":\"Home\",\"item\":\"https:\\\/\\\/www.meliconi.com\\\/de\\\/\"},{\"@type\":\"ListItem\",\"position\":2,\"name\":\"Shop\",\"item\":\"https:\\\/\\\/www.meliconi.com\\\/de\\\/shop-de\\\/\"},{\"@type\":\"ListItem\",\"position\":3,\"name\":\"HP STETO DIGITAL\"}]},{\"@type\":\"WebSite\",\"@id\":\"https:\\\/\\\/www.meliconi.com\\\/de\\\/#website\",\"url\":\"https:\\\/\\\/www.meliconi.com\\\/de\\\/\",\"name\":\"Meliconi\",\"description\":\"Lo specialista dell&#039;accessorio\",\"publisher\":{\"@id\":\"https:\\\/\\\/www.meliconi.com\\\/de\\\/#organization\"},\"potentialAction\":[{\"@type\":\"SearchAction\",\"target\":{\"@type\":\"EntryPoint\",\"urlTemplate\":\"https:\\\/\\\/www.meliconi.com\\\/de\\\/?s={search_term_string}\"},\"query-input\":{\"@type\":\"PropertyValueSpecification\",\"valueRequired\":true,\"valueName\":\"search_term_string\"}}],\"inLanguage\":\"de\"},{\"@type\":\"Organization\",\"@id\":\"https:\\\/\\\/www.meliconi.com\\\/de\\\/#organization\",\"name\":\"Meliconi\",\"url\":\"https:\\\/\\\/www.meliconi.com\\\/de\\\/\",\"logo\":{\"@type\":\"ImageObject\",\"inLanguage\":\"de\",\"@id\":\"https:\\\/\\\/www.meliconi.com\\\/de\\\/#\\\/schema\\\/logo\\\/image\\\/\",\"url\":\"https:\\\/\\\/www.meliconi.com\\\/wp-content\\\/uploads\\\/2021\\\/06\\\/logo-meliconi.png\",\"contentUrl\":\"https:\\\/\\\/www.meliconi.com\\\/wp-content\\\/uploads\\\/2021\\\/06\\\/logo-meliconi.png\",\"width\":338,\"height\":102,\"caption\":\"Meliconi\"},\"image\":{\"@id\":\"https:\\\/\\\/www.meliconi.com\\\/de\\\/#\\\/schema\\\/logo\\\/image\\\/\"}}]}<\/script>\n<!-- \/ Yoast SEO plugin. -->","yoast_head_json":{"title":"HP STETO DIGITAL - Meliconi","robots":{"index":"index","follow":"follow","max-snippet":"max-snippet:-1","max-image-preview":"max-image-preview:large","max-video-preview":"max-video-preview:-1"},"canonical":"https:\/\/www.meliconi.com\/de\/produkt\/hp-steto-digital\/","og_locale":"de_DE","og_type":"article","og_title":"HP STETO DIGITAL - Meliconi","og_description":"Kabelloser digitaler Kopfh\u00f6rer 2,4 GHz Modell \"STETO\" mit optisch-digitalem Audioeingang und Ladestation, Reichweite 20 m.","og_url":"https:\/\/www.meliconi.com\/de\/produkt\/hp-steto-digital\/","og_site_name":"Meliconi","article_modified_time":"2024-10-08T13:16:43+00:00","og_image":[{"width":1889,"height":2512,"url":"https:\/\/www.meliconi.com\/wp-content\/uploads\/2021\/06\/497316_HP-Steto-Digital.jpg","type":"image\/jpeg"}],"twitter_card":"summary_large_image","twitter_misc":{"Gesch\u00e4tzte Lesezeit":"1\u00a0Minute"},"schema":{"@context":"https:\/\/schema.org","@graph":[{"@type":"WebPage","@id":"https:\/\/www.meliconi.com\/de\/produkt\/hp-steto-digital\/","url":"https:\/\/www.meliconi.com\/de\/produkt\/hp-steto-digital\/","name":"HP STETO DIGITAL - Meliconi","isPartOf":{"@id":"https:\/\/www.meliconi.com\/de\/#website"},"primaryImageOfPage":{"@id":"https:\/\/www.meliconi.com\/de\/produkt\/hp-steto-digital\/#primaryimage"},"image":{"@id":"https:\/\/www.meliconi.com\/de\/produkt\/hp-steto-digital\/#primaryimage"},"thumbnailUrl":"https:\/\/www.meliconi.com\/wp-content\/uploads\/2021\/06\/497316_HP-Steto-Digital.jpg","datePublished":"2021-06-25T15:56:09+00:00","dateModified":"2024-10-08T13:16:43+00:00","breadcrumb":{"@id":"https:\/\/www.meliconi.com\/de\/produkt\/hp-steto-digital\/#breadcrumb"},"inLanguage":"de","potentialAction":[{"@type":"ReadAction","target":["https:\/\/www.meliconi.com\/de\/produkt\/hp-steto-digital\/"]}]},{"@type":"ImageObject","inLanguage":"de","@id":"https:\/\/www.meliconi.com\/de\/produkt\/hp-steto-digital\/#primaryimage","url":"https:\/\/www.meliconi.com\/wp-content\/uploads\/2021\/06\/497316_HP-Steto-Digital.jpg","contentUrl":"https:\/\/www.meliconi.com\/wp-content\/uploads\/2021\/06\/497316_HP-Steto-Digital.jpg","width":1889,"height":2512},{"@type":"BreadcrumbList","@id":"https:\/\/www.meliconi.com\/de\/produkt\/hp-steto-digital\/#breadcrumb","itemListElement":[{"@type":"ListItem","position":1,"name":"Home","item":"https:\/\/www.meliconi.com\/de\/"},{"@type":"ListItem","position":2,"name":"Shop","item":"https:\/\/www.meliconi.com\/de\/shop-de\/"},{"@type":"ListItem","position":3,"name":"HP STETO DIGITAL"}]},{"@type":"WebSite","@id":"https:\/\/www.meliconi.com\/de\/#website","url":"https:\/\/www.meliconi.com\/de\/","name":"Meliconi","description":"Lo specialista dell&#039;accessorio","publisher":{"@id":"https:\/\/www.meliconi.com\/de\/#organization"},"potentialAction":[{"@type":"SearchAction","target":{"@type":"EntryPoint","urlTemplate":"https:\/\/www.meliconi.com\/de\/?s={search_term_string}"},"query-input":{"@type":"PropertyValueSpecification","valueRequired":true,"valueName":"search_term_string"}}],"inLanguage":"de"},{"@type":"Organization","@id":"https:\/\/www.meliconi.com\/de\/#organization","name":"Meliconi","url":"https:\/\/www.meliconi.com\/de\/","logo":{"@type":"ImageObject","inLanguage":"de","@id":"https:\/\/www.meliconi.com\/de\/#\/schema\/logo\/image\/","url":"https:\/\/www.meliconi.com\/wp-content\/uploads\/2021\/06\/logo-meliconi.png","contentUrl":"https:\/\/www.meliconi.com\/wp-content\/uploads\/2021\/06\/logo-meliconi.png","width":338,"height":102,"caption":"Meliconi"},"image":{"@id":"https:\/\/www.meliconi.com\/de\/#\/schema\/logo\/image\/"}}]}},"_links":{"self":[{"href":"https:\/\/www.meliconi.com\/de\/wp-json\/wp\/v2\/product\/60681","targetHints":{"allow":["GET"]}}],"collection":[{"href":"https:\/\/www.meliconi.com\/de\/wp-json\/wp\/v2\/product"}],"about":[{"href":"https:\/\/www.meliconi.com\/de\/wp-json\/wp\/v2\/types\/product"}],"wp:featuredmedia":[{"embeddable":true,"href":"https:\/\/www.meliconi.com\/de\/wp-json\/wp\/v2\/media\/60684"}],"wp:attachment":[{"href":"https:\/\/www.meliconi.com\/de\/wp-json\/wp\/v2\/media?parent=60681"}],"wp:term":[{"taxonomy":"product_brand","embeddable":true,"href":"https:\/\/www.meliconi.com\/de\/wp-json\/wp\/v2\/product_brand?post=60681"},{"taxonomy":"product_cat","embeddable":true,"href":"https:\/\/www.meliconi.com\/de\/wp-json\/wp\/v2\/product_cat?post=60681"},{"taxonomy":"product_tag","embeddable":true,"href":"https:\/\/www.meliconi.com\/de\/wp-json\/wp\/v2\/product_tag?post=60681"}],"curies":[{"name":"wp","href":"https:\/\/api.w.org\/{rel}","templated":true}]}}