{"id":60656,"date":"2022-11-25T11:46:28","date_gmt":"2022-11-25T11:46:28","guid":{"rendered":"https:\/\/www.meliconi.com\/prodotto\/gumbody-personal-3-per-tv-sony-telecomando-tv-sony\/"},"modified":"2024-10-08T15:05:20","modified_gmt":"2024-10-08T13:05:20","slug":"gumbody-personal-3-fuer-tv-sony-fernbedienung-fuer-sony-tv","status":"publish","type":"product","link":"https:\/\/www.meliconi.com\/de\/produkt\/gumbody-personal-3-fuer-tv-sony-fernbedienung-fuer-sony-tv\/","title":{"rendered":"Gumbody Personal 3+ f\u00fcr TV SONY"},"content":{"rendered":"<p>Die Gumbody Personal 3+ Fernbedienung, speziell f\u00fcr Sony-TVs, ist die perfekte L\u00f6sung, um eine defekte, besch\u00e4digte oder verlorene Originalfernbedienung deines Sony-Fernsehers zu ersetzen. Diese Sony TV-Fernbedienung ist bereits f\u00fcr diese Marke vorprogrammiert und erfordert daher keinen Programmierungscode. Eine einfache Ersteinrichtung k\u00f6nnte jedoch notwendig sein, um eine optimale Funktion zu gew\u00e4hrleisten.<\/p>\n<p>Alle Infrarotfunktionen der Originalfernbedienungen sind verf\u00fcgbar. Dank der Tabellen auf <a href=\"http:\/\/www.cme.it\">www.cme.it<\/a> kannst du genau \u00fcberpr\u00fcfen, welche Tasten den gew\u00fcnschten Originalfunktionen entsprechen.<\/p>\n<p>Mit der Fernbedienung hast du schnellen Zugriff auf die wichtigsten Streaming-Plattformen deiner Smart TV (wie Netflix, Prime Video und andere). Die ergonomische Form und das Geh\u00e4use aus weichem Gummi sorgen f\u00fcr einen sicheren Griff und sch\u00fctzen die Fernbedienung vor St\u00f6\u00dfen und St\u00fcrzen.<\/p>\n<p>Sie verf\u00fcgt \u00fcber die LEARN-Funktion, mit der Signale von anderen Fernbedienungen \u00fcbernommen werden k\u00f6nnen, ideal um neben dem TV auch die Lautst\u00e4rkeregelung von Soundbars und angeschlossenen Audiosystemen zu steuern.<\/p>\n<p>F\u00fcr speziellen Web-Support besuche <a href=\"http:\/\/www.cme.it\">www.cme.it<\/a>, wo du Tasten-\/Funktionskorrespondenztabellen, vollst\u00e4ndige Benutzerhandb\u00fccher, Videoanleitungen, FAQs und mehr findest.<\/p>\n<p>Die neue umweltfreundliche Verpackung ist plastikfrei.<\/p>\n<p>Diese Sony TV-Fernbedienung bietet eine praktische und bequeme L\u00f6sung zur Steuerung deines Fernsehers und verbessert dein Fernseherlebnis mit erweiterten Funktionen und einem speziellen Support.<\/p>\n","protected":false},"excerpt":{"rendered":"<ul>\n<li>Kompatibilit\u00e4t: SONY<\/li>\n<li>Vorprogrammiert: Keine Einrichtung erforderlich<\/li>\n<li>Vollst\u00e4ndige Funktionen: Alle Original-Infrarotfunktionen verf\u00fcgbar<\/li>\n<li>Schneller Zugriff: Streaming-Plattformen der Smart TV<\/li>\n<li>LEARN-Funktion: Steuert auch Soundbars und angeschlossene Audiosysteme<\/li>\n<li>Online-Support: Funktionstabellen, Handb\u00fccher, Videoguides, FAQ<\/li>\n<li>Umweltfreundlich: Plastikfreie Verpackung.<\/li>\n<\/ul>\n","protected":false},"featured_media":59312,"template":"","meta":{"_acf_changed":false},"product_brand":[],"product_cat":[1046],"product_tag":[],"class_list":{"0":"post-60656","1":"product","2":"type-product","3":"status-publish","4":"has-post-thumbnail","6":"product_cat-kat-fernbedienungen","7":"pa_tipo-telecomando-per-marca-de","9":"first","10":"instock","11":"taxable","12":"shipping-taxable","13":"purchasable","14":"product-type-simple"},"acf":[],"yoast_head":"<!-- This site is optimized with the Yoast SEO plugin v27.4 - https:\/\/yoast.com\/product\/yoast-seo-wordpress\/ -->\n<title>Gumbody Personal 3+ f\u00fcr TV SONY - Meliconi - Fernbedienung f\u00fcr Sony TV<\/title>\n<meta name=\"description\" content=\"Meliconi Gumbody Personal 3+, Fernbedienung f\u00fcr Sony TV. Bereits vorprogrammiert. Gummiertes, sto\u00dffestes Geh\u00e4use. Web-Support\" \/>\n<meta name=\"robots\" content=\"index, follow, max-snippet:-1, max-image-preview:large, max-video-preview:-1\" \/>\n<link rel=\"canonical\" href=\"https:\/\/www.meliconi.com\/de\/produkt\/gumbody-personal-3-fuer-tv-sony-fernbedienung-fuer-sony-tv\/\" \/>\n<meta property=\"og:locale\" content=\"de_DE\" \/>\n<meta property=\"og:type\" content=\"article\" \/>\n<meta property=\"og:title\" content=\"Gumbody Personal 3+ f\u00fcr TV SONY - Meliconi - Fernbedienung f\u00fcr Sony TV\" \/>\n<meta property=\"og:description\" content=\"Meliconi Gumbody Personal 3+, Fernbedienung f\u00fcr Sony TV. Bereits vorprogrammiert. Gummiertes, sto\u00dffestes Geh\u00e4use. Web-Support\" \/>\n<meta property=\"og:url\" content=\"https:\/\/www.meliconi.com\/de\/produkt\/gumbody-personal-3-fuer-tv-sony-fernbedienung-fuer-sony-tv\/\" \/>\n<meta property=\"og:site_name\" content=\"Meliconi\" \/>\n<meta property=\"article:modified_time\" content=\"2024-10-08T13:05:20+00:00\" \/>\n<meta property=\"og:image\" content=\"https:\/\/www.meliconi.com\/wp-content\/uploads\/2022\/11\/PERSONAL-3-723x1024.png\" \/>\n\t<meta property=\"og:image:width\" content=\"723\" \/>\n\t<meta property=\"og:image:height\" content=\"1024\" \/>\n\t<meta property=\"og:image:type\" content=\"image\/png\" \/>\n<meta name=\"twitter:card\" content=\"summary_large_image\" \/>\n<meta name=\"twitter:label1\" content=\"Gesch\u00e4tzte Lesezeit\" \/>\n\t<meta name=\"twitter:data1\" content=\"2\u00a0Minuten\" \/>\n<script type=\"application\/ld+json\" class=\"yoast-schema-graph\">{\"@context\":\"https:\\\/\\\/schema.org\",\"@graph\":[{\"@type\":\"WebPage\",\"@id\":\"https:\\\/\\\/www.meliconi.com\\\/de\\\/produkt\\\/gumbody-personal-3-fuer-tv-sony-fernbedienung-fuer-sony-tv\\\/\",\"url\":\"https:\\\/\\\/www.meliconi.com\\\/de\\\/produkt\\\/gumbody-personal-3-fuer-tv-sony-fernbedienung-fuer-sony-tv\\\/\",\"name\":\"Gumbody Personal 3+ f\u00fcr TV SONY - Meliconi - Fernbedienung f\u00fcr Sony TV\",\"isPartOf\":{\"@id\":\"https:\\\/\\\/www.meliconi.com\\\/de\\\/#website\"},\"primaryImageOfPage\":{\"@id\":\"https:\\\/\\\/www.meliconi.com\\\/de\\\/produkt\\\/gumbody-personal-3-fuer-tv-sony-fernbedienung-fuer-sony-tv\\\/#primaryimage\"},\"image\":{\"@id\":\"https:\\\/\\\/www.meliconi.com\\\/de\\\/produkt\\\/gumbody-personal-3-fuer-tv-sony-fernbedienung-fuer-sony-tv\\\/#primaryimage\"},\"thumbnailUrl\":\"https:\\\/\\\/www.meliconi.com\\\/wp-content\\\/uploads\\\/2022\\\/11\\\/PERSONAL-3.png\",\"datePublished\":\"2022-11-25T11:46:28+00:00\",\"dateModified\":\"2024-10-08T13:05:20+00:00\",\"description\":\"Meliconi Gumbody Personal 3+, Fernbedienung f\u00fcr Sony TV. Bereits vorprogrammiert. Gummiertes, sto\u00dffestes Geh\u00e4use. Web-Support\",\"breadcrumb\":{\"@id\":\"https:\\\/\\\/www.meliconi.com\\\/de\\\/produkt\\\/gumbody-personal-3-fuer-tv-sony-fernbedienung-fuer-sony-tv\\\/#breadcrumb\"},\"inLanguage\":\"de\",\"potentialAction\":[{\"@type\":\"ReadAction\",\"target\":[\"https:\\\/\\\/www.meliconi.com\\\/de\\\/produkt\\\/gumbody-personal-3-fuer-tv-sony-fernbedienung-fuer-sony-tv\\\/\"]}]},{\"@type\":\"ImageObject\",\"inLanguage\":\"de\",\"@id\":\"https:\\\/\\\/www.meliconi.com\\\/de\\\/produkt\\\/gumbody-personal-3-fuer-tv-sony-fernbedienung-fuer-sony-tv\\\/#primaryimage\",\"url\":\"https:\\\/\\\/www.meliconi.com\\\/wp-content\\\/uploads\\\/2022\\\/11\\\/PERSONAL-3.png\",\"contentUrl\":\"https:\\\/\\\/www.meliconi.com\\\/wp-content\\\/uploads\\\/2022\\\/11\\\/PERSONAL-3.png\",\"width\":4236,\"height\":6000},{\"@type\":\"BreadcrumbList\",\"@id\":\"https:\\\/\\\/www.meliconi.com\\\/de\\\/produkt\\\/gumbody-personal-3-fuer-tv-sony-fernbedienung-fuer-sony-tv\\\/#breadcrumb\",\"itemListElement\":[{\"@type\":\"ListItem\",\"position\":1,\"name\":\"Home\",\"item\":\"https:\\\/\\\/www.meliconi.com\\\/de\\\/\"},{\"@type\":\"ListItem\",\"position\":2,\"name\":\"Shop\",\"item\":\"https:\\\/\\\/www.meliconi.com\\\/de\\\/shop-de\\\/\"},{\"@type\":\"ListItem\",\"position\":3,\"name\":\"Gumbody Personal 3+ f\u00fcr TV SONY\"}]},{\"@type\":\"WebSite\",\"@id\":\"https:\\\/\\\/www.meliconi.com\\\/de\\\/#website\",\"url\":\"https:\\\/\\\/www.meliconi.com\\\/de\\\/\",\"name\":\"Meliconi\",\"description\":\"Lo specialista dell&#039;accessorio\",\"publisher\":{\"@id\":\"https:\\\/\\\/www.meliconi.com\\\/de\\\/#organization\"},\"potentialAction\":[{\"@type\":\"SearchAction\",\"target\":{\"@type\":\"EntryPoint\",\"urlTemplate\":\"https:\\\/\\\/www.meliconi.com\\\/de\\\/?s={search_term_string}\"},\"query-input\":{\"@type\":\"PropertyValueSpecification\",\"valueRequired\":true,\"valueName\":\"search_term_string\"}}],\"inLanguage\":\"de\"},{\"@type\":\"Organization\",\"@id\":\"https:\\\/\\\/www.meliconi.com\\\/de\\\/#organization\",\"name\":\"Meliconi\",\"url\":\"https:\\\/\\\/www.meliconi.com\\\/de\\\/\",\"logo\":{\"@type\":\"ImageObject\",\"inLanguage\":\"de\",\"@id\":\"https:\\\/\\\/www.meliconi.com\\\/de\\\/#\\\/schema\\\/logo\\\/image\\\/\",\"url\":\"https:\\\/\\\/www.meliconi.com\\\/wp-content\\\/uploads\\\/2021\\\/06\\\/logo-meliconi.png\",\"contentUrl\":\"https:\\\/\\\/www.meliconi.com\\\/wp-content\\\/uploads\\\/2021\\\/06\\\/logo-meliconi.png\",\"width\":338,\"height\":102,\"caption\":\"Meliconi\"},\"image\":{\"@id\":\"https:\\\/\\\/www.meliconi.com\\\/de\\\/#\\\/schema\\\/logo\\\/image\\\/\"}}]}<\/script>\n<!-- \/ Yoast SEO plugin. -->","yoast_head_json":{"title":"Gumbody Personal 3+ f\u00fcr TV SONY - Meliconi - Fernbedienung f\u00fcr Sony TV","description":"Meliconi Gumbody Personal 3+, Fernbedienung f\u00fcr Sony TV. Bereits vorprogrammiert. Gummiertes, sto\u00dffestes Geh\u00e4use. Web-Support","robots":{"index":"index","follow":"follow","max-snippet":"max-snippet:-1","max-image-preview":"max-image-preview:large","max-video-preview":"max-video-preview:-1"},"canonical":"https:\/\/www.meliconi.com\/de\/produkt\/gumbody-personal-3-fuer-tv-sony-fernbedienung-fuer-sony-tv\/","og_locale":"de_DE","og_type":"article","og_title":"Gumbody Personal 3+ f\u00fcr TV SONY - Meliconi - Fernbedienung f\u00fcr Sony TV","og_description":"Meliconi Gumbody Personal 3+, Fernbedienung f\u00fcr Sony TV. Bereits vorprogrammiert. Gummiertes, sto\u00dffestes Geh\u00e4use. Web-Support","og_url":"https:\/\/www.meliconi.com\/de\/produkt\/gumbody-personal-3-fuer-tv-sony-fernbedienung-fuer-sony-tv\/","og_site_name":"Meliconi","article_modified_time":"2024-10-08T13:05:20+00:00","og_image":[{"width":723,"height":1024,"url":"https:\/\/www.meliconi.com\/wp-content\/uploads\/2022\/11\/PERSONAL-3-723x1024.png","type":"image\/png"}],"twitter_card":"summary_large_image","twitter_misc":{"Gesch\u00e4tzte Lesezeit":"2\u00a0Minuten"},"schema":{"@context":"https:\/\/schema.org","@graph":[{"@type":"WebPage","@id":"https:\/\/www.meliconi.com\/de\/produkt\/gumbody-personal-3-fuer-tv-sony-fernbedienung-fuer-sony-tv\/","url":"https:\/\/www.meliconi.com\/de\/produkt\/gumbody-personal-3-fuer-tv-sony-fernbedienung-fuer-sony-tv\/","name":"Gumbody Personal 3+ f\u00fcr TV SONY - Meliconi - Fernbedienung f\u00fcr Sony TV","isPartOf":{"@id":"https:\/\/www.meliconi.com\/de\/#website"},"primaryImageOfPage":{"@id":"https:\/\/www.meliconi.com\/de\/produkt\/gumbody-personal-3-fuer-tv-sony-fernbedienung-fuer-sony-tv\/#primaryimage"},"image":{"@id":"https:\/\/www.meliconi.com\/de\/produkt\/gumbody-personal-3-fuer-tv-sony-fernbedienung-fuer-sony-tv\/#primaryimage"},"thumbnailUrl":"https:\/\/www.meliconi.com\/wp-content\/uploads\/2022\/11\/PERSONAL-3.png","datePublished":"2022-11-25T11:46:28+00:00","dateModified":"2024-10-08T13:05:20+00:00","description":"Meliconi Gumbody Personal 3+, Fernbedienung f\u00fcr Sony TV. Bereits vorprogrammiert. Gummiertes, sto\u00dffestes Geh\u00e4use. Web-Support","breadcrumb":{"@id":"https:\/\/www.meliconi.com\/de\/produkt\/gumbody-personal-3-fuer-tv-sony-fernbedienung-fuer-sony-tv\/#breadcrumb"},"inLanguage":"de","potentialAction":[{"@type":"ReadAction","target":["https:\/\/www.meliconi.com\/de\/produkt\/gumbody-personal-3-fuer-tv-sony-fernbedienung-fuer-sony-tv\/"]}]},{"@type":"ImageObject","inLanguage":"de","@id":"https:\/\/www.meliconi.com\/de\/produkt\/gumbody-personal-3-fuer-tv-sony-fernbedienung-fuer-sony-tv\/#primaryimage","url":"https:\/\/www.meliconi.com\/wp-content\/uploads\/2022\/11\/PERSONAL-3.png","contentUrl":"https:\/\/www.meliconi.com\/wp-content\/uploads\/2022\/11\/PERSONAL-3.png","width":4236,"height":6000},{"@type":"BreadcrumbList","@id":"https:\/\/www.meliconi.com\/de\/produkt\/gumbody-personal-3-fuer-tv-sony-fernbedienung-fuer-sony-tv\/#breadcrumb","itemListElement":[{"@type":"ListItem","position":1,"name":"Home","item":"https:\/\/www.meliconi.com\/de\/"},{"@type":"ListItem","position":2,"name":"Shop","item":"https:\/\/www.meliconi.com\/de\/shop-de\/"},{"@type":"ListItem","position":3,"name":"Gumbody Personal 3+ f\u00fcr TV SONY"}]},{"@type":"WebSite","@id":"https:\/\/www.meliconi.com\/de\/#website","url":"https:\/\/www.meliconi.com\/de\/","name":"Meliconi","description":"Lo specialista dell&#039;accessorio","publisher":{"@id":"https:\/\/www.meliconi.com\/de\/#organization"},"potentialAction":[{"@type":"SearchAction","target":{"@type":"EntryPoint","urlTemplate":"https:\/\/www.meliconi.com\/de\/?s={search_term_string}"},"query-input":{"@type":"PropertyValueSpecification","valueRequired":true,"valueName":"search_term_string"}}],"inLanguage":"de"},{"@type":"Organization","@id":"https:\/\/www.meliconi.com\/de\/#organization","name":"Meliconi","url":"https:\/\/www.meliconi.com\/de\/","logo":{"@type":"ImageObject","inLanguage":"de","@id":"https:\/\/www.meliconi.com\/de\/#\/schema\/logo\/image\/","url":"https:\/\/www.meliconi.com\/wp-content\/uploads\/2021\/06\/logo-meliconi.png","contentUrl":"https:\/\/www.meliconi.com\/wp-content\/uploads\/2021\/06\/logo-meliconi.png","width":338,"height":102,"caption":"Meliconi"},"image":{"@id":"https:\/\/www.meliconi.com\/de\/#\/schema\/logo\/image\/"}}]}},"_links":{"self":[{"href":"https:\/\/www.meliconi.com\/de\/wp-json\/wp\/v2\/product\/60656","targetHints":{"allow":["GET"]}}],"collection":[{"href":"https:\/\/www.meliconi.com\/de\/wp-json\/wp\/v2\/product"}],"about":[{"href":"https:\/\/www.meliconi.com\/de\/wp-json\/wp\/v2\/types\/product"}],"wp:featuredmedia":[{"embeddable":true,"href":"https:\/\/www.meliconi.com\/de\/wp-json\/wp\/v2\/media\/59312"}],"wp:attachment":[{"href":"https:\/\/www.meliconi.com\/de\/wp-json\/wp\/v2\/media?parent=60656"}],"wp:term":[{"taxonomy":"product_brand","embeddable":true,"href":"https:\/\/www.meliconi.com\/de\/wp-json\/wp\/v2\/product_brand?post=60656"},{"taxonomy":"product_cat","embeddable":true,"href":"https:\/\/www.meliconi.com\/de\/wp-json\/wp\/v2\/product_cat?post=60656"},{"taxonomy":"product_tag","embeddable":true,"href":"https:\/\/www.meliconi.com\/de\/wp-json\/wp\/v2\/product_tag?post=60656"}],"curies":[{"name":"wp","href":"https:\/\/api.w.org\/{rel}","templated":true}]}}