{"id":60649,"date":"2023-01-13T11:21:47","date_gmt":"2023-01-13T11:21:47","guid":{"rendered":"https:\/\/www.meliconi.com\/prodotto\/gumbody-facile-tv\/"},"modified":"2024-10-08T15:02:20","modified_gmt":"2024-10-08T13:02:20","slug":"gumbody-facile-tv","status":"publish","type":"product","link":"https:\/\/www.meliconi.com\/de\/produkt\/gumbody-facile-tv\/","title":{"rendered":"Gumbody Facile TV+"},"content":{"rendered":"<p>Universelle Fernbedienung f\u00fcr 1 TV, ersetzt die originale TV-Fernbedienung bei Fehlfunktion, Defekt oder Verlust.<\/p>\n<p>Kompatibilit\u00e4t: Unterst\u00fctzt mehr als 50.000 Ger\u00e4te von \u00fcber 1.500 verschiedenen Marken.<\/p>\n<p>Infrarotfunktionen: Alle Original-Infrarotfunktionen sind verf\u00fcgbar. Dank der Tabellen auf <a href=\"http:\/\/www.cme.it\">www.cme.it<\/a> k\u00f6nnen Sie genau \u00fcberpr\u00fcfen, auf welchen Tasten die gew\u00fcnschten Originalfunktionen zu finden sind.<\/p>\n<p>Schneller Zugriff auf die wichtigsten Streaming-Plattformen von Smart-TVs.<\/p>\n<p>Ergonomisches Design: Das Gummigeh\u00e4use und die ergonomische Form bieten einen bequemen Halt und sch\u00fctzen die Fernbedienung vor St\u00f6\u00dfen und St\u00fcrzen.<\/p>\n<p>LEARN-Funktion: Kann Signale von anderen Fernbedienungen \u00fcbernehmen.<\/p>\n<p>Kindersicherungsmodus: Es ist m\u00f6glich, die Funktionalit\u00e4t nicht wesentlicher Tasten zu deaktivieren.<\/p>\n<p>Einfache Programmierung (schnell illustriertes Handbuch in der Verpackung enthalten).<\/p>\n<p>Umfassender Web-Support auf <a href=\"http:\/\/www.cme.it\">www.cme.it<\/a> (Software zur Codesuche, Tasten-\/Funktionskorrespondenztabellen, Bildersuche, Bedienungsanleitung, Videoanleitungen, FAQs und mehr).<\/p>\n<p>Neue umweltfreundliche Verpackung ohne Plastik (plastikfreie Schachtel).<\/p>\n","protected":false},"excerpt":{"rendered":"<p>Ger\u00e4tetyp: Universalfernbedienung f\u00fcr 1 TV mit Gummigeh\u00e4use, kompatibel mit fast allen auf dem Markt befindlichen Fernsehern. Schutz: Alle Originalfunktionen verf\u00fcgbar, online aktualisierbar. Kurzbeschreibung: Learn-Funktion, umfassender Web-Support<\/p>\n","protected":false},"featured_media":60650,"template":"","meta":{"_acf_changed":false},"product_brand":[],"product_cat":[1046],"product_tag":[565],"class_list":{"0":"post-60649","1":"product","2":"type-product","3":"status-publish","4":"has-post-thumbnail","6":"product_cat-kat-fernbedienungen","7":"product_tag-universale-de","8":"pa_tipo-telecomando-universali-de","10":"first","11":"instock","12":"taxable","13":"shipping-taxable","14":"purchasable","15":"product-type-simple"},"acf":[],"yoast_head":"<!-- This site is optimized with the Yoast SEO plugin v27.4 - https:\/\/yoast.com\/product\/yoast-seo-wordpress\/ -->\n<title>Gumbody Facile TV+ - Meliconi<\/title>\n<meta name=\"description\" content=\"Ger\u00e4tetyp: Universalfernbedienung f\u00fcr 1 TV mit Gummigeh\u00e4use, kompatibel mit fast allen auf dem Markt befindlichen Fernsehern.Schutz: Alle Originalfunktionen verf\u00fcgbar, online aktualisierbar.Kurzbeschreibung: Learn-Funktion, umfassender Web-Suppor\" \/>\n<meta name=\"robots\" content=\"index, follow, max-snippet:-1, max-image-preview:large, max-video-preview:-1\" \/>\n<link rel=\"canonical\" href=\"https:\/\/www.meliconi.com\/de\/produkt\/gumbody-facile-tv\/\" \/>\n<meta property=\"og:locale\" content=\"de_DE\" \/>\n<meta property=\"og:type\" content=\"article\" \/>\n<meta property=\"og:title\" content=\"Gumbody Facile TV+ - Meliconi\" \/>\n<meta property=\"og:description\" content=\"Ger\u00e4tetyp: Universalfernbedienung f\u00fcr 1 TV mit Gummigeh\u00e4use, kompatibel mit fast allen auf dem Markt befindlichen Fernsehern.Schutz: Alle Originalfunktionen verf\u00fcgbar, online aktualisierbar.Kurzbeschreibung: Learn-Funktion, umfassender Web-Suppor\" \/>\n<meta property=\"og:url\" content=\"https:\/\/www.meliconi.com\/de\/produkt\/gumbody-facile-tv\/\" \/>\n<meta property=\"og:site_name\" content=\"Meliconi\" \/>\n<meta property=\"article:modified_time\" content=\"2024-10-08T13:02:20+00:00\" \/>\n<meta property=\"og:image\" content=\"https:\/\/www.meliconi.com\/wp-content\/uploads\/2023\/01\/806079_FACILE-TV-723x1024.png\" \/>\n\t<meta property=\"og:image:width\" content=\"723\" \/>\n\t<meta property=\"og:image:height\" content=\"1024\" \/>\n\t<meta property=\"og:image:type\" content=\"image\/png\" \/>\n<meta name=\"twitter:card\" content=\"summary_large_image\" \/>\n<meta name=\"twitter:label1\" content=\"Gesch\u00e4tzte Lesezeit\" \/>\n\t<meta name=\"twitter:data1\" content=\"1\u00a0Minute\" \/>\n<script type=\"application\/ld+json\" class=\"yoast-schema-graph\">{\"@context\":\"https:\\\/\\\/schema.org\",\"@graph\":[{\"@type\":\"WebPage\",\"@id\":\"https:\\\/\\\/www.meliconi.com\\\/de\\\/produkt\\\/gumbody-facile-tv\\\/\",\"url\":\"https:\\\/\\\/www.meliconi.com\\\/de\\\/produkt\\\/gumbody-facile-tv\\\/\",\"name\":\"Gumbody Facile TV+ - Meliconi\",\"isPartOf\":{\"@id\":\"https:\\\/\\\/www.meliconi.com\\\/de\\\/#website\"},\"primaryImageOfPage\":{\"@id\":\"https:\\\/\\\/www.meliconi.com\\\/de\\\/produkt\\\/gumbody-facile-tv\\\/#primaryimage\"},\"image\":{\"@id\":\"https:\\\/\\\/www.meliconi.com\\\/de\\\/produkt\\\/gumbody-facile-tv\\\/#primaryimage\"},\"thumbnailUrl\":\"https:\\\/\\\/www.meliconi.com\\\/wp-content\\\/uploads\\\/2023\\\/01\\\/806079_FACILE-TV.png\",\"datePublished\":\"2023-01-13T11:21:47+00:00\",\"dateModified\":\"2024-10-08T13:02:20+00:00\",\"description\":\"Ger\u00e4tetyp: Universalfernbedienung f\u00fcr 1 TV mit Gummigeh\u00e4use, kompatibel mit fast allen auf dem Markt befindlichen Fernsehern.Schutz: Alle Originalfunktionen verf\u00fcgbar, online aktualisierbar.Kurzbeschreibung: Learn-Funktion, umfassender Web-Suppor\",\"breadcrumb\":{\"@id\":\"https:\\\/\\\/www.meliconi.com\\\/de\\\/produkt\\\/gumbody-facile-tv\\\/#breadcrumb\"},\"inLanguage\":\"de\",\"potentialAction\":[{\"@type\":\"ReadAction\",\"target\":[\"https:\\\/\\\/www.meliconi.com\\\/de\\\/produkt\\\/gumbody-facile-tv\\\/\"]}]},{\"@type\":\"ImageObject\",\"inLanguage\":\"de\",\"@id\":\"https:\\\/\\\/www.meliconi.com\\\/de\\\/produkt\\\/gumbody-facile-tv\\\/#primaryimage\",\"url\":\"https:\\\/\\\/www.meliconi.com\\\/wp-content\\\/uploads\\\/2023\\\/01\\\/806079_FACILE-TV.png\",\"contentUrl\":\"https:\\\/\\\/www.meliconi.com\\\/wp-content\\\/uploads\\\/2023\\\/01\\\/806079_FACILE-TV.png\",\"width\":4236,\"height\":6000},{\"@type\":\"BreadcrumbList\",\"@id\":\"https:\\\/\\\/www.meliconi.com\\\/de\\\/produkt\\\/gumbody-facile-tv\\\/#breadcrumb\",\"itemListElement\":[{\"@type\":\"ListItem\",\"position\":1,\"name\":\"Home\",\"item\":\"https:\\\/\\\/www.meliconi.com\\\/de\\\/\"},{\"@type\":\"ListItem\",\"position\":2,\"name\":\"Shop\",\"item\":\"https:\\\/\\\/www.meliconi.com\\\/de\\\/shop-de\\\/\"},{\"@type\":\"ListItem\",\"position\":3,\"name\":\"Gumbody Facile TV+\"}]},{\"@type\":\"WebSite\",\"@id\":\"https:\\\/\\\/www.meliconi.com\\\/de\\\/#website\",\"url\":\"https:\\\/\\\/www.meliconi.com\\\/de\\\/\",\"name\":\"Meliconi\",\"description\":\"Lo specialista dell&#039;accessorio\",\"publisher\":{\"@id\":\"https:\\\/\\\/www.meliconi.com\\\/de\\\/#organization\"},\"potentialAction\":[{\"@type\":\"SearchAction\",\"target\":{\"@type\":\"EntryPoint\",\"urlTemplate\":\"https:\\\/\\\/www.meliconi.com\\\/de\\\/?s={search_term_string}\"},\"query-input\":{\"@type\":\"PropertyValueSpecification\",\"valueRequired\":true,\"valueName\":\"search_term_string\"}}],\"inLanguage\":\"de\"},{\"@type\":\"Organization\",\"@id\":\"https:\\\/\\\/www.meliconi.com\\\/de\\\/#organization\",\"name\":\"Meliconi\",\"url\":\"https:\\\/\\\/www.meliconi.com\\\/de\\\/\",\"logo\":{\"@type\":\"ImageObject\",\"inLanguage\":\"de\",\"@id\":\"https:\\\/\\\/www.meliconi.com\\\/de\\\/#\\\/schema\\\/logo\\\/image\\\/\",\"url\":\"https:\\\/\\\/www.meliconi.com\\\/wp-content\\\/uploads\\\/2021\\\/06\\\/logo-meliconi.png\",\"contentUrl\":\"https:\\\/\\\/www.meliconi.com\\\/wp-content\\\/uploads\\\/2021\\\/06\\\/logo-meliconi.png\",\"width\":338,\"height\":102,\"caption\":\"Meliconi\"},\"image\":{\"@id\":\"https:\\\/\\\/www.meliconi.com\\\/de\\\/#\\\/schema\\\/logo\\\/image\\\/\"}}]}<\/script>\n<!-- \/ Yoast SEO plugin. -->","yoast_head_json":{"title":"Gumbody Facile TV+ - Meliconi","description":"Ger\u00e4tetyp: Universalfernbedienung f\u00fcr 1 TV mit Gummigeh\u00e4use, kompatibel mit fast allen auf dem Markt befindlichen Fernsehern.Schutz: Alle Originalfunktionen verf\u00fcgbar, online aktualisierbar.Kurzbeschreibung: Learn-Funktion, umfassender Web-Suppor","robots":{"index":"index","follow":"follow","max-snippet":"max-snippet:-1","max-image-preview":"max-image-preview:large","max-video-preview":"max-video-preview:-1"},"canonical":"https:\/\/www.meliconi.com\/de\/produkt\/gumbody-facile-tv\/","og_locale":"de_DE","og_type":"article","og_title":"Gumbody Facile TV+ - Meliconi","og_description":"Ger\u00e4tetyp: Universalfernbedienung f\u00fcr 1 TV mit Gummigeh\u00e4use, kompatibel mit fast allen auf dem Markt befindlichen Fernsehern.Schutz: Alle Originalfunktionen verf\u00fcgbar, online aktualisierbar.Kurzbeschreibung: Learn-Funktion, umfassender Web-Suppor","og_url":"https:\/\/www.meliconi.com\/de\/produkt\/gumbody-facile-tv\/","og_site_name":"Meliconi","article_modified_time":"2024-10-08T13:02:20+00:00","og_image":[{"width":723,"height":1024,"url":"https:\/\/www.meliconi.com\/wp-content\/uploads\/2023\/01\/806079_FACILE-TV-723x1024.png","type":"image\/png"}],"twitter_card":"summary_large_image","twitter_misc":{"Gesch\u00e4tzte Lesezeit":"1\u00a0Minute"},"schema":{"@context":"https:\/\/schema.org","@graph":[{"@type":"WebPage","@id":"https:\/\/www.meliconi.com\/de\/produkt\/gumbody-facile-tv\/","url":"https:\/\/www.meliconi.com\/de\/produkt\/gumbody-facile-tv\/","name":"Gumbody Facile TV+ - Meliconi","isPartOf":{"@id":"https:\/\/www.meliconi.com\/de\/#website"},"primaryImageOfPage":{"@id":"https:\/\/www.meliconi.com\/de\/produkt\/gumbody-facile-tv\/#primaryimage"},"image":{"@id":"https:\/\/www.meliconi.com\/de\/produkt\/gumbody-facile-tv\/#primaryimage"},"thumbnailUrl":"https:\/\/www.meliconi.com\/wp-content\/uploads\/2023\/01\/806079_FACILE-TV.png","datePublished":"2023-01-13T11:21:47+00:00","dateModified":"2024-10-08T13:02:20+00:00","description":"Ger\u00e4tetyp: Universalfernbedienung f\u00fcr 1 TV mit Gummigeh\u00e4use, kompatibel mit fast allen auf dem Markt befindlichen Fernsehern.Schutz: Alle Originalfunktionen verf\u00fcgbar, online aktualisierbar.Kurzbeschreibung: Learn-Funktion, umfassender Web-Suppor","breadcrumb":{"@id":"https:\/\/www.meliconi.com\/de\/produkt\/gumbody-facile-tv\/#breadcrumb"},"inLanguage":"de","potentialAction":[{"@type":"ReadAction","target":["https:\/\/www.meliconi.com\/de\/produkt\/gumbody-facile-tv\/"]}]},{"@type":"ImageObject","inLanguage":"de","@id":"https:\/\/www.meliconi.com\/de\/produkt\/gumbody-facile-tv\/#primaryimage","url":"https:\/\/www.meliconi.com\/wp-content\/uploads\/2023\/01\/806079_FACILE-TV.png","contentUrl":"https:\/\/www.meliconi.com\/wp-content\/uploads\/2023\/01\/806079_FACILE-TV.png","width":4236,"height":6000},{"@type":"BreadcrumbList","@id":"https:\/\/www.meliconi.com\/de\/produkt\/gumbody-facile-tv\/#breadcrumb","itemListElement":[{"@type":"ListItem","position":1,"name":"Home","item":"https:\/\/www.meliconi.com\/de\/"},{"@type":"ListItem","position":2,"name":"Shop","item":"https:\/\/www.meliconi.com\/de\/shop-de\/"},{"@type":"ListItem","position":3,"name":"Gumbody Facile TV+"}]},{"@type":"WebSite","@id":"https:\/\/www.meliconi.com\/de\/#website","url":"https:\/\/www.meliconi.com\/de\/","name":"Meliconi","description":"Lo specialista dell&#039;accessorio","publisher":{"@id":"https:\/\/www.meliconi.com\/de\/#organization"},"potentialAction":[{"@type":"SearchAction","target":{"@type":"EntryPoint","urlTemplate":"https:\/\/www.meliconi.com\/de\/?s={search_term_string}"},"query-input":{"@type":"PropertyValueSpecification","valueRequired":true,"valueName":"search_term_string"}}],"inLanguage":"de"},{"@type":"Organization","@id":"https:\/\/www.meliconi.com\/de\/#organization","name":"Meliconi","url":"https:\/\/www.meliconi.com\/de\/","logo":{"@type":"ImageObject","inLanguage":"de","@id":"https:\/\/www.meliconi.com\/de\/#\/schema\/logo\/image\/","url":"https:\/\/www.meliconi.com\/wp-content\/uploads\/2021\/06\/logo-meliconi.png","contentUrl":"https:\/\/www.meliconi.com\/wp-content\/uploads\/2021\/06\/logo-meliconi.png","width":338,"height":102,"caption":"Meliconi"},"image":{"@id":"https:\/\/www.meliconi.com\/de\/#\/schema\/logo\/image\/"}}]}},"_links":{"self":[{"href":"https:\/\/www.meliconi.com\/de\/wp-json\/wp\/v2\/product\/60649","targetHints":{"allow":["GET"]}}],"collection":[{"href":"https:\/\/www.meliconi.com\/de\/wp-json\/wp\/v2\/product"}],"about":[{"href":"https:\/\/www.meliconi.com\/de\/wp-json\/wp\/v2\/types\/product"}],"wp:featuredmedia":[{"embeddable":true,"href":"https:\/\/www.meliconi.com\/de\/wp-json\/wp\/v2\/media\/60650"}],"wp:attachment":[{"href":"https:\/\/www.meliconi.com\/de\/wp-json\/wp\/v2\/media?parent=60649"}],"wp:term":[{"taxonomy":"product_brand","embeddable":true,"href":"https:\/\/www.meliconi.com\/de\/wp-json\/wp\/v2\/product_brand?post=60649"},{"taxonomy":"product_cat","embeddable":true,"href":"https:\/\/www.meliconi.com\/de\/wp-json\/wp\/v2\/product_cat?post=60649"},{"taxonomy":"product_tag","embeddable":true,"href":"https:\/\/www.meliconi.com\/de\/wp-json\/wp\/v2\/product_tag?post=60649"}],"curies":[{"name":"wp","href":"https:\/\/api.w.org\/{rel}","templated":true}]}}