{"id":60631,"date":"2024-06-13T17:32:54","date_gmt":"2024-06-13T15:32:54","guid":{"rendered":"https:\/\/www.meliconi.com\/?post_type=product&#038;p=60631"},"modified":"2024-10-09T12:07:57","modified_gmt":"2024-10-09T10:07:57","slug":"easyclean-2-wasserdichte-universelle-tv-fernbedienung","status":"publish","type":"product","link":"https:\/\/www.meliconi.com\/de\/produkt\/easyclean-2-wasserdichte-universelle-tv-fernbedienung\/","title":{"rendered":"Easyclean 2+"},"content":{"rendered":"<p>Die universelle 2-in-1-Fernbedienung Easyclean 2+ ist die perfekte L\u00f6sung, um die Fernbedienungen eines Fernsehers und eines externen Decoders (digital oder Satellit) zu ersetzen und zu kombinieren. Diese universelle TV-Fernbedienung ist dank der innovativen Membrantastatur, die staub- und spritzwasserdicht ist, waschbar mit Wasser oder desinfizierbar mit Reinigungsmitteln oder Alkohol und hat die Schutzklasse IP53. Ideal f\u00fcr den Einsatz in der K\u00fcche sowie in Umgebungen wie Hotels, Gemeinschaften und Krankenh\u00e4usern.<br \/>\nVielseitigkeit 2 in 1: Ersetzt und kombiniert die Fernbedienungen eines Fernsehers und eines externen Decoders (digital oder Satellit).<br \/>\nLeicht zu reinigen: Die innovative Membrantastatur macht die TV-Fernbedienung waschbar mit Wasser oder desinfizierbar mit Reinigungsmitteln oder Alkohol. Schutzklasse IP53 gegen Staub und Spritzwasser.<br \/>\nBasisfunktionen f\u00fcr Smart TVs: Steuert die Basisfunktionen von Smart TVs, mit direktem Zugriff auf Smart Home- und Netflix-Funktionen.<br \/>\nLernfunktion: Enth\u00e4lt eine Lernfunktion, um zus\u00e4tzliche Funktionen von funktionierenden Infrarot-Originalfernbedienungen zu lernen.<br \/>\nKombitastenmodus: Aktivierbar, um zu verhindern, dass jedes Mal das zu steuernde Ger\u00e4t ausgew\u00e4hlt werden muss.<br \/>\nKindermodus: Deaktiviert nicht wesentliche Tasten f\u00fcr eine sichere Bedienung durch Kinder.<br \/>\nEinstellungssperre: Die Freeze-Funktion kann aktiviert werden, um die Einstellungen zu sperren.<br \/>\nTechnischer Support: Telefonischer Support verf\u00fcgbar und 24\/7-Online-Support unter <a href=\"http:\/\/www.cme.it\">www.cme.it<\/a>.<br \/>\nDiese universelle TV-Fernbedienung wurde entwickelt, um eine praktische und kosteng\u00fcnstige L\u00f6sung f\u00fcr die Steuerung Ihres Fernsehers und Decoders zu bieten, die Nutzungserfahrung mit fortschrittlichen Funktionen und dediziertem Support zu verbessern.<\/p>\n","protected":false},"excerpt":{"rendered":"<p>Wasserdichte universelle TV-Fernbedienung<\/p>\n","protected":false},"featured_media":64356,"template":"","meta":{"_acf_changed":false},"product_cat":[1046],"product_tag":[1050,1297,1221,1298,1299,1300,1301,1087,1088,1090,1091,1302,1097,1075,1103,1303,1106,1304,1305,1079,1306,1234,1307,1308,1309,1310,1107,1108,1311,1312,1080,1313,1235,1314,1315,565],"class_list":{"0":"post-60631","1":"product","2":"type-product","3":"status-publish","4":"has-post-thumbnail","6":"product_cat-kat-fernbedienungen","7":"product_tag-codice-tv-lg-per-telecomando-universale-de","8":"product_tag-codice-tv-per-telecomando-universale-de","9":"product_tag-codice-tv-philips-per-telecomando-universale-de","10":"product_tag-codice-tv-samsung-per-telecomando-universale-de","11":"product_tag-codice-tv-united-per-telecomando-universale-de","12":"product_tag-codici-tv-per-telecomando-universale-de","13":"product_tag-come-trovare-codice-tv-per-telecomando-universale-de","14":"product_tag-cover-telecomando-de","15":"product_tag-guscio-telecomando-de","16":"product_tag-meliconi-telecomando-universale-de","17":"product_tag-programmare-telecomando-universale-tv-de","18":"product_tag-telecomando-de","19":"product_tag-telecomando-smart-tv-de","20":"product_tag-telecomando-tv-lg-universale-de","21":"product_tag-telecomando-tv-universale-de","22":"product_tag-telecomando-universale-de","23":"product_tag-telecomando-universale-meliconi-de","24":"product_tag-telecomando-universale-meliconi-codici-tv-de","25":"product_tag-telecomando-universale-per-tv-de","26":"product_tag-telecomando-universale-per-tv-lg-de","27":"product_tag-telecomando-universale-per-tv-ok-de","28":"product_tag-telecomando-universale-per-tv-philips-de","29":"product_tag-telecomando-universale-per-tv-samsung-de","30":"product_tag-telecomando-universale-per-tv-telefunken-de","31":"product_tag-telecomando-universale-samsung-smart-tv-de","32":"product_tag-telecomando-universale-samsung-tv-de","33":"product_tag-telecomando-universale-smart-tv-de","34":"product_tag-telecomando-universale-tv-de","35":"product_tag-telecomando-universale-tv-codici-de","36":"product_tag-telecomando-universale-tv-come-funziona-de","37":"product_tag-telecomando-universale-tv-lg-de","38":"product_tag-telecomando-universale-tv-meliconi-de","39":"product_tag-telecomando-universale-tv-philips-de","40":"product_tag-telecomando-universale-tv-samsung-de","41":"product_tag-telecomando-universale-tv-telefunken-de","42":"product_tag-universale-de","44":"first","45":"instock","46":"taxable","47":"shipping-taxable","48":"purchasable","49":"product-type-simple"},"acf":[],"yoast_head":"<!-- This site is optimized with the Yoast SEO plugin v26.1.1 - https:\/\/yoast.com\/wordpress\/plugins\/seo\/ -->\n<title>Easyclean 2+ - Meliconi - universelle TV-Fernbedienung<\/title>\n<meta name=\"description\" content=\"MELICONI EASYCLEAN 2+, universelle 2-in-1-TV-Fernbedienung f\u00fcr Fernseher und Decoder. Ideal f\u00fcr den Einsatz in der K\u00dcCHE. KANN GEREINIGT WERDEN.\" \/>\n<meta name=\"robots\" content=\"index, follow, max-snippet:-1, max-image-preview:large, max-video-preview:-1\" \/>\n<link rel=\"canonical\" href=\"https:\/\/www.meliconi.com\/de\/produkt\/easyclean-2-wasserdichte-universelle-tv-fernbedienung\/\" \/>\n<meta property=\"og:locale\" content=\"de_DE\" \/>\n<meta property=\"og:type\" content=\"article\" \/>\n<meta property=\"og:title\" content=\"Easyclean 2+ - Meliconi - universelle TV-Fernbedienung\" \/>\n<meta property=\"og:description\" content=\"MELICONI EASYCLEAN 2+, universelle 2-in-1-TV-Fernbedienung f\u00fcr Fernseher und Decoder. Ideal f\u00fcr den Einsatz in der K\u00dcCHE. KANN GEREINIGT WERDEN.\" \/>\n<meta property=\"og:url\" content=\"https:\/\/www.meliconi.com\/de\/produkt\/easyclean-2-wasserdichte-universelle-tv-fernbedienung\/\" \/>\n<meta property=\"og:site_name\" content=\"Meliconi\" \/>\n<meta property=\"article:modified_time\" content=\"2024-10-09T10:07:57+00:00\" \/>\n<meta property=\"og:image\" content=\"https:\/\/www.meliconi.com\/wp-content\/uploads\/2022\/03\/EasyClean21_Fronte-scaled.jpg\" \/>\n\t<meta property=\"og:image:width\" content=\"1596\" \/>\n\t<meta property=\"og:image:height\" content=\"2560\" \/>\n\t<meta property=\"og:image:type\" content=\"image\/jpeg\" \/>\n<meta name=\"twitter:card\" content=\"summary_large_image\" \/>\n<meta name=\"twitter:label1\" content=\"Gesch\u00e4tzte Lesezeit\" \/>\n\t<meta name=\"twitter:data1\" content=\"2\u00a0Minuten\" \/>\n<script type=\"application\/ld+json\" class=\"yoast-schema-graph\">{\"@context\":\"https:\/\/schema.org\",\"@graph\":[{\"@type\":\"WebPage\",\"@id\":\"https:\/\/www.meliconi.com\/de\/produkt\/easyclean-2-wasserdichte-universelle-tv-fernbedienung\/\",\"url\":\"https:\/\/www.meliconi.com\/de\/produkt\/easyclean-2-wasserdichte-universelle-tv-fernbedienung\/\",\"name\":\"Easyclean 2+ - Meliconi - universelle TV-Fernbedienung\",\"isPartOf\":{\"@id\":\"https:\/\/www.meliconi.com\/de\/#website\"},\"primaryImageOfPage\":{\"@id\":\"https:\/\/www.meliconi.com\/de\/produkt\/easyclean-2-wasserdichte-universelle-tv-fernbedienung\/#primaryimage\"},\"image\":{\"@id\":\"https:\/\/www.meliconi.com\/de\/produkt\/easyclean-2-wasserdichte-universelle-tv-fernbedienung\/#primaryimage\"},\"thumbnailUrl\":\"https:\/\/www.meliconi.com\/wp-content\/uploads\/2024\/06\/802111_EASYCLEAN-2-1.png\",\"datePublished\":\"2024-06-13T15:32:54+00:00\",\"dateModified\":\"2024-10-09T10:07:57+00:00\",\"description\":\"MELICONI EASYCLEAN 2+, universelle 2-in-1-TV-Fernbedienung f\u00fcr Fernseher und Decoder. Ideal f\u00fcr den Einsatz in der K\u00dcCHE. KANN GEREINIGT WERDEN.\",\"breadcrumb\":{\"@id\":\"https:\/\/www.meliconi.com\/de\/produkt\/easyclean-2-wasserdichte-universelle-tv-fernbedienung\/#breadcrumb\"},\"inLanguage\":\"de\",\"potentialAction\":[{\"@type\":\"ReadAction\",\"target\":[\"https:\/\/www.meliconi.com\/de\/produkt\/easyclean-2-wasserdichte-universelle-tv-fernbedienung\/\"]}]},{\"@type\":\"ImageObject\",\"inLanguage\":\"de\",\"@id\":\"https:\/\/www.meliconi.com\/de\/produkt\/easyclean-2-wasserdichte-universelle-tv-fernbedienung\/#primaryimage\",\"url\":\"https:\/\/www.meliconi.com\/wp-content\/uploads\/2024\/06\/802111_EASYCLEAN-2-1.png\",\"contentUrl\":\"https:\/\/www.meliconi.com\/wp-content\/uploads\/2024\/06\/802111_EASYCLEAN-2-1.png\",\"width\":4949,\"height\":7001},{\"@type\":\"BreadcrumbList\",\"@id\":\"https:\/\/www.meliconi.com\/de\/produkt\/easyclean-2-wasserdichte-universelle-tv-fernbedienung\/#breadcrumb\",\"itemListElement\":[{\"@type\":\"ListItem\",\"position\":1,\"name\":\"Home\",\"item\":\"https:\/\/www.meliconi.com\/de\/\"},{\"@type\":\"ListItem\",\"position\":2,\"name\":\"Shop\",\"item\":\"https:\/\/www.meliconi.com\/de\/shop-de\/\"},{\"@type\":\"ListItem\",\"position\":3,\"name\":\"Easyclean 2+\"}]},{\"@type\":\"WebSite\",\"@id\":\"https:\/\/www.meliconi.com\/de\/#website\",\"url\":\"https:\/\/www.meliconi.com\/de\/\",\"name\":\"Meliconi\",\"description\":\"Lo specialista dell&#039;accessorio\",\"publisher\":{\"@id\":\"https:\/\/www.meliconi.com\/de\/#organization\"},\"potentialAction\":[{\"@type\":\"SearchAction\",\"target\":{\"@type\":\"EntryPoint\",\"urlTemplate\":\"https:\/\/www.meliconi.com\/de\/?s={search_term_string}\"},\"query-input\":{\"@type\":\"PropertyValueSpecification\",\"valueRequired\":true,\"valueName\":\"search_term_string\"}}],\"inLanguage\":\"de\"},{\"@type\":\"Organization\",\"@id\":\"https:\/\/www.meliconi.com\/de\/#organization\",\"name\":\"Meliconi\",\"url\":\"https:\/\/www.meliconi.com\/de\/\",\"logo\":{\"@type\":\"ImageObject\",\"inLanguage\":\"de\",\"@id\":\"https:\/\/www.meliconi.com\/de\/#\/schema\/logo\/image\/\",\"url\":\"https:\/\/www.meliconi.com\/wp-content\/uploads\/2021\/06\/logo-meliconi.png\",\"contentUrl\":\"https:\/\/www.meliconi.com\/wp-content\/uploads\/2021\/06\/logo-meliconi.png\",\"width\":338,\"height\":102,\"caption\":\"Meliconi\"},\"image\":{\"@id\":\"https:\/\/www.meliconi.com\/de\/#\/schema\/logo\/image\/\"}}]}<\/script>\n<!-- \/ Yoast SEO plugin. -->","yoast_head_json":{"title":"Easyclean 2+ - Meliconi - universelle TV-Fernbedienung","description":"MELICONI EASYCLEAN 2+, universelle 2-in-1-TV-Fernbedienung f\u00fcr Fernseher und Decoder. Ideal f\u00fcr den Einsatz in der K\u00dcCHE. KANN GEREINIGT WERDEN.","robots":{"index":"index","follow":"follow","max-snippet":"max-snippet:-1","max-image-preview":"max-image-preview:large","max-video-preview":"max-video-preview:-1"},"canonical":"https:\/\/www.meliconi.com\/de\/produkt\/easyclean-2-wasserdichte-universelle-tv-fernbedienung\/","og_locale":"de_DE","og_type":"article","og_title":"Easyclean 2+ - Meliconi - universelle TV-Fernbedienung","og_description":"MELICONI EASYCLEAN 2+, universelle 2-in-1-TV-Fernbedienung f\u00fcr Fernseher und Decoder. Ideal f\u00fcr den Einsatz in der K\u00dcCHE. KANN GEREINIGT WERDEN.","og_url":"https:\/\/www.meliconi.com\/de\/produkt\/easyclean-2-wasserdichte-universelle-tv-fernbedienung\/","og_site_name":"Meliconi","article_modified_time":"2024-10-09T10:07:57+00:00","og_image":[{"width":1596,"height":2560,"url":"https:\/\/www.meliconi.com\/wp-content\/uploads\/2022\/03\/EasyClean21_Fronte-scaled.jpg","type":"image\/jpeg"}],"twitter_card":"summary_large_image","twitter_misc":{"Gesch\u00e4tzte Lesezeit":"2\u00a0Minuten"},"schema":{"@context":"https:\/\/schema.org","@graph":[{"@type":"WebPage","@id":"https:\/\/www.meliconi.com\/de\/produkt\/easyclean-2-wasserdichte-universelle-tv-fernbedienung\/","url":"https:\/\/www.meliconi.com\/de\/produkt\/easyclean-2-wasserdichte-universelle-tv-fernbedienung\/","name":"Easyclean 2+ - Meliconi - universelle TV-Fernbedienung","isPartOf":{"@id":"https:\/\/www.meliconi.com\/de\/#website"},"primaryImageOfPage":{"@id":"https:\/\/www.meliconi.com\/de\/produkt\/easyclean-2-wasserdichte-universelle-tv-fernbedienung\/#primaryimage"},"image":{"@id":"https:\/\/www.meliconi.com\/de\/produkt\/easyclean-2-wasserdichte-universelle-tv-fernbedienung\/#primaryimage"},"thumbnailUrl":"https:\/\/www.meliconi.com\/wp-content\/uploads\/2024\/06\/802111_EASYCLEAN-2-1.png","datePublished":"2024-06-13T15:32:54+00:00","dateModified":"2024-10-09T10:07:57+00:00","description":"MELICONI EASYCLEAN 2+, universelle 2-in-1-TV-Fernbedienung f\u00fcr Fernseher und Decoder. Ideal f\u00fcr den Einsatz in der K\u00dcCHE. KANN GEREINIGT WERDEN.","breadcrumb":{"@id":"https:\/\/www.meliconi.com\/de\/produkt\/easyclean-2-wasserdichte-universelle-tv-fernbedienung\/#breadcrumb"},"inLanguage":"de","potentialAction":[{"@type":"ReadAction","target":["https:\/\/www.meliconi.com\/de\/produkt\/easyclean-2-wasserdichte-universelle-tv-fernbedienung\/"]}]},{"@type":"ImageObject","inLanguage":"de","@id":"https:\/\/www.meliconi.com\/de\/produkt\/easyclean-2-wasserdichte-universelle-tv-fernbedienung\/#primaryimage","url":"https:\/\/www.meliconi.com\/wp-content\/uploads\/2024\/06\/802111_EASYCLEAN-2-1.png","contentUrl":"https:\/\/www.meliconi.com\/wp-content\/uploads\/2024\/06\/802111_EASYCLEAN-2-1.png","width":4949,"height":7001},{"@type":"BreadcrumbList","@id":"https:\/\/www.meliconi.com\/de\/produkt\/easyclean-2-wasserdichte-universelle-tv-fernbedienung\/#breadcrumb","itemListElement":[{"@type":"ListItem","position":1,"name":"Home","item":"https:\/\/www.meliconi.com\/de\/"},{"@type":"ListItem","position":2,"name":"Shop","item":"https:\/\/www.meliconi.com\/de\/shop-de\/"},{"@type":"ListItem","position":3,"name":"Easyclean 2+"}]},{"@type":"WebSite","@id":"https:\/\/www.meliconi.com\/de\/#website","url":"https:\/\/www.meliconi.com\/de\/","name":"Meliconi","description":"Lo specialista dell&#039;accessorio","publisher":{"@id":"https:\/\/www.meliconi.com\/de\/#organization"},"potentialAction":[{"@type":"SearchAction","target":{"@type":"EntryPoint","urlTemplate":"https:\/\/www.meliconi.com\/de\/?s={search_term_string}"},"query-input":{"@type":"PropertyValueSpecification","valueRequired":true,"valueName":"search_term_string"}}],"inLanguage":"de"},{"@type":"Organization","@id":"https:\/\/www.meliconi.com\/de\/#organization","name":"Meliconi","url":"https:\/\/www.meliconi.com\/de\/","logo":{"@type":"ImageObject","inLanguage":"de","@id":"https:\/\/www.meliconi.com\/de\/#\/schema\/logo\/image\/","url":"https:\/\/www.meliconi.com\/wp-content\/uploads\/2021\/06\/logo-meliconi.png","contentUrl":"https:\/\/www.meliconi.com\/wp-content\/uploads\/2021\/06\/logo-meliconi.png","width":338,"height":102,"caption":"Meliconi"},"image":{"@id":"https:\/\/www.meliconi.com\/de\/#\/schema\/logo\/image\/"}}]}},"_links":{"self":[{"href":"https:\/\/www.meliconi.com\/de\/wp-json\/wp\/v2\/product\/60631","targetHints":{"allow":["GET"]}}],"collection":[{"href":"https:\/\/www.meliconi.com\/de\/wp-json\/wp\/v2\/product"}],"about":[{"href":"https:\/\/www.meliconi.com\/de\/wp-json\/wp\/v2\/types\/product"}],"wp:featuredmedia":[{"embeddable":true,"href":"https:\/\/www.meliconi.com\/de\/wp-json\/wp\/v2\/media\/64356"}],"wp:attachment":[{"href":"https:\/\/www.meliconi.com\/de\/wp-json\/wp\/v2\/media?parent=60631"}],"wp:term":[{"taxonomy":"product_cat","embeddable":true,"href":"https:\/\/www.meliconi.com\/de\/wp-json\/wp\/v2\/product_cat?post=60631"},{"taxonomy":"product_tag","embeddable":true,"href":"https:\/\/www.meliconi.com\/de\/wp-json\/wp\/v2\/product_tag?post=60631"}],"curies":[{"name":"wp","href":"https:\/\/api.w.org\/{rel}","templated":true}]}}