{"id":60617,"date":"2024-05-13T15:17:55","date_gmt":"2024-05-13T13:17:55","guid":{"rendered":"https:\/\/www.meliconi.com\/prodotto\/supporto-tv-slimstyle-plus-extra-900-f\/"},"modified":"2024-10-08T15:53:19","modified_gmt":"2024-10-08T13:53:19","slug":"tv-halterung-slimstyle-plus-extra-900f","status":"publish","type":"product","link":"https:\/\/www.meliconi.com\/de\/produkt\/tv-halterung-slimstyle-plus-extra-900f\/","title":{"rendered":"900 F"},"content":{"rendered":"<p>Extra ist die neue TV-Halterungsserie von Meliconi, die ideal f\u00fcr jede Anforderung ist und fortschrittliche Technologie, modernste Materialien und innovatives Design vereint. Diese Produktreihe ist f\u00fcr die gr\u00f6\u00dften Fernseher konzipiert: Entdecken Sie unsere Extra TV-Halterungen und finden Sie diejenige, die am besten zu Ihren Bed\u00fcrfnissen passt. Wie alle Meliconi-Halterungen zeichnen sich auch diese durch das Made in Italy-Siegel aus, das h\u00f6chste Qualit\u00e4t garantiert, und sorgen f\u00fcr eine einfache Installation, die minimalen Aufwand erfordert.<\/p>\n<p>Unser Modell 900 F ist geeignet f\u00fcr Fernseher von 65&#8243;-120&#8243; mit VESA-Bohrungen 300-400-500-600-900, einer maximalen Tragkraft von 100 kg und ist auch f\u00fcr Gipskartonw\u00e4nde geeignet. Bei Installation auf Gipskarton betr\u00e4gt die Tragkraft 50 kg.<\/p>\n<p>&nbsp;<\/p>\n","protected":false},"excerpt":{"rendered":"<p>Feste TV-Halterung.<\/p>\n","protected":false},"featured_media":60623,"template":"","meta":{"_acf_changed":false},"product_brand":[],"product_cat":[1121,1203],"product_tag":[],"class_list":{"0":"post-60617","1":"product","2":"type-product","3":"status-publish","4":"has-post-thumbnail","6":"product_cat-extra-de","7":"product_cat-kat-tv-halterungen","8":"pa_movimento-supporto-fixed-de","10":"first","11":"instock","12":"taxable","13":"shipping-taxable","14":"purchasable","15":"product-type-simple"},"acf":[],"yoast_head":"<!-- This site is optimized with the Yoast SEO plugin v27.4 - https:\/\/yoast.com\/product\/yoast-seo-wordpress\/ -->\n<title>900 F - Meliconi TV-Halterung<\/title>\n<meta name=\"description\" content=\"Feste, schlanke TV-Wandhalterung in Schwarz f\u00fcr Fernseher von 65 bis 120 Zoll, maximale Tragkraft 100 kg, 50 kg auf Gipskarton.\" \/>\n<meta name=\"robots\" content=\"index, follow, max-snippet:-1, max-image-preview:large, max-video-preview:-1\" \/>\n<link rel=\"canonical\" href=\"https:\/\/www.meliconi.com\/de\/produkt\/tv-halterung-slimstyle-plus-extra-900f\/\" \/>\n<meta property=\"og:locale\" content=\"de_DE\" \/>\n<meta property=\"og:type\" content=\"article\" \/>\n<meta property=\"og:title\" content=\"900 F - Meliconi TV-Halterung\" \/>\n<meta property=\"og:description\" content=\"Feste, schlanke TV-Wandhalterung in Schwarz f\u00fcr Fernseher von 65 bis 120 Zoll, maximale Tragkraft 100 kg, 50 kg auf Gipskarton.\" \/>\n<meta property=\"og:url\" content=\"https:\/\/www.meliconi.com\/de\/produkt\/tv-halterung-slimstyle-plus-extra-900f\/\" \/>\n<meta property=\"og:site_name\" content=\"Meliconi\" \/>\n<meta property=\"article:modified_time\" content=\"2024-10-08T13:53:19+00:00\" \/>\n<meta property=\"og:image\" content=\"https:\/\/www.meliconi.com\/wp-content\/uploads\/2024\/05\/480818_EXTRA-900F-10-1-2024-1-1024x724.png\" \/>\n\t<meta property=\"og:image:width\" content=\"1024\" \/>\n\t<meta property=\"og:image:height\" content=\"724\" \/>\n\t<meta property=\"og:image:type\" content=\"image\/png\" \/>\n<meta name=\"twitter:card\" content=\"summary_large_image\" \/>\n<meta name=\"twitter:label1\" content=\"Gesch\u00e4tzte Lesezeit\" \/>\n\t<meta name=\"twitter:data1\" content=\"1\u00a0Minute\" \/>\n<script type=\"application\/ld+json\" class=\"yoast-schema-graph\">{\"@context\":\"https:\\\/\\\/schema.org\",\"@graph\":[{\"@type\":\"WebPage\",\"@id\":\"https:\\\/\\\/www.meliconi.com\\\/de\\\/produkt\\\/tv-halterung-slimstyle-plus-extra-900f\\\/\",\"url\":\"https:\\\/\\\/www.meliconi.com\\\/de\\\/produkt\\\/tv-halterung-slimstyle-plus-extra-900f\\\/\",\"name\":\"900 F - Meliconi TV-Halterung\",\"isPartOf\":{\"@id\":\"https:\\\/\\\/www.meliconi.com\\\/de\\\/#website\"},\"primaryImageOfPage\":{\"@id\":\"https:\\\/\\\/www.meliconi.com\\\/de\\\/produkt\\\/tv-halterung-slimstyle-plus-extra-900f\\\/#primaryimage\"},\"image\":{\"@id\":\"https:\\\/\\\/www.meliconi.com\\\/de\\\/produkt\\\/tv-halterung-slimstyle-plus-extra-900f\\\/#primaryimage\"},\"thumbnailUrl\":\"https:\\\/\\\/www.meliconi.com\\\/wp-content\\\/uploads\\\/2024\\\/05\\\/480818_EXTRA-900F-10-1-2024-1.png\",\"datePublished\":\"2024-05-13T13:17:55+00:00\",\"dateModified\":\"2024-10-08T13:53:19+00:00\",\"description\":\"Feste, schlanke TV-Wandhalterung in Schwarz f\u00fcr Fernseher von 65 bis 120 Zoll, maximale Tragkraft 100 kg, 50 kg auf Gipskarton.\",\"breadcrumb\":{\"@id\":\"https:\\\/\\\/www.meliconi.com\\\/de\\\/produkt\\\/tv-halterung-slimstyle-plus-extra-900f\\\/#breadcrumb\"},\"inLanguage\":\"de\",\"potentialAction\":[{\"@type\":\"ReadAction\",\"target\":[\"https:\\\/\\\/www.meliconi.com\\\/de\\\/produkt\\\/tv-halterung-slimstyle-plus-extra-900f\\\/\"]}]},{\"@type\":\"ImageObject\",\"inLanguage\":\"de\",\"@id\":\"https:\\\/\\\/www.meliconi.com\\\/de\\\/produkt\\\/tv-halterung-slimstyle-plus-extra-900f\\\/#primaryimage\",\"url\":\"https:\\\/\\\/www.meliconi.com\\\/wp-content\\\/uploads\\\/2024\\\/05\\\/480818_EXTRA-900F-10-1-2024-1.png\",\"contentUrl\":\"https:\\\/\\\/www.meliconi.com\\\/wp-content\\\/uploads\\\/2024\\\/05\\\/480818_EXTRA-900F-10-1-2024-1.png\",\"width\":5000,\"height\":3536},{\"@type\":\"BreadcrumbList\",\"@id\":\"https:\\\/\\\/www.meliconi.com\\\/de\\\/produkt\\\/tv-halterung-slimstyle-plus-extra-900f\\\/#breadcrumb\",\"itemListElement\":[{\"@type\":\"ListItem\",\"position\":1,\"name\":\"Home\",\"item\":\"https:\\\/\\\/www.meliconi.com\\\/de\\\/\"},{\"@type\":\"ListItem\",\"position\":2,\"name\":\"Shop\",\"item\":\"https:\\\/\\\/www.meliconi.com\\\/de\\\/shop-de\\\/\"},{\"@type\":\"ListItem\",\"position\":3,\"name\":\"900 F\"}]},{\"@type\":\"WebSite\",\"@id\":\"https:\\\/\\\/www.meliconi.com\\\/de\\\/#website\",\"url\":\"https:\\\/\\\/www.meliconi.com\\\/de\\\/\",\"name\":\"Meliconi\",\"description\":\"Lo specialista dell&#039;accessorio\",\"publisher\":{\"@id\":\"https:\\\/\\\/www.meliconi.com\\\/de\\\/#organization\"},\"potentialAction\":[{\"@type\":\"SearchAction\",\"target\":{\"@type\":\"EntryPoint\",\"urlTemplate\":\"https:\\\/\\\/www.meliconi.com\\\/de\\\/?s={search_term_string}\"},\"query-input\":{\"@type\":\"PropertyValueSpecification\",\"valueRequired\":true,\"valueName\":\"search_term_string\"}}],\"inLanguage\":\"de\"},{\"@type\":\"Organization\",\"@id\":\"https:\\\/\\\/www.meliconi.com\\\/de\\\/#organization\",\"name\":\"Meliconi\",\"url\":\"https:\\\/\\\/www.meliconi.com\\\/de\\\/\",\"logo\":{\"@type\":\"ImageObject\",\"inLanguage\":\"de\",\"@id\":\"https:\\\/\\\/www.meliconi.com\\\/de\\\/#\\\/schema\\\/logo\\\/image\\\/\",\"url\":\"https:\\\/\\\/www.meliconi.com\\\/wp-content\\\/uploads\\\/2021\\\/06\\\/logo-meliconi.png\",\"contentUrl\":\"https:\\\/\\\/www.meliconi.com\\\/wp-content\\\/uploads\\\/2021\\\/06\\\/logo-meliconi.png\",\"width\":338,\"height\":102,\"caption\":\"Meliconi\"},\"image\":{\"@id\":\"https:\\\/\\\/www.meliconi.com\\\/de\\\/#\\\/schema\\\/logo\\\/image\\\/\"}}]}<\/script>\n<!-- \/ Yoast SEO plugin. -->","yoast_head_json":{"title":"900 F - Meliconi TV-Halterung","description":"Feste, schlanke TV-Wandhalterung in Schwarz f\u00fcr Fernseher von 65 bis 120 Zoll, maximale Tragkraft 100 kg, 50 kg auf Gipskarton.","robots":{"index":"index","follow":"follow","max-snippet":"max-snippet:-1","max-image-preview":"max-image-preview:large","max-video-preview":"max-video-preview:-1"},"canonical":"https:\/\/www.meliconi.com\/de\/produkt\/tv-halterung-slimstyle-plus-extra-900f\/","og_locale":"de_DE","og_type":"article","og_title":"900 F - Meliconi TV-Halterung","og_description":"Feste, schlanke TV-Wandhalterung in Schwarz f\u00fcr Fernseher von 65 bis 120 Zoll, maximale Tragkraft 100 kg, 50 kg auf Gipskarton.","og_url":"https:\/\/www.meliconi.com\/de\/produkt\/tv-halterung-slimstyle-plus-extra-900f\/","og_site_name":"Meliconi","article_modified_time":"2024-10-08T13:53:19+00:00","og_image":[{"width":1024,"height":724,"url":"https:\/\/www.meliconi.com\/wp-content\/uploads\/2024\/05\/480818_EXTRA-900F-10-1-2024-1-1024x724.png","type":"image\/png"}],"twitter_card":"summary_large_image","twitter_misc":{"Gesch\u00e4tzte Lesezeit":"1\u00a0Minute"},"schema":{"@context":"https:\/\/schema.org","@graph":[{"@type":"WebPage","@id":"https:\/\/www.meliconi.com\/de\/produkt\/tv-halterung-slimstyle-plus-extra-900f\/","url":"https:\/\/www.meliconi.com\/de\/produkt\/tv-halterung-slimstyle-plus-extra-900f\/","name":"900 F - Meliconi TV-Halterung","isPartOf":{"@id":"https:\/\/www.meliconi.com\/de\/#website"},"primaryImageOfPage":{"@id":"https:\/\/www.meliconi.com\/de\/produkt\/tv-halterung-slimstyle-plus-extra-900f\/#primaryimage"},"image":{"@id":"https:\/\/www.meliconi.com\/de\/produkt\/tv-halterung-slimstyle-plus-extra-900f\/#primaryimage"},"thumbnailUrl":"https:\/\/www.meliconi.com\/wp-content\/uploads\/2024\/05\/480818_EXTRA-900F-10-1-2024-1.png","datePublished":"2024-05-13T13:17:55+00:00","dateModified":"2024-10-08T13:53:19+00:00","description":"Feste, schlanke TV-Wandhalterung in Schwarz f\u00fcr Fernseher von 65 bis 120 Zoll, maximale Tragkraft 100 kg, 50 kg auf Gipskarton.","breadcrumb":{"@id":"https:\/\/www.meliconi.com\/de\/produkt\/tv-halterung-slimstyle-plus-extra-900f\/#breadcrumb"},"inLanguage":"de","potentialAction":[{"@type":"ReadAction","target":["https:\/\/www.meliconi.com\/de\/produkt\/tv-halterung-slimstyle-plus-extra-900f\/"]}]},{"@type":"ImageObject","inLanguage":"de","@id":"https:\/\/www.meliconi.com\/de\/produkt\/tv-halterung-slimstyle-plus-extra-900f\/#primaryimage","url":"https:\/\/www.meliconi.com\/wp-content\/uploads\/2024\/05\/480818_EXTRA-900F-10-1-2024-1.png","contentUrl":"https:\/\/www.meliconi.com\/wp-content\/uploads\/2024\/05\/480818_EXTRA-900F-10-1-2024-1.png","width":5000,"height":3536},{"@type":"BreadcrumbList","@id":"https:\/\/www.meliconi.com\/de\/produkt\/tv-halterung-slimstyle-plus-extra-900f\/#breadcrumb","itemListElement":[{"@type":"ListItem","position":1,"name":"Home","item":"https:\/\/www.meliconi.com\/de\/"},{"@type":"ListItem","position":2,"name":"Shop","item":"https:\/\/www.meliconi.com\/de\/shop-de\/"},{"@type":"ListItem","position":3,"name":"900 F"}]},{"@type":"WebSite","@id":"https:\/\/www.meliconi.com\/de\/#website","url":"https:\/\/www.meliconi.com\/de\/","name":"Meliconi","description":"Lo specialista dell&#039;accessorio","publisher":{"@id":"https:\/\/www.meliconi.com\/de\/#organization"},"potentialAction":[{"@type":"SearchAction","target":{"@type":"EntryPoint","urlTemplate":"https:\/\/www.meliconi.com\/de\/?s={search_term_string}"},"query-input":{"@type":"PropertyValueSpecification","valueRequired":true,"valueName":"search_term_string"}}],"inLanguage":"de"},{"@type":"Organization","@id":"https:\/\/www.meliconi.com\/de\/#organization","name":"Meliconi","url":"https:\/\/www.meliconi.com\/de\/","logo":{"@type":"ImageObject","inLanguage":"de","@id":"https:\/\/www.meliconi.com\/de\/#\/schema\/logo\/image\/","url":"https:\/\/www.meliconi.com\/wp-content\/uploads\/2021\/06\/logo-meliconi.png","contentUrl":"https:\/\/www.meliconi.com\/wp-content\/uploads\/2021\/06\/logo-meliconi.png","width":338,"height":102,"caption":"Meliconi"},"image":{"@id":"https:\/\/www.meliconi.com\/de\/#\/schema\/logo\/image\/"}}]}},"_links":{"self":[{"href":"https:\/\/www.meliconi.com\/de\/wp-json\/wp\/v2\/product\/60617","targetHints":{"allow":["GET"]}}],"collection":[{"href":"https:\/\/www.meliconi.com\/de\/wp-json\/wp\/v2\/product"}],"about":[{"href":"https:\/\/www.meliconi.com\/de\/wp-json\/wp\/v2\/types\/product"}],"wp:featuredmedia":[{"embeddable":true,"href":"https:\/\/www.meliconi.com\/de\/wp-json\/wp\/v2\/media\/60623"}],"wp:attachment":[{"href":"https:\/\/www.meliconi.com\/de\/wp-json\/wp\/v2\/media?parent=60617"}],"wp:term":[{"taxonomy":"product_brand","embeddable":true,"href":"https:\/\/www.meliconi.com\/de\/wp-json\/wp\/v2\/product_brand?post=60617"},{"taxonomy":"product_cat","embeddable":true,"href":"https:\/\/www.meliconi.com\/de\/wp-json\/wp\/v2\/product_cat?post=60617"},{"taxonomy":"product_tag","embeddable":true,"href":"https:\/\/www.meliconi.com\/de\/wp-json\/wp\/v2\/product_tag?post=60617"}],"curies":[{"name":"wp","href":"https:\/\/api.w.org\/{rel}","templated":true}]}}