{"id":60612,"date":"2021-06-25T15:55:29","date_gmt":"2021-06-25T15:55:29","guid":{"rendered":"https:\/\/www.meliconi.com\/prodotto\/400-f-supporto-tv-parete-fisso\/"},"modified":"2024-10-08T15:55:12","modified_gmt":"2024-10-08T13:55:12","slug":"400-f-feste-tv-wandhalterung","status":"publish","type":"product","link":"https:\/\/www.meliconi.com\/de\/produkt\/400-f-feste-tv-wandhalterung\/","title":{"rendered":"400 F"},"content":{"rendered":"<p>EXTRA ist die neue TV-Halterungsserie von Meliconi S.p.A., die eine perfekte Kombination aus fortschrittlicher Technologie, modernsten Materialien und attraktivem Design bietet. Alle EXTRA-Halterungen sind 100% Made in Italy, TUV-zertifiziert und haben eine Garantie von 10 Jahren.<\/p>\n<p>Das Modell 400 F ist eine feste TV-Wandhalterung mit VESA-Bohrungen 200 \u2013 300 \u2013 400 mm, geeignet f\u00fcr mittelgro\u00dfe und gro\u00dfe Fernseher (32&#8243;-86&#8243;). Ab sofort ist sie auch als TV-Halterung f\u00fcr Gipskartonw\u00e4nde erh\u00e4ltlich, was maximale Vielseitigkeit und Sicherheit bei der Installation auf empfindlichen W\u00e4nden gew\u00e4hrleistet.<\/p>\n","protected":false},"excerpt":{"rendered":"<p>Feste TV-Wandhalterung<\/p>\n","protected":false},"featured_media":60613,"template":"","meta":{"_acf_changed":false},"product_brand":[],"product_cat":[1121,1203],"product_tag":[1122,1123,1124,1125,1126,1280,1127,1128,1129,1281,1130,1131,1282,1133,1283,1134,1135,1136,1137,1138,1139,1140,1141,1162,1284,1285,1149,1151,1152,1154,1156,1267,1286,1158,1159,1161],"class_list":{"0":"post-60612","1":"product","2":"type-product","3":"status-publish","4":"has-post-thumbnail","6":"product_cat-extra-de","7":"product_cat-kat-tv-halterungen","8":"product_tag-braccio-tv-de","9":"product_tag-braccio-tv-32-pollici-de","10":"product_tag-porta-tv-de","11":"product_tag-porta-tv-da-parete-de","12":"product_tag-sostegno-tv-de","13":"product_tag-sostegno-tv-fisso-de","14":"product_tag-staffa-tv-de","15":"product_tag-staffa-tv-32-pollici-de","16":"product_tag-staffa-tv-43-pollici-de","17":"product_tag-staffa-tv-50-pollici-fisso-de","18":"product_tag-staffa-tv-55-pollici-de","19":"product_tag-staffa-tv-65-pollici-de","20":"product_tag-staffa-tv-muro-fisso-de","21":"product_tag-staffe-per-tv-de","22":"product_tag-staffe-per-tv-fisse-de","23":"product_tag-supporto-a-muro-per-tv-de","24":"product_tag-supporto-a-parete-per-tv-de","25":"product_tag-supporto-a-parete-tv-de","26":"product_tag-supporto-meliconi-per-tv-con-rotazione-de","27":"product_tag-supporto-per-tv-de","28":"product_tag-supporto-tv-de","29":"product_tag-supporto-tv-32-pollici-de","30":"product_tag-supporto-tv-32-pollici-a-parete-de","31":"product_tag-supporto-tv-32-a-parete-de-2","32":"product_tag-supporto-tv-50-pollici-fisso-de","33":"product_tag-supporto-tv-fisso-de","34":"product_tag-supporto-tv-ikea-de","35":"product_tag-supporto-tv-leroy-merlin-de","36":"product_tag-supporto-tv-meliconi-de","37":"product_tag-supporto-tv-muro-de","38":"product_tag-supporto-tv-parete-de","39":"product_tag-supporto-tv-parete-55-pollici-de","40":"product_tag-supporto-tv-parete-fisso-de","41":"product_tag-supporto-tv-samsung-de","42":"product_tag-supporto-tv-soffitto-de","43":"product_tag-supporto-x-tv-a-parete-de","44":"pa_movimento-supporto-fixed-de","46":"first","47":"instock","48":"taxable","49":"shipping-taxable","50":"purchasable","51":"product-type-simple"},"acf":[],"yoast_head":"<!-- This site is optimized with the Yoast SEO plugin v27.4 - https:\/\/yoast.com\/product\/yoast-seo-wordpress\/ -->\n<title>400 F - Meliconi - Feste TV-Wandhalterung<\/title>\n<meta name=\"description\" content=\"Feste TV-Wandhalterung mit VESA-Bohrungen 200 \u2013 300 \u2013 400 mm, geeignet f\u00fcr mittelgro\u00dfe und gro\u00dfe Fernseher. Auch geeignet f\u00fcr Gipskartonw\u00e4nde.\" \/>\n<meta name=\"robots\" content=\"index, follow, max-snippet:-1, max-image-preview:large, max-video-preview:-1\" \/>\n<link rel=\"canonical\" href=\"https:\/\/www.meliconi.com\/de\/produkt\/400-f-feste-tv-wandhalterung\/\" \/>\n<meta property=\"og:locale\" content=\"de_DE\" \/>\n<meta property=\"og:type\" content=\"article\" \/>\n<meta property=\"og:title\" content=\"400 F - Meliconi - Feste TV-Wandhalterung\" \/>\n<meta property=\"og:description\" content=\"Feste TV-Wandhalterung mit VESA-Bohrungen 200 \u2013 300 \u2013 400 mm, geeignet f\u00fcr mittelgro\u00dfe und gro\u00dfe Fernseher. Auch geeignet f\u00fcr Gipskartonw\u00e4nde.\" \/>\n<meta property=\"og:url\" content=\"https:\/\/www.meliconi.com\/de\/produkt\/400-f-feste-tv-wandhalterung\/\" \/>\n<meta property=\"og:site_name\" content=\"Meliconi\" \/>\n<meta property=\"article:modified_time\" content=\"2024-10-08T13:55:12+00:00\" \/>\n<meta property=\"og:image\" content=\"https:\/\/www.meliconi.com\/wp-content\/uploads\/2021\/06\/480861-Extra-F-400-3-822x1024.png\" \/>\n\t<meta property=\"og:image:width\" content=\"822\" \/>\n\t<meta property=\"og:image:height\" content=\"1024\" \/>\n\t<meta property=\"og:image:type\" content=\"image\/png\" \/>\n<meta name=\"twitter:card\" content=\"summary_large_image\" \/>\n<meta name=\"twitter:label1\" content=\"Gesch\u00e4tzte Lesezeit\" \/>\n\t<meta name=\"twitter:data1\" content=\"1\u00a0Minute\" \/>\n<script type=\"application\/ld+json\" class=\"yoast-schema-graph\">{\"@context\":\"https:\\\/\\\/schema.org\",\"@graph\":[{\"@type\":\"WebPage\",\"@id\":\"https:\\\/\\\/www.meliconi.com\\\/de\\\/produkt\\\/400-f-feste-tv-wandhalterung\\\/\",\"url\":\"https:\\\/\\\/www.meliconi.com\\\/de\\\/produkt\\\/400-f-feste-tv-wandhalterung\\\/\",\"name\":\"400 F - Meliconi - Feste TV-Wandhalterung\",\"isPartOf\":{\"@id\":\"https:\\\/\\\/www.meliconi.com\\\/de\\\/#website\"},\"primaryImageOfPage\":{\"@id\":\"https:\\\/\\\/www.meliconi.com\\\/de\\\/produkt\\\/400-f-feste-tv-wandhalterung\\\/#primaryimage\"},\"image\":{\"@id\":\"https:\\\/\\\/www.meliconi.com\\\/de\\\/produkt\\\/400-f-feste-tv-wandhalterung\\\/#primaryimage\"},\"thumbnailUrl\":\"https:\\\/\\\/www.meliconi.com\\\/wp-content\\\/uploads\\\/2021\\\/06\\\/480861-Extra-F-400-3.png\",\"datePublished\":\"2021-06-25T15:55:29+00:00\",\"dateModified\":\"2024-10-08T13:55:12+00:00\",\"description\":\"Feste TV-Wandhalterung mit VESA-Bohrungen 200 \u2013 300 \u2013 400 mm, geeignet f\u00fcr mittelgro\u00dfe und gro\u00dfe Fernseher. Auch geeignet f\u00fcr Gipskartonw\u00e4nde.\",\"breadcrumb\":{\"@id\":\"https:\\\/\\\/www.meliconi.com\\\/de\\\/produkt\\\/400-f-feste-tv-wandhalterung\\\/#breadcrumb\"},\"inLanguage\":\"de\",\"potentialAction\":[{\"@type\":\"ReadAction\",\"target\":[\"https:\\\/\\\/www.meliconi.com\\\/de\\\/produkt\\\/400-f-feste-tv-wandhalterung\\\/\"]}]},{\"@type\":\"ImageObject\",\"inLanguage\":\"de\",\"@id\":\"https:\\\/\\\/www.meliconi.com\\\/de\\\/produkt\\\/400-f-feste-tv-wandhalterung\\\/#primaryimage\",\"url\":\"https:\\\/\\\/www.meliconi.com\\\/wp-content\\\/uploads\\\/2021\\\/06\\\/480861-Extra-F-400-3.png\",\"contentUrl\":\"https:\\\/\\\/www.meliconi.com\\\/wp-content\\\/uploads\\\/2021\\\/06\\\/480861-Extra-F-400-3.png\",\"width\":4413,\"height\":5500},{\"@type\":\"BreadcrumbList\",\"@id\":\"https:\\\/\\\/www.meliconi.com\\\/de\\\/produkt\\\/400-f-feste-tv-wandhalterung\\\/#breadcrumb\",\"itemListElement\":[{\"@type\":\"ListItem\",\"position\":1,\"name\":\"Home\",\"item\":\"https:\\\/\\\/www.meliconi.com\\\/de\\\/\"},{\"@type\":\"ListItem\",\"position\":2,\"name\":\"Shop\",\"item\":\"https:\\\/\\\/www.meliconi.com\\\/de\\\/shop-de\\\/\"},{\"@type\":\"ListItem\",\"position\":3,\"name\":\"400 F\"}]},{\"@type\":\"WebSite\",\"@id\":\"https:\\\/\\\/www.meliconi.com\\\/de\\\/#website\",\"url\":\"https:\\\/\\\/www.meliconi.com\\\/de\\\/\",\"name\":\"Meliconi\",\"description\":\"Lo specialista dell&#039;accessorio\",\"publisher\":{\"@id\":\"https:\\\/\\\/www.meliconi.com\\\/de\\\/#organization\"},\"potentialAction\":[{\"@type\":\"SearchAction\",\"target\":{\"@type\":\"EntryPoint\",\"urlTemplate\":\"https:\\\/\\\/www.meliconi.com\\\/de\\\/?s={search_term_string}\"},\"query-input\":{\"@type\":\"PropertyValueSpecification\",\"valueRequired\":true,\"valueName\":\"search_term_string\"}}],\"inLanguage\":\"de\"},{\"@type\":\"Organization\",\"@id\":\"https:\\\/\\\/www.meliconi.com\\\/de\\\/#organization\",\"name\":\"Meliconi\",\"url\":\"https:\\\/\\\/www.meliconi.com\\\/de\\\/\",\"logo\":{\"@type\":\"ImageObject\",\"inLanguage\":\"de\",\"@id\":\"https:\\\/\\\/www.meliconi.com\\\/de\\\/#\\\/schema\\\/logo\\\/image\\\/\",\"url\":\"https:\\\/\\\/www.meliconi.com\\\/wp-content\\\/uploads\\\/2021\\\/06\\\/logo-meliconi.png\",\"contentUrl\":\"https:\\\/\\\/www.meliconi.com\\\/wp-content\\\/uploads\\\/2021\\\/06\\\/logo-meliconi.png\",\"width\":338,\"height\":102,\"caption\":\"Meliconi\"},\"image\":{\"@id\":\"https:\\\/\\\/www.meliconi.com\\\/de\\\/#\\\/schema\\\/logo\\\/image\\\/\"}}]}<\/script>\n<!-- \/ Yoast SEO plugin. -->","yoast_head_json":{"title":"400 F - Meliconi - Feste TV-Wandhalterung","description":"Feste TV-Wandhalterung mit VESA-Bohrungen 200 \u2013 300 \u2013 400 mm, geeignet f\u00fcr mittelgro\u00dfe und gro\u00dfe Fernseher. Auch geeignet f\u00fcr Gipskartonw\u00e4nde.","robots":{"index":"index","follow":"follow","max-snippet":"max-snippet:-1","max-image-preview":"max-image-preview:large","max-video-preview":"max-video-preview:-1"},"canonical":"https:\/\/www.meliconi.com\/de\/produkt\/400-f-feste-tv-wandhalterung\/","og_locale":"de_DE","og_type":"article","og_title":"400 F - Meliconi - Feste TV-Wandhalterung","og_description":"Feste TV-Wandhalterung mit VESA-Bohrungen 200 \u2013 300 \u2013 400 mm, geeignet f\u00fcr mittelgro\u00dfe und gro\u00dfe Fernseher. Auch geeignet f\u00fcr Gipskartonw\u00e4nde.","og_url":"https:\/\/www.meliconi.com\/de\/produkt\/400-f-feste-tv-wandhalterung\/","og_site_name":"Meliconi","article_modified_time":"2024-10-08T13:55:12+00:00","og_image":[{"width":822,"height":1024,"url":"https:\/\/www.meliconi.com\/wp-content\/uploads\/2021\/06\/480861-Extra-F-400-3-822x1024.png","type":"image\/png"}],"twitter_card":"summary_large_image","twitter_misc":{"Gesch\u00e4tzte Lesezeit":"1\u00a0Minute"},"schema":{"@context":"https:\/\/schema.org","@graph":[{"@type":"WebPage","@id":"https:\/\/www.meliconi.com\/de\/produkt\/400-f-feste-tv-wandhalterung\/","url":"https:\/\/www.meliconi.com\/de\/produkt\/400-f-feste-tv-wandhalterung\/","name":"400 F - Meliconi - Feste TV-Wandhalterung","isPartOf":{"@id":"https:\/\/www.meliconi.com\/de\/#website"},"primaryImageOfPage":{"@id":"https:\/\/www.meliconi.com\/de\/produkt\/400-f-feste-tv-wandhalterung\/#primaryimage"},"image":{"@id":"https:\/\/www.meliconi.com\/de\/produkt\/400-f-feste-tv-wandhalterung\/#primaryimage"},"thumbnailUrl":"https:\/\/www.meliconi.com\/wp-content\/uploads\/2021\/06\/480861-Extra-F-400-3.png","datePublished":"2021-06-25T15:55:29+00:00","dateModified":"2024-10-08T13:55:12+00:00","description":"Feste TV-Wandhalterung mit VESA-Bohrungen 200 \u2013 300 \u2013 400 mm, geeignet f\u00fcr mittelgro\u00dfe und gro\u00dfe Fernseher. Auch geeignet f\u00fcr Gipskartonw\u00e4nde.","breadcrumb":{"@id":"https:\/\/www.meliconi.com\/de\/produkt\/400-f-feste-tv-wandhalterung\/#breadcrumb"},"inLanguage":"de","potentialAction":[{"@type":"ReadAction","target":["https:\/\/www.meliconi.com\/de\/produkt\/400-f-feste-tv-wandhalterung\/"]}]},{"@type":"ImageObject","inLanguage":"de","@id":"https:\/\/www.meliconi.com\/de\/produkt\/400-f-feste-tv-wandhalterung\/#primaryimage","url":"https:\/\/www.meliconi.com\/wp-content\/uploads\/2021\/06\/480861-Extra-F-400-3.png","contentUrl":"https:\/\/www.meliconi.com\/wp-content\/uploads\/2021\/06\/480861-Extra-F-400-3.png","width":4413,"height":5500},{"@type":"BreadcrumbList","@id":"https:\/\/www.meliconi.com\/de\/produkt\/400-f-feste-tv-wandhalterung\/#breadcrumb","itemListElement":[{"@type":"ListItem","position":1,"name":"Home","item":"https:\/\/www.meliconi.com\/de\/"},{"@type":"ListItem","position":2,"name":"Shop","item":"https:\/\/www.meliconi.com\/de\/shop-de\/"},{"@type":"ListItem","position":3,"name":"400 F"}]},{"@type":"WebSite","@id":"https:\/\/www.meliconi.com\/de\/#website","url":"https:\/\/www.meliconi.com\/de\/","name":"Meliconi","description":"Lo specialista dell&#039;accessorio","publisher":{"@id":"https:\/\/www.meliconi.com\/de\/#organization"},"potentialAction":[{"@type":"SearchAction","target":{"@type":"EntryPoint","urlTemplate":"https:\/\/www.meliconi.com\/de\/?s={search_term_string}"},"query-input":{"@type":"PropertyValueSpecification","valueRequired":true,"valueName":"search_term_string"}}],"inLanguage":"de"},{"@type":"Organization","@id":"https:\/\/www.meliconi.com\/de\/#organization","name":"Meliconi","url":"https:\/\/www.meliconi.com\/de\/","logo":{"@type":"ImageObject","inLanguage":"de","@id":"https:\/\/www.meliconi.com\/de\/#\/schema\/logo\/image\/","url":"https:\/\/www.meliconi.com\/wp-content\/uploads\/2021\/06\/logo-meliconi.png","contentUrl":"https:\/\/www.meliconi.com\/wp-content\/uploads\/2021\/06\/logo-meliconi.png","width":338,"height":102,"caption":"Meliconi"},"image":{"@id":"https:\/\/www.meliconi.com\/de\/#\/schema\/logo\/image\/"}}]}},"_links":{"self":[{"href":"https:\/\/www.meliconi.com\/de\/wp-json\/wp\/v2\/product\/60612","targetHints":{"allow":["GET"]}}],"collection":[{"href":"https:\/\/www.meliconi.com\/de\/wp-json\/wp\/v2\/product"}],"about":[{"href":"https:\/\/www.meliconi.com\/de\/wp-json\/wp\/v2\/types\/product"}],"wp:featuredmedia":[{"embeddable":true,"href":"https:\/\/www.meliconi.com\/de\/wp-json\/wp\/v2\/media\/60613"}],"wp:attachment":[{"href":"https:\/\/www.meliconi.com\/de\/wp-json\/wp\/v2\/media?parent=60612"}],"wp:term":[{"taxonomy":"product_brand","embeddable":true,"href":"https:\/\/www.meliconi.com\/de\/wp-json\/wp\/v2\/product_brand?post=60612"},{"taxonomy":"product_cat","embeddable":true,"href":"https:\/\/www.meliconi.com\/de\/wp-json\/wp\/v2\/product_cat?post=60612"},{"taxonomy":"product_tag","embeddable":true,"href":"https:\/\/www.meliconi.com\/de\/wp-json\/wp\/v2\/product_tag?post=60612"}],"curies":[{"name":"wp","href":"https:\/\/api.w.org\/{rel}","templated":true}]}}