{"id":60607,"date":"2024-06-20T08:36:50","date_gmt":"2024-06-20T06:36:50","guid":{"rendered":"https:\/\/www.meliconi.com\/prodotto\/400-tiltnturn-cg\/"},"modified":"2025-02-12T11:14:15","modified_gmt":"2025-02-12T10:14:15","slug":"400-tiltnturn-cg","status":"publish","type":"product","link":"https:\/\/www.meliconi.com\/de\/produkt\/400-tiltnturn-cg\/","title":{"rendered":"400 TILT&#8217;N&#8217;TURN CG"},"content":{"rendered":"<p>SLIMSTYLE PLUS ist die neue ultraschlanke TV-Wandhalterungsserie von Meliconi S.p.A., die eine perfekte Kombination aus fortschrittlicher Technologie, modernsten Materialien und attraktivem Design bietet. Dank der innovativen Funktionen EASY TILT und EASY TILT PRO war es noch nie so einfach und pr\u00e4zise, Ihren Fernseher zu neigen. Ein zus\u00e4tzlicher Gummischutz an allen Halterungen sch\u00fctzt Ihren Fernseher langfristig, ohne dabei auf eine minimale Tiefe (bis zu nur 2 cm von der Wand) und absolute Sicherheit zu verzichten. Alle SLIMSTYLE PLUS-Halterungen sind 100% Made in Italy und haben eine Garantie von 10 Jahren.<\/p>\n<p>Der 400 TILT&#8217;N&#8217;TURN ist eine neigbare TV-Halterung f\u00fcr Fernseher mit VESA-Bohrungen 200-300-400 mm, die eine vertikale Neigung des Bildschirms erm\u00f6glicht. Das exklusive intelligente Verriegelungssystem FASTBLOCK erm\u00f6glicht die Montage des Fernsehers in 3 einfachen Schritten:<\/p>\n<ol>\n<li>Befestigen Sie die Wandplatte.<\/li>\n<li>Schrauben Sie die Halterungen auf der R\u00fcckseite des Fernsehers fest.<\/li>\n<li>Montieren Sie den Fernseher an der Wandplatte.<\/li>\n<\/ol>\n","protected":false},"excerpt":{"rendered":"<p>Neigbare TV-Halterung.<\/p>\n","protected":false},"featured_media":60608,"template":"","meta":{"_acf_changed":false},"product_brand":[],"product_cat":[1121],"product_tag":[],"class_list":{"0":"post-60607","1":"product","2":"type-product","3":"status-publish","4":"has-post-thumbnail","6":"product_cat-extra-de","7":"pa_movimento-supporto-tilted-de","9":"first","10":"instock","11":"taxable","12":"shipping-taxable","13":"purchasable","14":"product-type-simple"},"acf":[],"yoast_head":"<!-- This site is optimized with the Yoast SEO plugin v27.4 - https:\/\/yoast.com\/product\/yoast-seo-wordpress\/ -->\n<title>400 TILT&#039;N&#039;TURN CG - Meliconi<\/title>\n<meta name=\"robots\" content=\"index, follow, max-snippet:-1, max-image-preview:large, max-video-preview:-1\" \/>\n<link rel=\"canonical\" href=\"https:\/\/www.meliconi.com\/de\/produkt\/400-tiltnturn-cg\/\" \/>\n<meta property=\"og:locale\" content=\"de_DE\" \/>\n<meta property=\"og:type\" content=\"article\" \/>\n<meta property=\"og:title\" content=\"400 TILT&#039;N&#039;TURN CG - Meliconi\" \/>\n<meta property=\"og:description\" content=\"Neigbare TV-Halterung.\" \/>\n<meta property=\"og:url\" content=\"https:\/\/www.meliconi.com\/de\/produkt\/400-tiltnturn-cg\/\" \/>\n<meta property=\"og:site_name\" content=\"Meliconi\" \/>\n<meta property=\"article:modified_time\" content=\"2025-02-12T10:14:15+00:00\" \/>\n<meta property=\"og:image\" content=\"https:\/\/www.meliconi.com\/wp-content\/uploads\/2022\/09\/Extra-400-Tilt-n-Turn-3-4-866x1024.png\" \/>\n\t<meta property=\"og:image:width\" content=\"866\" \/>\n\t<meta property=\"og:image:height\" content=\"1024\" \/>\n\t<meta property=\"og:image:type\" content=\"image\/png\" \/>\n<meta name=\"twitter:card\" content=\"summary_large_image\" \/>\n<meta name=\"twitter:label1\" content=\"Gesch\u00e4tzte Lesezeit\" \/>\n\t<meta name=\"twitter:data1\" content=\"1\u00a0Minute\" \/>\n<script type=\"application\/ld+json\" class=\"yoast-schema-graph\">{\"@context\":\"https:\\\/\\\/schema.org\",\"@graph\":[{\"@type\":\"WebPage\",\"@id\":\"https:\\\/\\\/www.meliconi.com\\\/de\\\/produkt\\\/400-tiltnturn-cg\\\/\",\"url\":\"https:\\\/\\\/www.meliconi.com\\\/de\\\/produkt\\\/400-tiltnturn-cg\\\/\",\"name\":\"400 TILT'N'TURN CG - Meliconi\",\"isPartOf\":{\"@id\":\"https:\\\/\\\/www.meliconi.com\\\/de\\\/#website\"},\"primaryImageOfPage\":{\"@id\":\"https:\\\/\\\/www.meliconi.com\\\/de\\\/produkt\\\/400-tiltnturn-cg\\\/#primaryimage\"},\"image\":{\"@id\":\"https:\\\/\\\/www.meliconi.com\\\/de\\\/produkt\\\/400-tiltnturn-cg\\\/#primaryimage\"},\"thumbnailUrl\":\"https:\\\/\\\/www.meliconi.com\\\/wp-content\\\/uploads\\\/2022\\\/09\\\/Extra-400-Tilt-n-Turn-3-4.png\",\"datePublished\":\"2024-06-20T06:36:50+00:00\",\"dateModified\":\"2025-02-12T10:14:15+00:00\",\"breadcrumb\":{\"@id\":\"https:\\\/\\\/www.meliconi.com\\\/de\\\/produkt\\\/400-tiltnturn-cg\\\/#breadcrumb\"},\"inLanguage\":\"de\",\"potentialAction\":[{\"@type\":\"ReadAction\",\"target\":[\"https:\\\/\\\/www.meliconi.com\\\/de\\\/produkt\\\/400-tiltnturn-cg\\\/\"]}]},{\"@type\":\"ImageObject\",\"inLanguage\":\"de\",\"@id\":\"https:\\\/\\\/www.meliconi.com\\\/de\\\/produkt\\\/400-tiltnturn-cg\\\/#primaryimage\",\"url\":\"https:\\\/\\\/www.meliconi.com\\\/wp-content\\\/uploads\\\/2022\\\/09\\\/Extra-400-Tilt-n-Turn-3-4.png\",\"contentUrl\":\"https:\\\/\\\/www.meliconi.com\\\/wp-content\\\/uploads\\\/2022\\\/09\\\/Extra-400-Tilt-n-Turn-3-4.png\",\"width\":2914,\"height\":3447},{\"@type\":\"BreadcrumbList\",\"@id\":\"https:\\\/\\\/www.meliconi.com\\\/de\\\/produkt\\\/400-tiltnturn-cg\\\/#breadcrumb\",\"itemListElement\":[{\"@type\":\"ListItem\",\"position\":1,\"name\":\"Home\",\"item\":\"https:\\\/\\\/www.meliconi.com\\\/de\\\/\"},{\"@type\":\"ListItem\",\"position\":2,\"name\":\"Shop\",\"item\":\"https:\\\/\\\/www.meliconi.com\\\/de\\\/shop-de\\\/\"},{\"@type\":\"ListItem\",\"position\":3,\"name\":\"400 TILT&#8217;N&#8217;TURN CG\"}]},{\"@type\":\"WebSite\",\"@id\":\"https:\\\/\\\/www.meliconi.com\\\/de\\\/#website\",\"url\":\"https:\\\/\\\/www.meliconi.com\\\/de\\\/\",\"name\":\"Meliconi\",\"description\":\"Lo specialista dell&#039;accessorio\",\"publisher\":{\"@id\":\"https:\\\/\\\/www.meliconi.com\\\/de\\\/#organization\"},\"potentialAction\":[{\"@type\":\"SearchAction\",\"target\":{\"@type\":\"EntryPoint\",\"urlTemplate\":\"https:\\\/\\\/www.meliconi.com\\\/de\\\/?s={search_term_string}\"},\"query-input\":{\"@type\":\"PropertyValueSpecification\",\"valueRequired\":true,\"valueName\":\"search_term_string\"}}],\"inLanguage\":\"de\"},{\"@type\":\"Organization\",\"@id\":\"https:\\\/\\\/www.meliconi.com\\\/de\\\/#organization\",\"name\":\"Meliconi\",\"url\":\"https:\\\/\\\/www.meliconi.com\\\/de\\\/\",\"logo\":{\"@type\":\"ImageObject\",\"inLanguage\":\"de\",\"@id\":\"https:\\\/\\\/www.meliconi.com\\\/de\\\/#\\\/schema\\\/logo\\\/image\\\/\",\"url\":\"https:\\\/\\\/www.meliconi.com\\\/wp-content\\\/uploads\\\/2021\\\/06\\\/logo-meliconi.png\",\"contentUrl\":\"https:\\\/\\\/www.meliconi.com\\\/wp-content\\\/uploads\\\/2021\\\/06\\\/logo-meliconi.png\",\"width\":338,\"height\":102,\"caption\":\"Meliconi\"},\"image\":{\"@id\":\"https:\\\/\\\/www.meliconi.com\\\/de\\\/#\\\/schema\\\/logo\\\/image\\\/\"}}]}<\/script>\n<!-- \/ Yoast SEO plugin. -->","yoast_head_json":{"title":"400 TILT'N'TURN CG - Meliconi","robots":{"index":"index","follow":"follow","max-snippet":"max-snippet:-1","max-image-preview":"max-image-preview:large","max-video-preview":"max-video-preview:-1"},"canonical":"https:\/\/www.meliconi.com\/de\/produkt\/400-tiltnturn-cg\/","og_locale":"de_DE","og_type":"article","og_title":"400 TILT'N'TURN CG - Meliconi","og_description":"Neigbare TV-Halterung.","og_url":"https:\/\/www.meliconi.com\/de\/produkt\/400-tiltnturn-cg\/","og_site_name":"Meliconi","article_modified_time":"2025-02-12T10:14:15+00:00","og_image":[{"width":866,"height":1024,"url":"https:\/\/www.meliconi.com\/wp-content\/uploads\/2022\/09\/Extra-400-Tilt-n-Turn-3-4-866x1024.png","type":"image\/png"}],"twitter_card":"summary_large_image","twitter_misc":{"Gesch\u00e4tzte Lesezeit":"1\u00a0Minute"},"schema":{"@context":"https:\/\/schema.org","@graph":[{"@type":"WebPage","@id":"https:\/\/www.meliconi.com\/de\/produkt\/400-tiltnturn-cg\/","url":"https:\/\/www.meliconi.com\/de\/produkt\/400-tiltnturn-cg\/","name":"400 TILT'N'TURN CG - Meliconi","isPartOf":{"@id":"https:\/\/www.meliconi.com\/de\/#website"},"primaryImageOfPage":{"@id":"https:\/\/www.meliconi.com\/de\/produkt\/400-tiltnturn-cg\/#primaryimage"},"image":{"@id":"https:\/\/www.meliconi.com\/de\/produkt\/400-tiltnturn-cg\/#primaryimage"},"thumbnailUrl":"https:\/\/www.meliconi.com\/wp-content\/uploads\/2022\/09\/Extra-400-Tilt-n-Turn-3-4.png","datePublished":"2024-06-20T06:36:50+00:00","dateModified":"2025-02-12T10:14:15+00:00","breadcrumb":{"@id":"https:\/\/www.meliconi.com\/de\/produkt\/400-tiltnturn-cg\/#breadcrumb"},"inLanguage":"de","potentialAction":[{"@type":"ReadAction","target":["https:\/\/www.meliconi.com\/de\/produkt\/400-tiltnturn-cg\/"]}]},{"@type":"ImageObject","inLanguage":"de","@id":"https:\/\/www.meliconi.com\/de\/produkt\/400-tiltnturn-cg\/#primaryimage","url":"https:\/\/www.meliconi.com\/wp-content\/uploads\/2022\/09\/Extra-400-Tilt-n-Turn-3-4.png","contentUrl":"https:\/\/www.meliconi.com\/wp-content\/uploads\/2022\/09\/Extra-400-Tilt-n-Turn-3-4.png","width":2914,"height":3447},{"@type":"BreadcrumbList","@id":"https:\/\/www.meliconi.com\/de\/produkt\/400-tiltnturn-cg\/#breadcrumb","itemListElement":[{"@type":"ListItem","position":1,"name":"Home","item":"https:\/\/www.meliconi.com\/de\/"},{"@type":"ListItem","position":2,"name":"Shop","item":"https:\/\/www.meliconi.com\/de\/shop-de\/"},{"@type":"ListItem","position":3,"name":"400 TILT&#8217;N&#8217;TURN CG"}]},{"@type":"WebSite","@id":"https:\/\/www.meliconi.com\/de\/#website","url":"https:\/\/www.meliconi.com\/de\/","name":"Meliconi","description":"Lo specialista dell&#039;accessorio","publisher":{"@id":"https:\/\/www.meliconi.com\/de\/#organization"},"potentialAction":[{"@type":"SearchAction","target":{"@type":"EntryPoint","urlTemplate":"https:\/\/www.meliconi.com\/de\/?s={search_term_string}"},"query-input":{"@type":"PropertyValueSpecification","valueRequired":true,"valueName":"search_term_string"}}],"inLanguage":"de"},{"@type":"Organization","@id":"https:\/\/www.meliconi.com\/de\/#organization","name":"Meliconi","url":"https:\/\/www.meliconi.com\/de\/","logo":{"@type":"ImageObject","inLanguage":"de","@id":"https:\/\/www.meliconi.com\/de\/#\/schema\/logo\/image\/","url":"https:\/\/www.meliconi.com\/wp-content\/uploads\/2021\/06\/logo-meliconi.png","contentUrl":"https:\/\/www.meliconi.com\/wp-content\/uploads\/2021\/06\/logo-meliconi.png","width":338,"height":102,"caption":"Meliconi"},"image":{"@id":"https:\/\/www.meliconi.com\/de\/#\/schema\/logo\/image\/"}}]}},"_links":{"self":[{"href":"https:\/\/www.meliconi.com\/de\/wp-json\/wp\/v2\/product\/60607","targetHints":{"allow":["GET"]}}],"collection":[{"href":"https:\/\/www.meliconi.com\/de\/wp-json\/wp\/v2\/product"}],"about":[{"href":"https:\/\/www.meliconi.com\/de\/wp-json\/wp\/v2\/types\/product"}],"wp:featuredmedia":[{"embeddable":true,"href":"https:\/\/www.meliconi.com\/de\/wp-json\/wp\/v2\/media\/60608"}],"wp:attachment":[{"href":"https:\/\/www.meliconi.com\/de\/wp-json\/wp\/v2\/media?parent=60607"}],"wp:term":[{"taxonomy":"product_brand","embeddable":true,"href":"https:\/\/www.meliconi.com\/de\/wp-json\/wp\/v2\/product_brand?post=60607"},{"taxonomy":"product_cat","embeddable":true,"href":"https:\/\/www.meliconi.com\/de\/wp-json\/wp\/v2\/product_cat?post=60607"},{"taxonomy":"product_tag","embeddable":true,"href":"https:\/\/www.meliconi.com\/de\/wp-json\/wp\/v2\/product_tag?post=60607"}],"curies":[{"name":"wp","href":"https:\/\/api.w.org\/{rel}","templated":true}]}}