{"id":60511,"date":"2024-01-23T14:47:27","date_gmt":"2024-01-23T13:47:27","guid":{"rendered":"https:\/\/www.meliconi.com\/prodotto\/supporto-tv-meliconi-flatstyle-fs400\/"},"modified":"2024-10-08T16:04:55","modified_gmt":"2024-10-08T14:04:55","slug":"tv-halterung-meliconi-flatstyle-fs400","status":"publish","type":"product","link":"https:\/\/www.meliconi.com\/de\/produkt\/tv-halterung-meliconi-flatstyle-fs400\/","title":{"rendered":"FLATSTYLE FS400"},"content":{"rendered":"<p>Flatstyle von Meliconi steht f\u00fcr fortschrittliche Technologien zu einem erschwinglichen Preis. Unsere TV-Halterungen, 100% Made in Italy, sind einfach zu installieren und langlebig (5 Jahre Garantie). W\u00e4hlen Sie die italienische Qualit\u00e4t von Meliconi und genie\u00dfen Sie ein kompromissloses TV-Erlebnis. Dank des innovativen FASTBLOCK-Systems ist die Halterung einfach, sicher und schnell zu montieren. Installieren Sie den Fernseher in wenigen Schritten: Schrauben Sie die Halterungen an die R\u00fcckseite des Fernsehers, h\u00e4ngen Sie ihn an die Wandplatte, und beim &#8222;Klicken&#8220; sitzt der Fernseher richtig.<\/p>\n<p>Flatstyle FS400 ist eine Halterung, die f\u00fcr alle Fernseher mit VESA-Bohrungen 200-300-400 mm, von 40 bis 65 Zoll, geeignet ist. Sie hat eine maximale Tragkraft von 50 kg und zeichnet sich durch ihr extrem schlankes Design aus, sodass sie perfekt hinter dem Fernseher verschwindet, der wie ein Bild an der Wand wirkt (Mindestabstand zur Wand 2 cm).<\/p>\n","protected":false},"excerpt":{"rendered":"<p>Feste TV-Wandhalterung.<\/p>\n","protected":false},"featured_media":60512,"template":"","meta":{"_acf_changed":false},"product_brand":[],"product_cat":[1204],"product_tag":[],"class_list":{"0":"post-60511","1":"product","2":"type-product","3":"status-publish","4":"has-post-thumbnail","6":"product_cat-flatstyle-de","7":"pa_movimento-supporto-fixed-de","9":"first","10":"instock","11":"taxable","12":"shipping-taxable","13":"purchasable","14":"product-type-simple"},"acf":[],"yoast_head":"<!-- This site is optimized with the Yoast SEO plugin v27.4 - https:\/\/yoast.com\/product\/yoast-seo-wordpress\/ -->\n<title>FLATSTYLE FS400 - Meliconi<\/title>\n<meta name=\"description\" content=\"Meliconi feste TV-Wandhalterung.VESA 200-300-400, von 40 bis 65 Zoll, maximale Tragkraft 50 kg. Fast Block-System: einfach, schnell und sicher zu montieren.\" \/>\n<meta name=\"robots\" content=\"index, follow, max-snippet:-1, max-image-preview:large, max-video-preview:-1\" \/>\n<link rel=\"canonical\" href=\"https:\/\/www.meliconi.com\/de\/produkt\/tv-halterung-meliconi-flatstyle-fs400\/\" \/>\n<meta property=\"og:locale\" content=\"de_DE\" \/>\n<meta property=\"og:type\" content=\"article\" \/>\n<meta property=\"og:title\" content=\"FLATSTYLE FS400 - Meliconi\" \/>\n<meta property=\"og:description\" content=\"Meliconi feste TV-Wandhalterung.VESA 200-300-400, von 40 bis 65 Zoll, maximale Tragkraft 50 kg. Fast Block-System: einfach, schnell und sicher zu montieren.\" \/>\n<meta property=\"og:url\" content=\"https:\/\/www.meliconi.com\/de\/produkt\/tv-halterung-meliconi-flatstyle-fs400\/\" \/>\n<meta property=\"og:site_name\" content=\"Meliconi\" \/>\n<meta property=\"article:modified_time\" content=\"2024-10-08T14:04:55+00:00\" \/>\n<meta property=\"og:image\" content=\"https:\/\/www.meliconi.com\/wp-content\/uploads\/2024\/01\/580467_FS400-tre-quarti-826x1024.png\" \/>\n\t<meta property=\"og:image:width\" content=\"826\" \/>\n\t<meta property=\"og:image:height\" content=\"1024\" \/>\n\t<meta property=\"og:image:type\" content=\"image\/png\" \/>\n<meta name=\"twitter:card\" content=\"summary_large_image\" \/>\n<meta name=\"twitter:label1\" content=\"Gesch\u00e4tzte Lesezeit\" \/>\n\t<meta name=\"twitter:data1\" content=\"1\u00a0Minute\" \/>\n<script type=\"application\/ld+json\" class=\"yoast-schema-graph\">{\"@context\":\"https:\\\/\\\/schema.org\",\"@graph\":[{\"@type\":\"WebPage\",\"@id\":\"https:\\\/\\\/www.meliconi.com\\\/de\\\/produkt\\\/tv-halterung-meliconi-flatstyle-fs400\\\/\",\"url\":\"https:\\\/\\\/www.meliconi.com\\\/de\\\/produkt\\\/tv-halterung-meliconi-flatstyle-fs400\\\/\",\"name\":\"FLATSTYLE FS400 - Meliconi\",\"isPartOf\":{\"@id\":\"https:\\\/\\\/www.meliconi.com\\\/de\\\/#website\"},\"primaryImageOfPage\":{\"@id\":\"https:\\\/\\\/www.meliconi.com\\\/de\\\/produkt\\\/tv-halterung-meliconi-flatstyle-fs400\\\/#primaryimage\"},\"image\":{\"@id\":\"https:\\\/\\\/www.meliconi.com\\\/de\\\/produkt\\\/tv-halterung-meliconi-flatstyle-fs400\\\/#primaryimage\"},\"thumbnailUrl\":\"https:\\\/\\\/www.meliconi.com\\\/wp-content\\\/uploads\\\/2024\\\/01\\\/580467_FS400-tre-quarti.png\",\"datePublished\":\"2024-01-23T13:47:27+00:00\",\"dateModified\":\"2024-10-08T14:04:55+00:00\",\"description\":\"Meliconi feste TV-Wandhalterung.VESA 200-300-400, von 40 bis 65 Zoll, maximale Tragkraft 50 kg. Fast Block-System: einfach, schnell und sicher zu montieren.\",\"breadcrumb\":{\"@id\":\"https:\\\/\\\/www.meliconi.com\\\/de\\\/produkt\\\/tv-halterung-meliconi-flatstyle-fs400\\\/#breadcrumb\"},\"inLanguage\":\"de\",\"potentialAction\":[{\"@type\":\"ReadAction\",\"target\":[\"https:\\\/\\\/www.meliconi.com\\\/de\\\/produkt\\\/tv-halterung-meliconi-flatstyle-fs400\\\/\"]}]},{\"@type\":\"ImageObject\",\"inLanguage\":\"de\",\"@id\":\"https:\\\/\\\/www.meliconi.com\\\/de\\\/produkt\\\/tv-halterung-meliconi-flatstyle-fs400\\\/#primaryimage\",\"url\":\"https:\\\/\\\/www.meliconi.com\\\/wp-content\\\/uploads\\\/2024\\\/01\\\/580467_FS400-tre-quarti.png\",\"contentUrl\":\"https:\\\/\\\/www.meliconi.com\\\/wp-content\\\/uploads\\\/2024\\\/01\\\/580467_FS400-tre-quarti.png\",\"width\":2852,\"height\":3536},{\"@type\":\"BreadcrumbList\",\"@id\":\"https:\\\/\\\/www.meliconi.com\\\/de\\\/produkt\\\/tv-halterung-meliconi-flatstyle-fs400\\\/#breadcrumb\",\"itemListElement\":[{\"@type\":\"ListItem\",\"position\":1,\"name\":\"Home\",\"item\":\"https:\\\/\\\/www.meliconi.com\\\/de\\\/\"},{\"@type\":\"ListItem\",\"position\":2,\"name\":\"Shop\",\"item\":\"https:\\\/\\\/www.meliconi.com\\\/de\\\/shop-de\\\/\"},{\"@type\":\"ListItem\",\"position\":3,\"name\":\"FLATSTYLE FS400\"}]},{\"@type\":\"WebSite\",\"@id\":\"https:\\\/\\\/www.meliconi.com\\\/de\\\/#website\",\"url\":\"https:\\\/\\\/www.meliconi.com\\\/de\\\/\",\"name\":\"Meliconi\",\"description\":\"Lo specialista dell&#039;accessorio\",\"publisher\":{\"@id\":\"https:\\\/\\\/www.meliconi.com\\\/de\\\/#organization\"},\"potentialAction\":[{\"@type\":\"SearchAction\",\"target\":{\"@type\":\"EntryPoint\",\"urlTemplate\":\"https:\\\/\\\/www.meliconi.com\\\/de\\\/?s={search_term_string}\"},\"query-input\":{\"@type\":\"PropertyValueSpecification\",\"valueRequired\":true,\"valueName\":\"search_term_string\"}}],\"inLanguage\":\"de\"},{\"@type\":\"Organization\",\"@id\":\"https:\\\/\\\/www.meliconi.com\\\/de\\\/#organization\",\"name\":\"Meliconi\",\"url\":\"https:\\\/\\\/www.meliconi.com\\\/de\\\/\",\"logo\":{\"@type\":\"ImageObject\",\"inLanguage\":\"de\",\"@id\":\"https:\\\/\\\/www.meliconi.com\\\/de\\\/#\\\/schema\\\/logo\\\/image\\\/\",\"url\":\"https:\\\/\\\/www.meliconi.com\\\/wp-content\\\/uploads\\\/2021\\\/06\\\/logo-meliconi.png\",\"contentUrl\":\"https:\\\/\\\/www.meliconi.com\\\/wp-content\\\/uploads\\\/2021\\\/06\\\/logo-meliconi.png\",\"width\":338,\"height\":102,\"caption\":\"Meliconi\"},\"image\":{\"@id\":\"https:\\\/\\\/www.meliconi.com\\\/de\\\/#\\\/schema\\\/logo\\\/image\\\/\"}}]}<\/script>\n<!-- \/ Yoast SEO plugin. -->","yoast_head_json":{"title":"FLATSTYLE FS400 - Meliconi","description":"Meliconi feste TV-Wandhalterung.VESA 200-300-400, von 40 bis 65 Zoll, maximale Tragkraft 50 kg. Fast Block-System: einfach, schnell und sicher zu montieren.","robots":{"index":"index","follow":"follow","max-snippet":"max-snippet:-1","max-image-preview":"max-image-preview:large","max-video-preview":"max-video-preview:-1"},"canonical":"https:\/\/www.meliconi.com\/de\/produkt\/tv-halterung-meliconi-flatstyle-fs400\/","og_locale":"de_DE","og_type":"article","og_title":"FLATSTYLE FS400 - Meliconi","og_description":"Meliconi feste TV-Wandhalterung.VESA 200-300-400, von 40 bis 65 Zoll, maximale Tragkraft 50 kg. Fast Block-System: einfach, schnell und sicher zu montieren.","og_url":"https:\/\/www.meliconi.com\/de\/produkt\/tv-halterung-meliconi-flatstyle-fs400\/","og_site_name":"Meliconi","article_modified_time":"2024-10-08T14:04:55+00:00","og_image":[{"width":826,"height":1024,"url":"https:\/\/www.meliconi.com\/wp-content\/uploads\/2024\/01\/580467_FS400-tre-quarti-826x1024.png","type":"image\/png"}],"twitter_card":"summary_large_image","twitter_misc":{"Gesch\u00e4tzte Lesezeit":"1\u00a0Minute"},"schema":{"@context":"https:\/\/schema.org","@graph":[{"@type":"WebPage","@id":"https:\/\/www.meliconi.com\/de\/produkt\/tv-halterung-meliconi-flatstyle-fs400\/","url":"https:\/\/www.meliconi.com\/de\/produkt\/tv-halterung-meliconi-flatstyle-fs400\/","name":"FLATSTYLE FS400 - Meliconi","isPartOf":{"@id":"https:\/\/www.meliconi.com\/de\/#website"},"primaryImageOfPage":{"@id":"https:\/\/www.meliconi.com\/de\/produkt\/tv-halterung-meliconi-flatstyle-fs400\/#primaryimage"},"image":{"@id":"https:\/\/www.meliconi.com\/de\/produkt\/tv-halterung-meliconi-flatstyle-fs400\/#primaryimage"},"thumbnailUrl":"https:\/\/www.meliconi.com\/wp-content\/uploads\/2024\/01\/580467_FS400-tre-quarti.png","datePublished":"2024-01-23T13:47:27+00:00","dateModified":"2024-10-08T14:04:55+00:00","description":"Meliconi feste TV-Wandhalterung.VESA 200-300-400, von 40 bis 65 Zoll, maximale Tragkraft 50 kg. Fast Block-System: einfach, schnell und sicher zu montieren.","breadcrumb":{"@id":"https:\/\/www.meliconi.com\/de\/produkt\/tv-halterung-meliconi-flatstyle-fs400\/#breadcrumb"},"inLanguage":"de","potentialAction":[{"@type":"ReadAction","target":["https:\/\/www.meliconi.com\/de\/produkt\/tv-halterung-meliconi-flatstyle-fs400\/"]}]},{"@type":"ImageObject","inLanguage":"de","@id":"https:\/\/www.meliconi.com\/de\/produkt\/tv-halterung-meliconi-flatstyle-fs400\/#primaryimage","url":"https:\/\/www.meliconi.com\/wp-content\/uploads\/2024\/01\/580467_FS400-tre-quarti.png","contentUrl":"https:\/\/www.meliconi.com\/wp-content\/uploads\/2024\/01\/580467_FS400-tre-quarti.png","width":2852,"height":3536},{"@type":"BreadcrumbList","@id":"https:\/\/www.meliconi.com\/de\/produkt\/tv-halterung-meliconi-flatstyle-fs400\/#breadcrumb","itemListElement":[{"@type":"ListItem","position":1,"name":"Home","item":"https:\/\/www.meliconi.com\/de\/"},{"@type":"ListItem","position":2,"name":"Shop","item":"https:\/\/www.meliconi.com\/de\/shop-de\/"},{"@type":"ListItem","position":3,"name":"FLATSTYLE FS400"}]},{"@type":"WebSite","@id":"https:\/\/www.meliconi.com\/de\/#website","url":"https:\/\/www.meliconi.com\/de\/","name":"Meliconi","description":"Lo specialista dell&#039;accessorio","publisher":{"@id":"https:\/\/www.meliconi.com\/de\/#organization"},"potentialAction":[{"@type":"SearchAction","target":{"@type":"EntryPoint","urlTemplate":"https:\/\/www.meliconi.com\/de\/?s={search_term_string}"},"query-input":{"@type":"PropertyValueSpecification","valueRequired":true,"valueName":"search_term_string"}}],"inLanguage":"de"},{"@type":"Organization","@id":"https:\/\/www.meliconi.com\/de\/#organization","name":"Meliconi","url":"https:\/\/www.meliconi.com\/de\/","logo":{"@type":"ImageObject","inLanguage":"de","@id":"https:\/\/www.meliconi.com\/de\/#\/schema\/logo\/image\/","url":"https:\/\/www.meliconi.com\/wp-content\/uploads\/2021\/06\/logo-meliconi.png","contentUrl":"https:\/\/www.meliconi.com\/wp-content\/uploads\/2021\/06\/logo-meliconi.png","width":338,"height":102,"caption":"Meliconi"},"image":{"@id":"https:\/\/www.meliconi.com\/de\/#\/schema\/logo\/image\/"}}]}},"_links":{"self":[{"href":"https:\/\/www.meliconi.com\/de\/wp-json\/wp\/v2\/product\/60511","targetHints":{"allow":["GET"]}}],"collection":[{"href":"https:\/\/www.meliconi.com\/de\/wp-json\/wp\/v2\/product"}],"about":[{"href":"https:\/\/www.meliconi.com\/de\/wp-json\/wp\/v2\/types\/product"}],"wp:featuredmedia":[{"embeddable":true,"href":"https:\/\/www.meliconi.com\/de\/wp-json\/wp\/v2\/media\/60512"}],"wp:attachment":[{"href":"https:\/\/www.meliconi.com\/de\/wp-json\/wp\/v2\/media?parent=60511"}],"wp:term":[{"taxonomy":"product_brand","embeddable":true,"href":"https:\/\/www.meliconi.com\/de\/wp-json\/wp\/v2\/product_brand?post=60511"},{"taxonomy":"product_cat","embeddable":true,"href":"https:\/\/www.meliconi.com\/de\/wp-json\/wp\/v2\/product_cat?post=60511"},{"taxonomy":"product_tag","embeddable":true,"href":"https:\/\/www.meliconi.com\/de\/wp-json\/wp\/v2\/product_tag?post=60511"}],"curies":[{"name":"wp","href":"https:\/\/api.w.org\/{rel}","templated":true}]}}