{"id":60495,"date":"2024-01-23T17:24:59","date_gmt":"2024-01-23T16:24:59","guid":{"rendered":"https:\/\/www.meliconi.com\/prodotto\/supporto-tv-meliconi-flatstyle-fdr200\/"},"modified":"2024-10-08T16:07:45","modified_gmt":"2024-10-08T14:07:45","slug":"tv-halterung-meliconi-flatstyle-fdr200","status":"publish","type":"product","link":"https:\/\/www.meliconi.com\/de\/produkt\/tv-halterung-meliconi-flatstyle-fdr200\/","title":{"rendered":"FLATSTYLE FDR200"},"content":{"rendered":"<p>Flatstyle von Meliconi steht f\u00fcr fortschrittliche Technologien zu einem erschwinglichen Preis. Unsere TV-Halterungen, 100% Made in Italy, sind einfach zu installieren und langlebig (5 Jahre Garantie). W\u00e4hlen Sie die italienische Qualit\u00e4t von Meliconi und genie\u00dfen Sie ein kompromissloses TV-Erlebnis.<\/p>\n<p>Flatstyle FDR200 ist eine Halterung, die f\u00fcr alle Fernseher mit VESA-Bohrungen 50-75-100-200 mm, von 26 bis 45 Zoll, geeignet ist. Sie hat eine maximale Tragkraft von 25 kg und einen Wandabstand von mindestens 7 cm bis maximal 39 cm.<\/p>\n","protected":false},"excerpt":{"rendered":"<p>TV-Wandhalterung mit einem Arm.<\/p>\n","protected":false},"featured_media":60500,"template":"","meta":{"_acf_changed":false},"product_brand":[],"product_cat":[1204],"product_tag":[],"class_list":{"0":"post-60495","1":"product","2":"type-product","3":"status-publish","4":"has-post-thumbnail","6":"product_cat-flatstyle-de","7":"pa_movimento-supporto-double-rotation-de","9":"first","10":"instock","11":"taxable","12":"shipping-taxable","13":"purchasable","14":"product-type-simple"},"acf":[],"yoast_head":"<!-- This site is optimized with the Yoast SEO plugin v27.4 - https:\/\/yoast.com\/product\/yoast-seo-wordpress\/ -->\n<title>FLATSTYLE FDR200 - Meliconi<\/title>\n<meta name=\"description\" content=\"Meliconi TV-Wandhalterung. VESA 50-75-100-200, von 26 bis 45 Zoll, maximale Tragkraft 25 kg. Tilt&amp;Turn-System: Neigen und Drehen des Fernsehers ohne M\u00fche.\" \/>\n<meta name=\"robots\" content=\"index, follow, max-snippet:-1, max-image-preview:large, max-video-preview:-1\" \/>\n<link rel=\"canonical\" href=\"https:\/\/www.meliconi.com\/de\/produkt\/tv-halterung-meliconi-flatstyle-fdr200\/\" \/>\n<meta property=\"og:locale\" content=\"de_DE\" \/>\n<meta property=\"og:type\" content=\"article\" \/>\n<meta property=\"og:title\" content=\"FLATSTYLE FDR200 - Meliconi\" \/>\n<meta property=\"og:description\" content=\"Meliconi TV-Wandhalterung. VESA 50-75-100-200, von 26 bis 45 Zoll, maximale Tragkraft 25 kg. Tilt&amp;Turn-System: Neigen und Drehen des Fernsehers ohne M\u00fche.\" \/>\n<meta property=\"og:url\" content=\"https:\/\/www.meliconi.com\/de\/produkt\/tv-halterung-meliconi-flatstyle-fdr200\/\" \/>\n<meta property=\"og:site_name\" content=\"Meliconi\" \/>\n<meta property=\"article:modified_time\" content=\"2024-10-08T14:07:45+00:00\" \/>\n<meta property=\"og:image\" content=\"https:\/\/www.meliconi.com\/wp-content\/uploads\/2024\/01\/580472_FLATSTYLE-FDR-200-2023-1-1024x914.png\" \/>\n\t<meta property=\"og:image:width\" content=\"1024\" \/>\n\t<meta property=\"og:image:height\" content=\"914\" \/>\n\t<meta property=\"og:image:type\" content=\"image\/png\" \/>\n<meta name=\"twitter:card\" content=\"summary_large_image\" \/>\n<meta name=\"twitter:label1\" content=\"Gesch\u00e4tzte Lesezeit\" \/>\n\t<meta name=\"twitter:data1\" content=\"1\u00a0Minute\" \/>\n<script type=\"application\/ld+json\" class=\"yoast-schema-graph\">{\"@context\":\"https:\\\/\\\/schema.org\",\"@graph\":[{\"@type\":\"WebPage\",\"@id\":\"https:\\\/\\\/www.meliconi.com\\\/de\\\/produkt\\\/tv-halterung-meliconi-flatstyle-fdr200\\\/\",\"url\":\"https:\\\/\\\/www.meliconi.com\\\/de\\\/produkt\\\/tv-halterung-meliconi-flatstyle-fdr200\\\/\",\"name\":\"FLATSTYLE FDR200 - Meliconi\",\"isPartOf\":{\"@id\":\"https:\\\/\\\/www.meliconi.com\\\/de\\\/#website\"},\"primaryImageOfPage\":{\"@id\":\"https:\\\/\\\/www.meliconi.com\\\/de\\\/produkt\\\/tv-halterung-meliconi-flatstyle-fdr200\\\/#primaryimage\"},\"image\":{\"@id\":\"https:\\\/\\\/www.meliconi.com\\\/de\\\/produkt\\\/tv-halterung-meliconi-flatstyle-fdr200\\\/#primaryimage\"},\"thumbnailUrl\":\"https:\\\/\\\/www.meliconi.com\\\/wp-content\\\/uploads\\\/2024\\\/01\\\/580472_FLATSTYLE-FDR-200-2023-1.png\",\"datePublished\":\"2024-01-23T16:24:59+00:00\",\"dateModified\":\"2024-10-08T14:07:45+00:00\",\"description\":\"Meliconi TV-Wandhalterung. VESA 50-75-100-200, von 26 bis 45 Zoll, maximale Tragkraft 25 kg. Tilt&Turn-System: Neigen und Drehen des Fernsehers ohne M\u00fche.\",\"breadcrumb\":{\"@id\":\"https:\\\/\\\/www.meliconi.com\\\/de\\\/produkt\\\/tv-halterung-meliconi-flatstyle-fdr200\\\/#breadcrumb\"},\"inLanguage\":\"de\",\"potentialAction\":[{\"@type\":\"ReadAction\",\"target\":[\"https:\\\/\\\/www.meliconi.com\\\/de\\\/produkt\\\/tv-halterung-meliconi-flatstyle-fdr200\\\/\"]}]},{\"@type\":\"ImageObject\",\"inLanguage\":\"de\",\"@id\":\"https:\\\/\\\/www.meliconi.com\\\/de\\\/produkt\\\/tv-halterung-meliconi-flatstyle-fdr200\\\/#primaryimage\",\"url\":\"https:\\\/\\\/www.meliconi.com\\\/wp-content\\\/uploads\\\/2024\\\/01\\\/580472_FLATSTYLE-FDR-200-2023-1.png\",\"contentUrl\":\"https:\\\/\\\/www.meliconi.com\\\/wp-content\\\/uploads\\\/2024\\\/01\\\/580472_FLATSTYLE-FDR-200-2023-1.png\",\"width\":5000,\"height\":4464},{\"@type\":\"BreadcrumbList\",\"@id\":\"https:\\\/\\\/www.meliconi.com\\\/de\\\/produkt\\\/tv-halterung-meliconi-flatstyle-fdr200\\\/#breadcrumb\",\"itemListElement\":[{\"@type\":\"ListItem\",\"position\":1,\"name\":\"Home\",\"item\":\"https:\\\/\\\/www.meliconi.com\\\/de\\\/\"},{\"@type\":\"ListItem\",\"position\":2,\"name\":\"Shop\",\"item\":\"https:\\\/\\\/www.meliconi.com\\\/de\\\/shop-de\\\/\"},{\"@type\":\"ListItem\",\"position\":3,\"name\":\"FLATSTYLE FDR200\"}]},{\"@type\":\"WebSite\",\"@id\":\"https:\\\/\\\/www.meliconi.com\\\/de\\\/#website\",\"url\":\"https:\\\/\\\/www.meliconi.com\\\/de\\\/\",\"name\":\"Meliconi\",\"description\":\"Lo specialista dell&#039;accessorio\",\"publisher\":{\"@id\":\"https:\\\/\\\/www.meliconi.com\\\/de\\\/#organization\"},\"potentialAction\":[{\"@type\":\"SearchAction\",\"target\":{\"@type\":\"EntryPoint\",\"urlTemplate\":\"https:\\\/\\\/www.meliconi.com\\\/de\\\/?s={search_term_string}\"},\"query-input\":{\"@type\":\"PropertyValueSpecification\",\"valueRequired\":true,\"valueName\":\"search_term_string\"}}],\"inLanguage\":\"de\"},{\"@type\":\"Organization\",\"@id\":\"https:\\\/\\\/www.meliconi.com\\\/de\\\/#organization\",\"name\":\"Meliconi\",\"url\":\"https:\\\/\\\/www.meliconi.com\\\/de\\\/\",\"logo\":{\"@type\":\"ImageObject\",\"inLanguage\":\"de\",\"@id\":\"https:\\\/\\\/www.meliconi.com\\\/de\\\/#\\\/schema\\\/logo\\\/image\\\/\",\"url\":\"https:\\\/\\\/www.meliconi.com\\\/wp-content\\\/uploads\\\/2021\\\/06\\\/logo-meliconi.png\",\"contentUrl\":\"https:\\\/\\\/www.meliconi.com\\\/wp-content\\\/uploads\\\/2021\\\/06\\\/logo-meliconi.png\",\"width\":338,\"height\":102,\"caption\":\"Meliconi\"},\"image\":{\"@id\":\"https:\\\/\\\/www.meliconi.com\\\/de\\\/#\\\/schema\\\/logo\\\/image\\\/\"}}]}<\/script>\n<!-- \/ Yoast SEO plugin. -->","yoast_head_json":{"title":"FLATSTYLE FDR200 - Meliconi","description":"Meliconi TV-Wandhalterung. VESA 50-75-100-200, von 26 bis 45 Zoll, maximale Tragkraft 25 kg. Tilt&Turn-System: Neigen und Drehen des Fernsehers ohne M\u00fche.","robots":{"index":"index","follow":"follow","max-snippet":"max-snippet:-1","max-image-preview":"max-image-preview:large","max-video-preview":"max-video-preview:-1"},"canonical":"https:\/\/www.meliconi.com\/de\/produkt\/tv-halterung-meliconi-flatstyle-fdr200\/","og_locale":"de_DE","og_type":"article","og_title":"FLATSTYLE FDR200 - Meliconi","og_description":"Meliconi TV-Wandhalterung. VESA 50-75-100-200, von 26 bis 45 Zoll, maximale Tragkraft 25 kg. Tilt&Turn-System: Neigen und Drehen des Fernsehers ohne M\u00fche.","og_url":"https:\/\/www.meliconi.com\/de\/produkt\/tv-halterung-meliconi-flatstyle-fdr200\/","og_site_name":"Meliconi","article_modified_time":"2024-10-08T14:07:45+00:00","og_image":[{"width":1024,"height":914,"url":"https:\/\/www.meliconi.com\/wp-content\/uploads\/2024\/01\/580472_FLATSTYLE-FDR-200-2023-1-1024x914.png","type":"image\/png"}],"twitter_card":"summary_large_image","twitter_misc":{"Gesch\u00e4tzte Lesezeit":"1\u00a0Minute"},"schema":{"@context":"https:\/\/schema.org","@graph":[{"@type":"WebPage","@id":"https:\/\/www.meliconi.com\/de\/produkt\/tv-halterung-meliconi-flatstyle-fdr200\/","url":"https:\/\/www.meliconi.com\/de\/produkt\/tv-halterung-meliconi-flatstyle-fdr200\/","name":"FLATSTYLE FDR200 - Meliconi","isPartOf":{"@id":"https:\/\/www.meliconi.com\/de\/#website"},"primaryImageOfPage":{"@id":"https:\/\/www.meliconi.com\/de\/produkt\/tv-halterung-meliconi-flatstyle-fdr200\/#primaryimage"},"image":{"@id":"https:\/\/www.meliconi.com\/de\/produkt\/tv-halterung-meliconi-flatstyle-fdr200\/#primaryimage"},"thumbnailUrl":"https:\/\/www.meliconi.com\/wp-content\/uploads\/2024\/01\/580472_FLATSTYLE-FDR-200-2023-1.png","datePublished":"2024-01-23T16:24:59+00:00","dateModified":"2024-10-08T14:07:45+00:00","description":"Meliconi TV-Wandhalterung. VESA 50-75-100-200, von 26 bis 45 Zoll, maximale Tragkraft 25 kg. Tilt&Turn-System: Neigen und Drehen des Fernsehers ohne M\u00fche.","breadcrumb":{"@id":"https:\/\/www.meliconi.com\/de\/produkt\/tv-halterung-meliconi-flatstyle-fdr200\/#breadcrumb"},"inLanguage":"de","potentialAction":[{"@type":"ReadAction","target":["https:\/\/www.meliconi.com\/de\/produkt\/tv-halterung-meliconi-flatstyle-fdr200\/"]}]},{"@type":"ImageObject","inLanguage":"de","@id":"https:\/\/www.meliconi.com\/de\/produkt\/tv-halterung-meliconi-flatstyle-fdr200\/#primaryimage","url":"https:\/\/www.meliconi.com\/wp-content\/uploads\/2024\/01\/580472_FLATSTYLE-FDR-200-2023-1.png","contentUrl":"https:\/\/www.meliconi.com\/wp-content\/uploads\/2024\/01\/580472_FLATSTYLE-FDR-200-2023-1.png","width":5000,"height":4464},{"@type":"BreadcrumbList","@id":"https:\/\/www.meliconi.com\/de\/produkt\/tv-halterung-meliconi-flatstyle-fdr200\/#breadcrumb","itemListElement":[{"@type":"ListItem","position":1,"name":"Home","item":"https:\/\/www.meliconi.com\/de\/"},{"@type":"ListItem","position":2,"name":"Shop","item":"https:\/\/www.meliconi.com\/de\/shop-de\/"},{"@type":"ListItem","position":3,"name":"FLATSTYLE FDR200"}]},{"@type":"WebSite","@id":"https:\/\/www.meliconi.com\/de\/#website","url":"https:\/\/www.meliconi.com\/de\/","name":"Meliconi","description":"Lo specialista dell&#039;accessorio","publisher":{"@id":"https:\/\/www.meliconi.com\/de\/#organization"},"potentialAction":[{"@type":"SearchAction","target":{"@type":"EntryPoint","urlTemplate":"https:\/\/www.meliconi.com\/de\/?s={search_term_string}"},"query-input":{"@type":"PropertyValueSpecification","valueRequired":true,"valueName":"search_term_string"}}],"inLanguage":"de"},{"@type":"Organization","@id":"https:\/\/www.meliconi.com\/de\/#organization","name":"Meliconi","url":"https:\/\/www.meliconi.com\/de\/","logo":{"@type":"ImageObject","inLanguage":"de","@id":"https:\/\/www.meliconi.com\/de\/#\/schema\/logo\/image\/","url":"https:\/\/www.meliconi.com\/wp-content\/uploads\/2021\/06\/logo-meliconi.png","contentUrl":"https:\/\/www.meliconi.com\/wp-content\/uploads\/2021\/06\/logo-meliconi.png","width":338,"height":102,"caption":"Meliconi"},"image":{"@id":"https:\/\/www.meliconi.com\/de\/#\/schema\/logo\/image\/"}}]}},"_links":{"self":[{"href":"https:\/\/www.meliconi.com\/de\/wp-json\/wp\/v2\/product\/60495","targetHints":{"allow":["GET"]}}],"collection":[{"href":"https:\/\/www.meliconi.com\/de\/wp-json\/wp\/v2\/product"}],"about":[{"href":"https:\/\/www.meliconi.com\/de\/wp-json\/wp\/v2\/types\/product"}],"wp:featuredmedia":[{"embeddable":true,"href":"https:\/\/www.meliconi.com\/de\/wp-json\/wp\/v2\/media\/60500"}],"wp:attachment":[{"href":"https:\/\/www.meliconi.com\/de\/wp-json\/wp\/v2\/media?parent=60495"}],"wp:term":[{"taxonomy":"product_brand","embeddable":true,"href":"https:\/\/www.meliconi.com\/de\/wp-json\/wp\/v2\/product_brand?post=60495"},{"taxonomy":"product_cat","embeddable":true,"href":"https:\/\/www.meliconi.com\/de\/wp-json\/wp\/v2\/product_cat?post=60495"},{"taxonomy":"product_tag","embeddable":true,"href":"https:\/\/www.meliconi.com\/de\/wp-json\/wp\/v2\/product_tag?post=60495"}],"curies":[{"name":"wp","href":"https:\/\/api.w.org\/{rel}","templated":true}]}}