{"id":60484,"date":"2024-01-18T16:08:13","date_gmt":"2024-01-18T16:08:13","guid":{"rendered":"https:\/\/www.meliconi.com\/prodotto\/supporto-tv-slimstyle-plus-200-sdr-supporto-tv-parete-a-doppia-rotazione\/"},"modified":"2024-10-08T14:50:06","modified_gmt":"2024-10-08T12:50:06","slug":"tv-wandhalterung-slimstyle-plus-200-sdr-tv-wandhalterung-mit-doppelrotation","status":"publish","type":"product","link":"https:\/\/www.meliconi.com\/de\/produkt\/tv-wandhalterung-slimstyle-plus-200-sdr-tv-wandhalterung-mit-doppelrotation\/","title":{"rendered":"SLIMSTYLE PLUS 200 SDR"},"content":{"rendered":"<p>SLIMSTYLE PLUS ist die neue ultraschlanke Wandhalterungsserie f\u00fcr Fernseher von Meliconi S.p.A., die eine perfekte Kombination aus fortschrittlicher Technologie, modernsten Materialien und attraktivem Design bietet. Ein zus\u00e4tzlicher Gummischutz an allen Halterungen sch\u00fctzt Ihren Fernseher langfristig, ohne dabei auf eine minimale Tiefe (bis zu nur 6 cm von der Wand) und absolute Sicherheit zu verzichten. Alle SLIMSTYLE PLUS-Halterungen sind 100% Made in Italy, TUV-zertifiziert und haben eine Garantie von 10 Jahren.<\/p>\n<p>Der 200 SDR ist eine schwenkbare TV-Wandhalterung mit zwei Gelenken (Wandhalterung mit doppelter Drehung) f\u00fcr Fernseher mit VESA-Bohrungen 50-75-100-200 mm und eignet sich f\u00fcr mittelgro\u00dfe Fernseher (14&#8243;-45&#8243;). Die EASY TILT-Funktion erm\u00f6glicht eine freie Ver\u00e4nderung der vertikalen Neigung des Fernsehers ohne den Einsatz eines Schraubendrehers.<\/p>\n<p>Das neue FAST BLOCK-Verriegelungssystem macht die Montage einfach, sicher und schnell. Installieren Sie den Fernseher in wenigen Schritten: Schrauben Sie die Halterungen an die R\u00fcckseite des Fernsehers, h\u00e4ngen Sie ihn an die Wandplatte, und beim &#8222;Klicken&#8220; sitzt der Fernseher richtig! Fast Block erm\u00f6glicht die Installation sogar von einer einzelnen Person.<\/p>\n<p>Diese TV-Halterungen sind ideal f\u00fcr alle, die nach einer neigbaren und schwenkbaren TV-Halterung, einer Wandhalterung mit doppelter Drehung oder einem TV-Arm suchen, der Flexibilit\u00e4t und Sicherheit bietet. Die SLIMSTYLE PLUS-Serie und das Modell 200 SDR bieten innovative L\u00f6sungen f\u00fcr die Wandmontage Ihres Fernsehers und kombinieren Design und fortschrittliche Funktionalit\u00e4t f\u00fcr ein optimales Seherlebnis.<\/p>\n","protected":false},"excerpt":{"rendered":"<p>TV-Wandhalterung mit Doppelrotation<\/p>\n","protected":false},"featured_media":60486,"template":"","meta":{"_acf_changed":false},"product_brand":[],"product_cat":[567],"product_tag":[1122,1289,1124,1125,1126,1127,1290,1291,1132,1133,1139,1145,1147,1150,1153,1155,1156,1292,1293,1157,1160],"class_list":{"0":"post-60484","1":"product","2":"type-product","3":"status-publish","4":"has-post-thumbnail","6":"product_cat-slimstyle-plus-de","7":"product_tag-braccio-tv-de","8":"product_tag-braccio-tv-45-pollici-de","9":"product_tag-porta-tv-de","10":"product_tag-porta-tv-da-parete-de","11":"product_tag-sostegno-tv-de","12":"product_tag-staffa-tv-de","13":"product_tag-staffa-tv-15-pollici-de","14":"product_tag-staffa-tv-45-pollici-de","15":"product_tag-staffa-tv-doppia-rotazione-de","16":"product_tag-staffe-per-tv-de","17":"product_tag-supporto-tv-de","18":"product_tag-supporto-tv-con-braccio-estensibile-de","19":"product_tag-supporto-tv-doppio-braccio-de","20":"product_tag-supporto-tv-inclinabile-e-girevole-de","21":"product_tag-supporto-tv-meliconi-doppia-rotazione-de","22":"product_tag-supporto-tv-muro-doppia-rotazione-de","23":"product_tag-supporto-tv-parete-de","24":"product_tag-supporto-tv-parete-15-pollici-de","25":"product_tag-supporto-tv-parete-a-doppia-rotazione-de","26":"product_tag-supporto-tv-regolabile-de","27":"product_tag-supporto-tv-universale-doppia-rotazione-de","28":"pa_movimento-supporto-double-rotation-de","30":"first","31":"instock","32":"taxable","33":"shipping-taxable","34":"purchasable","35":"product-type-simple"},"acf":[],"yoast_head":"<!-- This site is optimized with the Yoast SEO plugin v27.4 - https:\/\/yoast.com\/product\/yoast-seo-wordpress\/ -->\n<title>SLIMSTYLE PLUS 200 SDR - Meliconi TV-Wandhalterung mit Doppelrotation<\/title>\n<meta name=\"description\" content=\"Schlanke TV-Wandhalterung mit doppelter Drehung von 26 bis 45 Zoll, einfach zu montieren und sicher. VESA 50-75-100-200, maximale Tragkraft 25 kg.\" \/>\n<meta name=\"robots\" content=\"index, follow, max-snippet:-1, max-image-preview:large, max-video-preview:-1\" \/>\n<link rel=\"canonical\" href=\"https:\/\/www.meliconi.com\/de\/produkt\/tv-wandhalterung-slimstyle-plus-200-sdr-tv-wandhalterung-mit-doppelrotation\/\" \/>\n<meta property=\"og:locale\" content=\"de_DE\" \/>\n<meta property=\"og:type\" content=\"article\" \/>\n<meta property=\"og:title\" content=\"SLIMSTYLE PLUS 200 SDR - Meliconi TV-Wandhalterung mit Doppelrotation\" \/>\n<meta property=\"og:description\" content=\"Schlanke TV-Wandhalterung mit doppelter Drehung von 26 bis 45 Zoll, einfach zu montieren und sicher. VESA 50-75-100-200, maximale Tragkraft 25 kg.\" \/>\n<meta property=\"og:url\" content=\"https:\/\/www.meliconi.com\/de\/produkt\/tv-wandhalterung-slimstyle-plus-200-sdr-tv-wandhalterung-mit-doppelrotation\/\" \/>\n<meta property=\"og:site_name\" content=\"Meliconi\" \/>\n<meta property=\"article:modified_time\" content=\"2024-10-08T12:50:06+00:00\" \/>\n<meta property=\"og:image\" content=\"https:\/\/www.meliconi.com\/wp-content\/uploads\/2024\/01\/480989_200-SDR-viste-aggiuntive-10-1-1024x724.png\" \/>\n\t<meta property=\"og:image:width\" content=\"1024\" \/>\n\t<meta property=\"og:image:height\" content=\"724\" \/>\n\t<meta property=\"og:image:type\" content=\"image\/png\" \/>\n<meta name=\"twitter:card\" content=\"summary_large_image\" \/>\n<meta name=\"twitter:label1\" content=\"Gesch\u00e4tzte Lesezeit\" \/>\n\t<meta name=\"twitter:data1\" content=\"2\u00a0Minuten\" \/>\n<script type=\"application\/ld+json\" class=\"yoast-schema-graph\">{\"@context\":\"https:\\\/\\\/schema.org\",\"@graph\":[{\"@type\":\"WebPage\",\"@id\":\"https:\\\/\\\/www.meliconi.com\\\/de\\\/produkt\\\/tv-wandhalterung-slimstyle-plus-200-sdr-tv-wandhalterung-mit-doppelrotation\\\/\",\"url\":\"https:\\\/\\\/www.meliconi.com\\\/de\\\/produkt\\\/tv-wandhalterung-slimstyle-plus-200-sdr-tv-wandhalterung-mit-doppelrotation\\\/\",\"name\":\"SLIMSTYLE PLUS 200 SDR - Meliconi TV-Wandhalterung mit Doppelrotation\",\"isPartOf\":{\"@id\":\"https:\\\/\\\/www.meliconi.com\\\/de\\\/#website\"},\"primaryImageOfPage\":{\"@id\":\"https:\\\/\\\/www.meliconi.com\\\/de\\\/produkt\\\/tv-wandhalterung-slimstyle-plus-200-sdr-tv-wandhalterung-mit-doppelrotation\\\/#primaryimage\"},\"image\":{\"@id\":\"https:\\\/\\\/www.meliconi.com\\\/de\\\/produkt\\\/tv-wandhalterung-slimstyle-plus-200-sdr-tv-wandhalterung-mit-doppelrotation\\\/#primaryimage\"},\"thumbnailUrl\":\"https:\\\/\\\/www.meliconi.com\\\/wp-content\\\/uploads\\\/2024\\\/01\\\/480989_200-SDR-viste-aggiuntive-10-1.png\",\"datePublished\":\"2024-01-18T16:08:13+00:00\",\"dateModified\":\"2024-10-08T12:50:06+00:00\",\"description\":\"Schlanke TV-Wandhalterung mit doppelter Drehung von 26 bis 45 Zoll, einfach zu montieren und sicher. VESA 50-75-100-200, maximale Tragkraft 25 kg.\",\"breadcrumb\":{\"@id\":\"https:\\\/\\\/www.meliconi.com\\\/de\\\/produkt\\\/tv-wandhalterung-slimstyle-plus-200-sdr-tv-wandhalterung-mit-doppelrotation\\\/#breadcrumb\"},\"inLanguage\":\"de\",\"potentialAction\":[{\"@type\":\"ReadAction\",\"target\":[\"https:\\\/\\\/www.meliconi.com\\\/de\\\/produkt\\\/tv-wandhalterung-slimstyle-plus-200-sdr-tv-wandhalterung-mit-doppelrotation\\\/\"]}]},{\"@type\":\"ImageObject\",\"inLanguage\":\"de\",\"@id\":\"https:\\\/\\\/www.meliconi.com\\\/de\\\/produkt\\\/tv-wandhalterung-slimstyle-plus-200-sdr-tv-wandhalterung-mit-doppelrotation\\\/#primaryimage\",\"url\":\"https:\\\/\\\/www.meliconi.com\\\/wp-content\\\/uploads\\\/2024\\\/01\\\/480989_200-SDR-viste-aggiuntive-10-1.png\",\"contentUrl\":\"https:\\\/\\\/www.meliconi.com\\\/wp-content\\\/uploads\\\/2024\\\/01\\\/480989_200-SDR-viste-aggiuntive-10-1.png\",\"width\":5000,\"height\":3533},{\"@type\":\"BreadcrumbList\",\"@id\":\"https:\\\/\\\/www.meliconi.com\\\/de\\\/produkt\\\/tv-wandhalterung-slimstyle-plus-200-sdr-tv-wandhalterung-mit-doppelrotation\\\/#breadcrumb\",\"itemListElement\":[{\"@type\":\"ListItem\",\"position\":1,\"name\":\"Home\",\"item\":\"https:\\\/\\\/www.meliconi.com\\\/de\\\/\"},{\"@type\":\"ListItem\",\"position\":2,\"name\":\"Shop\",\"item\":\"https:\\\/\\\/www.meliconi.com\\\/de\\\/shop-de\\\/\"},{\"@type\":\"ListItem\",\"position\":3,\"name\":\"SLIMSTYLE PLUS 200 SDR\"}]},{\"@type\":\"WebSite\",\"@id\":\"https:\\\/\\\/www.meliconi.com\\\/de\\\/#website\",\"url\":\"https:\\\/\\\/www.meliconi.com\\\/de\\\/\",\"name\":\"Meliconi\",\"description\":\"Lo specialista dell&#039;accessorio\",\"publisher\":{\"@id\":\"https:\\\/\\\/www.meliconi.com\\\/de\\\/#organization\"},\"potentialAction\":[{\"@type\":\"SearchAction\",\"target\":{\"@type\":\"EntryPoint\",\"urlTemplate\":\"https:\\\/\\\/www.meliconi.com\\\/de\\\/?s={search_term_string}\"},\"query-input\":{\"@type\":\"PropertyValueSpecification\",\"valueRequired\":true,\"valueName\":\"search_term_string\"}}],\"inLanguage\":\"de\"},{\"@type\":\"Organization\",\"@id\":\"https:\\\/\\\/www.meliconi.com\\\/de\\\/#organization\",\"name\":\"Meliconi\",\"url\":\"https:\\\/\\\/www.meliconi.com\\\/de\\\/\",\"logo\":{\"@type\":\"ImageObject\",\"inLanguage\":\"de\",\"@id\":\"https:\\\/\\\/www.meliconi.com\\\/de\\\/#\\\/schema\\\/logo\\\/image\\\/\",\"url\":\"https:\\\/\\\/www.meliconi.com\\\/wp-content\\\/uploads\\\/2021\\\/06\\\/logo-meliconi.png\",\"contentUrl\":\"https:\\\/\\\/www.meliconi.com\\\/wp-content\\\/uploads\\\/2021\\\/06\\\/logo-meliconi.png\",\"width\":338,\"height\":102,\"caption\":\"Meliconi\"},\"image\":{\"@id\":\"https:\\\/\\\/www.meliconi.com\\\/de\\\/#\\\/schema\\\/logo\\\/image\\\/\"}}]}<\/script>\n<!-- \/ Yoast SEO plugin. -->","yoast_head_json":{"title":"SLIMSTYLE PLUS 200 SDR - Meliconi TV-Wandhalterung mit Doppelrotation","description":"Schlanke TV-Wandhalterung mit doppelter Drehung von 26 bis 45 Zoll, einfach zu montieren und sicher. VESA 50-75-100-200, maximale Tragkraft 25 kg.","robots":{"index":"index","follow":"follow","max-snippet":"max-snippet:-1","max-image-preview":"max-image-preview:large","max-video-preview":"max-video-preview:-1"},"canonical":"https:\/\/www.meliconi.com\/de\/produkt\/tv-wandhalterung-slimstyle-plus-200-sdr-tv-wandhalterung-mit-doppelrotation\/","og_locale":"de_DE","og_type":"article","og_title":"SLIMSTYLE PLUS 200 SDR - Meliconi TV-Wandhalterung mit Doppelrotation","og_description":"Schlanke TV-Wandhalterung mit doppelter Drehung von 26 bis 45 Zoll, einfach zu montieren und sicher. VESA 50-75-100-200, maximale Tragkraft 25 kg.","og_url":"https:\/\/www.meliconi.com\/de\/produkt\/tv-wandhalterung-slimstyle-plus-200-sdr-tv-wandhalterung-mit-doppelrotation\/","og_site_name":"Meliconi","article_modified_time":"2024-10-08T12:50:06+00:00","og_image":[{"width":1024,"height":724,"url":"https:\/\/www.meliconi.com\/wp-content\/uploads\/2024\/01\/480989_200-SDR-viste-aggiuntive-10-1-1024x724.png","type":"image\/png"}],"twitter_card":"summary_large_image","twitter_misc":{"Gesch\u00e4tzte Lesezeit":"2\u00a0Minuten"},"schema":{"@context":"https:\/\/schema.org","@graph":[{"@type":"WebPage","@id":"https:\/\/www.meliconi.com\/de\/produkt\/tv-wandhalterung-slimstyle-plus-200-sdr-tv-wandhalterung-mit-doppelrotation\/","url":"https:\/\/www.meliconi.com\/de\/produkt\/tv-wandhalterung-slimstyle-plus-200-sdr-tv-wandhalterung-mit-doppelrotation\/","name":"SLIMSTYLE PLUS 200 SDR - Meliconi TV-Wandhalterung mit Doppelrotation","isPartOf":{"@id":"https:\/\/www.meliconi.com\/de\/#website"},"primaryImageOfPage":{"@id":"https:\/\/www.meliconi.com\/de\/produkt\/tv-wandhalterung-slimstyle-plus-200-sdr-tv-wandhalterung-mit-doppelrotation\/#primaryimage"},"image":{"@id":"https:\/\/www.meliconi.com\/de\/produkt\/tv-wandhalterung-slimstyle-plus-200-sdr-tv-wandhalterung-mit-doppelrotation\/#primaryimage"},"thumbnailUrl":"https:\/\/www.meliconi.com\/wp-content\/uploads\/2024\/01\/480989_200-SDR-viste-aggiuntive-10-1.png","datePublished":"2024-01-18T16:08:13+00:00","dateModified":"2024-10-08T12:50:06+00:00","description":"Schlanke TV-Wandhalterung mit doppelter Drehung von 26 bis 45 Zoll, einfach zu montieren und sicher. VESA 50-75-100-200, maximale Tragkraft 25 kg.","breadcrumb":{"@id":"https:\/\/www.meliconi.com\/de\/produkt\/tv-wandhalterung-slimstyle-plus-200-sdr-tv-wandhalterung-mit-doppelrotation\/#breadcrumb"},"inLanguage":"de","potentialAction":[{"@type":"ReadAction","target":["https:\/\/www.meliconi.com\/de\/produkt\/tv-wandhalterung-slimstyle-plus-200-sdr-tv-wandhalterung-mit-doppelrotation\/"]}]},{"@type":"ImageObject","inLanguage":"de","@id":"https:\/\/www.meliconi.com\/de\/produkt\/tv-wandhalterung-slimstyle-plus-200-sdr-tv-wandhalterung-mit-doppelrotation\/#primaryimage","url":"https:\/\/www.meliconi.com\/wp-content\/uploads\/2024\/01\/480989_200-SDR-viste-aggiuntive-10-1.png","contentUrl":"https:\/\/www.meliconi.com\/wp-content\/uploads\/2024\/01\/480989_200-SDR-viste-aggiuntive-10-1.png","width":5000,"height":3533},{"@type":"BreadcrumbList","@id":"https:\/\/www.meliconi.com\/de\/produkt\/tv-wandhalterung-slimstyle-plus-200-sdr-tv-wandhalterung-mit-doppelrotation\/#breadcrumb","itemListElement":[{"@type":"ListItem","position":1,"name":"Home","item":"https:\/\/www.meliconi.com\/de\/"},{"@type":"ListItem","position":2,"name":"Shop","item":"https:\/\/www.meliconi.com\/de\/shop-de\/"},{"@type":"ListItem","position":3,"name":"SLIMSTYLE PLUS 200 SDR"}]},{"@type":"WebSite","@id":"https:\/\/www.meliconi.com\/de\/#website","url":"https:\/\/www.meliconi.com\/de\/","name":"Meliconi","description":"Lo specialista dell&#039;accessorio","publisher":{"@id":"https:\/\/www.meliconi.com\/de\/#organization"},"potentialAction":[{"@type":"SearchAction","target":{"@type":"EntryPoint","urlTemplate":"https:\/\/www.meliconi.com\/de\/?s={search_term_string}"},"query-input":{"@type":"PropertyValueSpecification","valueRequired":true,"valueName":"search_term_string"}}],"inLanguage":"de"},{"@type":"Organization","@id":"https:\/\/www.meliconi.com\/de\/#organization","name":"Meliconi","url":"https:\/\/www.meliconi.com\/de\/","logo":{"@type":"ImageObject","inLanguage":"de","@id":"https:\/\/www.meliconi.com\/de\/#\/schema\/logo\/image\/","url":"https:\/\/www.meliconi.com\/wp-content\/uploads\/2021\/06\/logo-meliconi.png","contentUrl":"https:\/\/www.meliconi.com\/wp-content\/uploads\/2021\/06\/logo-meliconi.png","width":338,"height":102,"caption":"Meliconi"},"image":{"@id":"https:\/\/www.meliconi.com\/de\/#\/schema\/logo\/image\/"}}]}},"_links":{"self":[{"href":"https:\/\/www.meliconi.com\/de\/wp-json\/wp\/v2\/product\/60484","targetHints":{"allow":["GET"]}}],"collection":[{"href":"https:\/\/www.meliconi.com\/de\/wp-json\/wp\/v2\/product"}],"about":[{"href":"https:\/\/www.meliconi.com\/de\/wp-json\/wp\/v2\/types\/product"}],"wp:featuredmedia":[{"embeddable":true,"href":"https:\/\/www.meliconi.com\/de\/wp-json\/wp\/v2\/media\/60486"}],"wp:attachment":[{"href":"https:\/\/www.meliconi.com\/de\/wp-json\/wp\/v2\/media?parent=60484"}],"wp:term":[{"taxonomy":"product_brand","embeddable":true,"href":"https:\/\/www.meliconi.com\/de\/wp-json\/wp\/v2\/product_brand?post=60484"},{"taxonomy":"product_cat","embeddable":true,"href":"https:\/\/www.meliconi.com\/de\/wp-json\/wp\/v2\/product_cat?post=60484"},{"taxonomy":"product_tag","embeddable":true,"href":"https:\/\/www.meliconi.com\/de\/wp-json\/wp\/v2\/product_tag?post=60484"}],"curies":[{"name":"wp","href":"https:\/\/api.w.org\/{rel}","templated":true}]}}