{"id":60471,"date":"2024-01-23T15:36:53","date_gmt":"2024-01-23T14:36:53","guid":{"rendered":"https:\/\/www.meliconi.com\/prodotto\/supporto-tv-meliconi-flatstyle-ftr100\/"},"modified":"2024-10-08T16:06:17","modified_gmt":"2024-10-08T14:06:17","slug":"tv-halterung-meliconi-flatstyle-ftr100","status":"publish","type":"product","link":"https:\/\/www.meliconi.com\/de\/produkt\/tv-halterung-meliconi-flatstyle-ftr100\/","title":{"rendered":"FLATSTYLE FTR100"},"content":{"rendered":"<p>Flatstyle von Meliconi steht f\u00fcr fortschrittliche Technologien zu einem erschwinglichen Preis. Unsere TV-Halterungen, 100% Made in Italy, sind einfach zu installieren und langlebig (5 Jahre Garantie). W\u00e4hlen Sie die italienische Qualit\u00e4t von Meliconi und genie\u00dfen Sie ein kompromissloses TV-Erlebnis. Dank des innovativen TILT&amp;TURN-Systems von Meliconi k\u00f6nnen Sie Ihren Fernseher, auch in gro\u00dfen Gr\u00f6\u00dfen, sicher und m\u00fchelos ohne Werkzeuge neigen und drehen.<\/p>\n<p>Flatstyle FTR100 ist eine Halterung, die f\u00fcr alle Fernseher mit VESA-Bohrungen 50-75-100 mm, von 14 bis 25 Zoll, geeignet ist. Sie hat eine maximale Tragkraft von 20 kg und einen Abstand zur Wand von maximal 8,5 cm.<\/p>\n","protected":false},"excerpt":{"rendered":"<p>TV-Wandhalterung mit einem Arm<\/p>\n","protected":false},"featured_media":60472,"template":"","meta":{"_acf_changed":false},"product_brand":[],"product_cat":[1204],"product_tag":[],"class_list":{"0":"post-60471","1":"product","2":"type-product","3":"status-publish","4":"has-post-thumbnail","6":"product_cat-flatstyle-de","7":"pa_movimento-supporto-tilted-de","9":"first","10":"instock","11":"taxable","12":"shipping-taxable","13":"purchasable","14":"product-type-simple"},"acf":[],"yoast_head":"<!-- This site is optimized with the Yoast SEO plugin v27.4 - https:\/\/yoast.com\/product\/yoast-seo-wordpress\/ -->\n<title>FLATSTYLE FTR100 - Meliconi<\/title>\n<meta name=\"description\" content=\"Meliconi TV-Wandhalterung. F\u00fcr VESA 50-75-100, von 14 bis 25 Zoll, maximale Tragkraft 20 kg. Tilt&amp;Turn-System: Neigen und Drehen des Fernsehers ohne M\u00fche.\" \/>\n<meta name=\"robots\" content=\"index, follow, max-snippet:-1, max-image-preview:large, max-video-preview:-1\" \/>\n<link rel=\"canonical\" href=\"https:\/\/www.meliconi.com\/de\/produkt\/tv-halterung-meliconi-flatstyle-ftr100\/\" \/>\n<meta property=\"og:locale\" content=\"de_DE\" \/>\n<meta property=\"og:type\" content=\"article\" \/>\n<meta property=\"og:title\" content=\"FLATSTYLE FTR100 - Meliconi\" \/>\n<meta property=\"og:description\" content=\"Meliconi TV-Wandhalterung. F\u00fcr VESA 50-75-100, von 14 bis 25 Zoll, maximale Tragkraft 20 kg. Tilt&amp;Turn-System: Neigen und Drehen des Fernsehers ohne M\u00fche.\" \/>\n<meta property=\"og:url\" content=\"https:\/\/www.meliconi.com\/de\/produkt\/tv-halterung-meliconi-flatstyle-ftr100\/\" \/>\n<meta property=\"og:site_name\" content=\"Meliconi\" \/>\n<meta property=\"article:modified_time\" content=\"2024-10-08T14:06:17+00:00\" \/>\n<meta property=\"og:image\" content=\"https:\/\/www.meliconi.com\/wp-content\/uploads\/2024\/01\/580454_FTR100-1024x916.png\" \/>\n\t<meta property=\"og:image:width\" content=\"1024\" \/>\n\t<meta property=\"og:image:height\" content=\"916\" \/>\n\t<meta property=\"og:image:type\" content=\"image\/png\" \/>\n<meta name=\"twitter:card\" content=\"summary_large_image\" \/>\n<meta name=\"twitter:label1\" content=\"Gesch\u00e4tzte Lesezeit\" \/>\n\t<meta name=\"twitter:data1\" content=\"1\u00a0Minute\" \/>\n<script type=\"application\/ld+json\" class=\"yoast-schema-graph\">{\"@context\":\"https:\\\/\\\/schema.org\",\"@graph\":[{\"@type\":\"WebPage\",\"@id\":\"https:\\\/\\\/www.meliconi.com\\\/de\\\/produkt\\\/tv-halterung-meliconi-flatstyle-ftr100\\\/\",\"url\":\"https:\\\/\\\/www.meliconi.com\\\/de\\\/produkt\\\/tv-halterung-meliconi-flatstyle-ftr100\\\/\",\"name\":\"FLATSTYLE FTR100 - Meliconi\",\"isPartOf\":{\"@id\":\"https:\\\/\\\/www.meliconi.com\\\/de\\\/#website\"},\"primaryImageOfPage\":{\"@id\":\"https:\\\/\\\/www.meliconi.com\\\/de\\\/produkt\\\/tv-halterung-meliconi-flatstyle-ftr100\\\/#primaryimage\"},\"image\":{\"@id\":\"https:\\\/\\\/www.meliconi.com\\\/de\\\/produkt\\\/tv-halterung-meliconi-flatstyle-ftr100\\\/#primaryimage\"},\"thumbnailUrl\":\"https:\\\/\\\/www.meliconi.com\\\/wp-content\\\/uploads\\\/2024\\\/01\\\/580454_FTR100.png\",\"datePublished\":\"2024-01-23T14:36:53+00:00\",\"dateModified\":\"2024-10-08T14:06:17+00:00\",\"description\":\"Meliconi TV-Wandhalterung. F\u00fcr VESA 50-75-100, von 14 bis 25 Zoll, maximale Tragkraft 20 kg. Tilt&Turn-System: Neigen und Drehen des Fernsehers ohne M\u00fche.\",\"breadcrumb\":{\"@id\":\"https:\\\/\\\/www.meliconi.com\\\/de\\\/produkt\\\/tv-halterung-meliconi-flatstyle-ftr100\\\/#breadcrumb\"},\"inLanguage\":\"de\",\"potentialAction\":[{\"@type\":\"ReadAction\",\"target\":[\"https:\\\/\\\/www.meliconi.com\\\/de\\\/produkt\\\/tv-halterung-meliconi-flatstyle-ftr100\\\/\"]}]},{\"@type\":\"ImageObject\",\"inLanguage\":\"de\",\"@id\":\"https:\\\/\\\/www.meliconi.com\\\/de\\\/produkt\\\/tv-halterung-meliconi-flatstyle-ftr100\\\/#primaryimage\",\"url\":\"https:\\\/\\\/www.meliconi.com\\\/wp-content\\\/uploads\\\/2024\\\/01\\\/580454_FTR100.png\",\"contentUrl\":\"https:\\\/\\\/www.meliconi.com\\\/wp-content\\\/uploads\\\/2024\\\/01\\\/580454_FTR100.png\",\"width\":2693,\"height\":2408},{\"@type\":\"BreadcrumbList\",\"@id\":\"https:\\\/\\\/www.meliconi.com\\\/de\\\/produkt\\\/tv-halterung-meliconi-flatstyle-ftr100\\\/#breadcrumb\",\"itemListElement\":[{\"@type\":\"ListItem\",\"position\":1,\"name\":\"Home\",\"item\":\"https:\\\/\\\/www.meliconi.com\\\/de\\\/\"},{\"@type\":\"ListItem\",\"position\":2,\"name\":\"Shop\",\"item\":\"https:\\\/\\\/www.meliconi.com\\\/de\\\/shop-de\\\/\"},{\"@type\":\"ListItem\",\"position\":3,\"name\":\"FLATSTYLE FTR100\"}]},{\"@type\":\"WebSite\",\"@id\":\"https:\\\/\\\/www.meliconi.com\\\/de\\\/#website\",\"url\":\"https:\\\/\\\/www.meliconi.com\\\/de\\\/\",\"name\":\"Meliconi\",\"description\":\"Lo specialista dell&#039;accessorio\",\"publisher\":{\"@id\":\"https:\\\/\\\/www.meliconi.com\\\/de\\\/#organization\"},\"potentialAction\":[{\"@type\":\"SearchAction\",\"target\":{\"@type\":\"EntryPoint\",\"urlTemplate\":\"https:\\\/\\\/www.meliconi.com\\\/de\\\/?s={search_term_string}\"},\"query-input\":{\"@type\":\"PropertyValueSpecification\",\"valueRequired\":true,\"valueName\":\"search_term_string\"}}],\"inLanguage\":\"de\"},{\"@type\":\"Organization\",\"@id\":\"https:\\\/\\\/www.meliconi.com\\\/de\\\/#organization\",\"name\":\"Meliconi\",\"url\":\"https:\\\/\\\/www.meliconi.com\\\/de\\\/\",\"logo\":{\"@type\":\"ImageObject\",\"inLanguage\":\"de\",\"@id\":\"https:\\\/\\\/www.meliconi.com\\\/de\\\/#\\\/schema\\\/logo\\\/image\\\/\",\"url\":\"https:\\\/\\\/www.meliconi.com\\\/wp-content\\\/uploads\\\/2021\\\/06\\\/logo-meliconi.png\",\"contentUrl\":\"https:\\\/\\\/www.meliconi.com\\\/wp-content\\\/uploads\\\/2021\\\/06\\\/logo-meliconi.png\",\"width\":338,\"height\":102,\"caption\":\"Meliconi\"},\"image\":{\"@id\":\"https:\\\/\\\/www.meliconi.com\\\/de\\\/#\\\/schema\\\/logo\\\/image\\\/\"}}]}<\/script>\n<!-- \/ Yoast SEO plugin. -->","yoast_head_json":{"title":"FLATSTYLE FTR100 - Meliconi","description":"Meliconi TV-Wandhalterung. F\u00fcr VESA 50-75-100, von 14 bis 25 Zoll, maximale Tragkraft 20 kg. Tilt&Turn-System: Neigen und Drehen des Fernsehers ohne M\u00fche.","robots":{"index":"index","follow":"follow","max-snippet":"max-snippet:-1","max-image-preview":"max-image-preview:large","max-video-preview":"max-video-preview:-1"},"canonical":"https:\/\/www.meliconi.com\/de\/produkt\/tv-halterung-meliconi-flatstyle-ftr100\/","og_locale":"de_DE","og_type":"article","og_title":"FLATSTYLE FTR100 - Meliconi","og_description":"Meliconi TV-Wandhalterung. F\u00fcr VESA 50-75-100, von 14 bis 25 Zoll, maximale Tragkraft 20 kg. Tilt&Turn-System: Neigen und Drehen des Fernsehers ohne M\u00fche.","og_url":"https:\/\/www.meliconi.com\/de\/produkt\/tv-halterung-meliconi-flatstyle-ftr100\/","og_site_name":"Meliconi","article_modified_time":"2024-10-08T14:06:17+00:00","og_image":[{"width":1024,"height":916,"url":"https:\/\/www.meliconi.com\/wp-content\/uploads\/2024\/01\/580454_FTR100-1024x916.png","type":"image\/png"}],"twitter_card":"summary_large_image","twitter_misc":{"Gesch\u00e4tzte Lesezeit":"1\u00a0Minute"},"schema":{"@context":"https:\/\/schema.org","@graph":[{"@type":"WebPage","@id":"https:\/\/www.meliconi.com\/de\/produkt\/tv-halterung-meliconi-flatstyle-ftr100\/","url":"https:\/\/www.meliconi.com\/de\/produkt\/tv-halterung-meliconi-flatstyle-ftr100\/","name":"FLATSTYLE FTR100 - Meliconi","isPartOf":{"@id":"https:\/\/www.meliconi.com\/de\/#website"},"primaryImageOfPage":{"@id":"https:\/\/www.meliconi.com\/de\/produkt\/tv-halterung-meliconi-flatstyle-ftr100\/#primaryimage"},"image":{"@id":"https:\/\/www.meliconi.com\/de\/produkt\/tv-halterung-meliconi-flatstyle-ftr100\/#primaryimage"},"thumbnailUrl":"https:\/\/www.meliconi.com\/wp-content\/uploads\/2024\/01\/580454_FTR100.png","datePublished":"2024-01-23T14:36:53+00:00","dateModified":"2024-10-08T14:06:17+00:00","description":"Meliconi TV-Wandhalterung. F\u00fcr VESA 50-75-100, von 14 bis 25 Zoll, maximale Tragkraft 20 kg. Tilt&Turn-System: Neigen und Drehen des Fernsehers ohne M\u00fche.","breadcrumb":{"@id":"https:\/\/www.meliconi.com\/de\/produkt\/tv-halterung-meliconi-flatstyle-ftr100\/#breadcrumb"},"inLanguage":"de","potentialAction":[{"@type":"ReadAction","target":["https:\/\/www.meliconi.com\/de\/produkt\/tv-halterung-meliconi-flatstyle-ftr100\/"]}]},{"@type":"ImageObject","inLanguage":"de","@id":"https:\/\/www.meliconi.com\/de\/produkt\/tv-halterung-meliconi-flatstyle-ftr100\/#primaryimage","url":"https:\/\/www.meliconi.com\/wp-content\/uploads\/2024\/01\/580454_FTR100.png","contentUrl":"https:\/\/www.meliconi.com\/wp-content\/uploads\/2024\/01\/580454_FTR100.png","width":2693,"height":2408},{"@type":"BreadcrumbList","@id":"https:\/\/www.meliconi.com\/de\/produkt\/tv-halterung-meliconi-flatstyle-ftr100\/#breadcrumb","itemListElement":[{"@type":"ListItem","position":1,"name":"Home","item":"https:\/\/www.meliconi.com\/de\/"},{"@type":"ListItem","position":2,"name":"Shop","item":"https:\/\/www.meliconi.com\/de\/shop-de\/"},{"@type":"ListItem","position":3,"name":"FLATSTYLE FTR100"}]},{"@type":"WebSite","@id":"https:\/\/www.meliconi.com\/de\/#website","url":"https:\/\/www.meliconi.com\/de\/","name":"Meliconi","description":"Lo specialista dell&#039;accessorio","publisher":{"@id":"https:\/\/www.meliconi.com\/de\/#organization"},"potentialAction":[{"@type":"SearchAction","target":{"@type":"EntryPoint","urlTemplate":"https:\/\/www.meliconi.com\/de\/?s={search_term_string}"},"query-input":{"@type":"PropertyValueSpecification","valueRequired":true,"valueName":"search_term_string"}}],"inLanguage":"de"},{"@type":"Organization","@id":"https:\/\/www.meliconi.com\/de\/#organization","name":"Meliconi","url":"https:\/\/www.meliconi.com\/de\/","logo":{"@type":"ImageObject","inLanguage":"de","@id":"https:\/\/www.meliconi.com\/de\/#\/schema\/logo\/image\/","url":"https:\/\/www.meliconi.com\/wp-content\/uploads\/2021\/06\/logo-meliconi.png","contentUrl":"https:\/\/www.meliconi.com\/wp-content\/uploads\/2021\/06\/logo-meliconi.png","width":338,"height":102,"caption":"Meliconi"},"image":{"@id":"https:\/\/www.meliconi.com\/de\/#\/schema\/logo\/image\/"}}]}},"_links":{"self":[{"href":"https:\/\/www.meliconi.com\/de\/wp-json\/wp\/v2\/product\/60471","targetHints":{"allow":["GET"]}}],"collection":[{"href":"https:\/\/www.meliconi.com\/de\/wp-json\/wp\/v2\/product"}],"about":[{"href":"https:\/\/www.meliconi.com\/de\/wp-json\/wp\/v2\/types\/product"}],"wp:featuredmedia":[{"embeddable":true,"href":"https:\/\/www.meliconi.com\/de\/wp-json\/wp\/v2\/media\/60472"}],"wp:attachment":[{"href":"https:\/\/www.meliconi.com\/de\/wp-json\/wp\/v2\/media?parent=60471"}],"wp:term":[{"taxonomy":"product_brand","embeddable":true,"href":"https:\/\/www.meliconi.com\/de\/wp-json\/wp\/v2\/product_brand?post=60471"},{"taxonomy":"product_cat","embeddable":true,"href":"https:\/\/www.meliconi.com\/de\/wp-json\/wp\/v2\/product_cat?post=60471"},{"taxonomy":"product_tag","embeddable":true,"href":"https:\/\/www.meliconi.com\/de\/wp-json\/wp\/v2\/product_tag?post=60471"}],"curies":[{"name":"wp","href":"https:\/\/api.w.org\/{rel}","templated":true}]}}