{"id":60393,"date":"2024-06-19T17:32:15","date_gmt":"2024-06-19T15:32:15","guid":{"rendered":"https:\/\/www.meliconi.com\/prodotto\/slimstyle-plus-600-st-cg-supporto-per-tv-inclinabile\/"},"modified":"2024-09-13T12:32:17","modified_gmt":"2024-09-13T10:32:17","slug":"slimstyle-plus-600-st-cg-neigbare-tv-halterung","status":"publish","type":"product","link":"https:\/\/www.meliconi.com\/de\/produkt\/slimstyle-plus-600-st-cg-neigbare-tv-halterung\/","title":{"rendered":"SLIMSTYLE PLUS 600 ST"},"content":{"rendered":"<p>SLIMSTYLE PLUS ist die neue Linie von ultraflachen TV-Wandhalterungen der Marke Meliconi S.p.A., die perfekte Kombination aus fortschrittlicher Technologie, modernsten Materialien und attraktivem Design. Der zus\u00e4tzliche Schutz\u00fcberzug aus Gummi auf allen Halterungen sch\u00fctzt Ihren Fernseher langfristig, ohne auf eine extrem geringe Wandabstandstiefe (bis zu minimal 2 cm von der Wand) und absolute Sicherheit zu verzichten. Alle SLIMSTYLE PLUS Halterungen sind 100% Made in Italy, T\u00dcV-zertifiziert und haben eine 10-j\u00e4hrige Garantie.<br \/>\nDer 600 ST ist eine neigbare TV-Halterung mit VESA-Bohrungen 300-400-600 mm, geeignet f\u00fcr gro\u00dfe Fernseher (50&#8243;-86&#8243;).<br \/>\nDie EASY TILT-Funktion erm\u00f6glicht es, die vertikale Neigung des Fernsehers frei zu \u00e4ndern, ohne den Einsatz eines Schraubenziehers.<\/p>\n<p>&nbsp;<\/p>\n","protected":false},"excerpt":{"rendered":"<p>TV-Halterung mit vertikaler Neigung<\/p>\n","protected":false},"featured_media":60394,"template":"","meta":{"_acf_changed":false},"product_cat":[567],"product_tag":[],"class_list":{"0":"post-60393","1":"product","2":"type-product","3":"status-publish","4":"has-post-thumbnail","6":"product_cat-slimstyle-plus-de","8":"first","9":"instock","10":"taxable","11":"shipping-taxable","12":"product-type-simple"},"acf":[],"yoast_head":"<!-- This site is optimized with the Yoast SEO plugin v26.1.1 - https:\/\/yoast.com\/wordpress\/plugins\/seo\/ -->\n<title>SLIMSTYLE PLUS 600 ST - Meliconi - Neigbare TV-Halterung<\/title>\n<meta name=\"description\" content=\"Neigbare TV-Halterung SLIMSTYLE PLUS 600 ST, kompatibel mit VESA 300-400-600 mm.F\u00fcr Fernseher von 50&quot; bis 86&quot;, EASY TILT, Made in Italy, T\u00dcV-zertifiziert.\" \/>\n<meta name=\"robots\" content=\"index, follow, max-snippet:-1, max-image-preview:large, max-video-preview:-1\" \/>\n<link rel=\"canonical\" href=\"https:\/\/www.meliconi.com\/de\/produkt\/slimstyle-plus-600-st-cg-neigbare-tv-halterung\/\" \/>\n<meta property=\"og:locale\" content=\"de_DE\" \/>\n<meta property=\"og:type\" content=\"article\" \/>\n<meta property=\"og:title\" content=\"SLIMSTYLE PLUS 600 ST - Meliconi - Neigbare TV-Halterung\" \/>\n<meta property=\"og:description\" content=\"Neigbare TV-Halterung SLIMSTYLE PLUS 600 ST, kompatibel mit VESA 300-400-600 mm.F\u00fcr Fernseher von 50&quot; bis 86&quot;, EASY TILT, Made in Italy, T\u00dcV-zertifiziert.\" \/>\n<meta property=\"og:url\" content=\"https:\/\/www.meliconi.com\/de\/produkt\/slimstyle-plus-600-st-cg-neigbare-tv-halterung\/\" \/>\n<meta property=\"og:site_name\" content=\"Meliconi\" \/>\n<meta property=\"article:modified_time\" content=\"2024-09-13T10:32:17+00:00\" \/>\n<meta property=\"og:image\" content=\"https:\/\/www.meliconi.com\/wp-content\/uploads\/2021\/06\/480963-SLIM-STYLE-Plus-600-ST-front-4-scaled.jpg\" \/>\n\t<meta property=\"og:image:width\" content=\"2560\" \/>\n\t<meta property=\"og:image:height\" content=\"2501\" \/>\n\t<meta property=\"og:image:type\" content=\"image\/jpeg\" \/>\n<meta name=\"twitter:card\" content=\"summary_large_image\" \/>\n<meta name=\"twitter:label1\" content=\"Gesch\u00e4tzte Lesezeit\" \/>\n\t<meta name=\"twitter:data1\" content=\"1\u00a0Minute\" \/>\n<script type=\"application\/ld+json\" class=\"yoast-schema-graph\">{\"@context\":\"https:\/\/schema.org\",\"@graph\":[{\"@type\":\"WebPage\",\"@id\":\"https:\/\/www.meliconi.com\/de\/produkt\/slimstyle-plus-600-st-cg-neigbare-tv-halterung\/\",\"url\":\"https:\/\/www.meliconi.com\/de\/produkt\/slimstyle-plus-600-st-cg-neigbare-tv-halterung\/\",\"name\":\"SLIMSTYLE PLUS 600 ST - Meliconi - Neigbare TV-Halterung\",\"isPartOf\":{\"@id\":\"https:\/\/www.meliconi.com\/de\/#website\"},\"primaryImageOfPage\":{\"@id\":\"https:\/\/www.meliconi.com\/de\/produkt\/slimstyle-plus-600-st-cg-neigbare-tv-halterung\/#primaryimage\"},\"image\":{\"@id\":\"https:\/\/www.meliconi.com\/de\/produkt\/slimstyle-plus-600-st-cg-neigbare-tv-halterung\/#primaryimage\"},\"thumbnailUrl\":\"https:\/\/www.meliconi.com\/wp-content\/uploads\/2021\/06\/480963-SLIM-STYLE-Plus-600-ST-front-4-scaled.jpg\",\"datePublished\":\"2024-06-19T15:32:15+00:00\",\"dateModified\":\"2024-09-13T10:32:17+00:00\",\"description\":\"Neigbare TV-Halterung SLIMSTYLE PLUS 600 ST, kompatibel mit VESA 300-400-600 mm.F\u00fcr Fernseher von 50\\\" bis 86\\\", EASY TILT, Made in Italy, T\u00dcV-zertifiziert.\",\"breadcrumb\":{\"@id\":\"https:\/\/www.meliconi.com\/de\/produkt\/slimstyle-plus-600-st-cg-neigbare-tv-halterung\/#breadcrumb\"},\"inLanguage\":\"de\",\"potentialAction\":[{\"@type\":\"ReadAction\",\"target\":[\"https:\/\/www.meliconi.com\/de\/produkt\/slimstyle-plus-600-st-cg-neigbare-tv-halterung\/\"]}]},{\"@type\":\"ImageObject\",\"inLanguage\":\"de\",\"@id\":\"https:\/\/www.meliconi.com\/de\/produkt\/slimstyle-plus-600-st-cg-neigbare-tv-halterung\/#primaryimage\",\"url\":\"https:\/\/www.meliconi.com\/wp-content\/uploads\/2021\/06\/480963-SLIM-STYLE-Plus-600-ST-front-4-scaled.jpg\",\"contentUrl\":\"https:\/\/www.meliconi.com\/wp-content\/uploads\/2021\/06\/480963-SLIM-STYLE-Plus-600-ST-front-4-scaled.jpg\",\"width\":2560,\"height\":2501},{\"@type\":\"BreadcrumbList\",\"@id\":\"https:\/\/www.meliconi.com\/de\/produkt\/slimstyle-plus-600-st-cg-neigbare-tv-halterung\/#breadcrumb\",\"itemListElement\":[{\"@type\":\"ListItem\",\"position\":1,\"name\":\"Home\",\"item\":\"https:\/\/www.meliconi.com\/de\/\"},{\"@type\":\"ListItem\",\"position\":2,\"name\":\"Shop\",\"item\":\"https:\/\/www.meliconi.com\/de\/shop-de\/\"},{\"@type\":\"ListItem\",\"position\":3,\"name\":\"SLIMSTYLE PLUS 600 ST\"}]},{\"@type\":\"WebSite\",\"@id\":\"https:\/\/www.meliconi.com\/de\/#website\",\"url\":\"https:\/\/www.meliconi.com\/de\/\",\"name\":\"Meliconi\",\"description\":\"Lo specialista dell&#039;accessorio\",\"publisher\":{\"@id\":\"https:\/\/www.meliconi.com\/de\/#organization\"},\"potentialAction\":[{\"@type\":\"SearchAction\",\"target\":{\"@type\":\"EntryPoint\",\"urlTemplate\":\"https:\/\/www.meliconi.com\/de\/?s={search_term_string}\"},\"query-input\":{\"@type\":\"PropertyValueSpecification\",\"valueRequired\":true,\"valueName\":\"search_term_string\"}}],\"inLanguage\":\"de\"},{\"@type\":\"Organization\",\"@id\":\"https:\/\/www.meliconi.com\/de\/#organization\",\"name\":\"Meliconi\",\"url\":\"https:\/\/www.meliconi.com\/de\/\",\"logo\":{\"@type\":\"ImageObject\",\"inLanguage\":\"de\",\"@id\":\"https:\/\/www.meliconi.com\/de\/#\/schema\/logo\/image\/\",\"url\":\"https:\/\/www.meliconi.com\/wp-content\/uploads\/2021\/06\/logo-meliconi.png\",\"contentUrl\":\"https:\/\/www.meliconi.com\/wp-content\/uploads\/2021\/06\/logo-meliconi.png\",\"width\":338,\"height\":102,\"caption\":\"Meliconi\"},\"image\":{\"@id\":\"https:\/\/www.meliconi.com\/de\/#\/schema\/logo\/image\/\"}}]}<\/script>\n<!-- \/ Yoast SEO plugin. -->","yoast_head_json":{"title":"SLIMSTYLE PLUS 600 ST - Meliconi - Neigbare TV-Halterung","description":"Neigbare TV-Halterung SLIMSTYLE PLUS 600 ST, kompatibel mit VESA 300-400-600 mm.F\u00fcr Fernseher von 50\" bis 86\", EASY TILT, Made in Italy, T\u00dcV-zertifiziert.","robots":{"index":"index","follow":"follow","max-snippet":"max-snippet:-1","max-image-preview":"max-image-preview:large","max-video-preview":"max-video-preview:-1"},"canonical":"https:\/\/www.meliconi.com\/de\/produkt\/slimstyle-plus-600-st-cg-neigbare-tv-halterung\/","og_locale":"de_DE","og_type":"article","og_title":"SLIMSTYLE PLUS 600 ST - Meliconi - Neigbare TV-Halterung","og_description":"Neigbare TV-Halterung SLIMSTYLE PLUS 600 ST, kompatibel mit VESA 300-400-600 mm.F\u00fcr Fernseher von 50\" bis 86\", EASY TILT, Made in Italy, T\u00dcV-zertifiziert.","og_url":"https:\/\/www.meliconi.com\/de\/produkt\/slimstyle-plus-600-st-cg-neigbare-tv-halterung\/","og_site_name":"Meliconi","article_modified_time":"2024-09-13T10:32:17+00:00","og_image":[{"width":2560,"height":2501,"url":"https:\/\/www.meliconi.com\/wp-content\/uploads\/2021\/06\/480963-SLIM-STYLE-Plus-600-ST-front-4-scaled.jpg","type":"image\/jpeg"}],"twitter_card":"summary_large_image","twitter_misc":{"Gesch\u00e4tzte Lesezeit":"1\u00a0Minute"},"schema":{"@context":"https:\/\/schema.org","@graph":[{"@type":"WebPage","@id":"https:\/\/www.meliconi.com\/de\/produkt\/slimstyle-plus-600-st-cg-neigbare-tv-halterung\/","url":"https:\/\/www.meliconi.com\/de\/produkt\/slimstyle-plus-600-st-cg-neigbare-tv-halterung\/","name":"SLIMSTYLE PLUS 600 ST - Meliconi - Neigbare TV-Halterung","isPartOf":{"@id":"https:\/\/www.meliconi.com\/de\/#website"},"primaryImageOfPage":{"@id":"https:\/\/www.meliconi.com\/de\/produkt\/slimstyle-plus-600-st-cg-neigbare-tv-halterung\/#primaryimage"},"image":{"@id":"https:\/\/www.meliconi.com\/de\/produkt\/slimstyle-plus-600-st-cg-neigbare-tv-halterung\/#primaryimage"},"thumbnailUrl":"https:\/\/www.meliconi.com\/wp-content\/uploads\/2021\/06\/480963-SLIM-STYLE-Plus-600-ST-front-4-scaled.jpg","datePublished":"2024-06-19T15:32:15+00:00","dateModified":"2024-09-13T10:32:17+00:00","description":"Neigbare TV-Halterung SLIMSTYLE PLUS 600 ST, kompatibel mit VESA 300-400-600 mm.F\u00fcr Fernseher von 50\" bis 86\", EASY TILT, Made in Italy, T\u00dcV-zertifiziert.","breadcrumb":{"@id":"https:\/\/www.meliconi.com\/de\/produkt\/slimstyle-plus-600-st-cg-neigbare-tv-halterung\/#breadcrumb"},"inLanguage":"de","potentialAction":[{"@type":"ReadAction","target":["https:\/\/www.meliconi.com\/de\/produkt\/slimstyle-plus-600-st-cg-neigbare-tv-halterung\/"]}]},{"@type":"ImageObject","inLanguage":"de","@id":"https:\/\/www.meliconi.com\/de\/produkt\/slimstyle-plus-600-st-cg-neigbare-tv-halterung\/#primaryimage","url":"https:\/\/www.meliconi.com\/wp-content\/uploads\/2021\/06\/480963-SLIM-STYLE-Plus-600-ST-front-4-scaled.jpg","contentUrl":"https:\/\/www.meliconi.com\/wp-content\/uploads\/2021\/06\/480963-SLIM-STYLE-Plus-600-ST-front-4-scaled.jpg","width":2560,"height":2501},{"@type":"BreadcrumbList","@id":"https:\/\/www.meliconi.com\/de\/produkt\/slimstyle-plus-600-st-cg-neigbare-tv-halterung\/#breadcrumb","itemListElement":[{"@type":"ListItem","position":1,"name":"Home","item":"https:\/\/www.meliconi.com\/de\/"},{"@type":"ListItem","position":2,"name":"Shop","item":"https:\/\/www.meliconi.com\/de\/shop-de\/"},{"@type":"ListItem","position":3,"name":"SLIMSTYLE PLUS 600 ST"}]},{"@type":"WebSite","@id":"https:\/\/www.meliconi.com\/de\/#website","url":"https:\/\/www.meliconi.com\/de\/","name":"Meliconi","description":"Lo specialista dell&#039;accessorio","publisher":{"@id":"https:\/\/www.meliconi.com\/de\/#organization"},"potentialAction":[{"@type":"SearchAction","target":{"@type":"EntryPoint","urlTemplate":"https:\/\/www.meliconi.com\/de\/?s={search_term_string}"},"query-input":{"@type":"PropertyValueSpecification","valueRequired":true,"valueName":"search_term_string"}}],"inLanguage":"de"},{"@type":"Organization","@id":"https:\/\/www.meliconi.com\/de\/#organization","name":"Meliconi","url":"https:\/\/www.meliconi.com\/de\/","logo":{"@type":"ImageObject","inLanguage":"de","@id":"https:\/\/www.meliconi.com\/de\/#\/schema\/logo\/image\/","url":"https:\/\/www.meliconi.com\/wp-content\/uploads\/2021\/06\/logo-meliconi.png","contentUrl":"https:\/\/www.meliconi.com\/wp-content\/uploads\/2021\/06\/logo-meliconi.png","width":338,"height":102,"caption":"Meliconi"},"image":{"@id":"https:\/\/www.meliconi.com\/de\/#\/schema\/logo\/image\/"}}]}},"_links":{"self":[{"href":"https:\/\/www.meliconi.com\/de\/wp-json\/wp\/v2\/product\/60393","targetHints":{"allow":["GET"]}}],"collection":[{"href":"https:\/\/www.meliconi.com\/de\/wp-json\/wp\/v2\/product"}],"about":[{"href":"https:\/\/www.meliconi.com\/de\/wp-json\/wp\/v2\/types\/product"}],"wp:featuredmedia":[{"embeddable":true,"href":"https:\/\/www.meliconi.com\/de\/wp-json\/wp\/v2\/media\/60394"}],"wp:attachment":[{"href":"https:\/\/www.meliconi.com\/de\/wp-json\/wp\/v2\/media?parent=60393"}],"wp:term":[{"taxonomy":"product_cat","embeddable":true,"href":"https:\/\/www.meliconi.com\/de\/wp-json\/wp\/v2\/product_cat?post=60393"},{"taxonomy":"product_tag","embeddable":true,"href":"https:\/\/www.meliconi.com\/de\/wp-json\/wp\/v2\/product_tag?post=60393"}],"curies":[{"name":"wp","href":"https:\/\/api.w.org\/{rel}","templated":true}]}}