{"id":60384,"date":"2024-06-20T07:11:46","date_gmt":"2024-06-20T05:11:46","guid":{"rendered":"https:\/\/www.meliconi.com\/prodotto\/slimstyle-plus-400-s-cg-supporto-a-muro-per-tv\/"},"modified":"2024-09-13T12:14:06","modified_gmt":"2024-09-13T10:14:06","slug":"slimstyle-plus-400-s-cg-wandhalterung-fuer-tv","status":"publish","type":"product","link":"https:\/\/www.meliconi.com\/de\/produkt\/slimstyle-plus-400-s-cg-wandhalterung-fuer-tv\/","title":{"rendered":"SLIMSTYLE PLUS 400 S"},"content":{"rendered":"<p>SLIMSTYLE PLUS ist die neue Linie von ultraflachen TV-Wandhalterungen der Marke Meliconi S.p.A., die perfekte Kombination aus fortschrittlicher Technologie, modernsten Materialien und attraktivem Design. Der zus\u00e4tzliche Schutz\u00fcberzug aus Gummi auf allen Halterungen sch\u00fctzt Ihren Fernseher langfristig, ohne auf eine extrem geringe Wandabstandstiefe (bis zu minimal 1,5 cm von der Wand) und absolute Sicherheit zu verzichten. Alle SLIMSTYLE PLUS Halterungen sind 100% Made in Italy, T\u00dcV-zertifiziert und haben eine 10-j\u00e4hrige Garantie.<br \/>\nDer 400 S ist eine feste TV-Halterung mit VESA-Bohrungen 200-300-400 mm, geeignet f\u00fcr mittelgro\u00dfe bis gro\u00dfe Fernseher (40&#8243;-82&#8243;).<\/p>\n","protected":false},"excerpt":{"rendered":"<p>Feste TV-Halterung<\/p>\n","protected":false},"featured_media":60385,"template":"","meta":{"_acf_changed":false},"product_cat":[567],"product_tag":[],"class_list":{"0":"post-60384","1":"product","2":"type-product","3":"status-publish","4":"has-post-thumbnail","6":"product_cat-slimstyle-plus-de","8":"first","9":"instock","10":"taxable","11":"shipping-taxable","12":"product-type-simple"},"acf":[],"yoast_head":"<!-- This site is optimized with the Yoast SEO plugin v26.1.1 - https:\/\/yoast.com\/wordpress\/plugins\/seo\/ -->\n<title>SLIMSTYLE PLUS 400 S - Meliconi - Wandhalterung f\u00fcr TV<\/title>\n<meta name=\"description\" content=\"Feste-Wandhalterung-f\u00fcr-TV-SLIMSTYLE-PLUS-400-S, kompatibel mit VESA 200-300-400 mm. Ideal f\u00fcr Fernseher von 40&quot; bis 82&quot;, Made in Italy, T\u00dcV-zertifiziert.\" \/>\n<meta name=\"robots\" content=\"index, follow, max-snippet:-1, max-image-preview:large, max-video-preview:-1\" \/>\n<link rel=\"canonical\" href=\"https:\/\/www.meliconi.com\/de\/produkt\/slimstyle-plus-400-s-cg-wandhalterung-fuer-tv\/\" \/>\n<meta property=\"og:locale\" content=\"de_DE\" \/>\n<meta property=\"og:type\" content=\"article\" \/>\n<meta property=\"og:title\" content=\"SLIMSTYLE PLUS 400 S - Meliconi - Wandhalterung f\u00fcr TV\" \/>\n<meta property=\"og:description\" content=\"Feste-Wandhalterung-f\u00fcr-TV-SLIMSTYLE-PLUS-400-S, kompatibel mit VESA 200-300-400 mm. Ideal f\u00fcr Fernseher von 40&quot; bis 82&quot;, Made in Italy, T\u00dcV-zertifiziert.\" \/>\n<meta property=\"og:url\" content=\"https:\/\/www.meliconi.com\/de\/produkt\/slimstyle-plus-400-s-cg-wandhalterung-fuer-tv\/\" \/>\n<meta property=\"og:site_name\" content=\"Meliconi\" \/>\n<meta property=\"article:modified_time\" content=\"2024-09-13T10:14:06+00:00\" \/>\n<meta property=\"og:image\" content=\"https:\/\/www.meliconi.com\/wp-content\/uploads\/2021\/06\/480952-SLIM-STYLE-2018-400-S-prosp-2-scaled.jpg\" \/>\n\t<meta property=\"og:image:width\" content=\"2560\" \/>\n\t<meta property=\"og:image:height\" content=\"1810\" \/>\n\t<meta property=\"og:image:type\" content=\"image\/jpeg\" \/>\n<meta name=\"twitter:card\" content=\"summary_large_image\" \/>\n<meta name=\"twitter:label1\" content=\"Gesch\u00e4tzte Lesezeit\" \/>\n\t<meta name=\"twitter:data1\" content=\"1\u00a0Minute\" \/>\n<script type=\"application\/ld+json\" class=\"yoast-schema-graph\">{\"@context\":\"https:\/\/schema.org\",\"@graph\":[{\"@type\":\"WebPage\",\"@id\":\"https:\/\/www.meliconi.com\/de\/produkt\/slimstyle-plus-400-s-cg-wandhalterung-fuer-tv\/\",\"url\":\"https:\/\/www.meliconi.com\/de\/produkt\/slimstyle-plus-400-s-cg-wandhalterung-fuer-tv\/\",\"name\":\"SLIMSTYLE PLUS 400 S - Meliconi - Wandhalterung f\u00fcr TV\",\"isPartOf\":{\"@id\":\"https:\/\/www.meliconi.com\/de\/#website\"},\"primaryImageOfPage\":{\"@id\":\"https:\/\/www.meliconi.com\/de\/produkt\/slimstyle-plus-400-s-cg-wandhalterung-fuer-tv\/#primaryimage\"},\"image\":{\"@id\":\"https:\/\/www.meliconi.com\/de\/produkt\/slimstyle-plus-400-s-cg-wandhalterung-fuer-tv\/#primaryimage\"},\"thumbnailUrl\":\"https:\/\/www.meliconi.com\/wp-content\/uploads\/2021\/06\/480952-SLIM-STYLE-2018-400-S-prosp-2-scaled.jpg\",\"datePublished\":\"2024-06-20T05:11:46+00:00\",\"dateModified\":\"2024-09-13T10:14:06+00:00\",\"description\":\"Feste-Wandhalterung-f\u00fcr-TV-SLIMSTYLE-PLUS-400-S, kompatibel mit VESA 200-300-400 mm. Ideal f\u00fcr Fernseher von 40\\\" bis 82\\\", Made in Italy, T\u00dcV-zertifiziert.\",\"breadcrumb\":{\"@id\":\"https:\/\/www.meliconi.com\/de\/produkt\/slimstyle-plus-400-s-cg-wandhalterung-fuer-tv\/#breadcrumb\"},\"inLanguage\":\"de\",\"potentialAction\":[{\"@type\":\"ReadAction\",\"target\":[\"https:\/\/www.meliconi.com\/de\/produkt\/slimstyle-plus-400-s-cg-wandhalterung-fuer-tv\/\"]}]},{\"@type\":\"ImageObject\",\"inLanguage\":\"de\",\"@id\":\"https:\/\/www.meliconi.com\/de\/produkt\/slimstyle-plus-400-s-cg-wandhalterung-fuer-tv\/#primaryimage\",\"url\":\"https:\/\/www.meliconi.com\/wp-content\/uploads\/2021\/06\/480952-SLIM-STYLE-2018-400-S-prosp-2-scaled.jpg\",\"contentUrl\":\"https:\/\/www.meliconi.com\/wp-content\/uploads\/2021\/06\/480952-SLIM-STYLE-2018-400-S-prosp-2-scaled.jpg\",\"width\":2560,\"height\":1810},{\"@type\":\"BreadcrumbList\",\"@id\":\"https:\/\/www.meliconi.com\/de\/produkt\/slimstyle-plus-400-s-cg-wandhalterung-fuer-tv\/#breadcrumb\",\"itemListElement\":[{\"@type\":\"ListItem\",\"position\":1,\"name\":\"Home\",\"item\":\"https:\/\/www.meliconi.com\/de\/\"},{\"@type\":\"ListItem\",\"position\":2,\"name\":\"Shop\",\"item\":\"https:\/\/www.meliconi.com\/de\/shop-de\/\"},{\"@type\":\"ListItem\",\"position\":3,\"name\":\"SLIMSTYLE PLUS 400 S\"}]},{\"@type\":\"WebSite\",\"@id\":\"https:\/\/www.meliconi.com\/de\/#website\",\"url\":\"https:\/\/www.meliconi.com\/de\/\",\"name\":\"Meliconi\",\"description\":\"Lo specialista dell&#039;accessorio\",\"publisher\":{\"@id\":\"https:\/\/www.meliconi.com\/de\/#organization\"},\"potentialAction\":[{\"@type\":\"SearchAction\",\"target\":{\"@type\":\"EntryPoint\",\"urlTemplate\":\"https:\/\/www.meliconi.com\/de\/?s={search_term_string}\"},\"query-input\":{\"@type\":\"PropertyValueSpecification\",\"valueRequired\":true,\"valueName\":\"search_term_string\"}}],\"inLanguage\":\"de\"},{\"@type\":\"Organization\",\"@id\":\"https:\/\/www.meliconi.com\/de\/#organization\",\"name\":\"Meliconi\",\"url\":\"https:\/\/www.meliconi.com\/de\/\",\"logo\":{\"@type\":\"ImageObject\",\"inLanguage\":\"de\",\"@id\":\"https:\/\/www.meliconi.com\/de\/#\/schema\/logo\/image\/\",\"url\":\"https:\/\/www.meliconi.com\/wp-content\/uploads\/2021\/06\/logo-meliconi.png\",\"contentUrl\":\"https:\/\/www.meliconi.com\/wp-content\/uploads\/2021\/06\/logo-meliconi.png\",\"width\":338,\"height\":102,\"caption\":\"Meliconi\"},\"image\":{\"@id\":\"https:\/\/www.meliconi.com\/de\/#\/schema\/logo\/image\/\"}}]}<\/script>\n<!-- \/ Yoast SEO plugin. -->","yoast_head_json":{"title":"SLIMSTYLE PLUS 400 S - Meliconi - Wandhalterung f\u00fcr TV","description":"Feste-Wandhalterung-f\u00fcr-TV-SLIMSTYLE-PLUS-400-S, kompatibel mit VESA 200-300-400 mm. Ideal f\u00fcr Fernseher von 40\" bis 82\", Made in Italy, T\u00dcV-zertifiziert.","robots":{"index":"index","follow":"follow","max-snippet":"max-snippet:-1","max-image-preview":"max-image-preview:large","max-video-preview":"max-video-preview:-1"},"canonical":"https:\/\/www.meliconi.com\/de\/produkt\/slimstyle-plus-400-s-cg-wandhalterung-fuer-tv\/","og_locale":"de_DE","og_type":"article","og_title":"SLIMSTYLE PLUS 400 S - Meliconi - Wandhalterung f\u00fcr TV","og_description":"Feste-Wandhalterung-f\u00fcr-TV-SLIMSTYLE-PLUS-400-S, kompatibel mit VESA 200-300-400 mm. Ideal f\u00fcr Fernseher von 40\" bis 82\", Made in Italy, T\u00dcV-zertifiziert.","og_url":"https:\/\/www.meliconi.com\/de\/produkt\/slimstyle-plus-400-s-cg-wandhalterung-fuer-tv\/","og_site_name":"Meliconi","article_modified_time":"2024-09-13T10:14:06+00:00","og_image":[{"width":2560,"height":1810,"url":"https:\/\/www.meliconi.com\/wp-content\/uploads\/2021\/06\/480952-SLIM-STYLE-2018-400-S-prosp-2-scaled.jpg","type":"image\/jpeg"}],"twitter_card":"summary_large_image","twitter_misc":{"Gesch\u00e4tzte Lesezeit":"1\u00a0Minute"},"schema":{"@context":"https:\/\/schema.org","@graph":[{"@type":"WebPage","@id":"https:\/\/www.meliconi.com\/de\/produkt\/slimstyle-plus-400-s-cg-wandhalterung-fuer-tv\/","url":"https:\/\/www.meliconi.com\/de\/produkt\/slimstyle-plus-400-s-cg-wandhalterung-fuer-tv\/","name":"SLIMSTYLE PLUS 400 S - Meliconi - Wandhalterung f\u00fcr TV","isPartOf":{"@id":"https:\/\/www.meliconi.com\/de\/#website"},"primaryImageOfPage":{"@id":"https:\/\/www.meliconi.com\/de\/produkt\/slimstyle-plus-400-s-cg-wandhalterung-fuer-tv\/#primaryimage"},"image":{"@id":"https:\/\/www.meliconi.com\/de\/produkt\/slimstyle-plus-400-s-cg-wandhalterung-fuer-tv\/#primaryimage"},"thumbnailUrl":"https:\/\/www.meliconi.com\/wp-content\/uploads\/2021\/06\/480952-SLIM-STYLE-2018-400-S-prosp-2-scaled.jpg","datePublished":"2024-06-20T05:11:46+00:00","dateModified":"2024-09-13T10:14:06+00:00","description":"Feste-Wandhalterung-f\u00fcr-TV-SLIMSTYLE-PLUS-400-S, kompatibel mit VESA 200-300-400 mm. Ideal f\u00fcr Fernseher von 40\" bis 82\", Made in Italy, T\u00dcV-zertifiziert.","breadcrumb":{"@id":"https:\/\/www.meliconi.com\/de\/produkt\/slimstyle-plus-400-s-cg-wandhalterung-fuer-tv\/#breadcrumb"},"inLanguage":"de","potentialAction":[{"@type":"ReadAction","target":["https:\/\/www.meliconi.com\/de\/produkt\/slimstyle-plus-400-s-cg-wandhalterung-fuer-tv\/"]}]},{"@type":"ImageObject","inLanguage":"de","@id":"https:\/\/www.meliconi.com\/de\/produkt\/slimstyle-plus-400-s-cg-wandhalterung-fuer-tv\/#primaryimage","url":"https:\/\/www.meliconi.com\/wp-content\/uploads\/2021\/06\/480952-SLIM-STYLE-2018-400-S-prosp-2-scaled.jpg","contentUrl":"https:\/\/www.meliconi.com\/wp-content\/uploads\/2021\/06\/480952-SLIM-STYLE-2018-400-S-prosp-2-scaled.jpg","width":2560,"height":1810},{"@type":"BreadcrumbList","@id":"https:\/\/www.meliconi.com\/de\/produkt\/slimstyle-plus-400-s-cg-wandhalterung-fuer-tv\/#breadcrumb","itemListElement":[{"@type":"ListItem","position":1,"name":"Home","item":"https:\/\/www.meliconi.com\/de\/"},{"@type":"ListItem","position":2,"name":"Shop","item":"https:\/\/www.meliconi.com\/de\/shop-de\/"},{"@type":"ListItem","position":3,"name":"SLIMSTYLE PLUS 400 S"}]},{"@type":"WebSite","@id":"https:\/\/www.meliconi.com\/de\/#website","url":"https:\/\/www.meliconi.com\/de\/","name":"Meliconi","description":"Lo specialista dell&#039;accessorio","publisher":{"@id":"https:\/\/www.meliconi.com\/de\/#organization"},"potentialAction":[{"@type":"SearchAction","target":{"@type":"EntryPoint","urlTemplate":"https:\/\/www.meliconi.com\/de\/?s={search_term_string}"},"query-input":{"@type":"PropertyValueSpecification","valueRequired":true,"valueName":"search_term_string"}}],"inLanguage":"de"},{"@type":"Organization","@id":"https:\/\/www.meliconi.com\/de\/#organization","name":"Meliconi","url":"https:\/\/www.meliconi.com\/de\/","logo":{"@type":"ImageObject","inLanguage":"de","@id":"https:\/\/www.meliconi.com\/de\/#\/schema\/logo\/image\/","url":"https:\/\/www.meliconi.com\/wp-content\/uploads\/2021\/06\/logo-meliconi.png","contentUrl":"https:\/\/www.meliconi.com\/wp-content\/uploads\/2021\/06\/logo-meliconi.png","width":338,"height":102,"caption":"Meliconi"},"image":{"@id":"https:\/\/www.meliconi.com\/de\/#\/schema\/logo\/image\/"}}]}},"_links":{"self":[{"href":"https:\/\/www.meliconi.com\/de\/wp-json\/wp\/v2\/product\/60384","targetHints":{"allow":["GET"]}}],"collection":[{"href":"https:\/\/www.meliconi.com\/de\/wp-json\/wp\/v2\/product"}],"about":[{"href":"https:\/\/www.meliconi.com\/de\/wp-json\/wp\/v2\/types\/product"}],"wp:featuredmedia":[{"embeddable":true,"href":"https:\/\/www.meliconi.com\/de\/wp-json\/wp\/v2\/media\/60385"}],"wp:attachment":[{"href":"https:\/\/www.meliconi.com\/de\/wp-json\/wp\/v2\/media?parent=60384"}],"wp:term":[{"taxonomy":"product_cat","embeddable":true,"href":"https:\/\/www.meliconi.com\/de\/wp-json\/wp\/v2\/product_cat?post=60384"},{"taxonomy":"product_tag","embeddable":true,"href":"https:\/\/www.meliconi.com\/de\/wp-json\/wp\/v2\/product_tag?post=60384"}],"curies":[{"name":"wp","href":"https:\/\/api.w.org\/{rel}","templated":true}]}}