{"id":60366,"date":"2024-08-07T14:11:57","date_gmt":"2024-08-07T12:11:57","guid":{"rendered":"https:\/\/www.meliconi.com\/prodotto\/slimstyle-plus-100-sdr\/"},"modified":"2024-09-12T15:35:45","modified_gmt":"2024-09-12T13:35:45","slug":"slimstyle-plus-100-sdr-doppelt-drehbare-tv-wandhalterung","status":"publish","type":"product","link":"https:\/\/www.meliconi.com\/de\/produkt\/slimstyle-plus-100-sdr-doppelt-drehbare-tv-wandhalterung\/","title":{"rendered":"SLIMSTYLE PLUS 100 SDR"},"content":{"rendered":"<p>SLIMSTYLE PLUS ist die neue Linie von ultraflachen TV-Wandhalterungen der Marke Meliconi S.p.A., die perfekte Kombination aus fortschrittlicher Technologie, modernsten Materialien und attraktivem Design. Der zus\u00e4tzliche Schutz\u00fcberzug aus Gummi auf allen Halterungen sch\u00fctzt Ihren Fernseher langfristig, ohne auf eine extrem geringe Wandabstandstiefe (bis zu minimal 6 cm von der Wand) und absolute Sicherheit zu verzichten. Alle SLIMSTYLE PLUS Halterungen sind 100% Made in Italy, T\u00dcV-zertifiziert und haben eine 10-j\u00e4hrige Garantie.<br \/>\nDer 100 SDR ist eine schwenkbare TV-Halterung mit zwei Gelenken (doppelte Drehung), geeignet f\u00fcr Fernseher mit VESA-Bohrungen 50-75-100 mm und mittlerer Gr\u00f6\u00dfe (14&#8243;-32&#8243;).<br \/>\nDie EASY TILT-Funktion erm\u00f6glicht es, die vertikale Neigung des Fernsehers ohne den Einsatz eines Schraubenziehers frei zu \u00e4ndern.<br \/>\nDiese TV-Halterungen sind ideal f\u00fcr alle, die eine neigbare und schwenkbare TV-Halterung, eine doppelt drehbare Wandhalterung oder einen TV-Arm suchen, der Flexibilit\u00e4t und Sicherheit bietet. Die SLIMSTYLE PLUS-Linie und das Modell 100 SDR bieten innovative L\u00f6sungen f\u00fcr die Wandmontage Ihres Fernsehers und kombinieren Design und fortschrittliche Funktionalit\u00e4t f\u00fcr ein optimales Seherlebnis.<\/p>\n","protected":false},"excerpt":{"rendered":"<p>Schlanke, doppelt drehbare TV-Wandhalterung<\/p>\n","protected":false},"featured_media":60367,"template":"","meta":{"_acf_changed":false},"product_brand":[],"product_cat":[567],"product_tag":[],"class_list":{"0":"post-60366","1":"product","2":"type-product","3":"status-publish","4":"has-post-thumbnail","6":"product_cat-slimstyle-plus-de","8":"first","9":"instock","10":"taxable","11":"shipping-taxable","12":"product-type-simple"},"acf":[],"yoast_head":"<!-- This site is optimized with the Yoast SEO plugin v27.4 - https:\/\/yoast.com\/product\/yoast-seo-wordpress\/ -->\n<title>SLIMSTYLE PLUS 100 SDR - Meliconi - Doppelt drehbare TV-Wandhalterung<\/title>\n<meta name=\"description\" content=\"Schlanke, doppelt drehbare TV-Wandhalterung f\u00fcr 26 bis 45 Zoll, einfach zu montieren und sicher. Geeignet f\u00fcr VESA 50-75-100-200 Fernseher, Tragkraft 20 kg.\" \/>\n<meta name=\"robots\" content=\"index, follow, max-snippet:-1, max-image-preview:large, max-video-preview:-1\" \/>\n<link rel=\"canonical\" href=\"https:\/\/www.meliconi.com\/de\/produkt\/slimstyle-plus-100-sdr-doppelt-drehbare-tv-wandhalterung\/\" \/>\n<meta property=\"og:locale\" content=\"de_DE\" \/>\n<meta property=\"og:type\" content=\"article\" \/>\n<meta property=\"og:title\" content=\"SLIMSTYLE PLUS 100 SDR - Meliconi - Doppelt drehbare TV-Wandhalterung\" \/>\n<meta property=\"og:description\" content=\"Schlanke, doppelt drehbare TV-Wandhalterung f\u00fcr 26 bis 45 Zoll, einfach zu montieren und sicher. Geeignet f\u00fcr VESA 50-75-100-200 Fernseher, Tragkraft 20 kg.\" \/>\n<meta property=\"og:url\" content=\"https:\/\/www.meliconi.com\/de\/produkt\/slimstyle-plus-100-sdr-doppelt-drehbare-tv-wandhalterung\/\" \/>\n<meta property=\"og:site_name\" content=\"Meliconi\" \/>\n<meta property=\"article:modified_time\" content=\"2024-09-12T13:35:45+00:00\" \/>\n<meta property=\"og:image\" content=\"https:\/\/www.meliconi.com\/wp-content\/uploads\/2024\/08\/480991__100-200_SPIN_SDR_nera_scatola-copia-1024x896.png\" \/>\n\t<meta property=\"og:image:width\" content=\"1024\" \/>\n\t<meta property=\"og:image:height\" content=\"896\" \/>\n\t<meta property=\"og:image:type\" content=\"image\/png\" \/>\n<meta name=\"twitter:card\" content=\"summary_large_image\" \/>\n<meta name=\"twitter:label1\" content=\"Gesch\u00e4tzte Lesezeit\" \/>\n\t<meta name=\"twitter:data1\" content=\"2\u00a0Minuten\" \/>\n<script type=\"application\/ld+json\" class=\"yoast-schema-graph\">{\"@context\":\"https:\\\/\\\/schema.org\",\"@graph\":[{\"@type\":\"WebPage\",\"@id\":\"https:\\\/\\\/www.meliconi.com\\\/de\\\/produkt\\\/slimstyle-plus-100-sdr-doppelt-drehbare-tv-wandhalterung\\\/\",\"url\":\"https:\\\/\\\/www.meliconi.com\\\/de\\\/produkt\\\/slimstyle-plus-100-sdr-doppelt-drehbare-tv-wandhalterung\\\/\",\"name\":\"SLIMSTYLE PLUS 100 SDR - Meliconi - Doppelt drehbare TV-Wandhalterung\",\"isPartOf\":{\"@id\":\"https:\\\/\\\/www.meliconi.com\\\/de\\\/#website\"},\"primaryImageOfPage\":{\"@id\":\"https:\\\/\\\/www.meliconi.com\\\/de\\\/produkt\\\/slimstyle-plus-100-sdr-doppelt-drehbare-tv-wandhalterung\\\/#primaryimage\"},\"image\":{\"@id\":\"https:\\\/\\\/www.meliconi.com\\\/de\\\/produkt\\\/slimstyle-plus-100-sdr-doppelt-drehbare-tv-wandhalterung\\\/#primaryimage\"},\"thumbnailUrl\":\"https:\\\/\\\/www.meliconi.com\\\/wp-content\\\/uploads\\\/2024\\\/08\\\/480991__100-200_SPIN_SDR_nera_scatola-copia.png\",\"datePublished\":\"2024-08-07T12:11:57+00:00\",\"dateModified\":\"2024-09-12T13:35:45+00:00\",\"description\":\"Schlanke, doppelt drehbare TV-Wandhalterung f\u00fcr 26 bis 45 Zoll, einfach zu montieren und sicher. Geeignet f\u00fcr VESA 50-75-100-200 Fernseher, Tragkraft 20 kg.\",\"breadcrumb\":{\"@id\":\"https:\\\/\\\/www.meliconi.com\\\/de\\\/produkt\\\/slimstyle-plus-100-sdr-doppelt-drehbare-tv-wandhalterung\\\/#breadcrumb\"},\"inLanguage\":\"de\",\"potentialAction\":[{\"@type\":\"ReadAction\",\"target\":[\"https:\\\/\\\/www.meliconi.com\\\/de\\\/produkt\\\/slimstyle-plus-100-sdr-doppelt-drehbare-tv-wandhalterung\\\/\"]}]},{\"@type\":\"ImageObject\",\"inLanguage\":\"de\",\"@id\":\"https:\\\/\\\/www.meliconi.com\\\/de\\\/produkt\\\/slimstyle-plus-100-sdr-doppelt-drehbare-tv-wandhalterung\\\/#primaryimage\",\"url\":\"https:\\\/\\\/www.meliconi.com\\\/wp-content\\\/uploads\\\/2024\\\/08\\\/480991__100-200_SPIN_SDR_nera_scatola-copia.png\",\"contentUrl\":\"https:\\\/\\\/www.meliconi.com\\\/wp-content\\\/uploads\\\/2024\\\/08\\\/480991__100-200_SPIN_SDR_nera_scatola-copia.png\",\"width\":4787,\"height\":4187},{\"@type\":\"BreadcrumbList\",\"@id\":\"https:\\\/\\\/www.meliconi.com\\\/de\\\/produkt\\\/slimstyle-plus-100-sdr-doppelt-drehbare-tv-wandhalterung\\\/#breadcrumb\",\"itemListElement\":[{\"@type\":\"ListItem\",\"position\":1,\"name\":\"Home\",\"item\":\"https:\\\/\\\/www.meliconi.com\\\/de\\\/\"},{\"@type\":\"ListItem\",\"position\":2,\"name\":\"Shop\",\"item\":\"https:\\\/\\\/www.meliconi.com\\\/de\\\/shop-de\\\/\"},{\"@type\":\"ListItem\",\"position\":3,\"name\":\"SLIMSTYLE PLUS 100 SDR\"}]},{\"@type\":\"WebSite\",\"@id\":\"https:\\\/\\\/www.meliconi.com\\\/de\\\/#website\",\"url\":\"https:\\\/\\\/www.meliconi.com\\\/de\\\/\",\"name\":\"Meliconi\",\"description\":\"Lo specialista dell&#039;accessorio\",\"publisher\":{\"@id\":\"https:\\\/\\\/www.meliconi.com\\\/de\\\/#organization\"},\"potentialAction\":[{\"@type\":\"SearchAction\",\"target\":{\"@type\":\"EntryPoint\",\"urlTemplate\":\"https:\\\/\\\/www.meliconi.com\\\/de\\\/?s={search_term_string}\"},\"query-input\":{\"@type\":\"PropertyValueSpecification\",\"valueRequired\":true,\"valueName\":\"search_term_string\"}}],\"inLanguage\":\"de\"},{\"@type\":\"Organization\",\"@id\":\"https:\\\/\\\/www.meliconi.com\\\/de\\\/#organization\",\"name\":\"Meliconi\",\"url\":\"https:\\\/\\\/www.meliconi.com\\\/de\\\/\",\"logo\":{\"@type\":\"ImageObject\",\"inLanguage\":\"de\",\"@id\":\"https:\\\/\\\/www.meliconi.com\\\/de\\\/#\\\/schema\\\/logo\\\/image\\\/\",\"url\":\"https:\\\/\\\/www.meliconi.com\\\/wp-content\\\/uploads\\\/2021\\\/06\\\/logo-meliconi.png\",\"contentUrl\":\"https:\\\/\\\/www.meliconi.com\\\/wp-content\\\/uploads\\\/2021\\\/06\\\/logo-meliconi.png\",\"width\":338,\"height\":102,\"caption\":\"Meliconi\"},\"image\":{\"@id\":\"https:\\\/\\\/www.meliconi.com\\\/de\\\/#\\\/schema\\\/logo\\\/image\\\/\"}}]}<\/script>\n<!-- \/ Yoast SEO plugin. -->","yoast_head_json":{"title":"SLIMSTYLE PLUS 100 SDR - Meliconi - Doppelt drehbare TV-Wandhalterung","description":"Schlanke, doppelt drehbare TV-Wandhalterung f\u00fcr 26 bis 45 Zoll, einfach zu montieren und sicher. Geeignet f\u00fcr VESA 50-75-100-200 Fernseher, Tragkraft 20 kg.","robots":{"index":"index","follow":"follow","max-snippet":"max-snippet:-1","max-image-preview":"max-image-preview:large","max-video-preview":"max-video-preview:-1"},"canonical":"https:\/\/www.meliconi.com\/de\/produkt\/slimstyle-plus-100-sdr-doppelt-drehbare-tv-wandhalterung\/","og_locale":"de_DE","og_type":"article","og_title":"SLIMSTYLE PLUS 100 SDR - Meliconi - Doppelt drehbare TV-Wandhalterung","og_description":"Schlanke, doppelt drehbare TV-Wandhalterung f\u00fcr 26 bis 45 Zoll, einfach zu montieren und sicher. Geeignet f\u00fcr VESA 50-75-100-200 Fernseher, Tragkraft 20 kg.","og_url":"https:\/\/www.meliconi.com\/de\/produkt\/slimstyle-plus-100-sdr-doppelt-drehbare-tv-wandhalterung\/","og_site_name":"Meliconi","article_modified_time":"2024-09-12T13:35:45+00:00","og_image":[{"width":1024,"height":896,"url":"https:\/\/www.meliconi.com\/wp-content\/uploads\/2024\/08\/480991__100-200_SPIN_SDR_nera_scatola-copia-1024x896.png","type":"image\/png"}],"twitter_card":"summary_large_image","twitter_misc":{"Gesch\u00e4tzte Lesezeit":"2\u00a0Minuten"},"schema":{"@context":"https:\/\/schema.org","@graph":[{"@type":"WebPage","@id":"https:\/\/www.meliconi.com\/de\/produkt\/slimstyle-plus-100-sdr-doppelt-drehbare-tv-wandhalterung\/","url":"https:\/\/www.meliconi.com\/de\/produkt\/slimstyle-plus-100-sdr-doppelt-drehbare-tv-wandhalterung\/","name":"SLIMSTYLE PLUS 100 SDR - Meliconi - Doppelt drehbare TV-Wandhalterung","isPartOf":{"@id":"https:\/\/www.meliconi.com\/de\/#website"},"primaryImageOfPage":{"@id":"https:\/\/www.meliconi.com\/de\/produkt\/slimstyle-plus-100-sdr-doppelt-drehbare-tv-wandhalterung\/#primaryimage"},"image":{"@id":"https:\/\/www.meliconi.com\/de\/produkt\/slimstyle-plus-100-sdr-doppelt-drehbare-tv-wandhalterung\/#primaryimage"},"thumbnailUrl":"https:\/\/www.meliconi.com\/wp-content\/uploads\/2024\/08\/480991__100-200_SPIN_SDR_nera_scatola-copia.png","datePublished":"2024-08-07T12:11:57+00:00","dateModified":"2024-09-12T13:35:45+00:00","description":"Schlanke, doppelt drehbare TV-Wandhalterung f\u00fcr 26 bis 45 Zoll, einfach zu montieren und sicher. Geeignet f\u00fcr VESA 50-75-100-200 Fernseher, Tragkraft 20 kg.","breadcrumb":{"@id":"https:\/\/www.meliconi.com\/de\/produkt\/slimstyle-plus-100-sdr-doppelt-drehbare-tv-wandhalterung\/#breadcrumb"},"inLanguage":"de","potentialAction":[{"@type":"ReadAction","target":["https:\/\/www.meliconi.com\/de\/produkt\/slimstyle-plus-100-sdr-doppelt-drehbare-tv-wandhalterung\/"]}]},{"@type":"ImageObject","inLanguage":"de","@id":"https:\/\/www.meliconi.com\/de\/produkt\/slimstyle-plus-100-sdr-doppelt-drehbare-tv-wandhalterung\/#primaryimage","url":"https:\/\/www.meliconi.com\/wp-content\/uploads\/2024\/08\/480991__100-200_SPIN_SDR_nera_scatola-copia.png","contentUrl":"https:\/\/www.meliconi.com\/wp-content\/uploads\/2024\/08\/480991__100-200_SPIN_SDR_nera_scatola-copia.png","width":4787,"height":4187},{"@type":"BreadcrumbList","@id":"https:\/\/www.meliconi.com\/de\/produkt\/slimstyle-plus-100-sdr-doppelt-drehbare-tv-wandhalterung\/#breadcrumb","itemListElement":[{"@type":"ListItem","position":1,"name":"Home","item":"https:\/\/www.meliconi.com\/de\/"},{"@type":"ListItem","position":2,"name":"Shop","item":"https:\/\/www.meliconi.com\/de\/shop-de\/"},{"@type":"ListItem","position":3,"name":"SLIMSTYLE PLUS 100 SDR"}]},{"@type":"WebSite","@id":"https:\/\/www.meliconi.com\/de\/#website","url":"https:\/\/www.meliconi.com\/de\/","name":"Meliconi","description":"Lo specialista dell&#039;accessorio","publisher":{"@id":"https:\/\/www.meliconi.com\/de\/#organization"},"potentialAction":[{"@type":"SearchAction","target":{"@type":"EntryPoint","urlTemplate":"https:\/\/www.meliconi.com\/de\/?s={search_term_string}"},"query-input":{"@type":"PropertyValueSpecification","valueRequired":true,"valueName":"search_term_string"}}],"inLanguage":"de"},{"@type":"Organization","@id":"https:\/\/www.meliconi.com\/de\/#organization","name":"Meliconi","url":"https:\/\/www.meliconi.com\/de\/","logo":{"@type":"ImageObject","inLanguage":"de","@id":"https:\/\/www.meliconi.com\/de\/#\/schema\/logo\/image\/","url":"https:\/\/www.meliconi.com\/wp-content\/uploads\/2021\/06\/logo-meliconi.png","contentUrl":"https:\/\/www.meliconi.com\/wp-content\/uploads\/2021\/06\/logo-meliconi.png","width":338,"height":102,"caption":"Meliconi"},"image":{"@id":"https:\/\/www.meliconi.com\/de\/#\/schema\/logo\/image\/"}}]}},"_links":{"self":[{"href":"https:\/\/www.meliconi.com\/de\/wp-json\/wp\/v2\/product\/60366","targetHints":{"allow":["GET"]}}],"collection":[{"href":"https:\/\/www.meliconi.com\/de\/wp-json\/wp\/v2\/product"}],"about":[{"href":"https:\/\/www.meliconi.com\/de\/wp-json\/wp\/v2\/types\/product"}],"wp:featuredmedia":[{"embeddable":true,"href":"https:\/\/www.meliconi.com\/de\/wp-json\/wp\/v2\/media\/60367"}],"wp:attachment":[{"href":"https:\/\/www.meliconi.com\/de\/wp-json\/wp\/v2\/media?parent=60366"}],"wp:term":[{"taxonomy":"product_brand","embeddable":true,"href":"https:\/\/www.meliconi.com\/de\/wp-json\/wp\/v2\/product_brand?post=60366"},{"taxonomy":"product_cat","embeddable":true,"href":"https:\/\/www.meliconi.com\/de\/wp-json\/wp\/v2\/product_cat?post=60366"},{"taxonomy":"product_tag","embeddable":true,"href":"https:\/\/www.meliconi.com\/de\/wp-json\/wp\/v2\/product_tag?post=60366"}],"curies":[{"name":"wp","href":"https:\/\/api.w.org\/{rel}","templated":true}]}}