{"id":60361,"date":"2024-05-14T09:53:25","date_gmt":"2024-05-14T07:53:25","guid":{"rendered":"https:\/\/www.meliconi.com\/prodotto\/slimstyle-plus-100-st-cg-supporto-tv-a-parete-inclinabile-e-girevole\/"},"modified":"2024-09-12T15:03:39","modified_gmt":"2024-09-12T13:03:39","slug":"slimstyle-plus-100-st-cg-tv-halterung-mit-neigung-und-drehung","status":"publish","type":"product","link":"https:\/\/www.meliconi.com\/de\/produkt\/slimstyle-plus-100-st-cg-tv-halterung-mit-neigung-und-drehung\/","title":{"rendered":"SLIMSTYLE PLUS 100 ST"},"content":{"rendered":"<p>SLIMSTYLE PLUS ist die neue Linie von ultraflachen TV-Wandhalterungen der Marke Meliconi S.p.A., die perfekte Kombination aus fortschrittlicher Technologie, modernsten Materialien und attraktivem Design. Der zus\u00e4tzliche Schutz\u00fcberzug aus Gummi auf allen Halterungen sch\u00fctzt Ihren Fernseher langfristig, ohne auf eine extrem geringe Wandabstandstiefe (bis zu minimal 4 cm von der Wand) und absolute Sicherheit zu verzichten. Alle SLIMSTYLE PLUS Halterungen sind 100% Made in Italy, T\u00dcV-zertifiziert und haben eine 10-j\u00e4hrige Garantie.<br \/>\nDie Funktion &#8222;TILT &amp; TURN&#8220; erm\u00f6glicht es, den Fernseher zu neigen und zu drehen, um immer die beste Position zu erhalten: 1 Produkt, 2 Funktionen.<br \/>\n100 ST ist eine feste TV-Halterung mit VESA-Bohrungen 50-75-100 mm f\u00fcr Fernseher von 14-32 Zoll, geeignet f\u00fcr kleine Fernseher. Das Modell ist auch f\u00fcr Gipskartonw\u00e4nde geeignet. Die Tragf\u00e4higkeit betr\u00e4gt 20 kg, 10 kg bei Installation an Gipskartonw\u00e4nden.<\/p>\n","protected":false},"excerpt":{"rendered":"<p>Halterung mit Neigung und Drehung, auch geeignet f\u00fcr Gipskartonw\u00e4nde, f\u00fcr Fernseher von 14&#8243; bis 32&#8243;, Made in Italy, VESA 50-75-100.<\/p>\n","protected":false},"featured_media":60364,"template":"","meta":{"_acf_changed":false},"product_brand":[],"product_cat":[567],"product_tag":[],"class_list":{"0":"post-60361","1":"product","2":"type-product","3":"status-publish","4":"has-post-thumbnail","6":"product_cat-slimstyle-plus-de","8":"first","9":"instock","10":"taxable","11":"shipping-taxable","12":"product-type-simple"},"acf":[],"yoast_head":"<!-- This site is optimized with the Yoast SEO plugin v27.4 - https:\/\/yoast.com\/product\/yoast-seo-wordpress\/ -->\n<title>SLIMSTYLE PLUS 100 ST - Meliconi TV-Halterung mit Neigung und Drehung<\/title>\n<meta name=\"description\" content=\"Wandhalterung f\u00fcr TV, neigbar und schwenkbar, 100 ST, kompatibel mit VESA 50-75-100 mm f\u00fcr Fernseher von 14 bis 32 Zoll. Made in Italy, T\u00dcV-zertifiziert.\" \/>\n<meta name=\"robots\" content=\"index, follow, max-snippet:-1, max-image-preview:large, max-video-preview:-1\" \/>\n<link rel=\"canonical\" href=\"https:\/\/www.meliconi.com\/de\/produkt\/slimstyle-plus-100-st-cg-tv-halterung-mit-neigung-und-drehung\/\" \/>\n<meta property=\"og:locale\" content=\"de_DE\" \/>\n<meta property=\"og:type\" content=\"article\" \/>\n<meta property=\"og:title\" content=\"SLIMSTYLE PLUS 100 ST - Meliconi TV-Halterung mit Neigung und Drehung\" \/>\n<meta property=\"og:description\" content=\"Wandhalterung f\u00fcr TV, neigbar und schwenkbar, 100 ST, kompatibel mit VESA 50-75-100 mm f\u00fcr Fernseher von 14 bis 32 Zoll. Made in Italy, T\u00dcV-zertifiziert.\" \/>\n<meta property=\"og:url\" content=\"https:\/\/www.meliconi.com\/de\/produkt\/slimstyle-plus-100-st-cg-tv-halterung-mit-neigung-und-drehung\/\" \/>\n<meta property=\"og:site_name\" content=\"Meliconi\" \/>\n<meta property=\"article:modified_time\" content=\"2024-09-12T13:03:39+00:00\" \/>\n<meta property=\"og:image\" content=\"https:\/\/www.meliconi.com\/wp-content\/uploads\/2024\/05\/480959_SLIM-STYLE-Plus-100-ST-front-2-580x1024.png\" \/>\n\t<meta property=\"og:image:width\" content=\"580\" \/>\n\t<meta property=\"og:image:height\" content=\"1024\" \/>\n\t<meta property=\"og:image:type\" content=\"image\/png\" \/>\n<meta name=\"twitter:card\" content=\"summary_large_image\" \/>\n<meta name=\"twitter:label1\" content=\"Gesch\u00e4tzte Lesezeit\" \/>\n\t<meta name=\"twitter:data1\" content=\"1\u00a0Minute\" \/>\n<script type=\"application\/ld+json\" class=\"yoast-schema-graph\">{\"@context\":\"https:\\\/\\\/schema.org\",\"@graph\":[{\"@type\":\"WebPage\",\"@id\":\"https:\\\/\\\/www.meliconi.com\\\/de\\\/produkt\\\/slimstyle-plus-100-st-cg-tv-halterung-mit-neigung-und-drehung\\\/\",\"url\":\"https:\\\/\\\/www.meliconi.com\\\/de\\\/produkt\\\/slimstyle-plus-100-st-cg-tv-halterung-mit-neigung-und-drehung\\\/\",\"name\":\"SLIMSTYLE PLUS 100 ST - Meliconi TV-Halterung mit Neigung und Drehung\",\"isPartOf\":{\"@id\":\"https:\\\/\\\/www.meliconi.com\\\/de\\\/#website\"},\"primaryImageOfPage\":{\"@id\":\"https:\\\/\\\/www.meliconi.com\\\/de\\\/produkt\\\/slimstyle-plus-100-st-cg-tv-halterung-mit-neigung-und-drehung\\\/#primaryimage\"},\"image\":{\"@id\":\"https:\\\/\\\/www.meliconi.com\\\/de\\\/produkt\\\/slimstyle-plus-100-st-cg-tv-halterung-mit-neigung-und-drehung\\\/#primaryimage\"},\"thumbnailUrl\":\"https:\\\/\\\/www.meliconi.com\\\/wp-content\\\/uploads\\\/2024\\\/05\\\/480959_SLIM-STYLE-Plus-100-ST-front-2.png\",\"datePublished\":\"2024-05-14T07:53:25+00:00\",\"dateModified\":\"2024-09-12T13:03:39+00:00\",\"description\":\"Wandhalterung f\u00fcr TV, neigbar und schwenkbar, 100 ST, kompatibel mit VESA 50-75-100 mm f\u00fcr Fernseher von 14 bis 32 Zoll. Made in Italy, T\u00dcV-zertifiziert.\",\"breadcrumb\":{\"@id\":\"https:\\\/\\\/www.meliconi.com\\\/de\\\/produkt\\\/slimstyle-plus-100-st-cg-tv-halterung-mit-neigung-und-drehung\\\/#breadcrumb\"},\"inLanguage\":\"de\",\"potentialAction\":[{\"@type\":\"ReadAction\",\"target\":[\"https:\\\/\\\/www.meliconi.com\\\/de\\\/produkt\\\/slimstyle-plus-100-st-cg-tv-halterung-mit-neigung-und-drehung\\\/\"]}]},{\"@type\":\"ImageObject\",\"inLanguage\":\"de\",\"@id\":\"https:\\\/\\\/www.meliconi.com\\\/de\\\/produkt\\\/slimstyle-plus-100-st-cg-tv-halterung-mit-neigung-und-drehung\\\/#primaryimage\",\"url\":\"https:\\\/\\\/www.meliconi.com\\\/wp-content\\\/uploads\\\/2024\\\/05\\\/480959_SLIM-STYLE-Plus-100-ST-front-2.png\",\"contentUrl\":\"https:\\\/\\\/www.meliconi.com\\\/wp-content\\\/uploads\\\/2024\\\/05\\\/480959_SLIM-STYLE-Plus-100-ST-front-2.png\",\"width\":1500,\"height\":2647},{\"@type\":\"BreadcrumbList\",\"@id\":\"https:\\\/\\\/www.meliconi.com\\\/de\\\/produkt\\\/slimstyle-plus-100-st-cg-tv-halterung-mit-neigung-und-drehung\\\/#breadcrumb\",\"itemListElement\":[{\"@type\":\"ListItem\",\"position\":1,\"name\":\"Home\",\"item\":\"https:\\\/\\\/www.meliconi.com\\\/de\\\/\"},{\"@type\":\"ListItem\",\"position\":2,\"name\":\"Shop\",\"item\":\"https:\\\/\\\/www.meliconi.com\\\/de\\\/shop-de\\\/\"},{\"@type\":\"ListItem\",\"position\":3,\"name\":\"SLIMSTYLE PLUS 100 ST\"}]},{\"@type\":\"WebSite\",\"@id\":\"https:\\\/\\\/www.meliconi.com\\\/de\\\/#website\",\"url\":\"https:\\\/\\\/www.meliconi.com\\\/de\\\/\",\"name\":\"Meliconi\",\"description\":\"Lo specialista dell&#039;accessorio\",\"publisher\":{\"@id\":\"https:\\\/\\\/www.meliconi.com\\\/de\\\/#organization\"},\"potentialAction\":[{\"@type\":\"SearchAction\",\"target\":{\"@type\":\"EntryPoint\",\"urlTemplate\":\"https:\\\/\\\/www.meliconi.com\\\/de\\\/?s={search_term_string}\"},\"query-input\":{\"@type\":\"PropertyValueSpecification\",\"valueRequired\":true,\"valueName\":\"search_term_string\"}}],\"inLanguage\":\"de\"},{\"@type\":\"Organization\",\"@id\":\"https:\\\/\\\/www.meliconi.com\\\/de\\\/#organization\",\"name\":\"Meliconi\",\"url\":\"https:\\\/\\\/www.meliconi.com\\\/de\\\/\",\"logo\":{\"@type\":\"ImageObject\",\"inLanguage\":\"de\",\"@id\":\"https:\\\/\\\/www.meliconi.com\\\/de\\\/#\\\/schema\\\/logo\\\/image\\\/\",\"url\":\"https:\\\/\\\/www.meliconi.com\\\/wp-content\\\/uploads\\\/2021\\\/06\\\/logo-meliconi.png\",\"contentUrl\":\"https:\\\/\\\/www.meliconi.com\\\/wp-content\\\/uploads\\\/2021\\\/06\\\/logo-meliconi.png\",\"width\":338,\"height\":102,\"caption\":\"Meliconi\"},\"image\":{\"@id\":\"https:\\\/\\\/www.meliconi.com\\\/de\\\/#\\\/schema\\\/logo\\\/image\\\/\"}}]}<\/script>\n<!-- \/ Yoast SEO plugin. -->","yoast_head_json":{"title":"SLIMSTYLE PLUS 100 ST - Meliconi TV-Halterung mit Neigung und Drehung","description":"Wandhalterung f\u00fcr TV, neigbar und schwenkbar, 100 ST, kompatibel mit VESA 50-75-100 mm f\u00fcr Fernseher von 14 bis 32 Zoll. Made in Italy, T\u00dcV-zertifiziert.","robots":{"index":"index","follow":"follow","max-snippet":"max-snippet:-1","max-image-preview":"max-image-preview:large","max-video-preview":"max-video-preview:-1"},"canonical":"https:\/\/www.meliconi.com\/de\/produkt\/slimstyle-plus-100-st-cg-tv-halterung-mit-neigung-und-drehung\/","og_locale":"de_DE","og_type":"article","og_title":"SLIMSTYLE PLUS 100 ST - Meliconi TV-Halterung mit Neigung und Drehung","og_description":"Wandhalterung f\u00fcr TV, neigbar und schwenkbar, 100 ST, kompatibel mit VESA 50-75-100 mm f\u00fcr Fernseher von 14 bis 32 Zoll. Made in Italy, T\u00dcV-zertifiziert.","og_url":"https:\/\/www.meliconi.com\/de\/produkt\/slimstyle-plus-100-st-cg-tv-halterung-mit-neigung-und-drehung\/","og_site_name":"Meliconi","article_modified_time":"2024-09-12T13:03:39+00:00","og_image":[{"width":580,"height":1024,"url":"https:\/\/www.meliconi.com\/wp-content\/uploads\/2024\/05\/480959_SLIM-STYLE-Plus-100-ST-front-2-580x1024.png","type":"image\/png"}],"twitter_card":"summary_large_image","twitter_misc":{"Gesch\u00e4tzte Lesezeit":"1\u00a0Minute"},"schema":{"@context":"https:\/\/schema.org","@graph":[{"@type":"WebPage","@id":"https:\/\/www.meliconi.com\/de\/produkt\/slimstyle-plus-100-st-cg-tv-halterung-mit-neigung-und-drehung\/","url":"https:\/\/www.meliconi.com\/de\/produkt\/slimstyle-plus-100-st-cg-tv-halterung-mit-neigung-und-drehung\/","name":"SLIMSTYLE PLUS 100 ST - Meliconi TV-Halterung mit Neigung und Drehung","isPartOf":{"@id":"https:\/\/www.meliconi.com\/de\/#website"},"primaryImageOfPage":{"@id":"https:\/\/www.meliconi.com\/de\/produkt\/slimstyle-plus-100-st-cg-tv-halterung-mit-neigung-und-drehung\/#primaryimage"},"image":{"@id":"https:\/\/www.meliconi.com\/de\/produkt\/slimstyle-plus-100-st-cg-tv-halterung-mit-neigung-und-drehung\/#primaryimage"},"thumbnailUrl":"https:\/\/www.meliconi.com\/wp-content\/uploads\/2024\/05\/480959_SLIM-STYLE-Plus-100-ST-front-2.png","datePublished":"2024-05-14T07:53:25+00:00","dateModified":"2024-09-12T13:03:39+00:00","description":"Wandhalterung f\u00fcr TV, neigbar und schwenkbar, 100 ST, kompatibel mit VESA 50-75-100 mm f\u00fcr Fernseher von 14 bis 32 Zoll. Made in Italy, T\u00dcV-zertifiziert.","breadcrumb":{"@id":"https:\/\/www.meliconi.com\/de\/produkt\/slimstyle-plus-100-st-cg-tv-halterung-mit-neigung-und-drehung\/#breadcrumb"},"inLanguage":"de","potentialAction":[{"@type":"ReadAction","target":["https:\/\/www.meliconi.com\/de\/produkt\/slimstyle-plus-100-st-cg-tv-halterung-mit-neigung-und-drehung\/"]}]},{"@type":"ImageObject","inLanguage":"de","@id":"https:\/\/www.meliconi.com\/de\/produkt\/slimstyle-plus-100-st-cg-tv-halterung-mit-neigung-und-drehung\/#primaryimage","url":"https:\/\/www.meliconi.com\/wp-content\/uploads\/2024\/05\/480959_SLIM-STYLE-Plus-100-ST-front-2.png","contentUrl":"https:\/\/www.meliconi.com\/wp-content\/uploads\/2024\/05\/480959_SLIM-STYLE-Plus-100-ST-front-2.png","width":1500,"height":2647},{"@type":"BreadcrumbList","@id":"https:\/\/www.meliconi.com\/de\/produkt\/slimstyle-plus-100-st-cg-tv-halterung-mit-neigung-und-drehung\/#breadcrumb","itemListElement":[{"@type":"ListItem","position":1,"name":"Home","item":"https:\/\/www.meliconi.com\/de\/"},{"@type":"ListItem","position":2,"name":"Shop","item":"https:\/\/www.meliconi.com\/de\/shop-de\/"},{"@type":"ListItem","position":3,"name":"SLIMSTYLE PLUS 100 ST"}]},{"@type":"WebSite","@id":"https:\/\/www.meliconi.com\/de\/#website","url":"https:\/\/www.meliconi.com\/de\/","name":"Meliconi","description":"Lo specialista dell&#039;accessorio","publisher":{"@id":"https:\/\/www.meliconi.com\/de\/#organization"},"potentialAction":[{"@type":"SearchAction","target":{"@type":"EntryPoint","urlTemplate":"https:\/\/www.meliconi.com\/de\/?s={search_term_string}"},"query-input":{"@type":"PropertyValueSpecification","valueRequired":true,"valueName":"search_term_string"}}],"inLanguage":"de"},{"@type":"Organization","@id":"https:\/\/www.meliconi.com\/de\/#organization","name":"Meliconi","url":"https:\/\/www.meliconi.com\/de\/","logo":{"@type":"ImageObject","inLanguage":"de","@id":"https:\/\/www.meliconi.com\/de\/#\/schema\/logo\/image\/","url":"https:\/\/www.meliconi.com\/wp-content\/uploads\/2021\/06\/logo-meliconi.png","contentUrl":"https:\/\/www.meliconi.com\/wp-content\/uploads\/2021\/06\/logo-meliconi.png","width":338,"height":102,"caption":"Meliconi"},"image":{"@id":"https:\/\/www.meliconi.com\/de\/#\/schema\/logo\/image\/"}}]}},"_links":{"self":[{"href":"https:\/\/www.meliconi.com\/de\/wp-json\/wp\/v2\/product\/60361","targetHints":{"allow":["GET"]}}],"collection":[{"href":"https:\/\/www.meliconi.com\/de\/wp-json\/wp\/v2\/product"}],"about":[{"href":"https:\/\/www.meliconi.com\/de\/wp-json\/wp\/v2\/types\/product"}],"wp:featuredmedia":[{"embeddable":true,"href":"https:\/\/www.meliconi.com\/de\/wp-json\/wp\/v2\/media\/60364"}],"wp:attachment":[{"href":"https:\/\/www.meliconi.com\/de\/wp-json\/wp\/v2\/media?parent=60361"}],"wp:term":[{"taxonomy":"product_brand","embeddable":true,"href":"https:\/\/www.meliconi.com\/de\/wp-json\/wp\/v2\/product_brand?post=60361"},{"taxonomy":"product_cat","embeddable":true,"href":"https:\/\/www.meliconi.com\/de\/wp-json\/wp\/v2\/product_cat?post=60361"},{"taxonomy":"product_tag","embeddable":true,"href":"https:\/\/www.meliconi.com\/de\/wp-json\/wp\/v2\/product_tag?post=60361"}],"curies":[{"name":"wp","href":"https:\/\/api.w.org\/{rel}","templated":true}]}}