{"id":60343,"date":"2021-06-25T16:10:18","date_gmt":"2021-06-25T16:10:18","guid":{"rendered":"https:\/\/www.meliconi.com\/prodotto\/rotobase-elite-m-supporto-tv-da-tavolo\/"},"modified":"2024-09-11T17:16:22","modified_gmt":"2024-09-11T15:16:22","slug":"rotobase-elite-m-tv-tischstaender","status":"publish","type":"product","link":"https:\/\/www.meliconi.com\/de\/produkt\/rotobase-elite-m-tv-tischstaender\/","title":{"rendered":"Rotobase Elite M"},"content":{"rendered":"<p>Der Rotobase Elite M ist ein drehbarer TV-St\u00e4nder, der f\u00fcr maximale Flexibilit\u00e4t und Robustheit entwickelt wurde. Dieser elegante Tisch-TV-St\u00e4nder aus geh\u00e4rtetem Glas hat Abmessungen von 55 cm x 30 cm und eine H\u00f6he von 2 cm. Er kann Fernseher mit einem maximalen Gewicht von bis zu 70 kg tragen. Das Hauptmerkmal des Rotobase Elite M ist seine 360\u00b0-Drehf\u00e4higkeit, die es erm\u00f6glicht, den Fernseher in jede Richtung zu drehen, um eine optimale Sicht zu gew\u00e4hrleisten.<br \/>\nErh\u00e4ltlich in den Farben Schwarz (Art. 469100) und Wei\u00df (Art. 469101), wird er mit einer 10-j\u00e4hrigen Garantie geliefert. Hergestellt in Italien, kombiniert der Rotobase Elite M Funktionalit\u00e4t und Design, um das Fernseherlebnis zu verbessern.<\/p>\n","protected":false},"excerpt":{"rendered":"<p>TV-Tischst\u00e4nder<\/p>\n","protected":false},"featured_media":60344,"template":"","meta":{"_acf_changed":false},"product_brand":[],"product_cat":[1199],"product_tag":[],"class_list":{"0":"post-60343","1":"product","2":"type-product","3":"status-publish","4":"has-post-thumbnail","6":"product_cat-basis-fur-tv","8":"first","9":"instock","10":"taxable","11":"shipping-taxable","12":"purchasable","13":"product-type-variable"},"acf":[],"yoast_head":"<!-- This site is optimized with the Yoast SEO plugin v27.4 - https:\/\/yoast.com\/product\/yoast-seo-wordpress\/ -->\n<title>Rotobase Elite M - Meliconi - TV-Tischst\u00e4nder<\/title>\n<meta name=\"description\" content=\"TV-Tischst\u00e4nder aus geh\u00e4rtetem Glas. Abmessungen: 55x30x2 cm, Tragf\u00e4higkeit 70 kg, 360\u00b0 drehbar, Farben Schwarz und Wei\u00df, 10 Jahre Garantie, Made in Italy.\" \/>\n<meta name=\"robots\" content=\"index, follow, max-snippet:-1, max-image-preview:large, max-video-preview:-1\" \/>\n<link rel=\"canonical\" href=\"https:\/\/www.meliconi.com\/de\/produkt\/rotobase-elite-m-tv-tischstaender\/\" \/>\n<meta property=\"og:locale\" content=\"de_DE\" \/>\n<meta property=\"og:type\" content=\"article\" \/>\n<meta property=\"og:title\" content=\"Rotobase Elite M - Meliconi - TV-Tischst\u00e4nder\" \/>\n<meta property=\"og:description\" content=\"TV-Tischst\u00e4nder aus geh\u00e4rtetem Glas. Abmessungen: 55x30x2 cm, Tragf\u00e4higkeit 70 kg, 360\u00b0 drehbar, Farben Schwarz und Wei\u00df, 10 Jahre Garantie, Made in Italy.\" \/>\n<meta property=\"og:url\" content=\"https:\/\/www.meliconi.com\/de\/produkt\/rotobase-elite-m-tv-tischstaender\/\" \/>\n<meta property=\"og:site_name\" content=\"Meliconi\" \/>\n<meta property=\"article:modified_time\" content=\"2024-09-11T15:16:22+00:00\" \/>\n<meta property=\"og:image\" content=\"https:\/\/www.meliconi.com\/wp-content\/uploads\/2021\/06\/469100-_-Rotobase-Elite-M.jpg\" \/>\n\t<meta property=\"og:image:width\" content=\"1772\" \/>\n\t<meta property=\"og:image:height\" content=\"499\" \/>\n\t<meta property=\"og:image:type\" content=\"image\/jpeg\" \/>\n<meta name=\"twitter:card\" content=\"summary_large_image\" \/>\n<meta name=\"twitter:label1\" content=\"Gesch\u00e4tzte Lesezeit\" \/>\n\t<meta name=\"twitter:data1\" content=\"1\u00a0Minute\" \/>\n<script type=\"application\/ld+json\" class=\"yoast-schema-graph\">{\"@context\":\"https:\\\/\\\/schema.org\",\"@graph\":[{\"@type\":\"WebPage\",\"@id\":\"https:\\\/\\\/www.meliconi.com\\\/de\\\/produkt\\\/rotobase-elite-m-tv-tischstaender\\\/\",\"url\":\"https:\\\/\\\/www.meliconi.com\\\/de\\\/produkt\\\/rotobase-elite-m-tv-tischstaender\\\/\",\"name\":\"Rotobase Elite M - Meliconi - TV-Tischst\u00e4nder\",\"isPartOf\":{\"@id\":\"https:\\\/\\\/www.meliconi.com\\\/de\\\/#website\"},\"primaryImageOfPage\":{\"@id\":\"https:\\\/\\\/www.meliconi.com\\\/de\\\/produkt\\\/rotobase-elite-m-tv-tischstaender\\\/#primaryimage\"},\"image\":{\"@id\":\"https:\\\/\\\/www.meliconi.com\\\/de\\\/produkt\\\/rotobase-elite-m-tv-tischstaender\\\/#primaryimage\"},\"thumbnailUrl\":\"https:\\\/\\\/www.meliconi.com\\\/wp-content\\\/uploads\\\/2021\\\/06\\\/469100-_-Rotobase-Elite-M.jpg\",\"datePublished\":\"2021-06-25T16:10:18+00:00\",\"dateModified\":\"2024-09-11T15:16:22+00:00\",\"description\":\"TV-Tischst\u00e4nder aus geh\u00e4rtetem Glas. Abmessungen: 55x30x2 cm, Tragf\u00e4higkeit 70 kg, 360\u00b0 drehbar, Farben Schwarz und Wei\u00df, 10 Jahre Garantie, Made in Italy.\",\"breadcrumb\":{\"@id\":\"https:\\\/\\\/www.meliconi.com\\\/de\\\/produkt\\\/rotobase-elite-m-tv-tischstaender\\\/#breadcrumb\"},\"inLanguage\":\"de\",\"potentialAction\":[{\"@type\":\"ReadAction\",\"target\":[\"https:\\\/\\\/www.meliconi.com\\\/de\\\/produkt\\\/rotobase-elite-m-tv-tischstaender\\\/\"]}]},{\"@type\":\"ImageObject\",\"inLanguage\":\"de\",\"@id\":\"https:\\\/\\\/www.meliconi.com\\\/de\\\/produkt\\\/rotobase-elite-m-tv-tischstaender\\\/#primaryimage\",\"url\":\"https:\\\/\\\/www.meliconi.com\\\/wp-content\\\/uploads\\\/2021\\\/06\\\/469100-_-Rotobase-Elite-M.jpg\",\"contentUrl\":\"https:\\\/\\\/www.meliconi.com\\\/wp-content\\\/uploads\\\/2021\\\/06\\\/469100-_-Rotobase-Elite-M.jpg\",\"width\":1772,\"height\":499},{\"@type\":\"BreadcrumbList\",\"@id\":\"https:\\\/\\\/www.meliconi.com\\\/de\\\/produkt\\\/rotobase-elite-m-tv-tischstaender\\\/#breadcrumb\",\"itemListElement\":[{\"@type\":\"ListItem\",\"position\":1,\"name\":\"Home\",\"item\":\"https:\\\/\\\/www.meliconi.com\\\/de\\\/\"},{\"@type\":\"ListItem\",\"position\":2,\"name\":\"Shop\",\"item\":\"https:\\\/\\\/www.meliconi.com\\\/de\\\/shop-de\\\/\"},{\"@type\":\"ListItem\",\"position\":3,\"name\":\"Rotobase Elite M\"}]},{\"@type\":\"WebSite\",\"@id\":\"https:\\\/\\\/www.meliconi.com\\\/de\\\/#website\",\"url\":\"https:\\\/\\\/www.meliconi.com\\\/de\\\/\",\"name\":\"Meliconi\",\"description\":\"Lo specialista dell&#039;accessorio\",\"publisher\":{\"@id\":\"https:\\\/\\\/www.meliconi.com\\\/de\\\/#organization\"},\"potentialAction\":[{\"@type\":\"SearchAction\",\"target\":{\"@type\":\"EntryPoint\",\"urlTemplate\":\"https:\\\/\\\/www.meliconi.com\\\/de\\\/?s={search_term_string}\"},\"query-input\":{\"@type\":\"PropertyValueSpecification\",\"valueRequired\":true,\"valueName\":\"search_term_string\"}}],\"inLanguage\":\"de\"},{\"@type\":\"Organization\",\"@id\":\"https:\\\/\\\/www.meliconi.com\\\/de\\\/#organization\",\"name\":\"Meliconi\",\"url\":\"https:\\\/\\\/www.meliconi.com\\\/de\\\/\",\"logo\":{\"@type\":\"ImageObject\",\"inLanguage\":\"de\",\"@id\":\"https:\\\/\\\/www.meliconi.com\\\/de\\\/#\\\/schema\\\/logo\\\/image\\\/\",\"url\":\"https:\\\/\\\/www.meliconi.com\\\/wp-content\\\/uploads\\\/2021\\\/06\\\/logo-meliconi.png\",\"contentUrl\":\"https:\\\/\\\/www.meliconi.com\\\/wp-content\\\/uploads\\\/2021\\\/06\\\/logo-meliconi.png\",\"width\":338,\"height\":102,\"caption\":\"Meliconi\"},\"image\":{\"@id\":\"https:\\\/\\\/www.meliconi.com\\\/de\\\/#\\\/schema\\\/logo\\\/image\\\/\"}}]}<\/script>\n<!-- \/ Yoast SEO plugin. -->","yoast_head_json":{"title":"Rotobase Elite M - Meliconi - TV-Tischst\u00e4nder","description":"TV-Tischst\u00e4nder aus geh\u00e4rtetem Glas. Abmessungen: 55x30x2 cm, Tragf\u00e4higkeit 70 kg, 360\u00b0 drehbar, Farben Schwarz und Wei\u00df, 10 Jahre Garantie, Made in Italy.","robots":{"index":"index","follow":"follow","max-snippet":"max-snippet:-1","max-image-preview":"max-image-preview:large","max-video-preview":"max-video-preview:-1"},"canonical":"https:\/\/www.meliconi.com\/de\/produkt\/rotobase-elite-m-tv-tischstaender\/","og_locale":"de_DE","og_type":"article","og_title":"Rotobase Elite M - Meliconi - TV-Tischst\u00e4nder","og_description":"TV-Tischst\u00e4nder aus geh\u00e4rtetem Glas. Abmessungen: 55x30x2 cm, Tragf\u00e4higkeit 70 kg, 360\u00b0 drehbar, Farben Schwarz und Wei\u00df, 10 Jahre Garantie, Made in Italy.","og_url":"https:\/\/www.meliconi.com\/de\/produkt\/rotobase-elite-m-tv-tischstaender\/","og_site_name":"Meliconi","article_modified_time":"2024-09-11T15:16:22+00:00","og_image":[{"width":1772,"height":499,"url":"https:\/\/www.meliconi.com\/wp-content\/uploads\/2021\/06\/469100-_-Rotobase-Elite-M.jpg","type":"image\/jpeg"}],"twitter_card":"summary_large_image","twitter_misc":{"Gesch\u00e4tzte Lesezeit":"1\u00a0Minute"},"schema":{"@context":"https:\/\/schema.org","@graph":[{"@type":"WebPage","@id":"https:\/\/www.meliconi.com\/de\/produkt\/rotobase-elite-m-tv-tischstaender\/","url":"https:\/\/www.meliconi.com\/de\/produkt\/rotobase-elite-m-tv-tischstaender\/","name":"Rotobase Elite M - Meliconi - TV-Tischst\u00e4nder","isPartOf":{"@id":"https:\/\/www.meliconi.com\/de\/#website"},"primaryImageOfPage":{"@id":"https:\/\/www.meliconi.com\/de\/produkt\/rotobase-elite-m-tv-tischstaender\/#primaryimage"},"image":{"@id":"https:\/\/www.meliconi.com\/de\/produkt\/rotobase-elite-m-tv-tischstaender\/#primaryimage"},"thumbnailUrl":"https:\/\/www.meliconi.com\/wp-content\/uploads\/2021\/06\/469100-_-Rotobase-Elite-M.jpg","datePublished":"2021-06-25T16:10:18+00:00","dateModified":"2024-09-11T15:16:22+00:00","description":"TV-Tischst\u00e4nder aus geh\u00e4rtetem Glas. Abmessungen: 55x30x2 cm, Tragf\u00e4higkeit 70 kg, 360\u00b0 drehbar, Farben Schwarz und Wei\u00df, 10 Jahre Garantie, Made in Italy.","breadcrumb":{"@id":"https:\/\/www.meliconi.com\/de\/produkt\/rotobase-elite-m-tv-tischstaender\/#breadcrumb"},"inLanguage":"de","potentialAction":[{"@type":"ReadAction","target":["https:\/\/www.meliconi.com\/de\/produkt\/rotobase-elite-m-tv-tischstaender\/"]}]},{"@type":"ImageObject","inLanguage":"de","@id":"https:\/\/www.meliconi.com\/de\/produkt\/rotobase-elite-m-tv-tischstaender\/#primaryimage","url":"https:\/\/www.meliconi.com\/wp-content\/uploads\/2021\/06\/469100-_-Rotobase-Elite-M.jpg","contentUrl":"https:\/\/www.meliconi.com\/wp-content\/uploads\/2021\/06\/469100-_-Rotobase-Elite-M.jpg","width":1772,"height":499},{"@type":"BreadcrumbList","@id":"https:\/\/www.meliconi.com\/de\/produkt\/rotobase-elite-m-tv-tischstaender\/#breadcrumb","itemListElement":[{"@type":"ListItem","position":1,"name":"Home","item":"https:\/\/www.meliconi.com\/de\/"},{"@type":"ListItem","position":2,"name":"Shop","item":"https:\/\/www.meliconi.com\/de\/shop-de\/"},{"@type":"ListItem","position":3,"name":"Rotobase Elite M"}]},{"@type":"WebSite","@id":"https:\/\/www.meliconi.com\/de\/#website","url":"https:\/\/www.meliconi.com\/de\/","name":"Meliconi","description":"Lo specialista dell&#039;accessorio","publisher":{"@id":"https:\/\/www.meliconi.com\/de\/#organization"},"potentialAction":[{"@type":"SearchAction","target":{"@type":"EntryPoint","urlTemplate":"https:\/\/www.meliconi.com\/de\/?s={search_term_string}"},"query-input":{"@type":"PropertyValueSpecification","valueRequired":true,"valueName":"search_term_string"}}],"inLanguage":"de"},{"@type":"Organization","@id":"https:\/\/www.meliconi.com\/de\/#organization","name":"Meliconi","url":"https:\/\/www.meliconi.com\/de\/","logo":{"@type":"ImageObject","inLanguage":"de","@id":"https:\/\/www.meliconi.com\/de\/#\/schema\/logo\/image\/","url":"https:\/\/www.meliconi.com\/wp-content\/uploads\/2021\/06\/logo-meliconi.png","contentUrl":"https:\/\/www.meliconi.com\/wp-content\/uploads\/2021\/06\/logo-meliconi.png","width":338,"height":102,"caption":"Meliconi"},"image":{"@id":"https:\/\/www.meliconi.com\/de\/#\/schema\/logo\/image\/"}}]}},"_links":{"self":[{"href":"https:\/\/www.meliconi.com\/de\/wp-json\/wp\/v2\/product\/60343","targetHints":{"allow":["GET"]}}],"collection":[{"href":"https:\/\/www.meliconi.com\/de\/wp-json\/wp\/v2\/product"}],"about":[{"href":"https:\/\/www.meliconi.com\/de\/wp-json\/wp\/v2\/types\/product"}],"wp:featuredmedia":[{"embeddable":true,"href":"https:\/\/www.meliconi.com\/de\/wp-json\/wp\/v2\/media\/60344"}],"wp:attachment":[{"href":"https:\/\/www.meliconi.com\/de\/wp-json\/wp\/v2\/media?parent=60343"}],"wp:term":[{"taxonomy":"product_brand","embeddable":true,"href":"https:\/\/www.meliconi.com\/de\/wp-json\/wp\/v2\/product_brand?post=60343"},{"taxonomy":"product_cat","embeddable":true,"href":"https:\/\/www.meliconi.com\/de\/wp-json\/wp\/v2\/product_cat?post=60343"},{"taxonomy":"product_tag","embeddable":true,"href":"https:\/\/www.meliconi.com\/de\/wp-json\/wp\/v2\/product_tag?post=60343"}],"curies":[{"name":"wp","href":"https:\/\/api.w.org\/{rel}","templated":true}]}}