{"id":60305,"date":"2021-06-25T15:56:34","date_gmt":"2021-06-25T15:56:34","guid":{"rendered":"https:\/\/www.meliconi.com\/prodotto\/cme-er200-supporto-meliconi-per-tv-con-rotazione\/"},"modified":"2024-10-08T16:17:56","modified_gmt":"2024-10-08T14:17:56","slug":"cme-er200-meliconi-tv-halterung-mit-rotation","status":"publish","type":"product","link":"https:\/\/www.meliconi.com\/de\/produkt\/cme-er200-meliconi-tv-halterung-mit-rotation\/","title":{"rendered":"CME ER200"},"content":{"rendered":"<p>CME ist die Linie von preisg\u00fcnstigen TV-Halterungen, die f\u00fcr diejenigen gedacht ist, die Meliconi-Qualit\u00e4t zu erschwinglichen Preisen suchen.<br \/>\nDer ER200 ist eine Halterung mit einem Arm, der f\u00fcr alle Fernseher mit VESA-Bohrung 75-100-200 mm geeignet ist. Der Arm erm\u00f6glicht es, den Bildschirm von der Wand wegzubewegen und ihn sowohl vertikal als auch horizontal bis zu 45\u00b0 zu neigen (abh\u00e4ngig von der Gr\u00f6\u00dfe des Fernsehers).<br \/>\nDer ER200 ist 100% Made in Italy.<\/p>\n","protected":false},"excerpt":{"rendered":"<p>TV-Halterung mit einem Arm<\/p>\n","protected":false},"featured_media":60306,"template":"","meta":{"_acf_changed":false},"product_brand":[],"product_cat":[1206],"product_tag":[],"class_list":{"0":"post-60305","1":"product","2":"type-product","3":"status-publish","4":"has-post-thumbnail","6":"product_cat-cme-de","8":"first","9":"instock","10":"taxable","11":"shipping-taxable","12":"product-type-simple"},"acf":[],"yoast_head":"<!-- This site is optimized with the Yoast SEO plugin v27.4 - https:\/\/yoast.com\/product\/yoast-seo-wordpress\/ -->\n<title>CME ER200 - Meliconi - Meliconi TV-Halterung mit Rotation<\/title>\n<meta name=\"description\" content=\"Meliconi TV-Halterung mit Rotation, geeignet f\u00fcr Fernseher mit VESA-Bohrung 75-100-200 mm. Der Arm erm\u00f6glicht eine Neigung bis zu 45\u00b0. 100 % Made in Italy.\" \/>\n<meta name=\"robots\" content=\"index, follow, max-snippet:-1, max-image-preview:large, max-video-preview:-1\" \/>\n<link rel=\"canonical\" href=\"https:\/\/www.meliconi.com\/de\/produkt\/cme-er200-meliconi-tv-halterung-mit-rotation\/\" \/>\n<meta property=\"og:locale\" content=\"de_DE\" \/>\n<meta property=\"og:type\" content=\"article\" \/>\n<meta property=\"og:title\" content=\"CME ER200 - Meliconi - Meliconi TV-Halterung mit Rotation\" \/>\n<meta property=\"og:description\" content=\"Meliconi TV-Halterung mit Rotation, geeignet f\u00fcr Fernseher mit VESA-Bohrung 75-100-200 mm. Der Arm erm\u00f6glicht eine Neigung bis zu 45\u00b0. 100 % Made in Italy.\" \/>\n<meta property=\"og:url\" content=\"https:\/\/www.meliconi.com\/de\/produkt\/cme-er200-meliconi-tv-halterung-mit-rotation\/\" \/>\n<meta property=\"og:site_name\" content=\"Meliconi\" \/>\n<meta property=\"article:modified_time\" content=\"2024-10-08T14:17:56+00:00\" \/>\n<meta property=\"og:image\" content=\"https:\/\/www.meliconi.com\/wp-content\/uploads\/2021\/06\/Immagine11_Nt2Ajfj.png\" \/>\n\t<meta property=\"og:image:width\" content=\"573\" \/>\n\t<meta property=\"og:image:height\" content=\"576\" \/>\n\t<meta property=\"og:image:type\" content=\"image\/png\" \/>\n<meta name=\"twitter:card\" content=\"summary_large_image\" \/>\n<meta name=\"twitter:label1\" content=\"Gesch\u00e4tzte Lesezeit\" \/>\n\t<meta name=\"twitter:data1\" content=\"1\u00a0Minute\" \/>\n<script type=\"application\/ld+json\" class=\"yoast-schema-graph\">{\"@context\":\"https:\\\/\\\/schema.org\",\"@graph\":[{\"@type\":\"WebPage\",\"@id\":\"https:\\\/\\\/www.meliconi.com\\\/de\\\/produkt\\\/cme-er200-meliconi-tv-halterung-mit-rotation\\\/\",\"url\":\"https:\\\/\\\/www.meliconi.com\\\/de\\\/produkt\\\/cme-er200-meliconi-tv-halterung-mit-rotation\\\/\",\"name\":\"CME ER200 - Meliconi - Meliconi TV-Halterung mit Rotation\",\"isPartOf\":{\"@id\":\"https:\\\/\\\/www.meliconi.com\\\/de\\\/#website\"},\"primaryImageOfPage\":{\"@id\":\"https:\\\/\\\/www.meliconi.com\\\/de\\\/produkt\\\/cme-er200-meliconi-tv-halterung-mit-rotation\\\/#primaryimage\"},\"image\":{\"@id\":\"https:\\\/\\\/www.meliconi.com\\\/de\\\/produkt\\\/cme-er200-meliconi-tv-halterung-mit-rotation\\\/#primaryimage\"},\"thumbnailUrl\":\"https:\\\/\\\/www.meliconi.com\\\/wp-content\\\/uploads\\\/2021\\\/06\\\/Immagine11_Nt2Ajfj.png\",\"datePublished\":\"2021-06-25T15:56:34+00:00\",\"dateModified\":\"2024-10-08T14:17:56+00:00\",\"description\":\"Meliconi TV-Halterung mit Rotation, geeignet f\u00fcr Fernseher mit VESA-Bohrung 75-100-200 mm. Der Arm erm\u00f6glicht eine Neigung bis zu 45\u00b0. 100 % Made in Italy.\",\"breadcrumb\":{\"@id\":\"https:\\\/\\\/www.meliconi.com\\\/de\\\/produkt\\\/cme-er200-meliconi-tv-halterung-mit-rotation\\\/#breadcrumb\"},\"inLanguage\":\"de\",\"potentialAction\":[{\"@type\":\"ReadAction\",\"target\":[\"https:\\\/\\\/www.meliconi.com\\\/de\\\/produkt\\\/cme-er200-meliconi-tv-halterung-mit-rotation\\\/\"]}]},{\"@type\":\"ImageObject\",\"inLanguage\":\"de\",\"@id\":\"https:\\\/\\\/www.meliconi.com\\\/de\\\/produkt\\\/cme-er200-meliconi-tv-halterung-mit-rotation\\\/#primaryimage\",\"url\":\"https:\\\/\\\/www.meliconi.com\\\/wp-content\\\/uploads\\\/2021\\\/06\\\/Immagine11_Nt2Ajfj.png\",\"contentUrl\":\"https:\\\/\\\/www.meliconi.com\\\/wp-content\\\/uploads\\\/2021\\\/06\\\/Immagine11_Nt2Ajfj.png\",\"width\":573,\"height\":576},{\"@type\":\"BreadcrumbList\",\"@id\":\"https:\\\/\\\/www.meliconi.com\\\/de\\\/produkt\\\/cme-er200-meliconi-tv-halterung-mit-rotation\\\/#breadcrumb\",\"itemListElement\":[{\"@type\":\"ListItem\",\"position\":1,\"name\":\"Home\",\"item\":\"https:\\\/\\\/www.meliconi.com\\\/de\\\/\"},{\"@type\":\"ListItem\",\"position\":2,\"name\":\"Shop\",\"item\":\"https:\\\/\\\/www.meliconi.com\\\/de\\\/shop-de\\\/\"},{\"@type\":\"ListItem\",\"position\":3,\"name\":\"CME ER200\"}]},{\"@type\":\"WebSite\",\"@id\":\"https:\\\/\\\/www.meliconi.com\\\/de\\\/#website\",\"url\":\"https:\\\/\\\/www.meliconi.com\\\/de\\\/\",\"name\":\"Meliconi\",\"description\":\"Lo specialista dell&#039;accessorio\",\"publisher\":{\"@id\":\"https:\\\/\\\/www.meliconi.com\\\/de\\\/#organization\"},\"potentialAction\":[{\"@type\":\"SearchAction\",\"target\":{\"@type\":\"EntryPoint\",\"urlTemplate\":\"https:\\\/\\\/www.meliconi.com\\\/de\\\/?s={search_term_string}\"},\"query-input\":{\"@type\":\"PropertyValueSpecification\",\"valueRequired\":true,\"valueName\":\"search_term_string\"}}],\"inLanguage\":\"de\"},{\"@type\":\"Organization\",\"@id\":\"https:\\\/\\\/www.meliconi.com\\\/de\\\/#organization\",\"name\":\"Meliconi\",\"url\":\"https:\\\/\\\/www.meliconi.com\\\/de\\\/\",\"logo\":{\"@type\":\"ImageObject\",\"inLanguage\":\"de\",\"@id\":\"https:\\\/\\\/www.meliconi.com\\\/de\\\/#\\\/schema\\\/logo\\\/image\\\/\",\"url\":\"https:\\\/\\\/www.meliconi.com\\\/wp-content\\\/uploads\\\/2021\\\/06\\\/logo-meliconi.png\",\"contentUrl\":\"https:\\\/\\\/www.meliconi.com\\\/wp-content\\\/uploads\\\/2021\\\/06\\\/logo-meliconi.png\",\"width\":338,\"height\":102,\"caption\":\"Meliconi\"},\"image\":{\"@id\":\"https:\\\/\\\/www.meliconi.com\\\/de\\\/#\\\/schema\\\/logo\\\/image\\\/\"}}]}<\/script>\n<!-- \/ Yoast SEO plugin. -->","yoast_head_json":{"title":"CME ER200 - Meliconi - Meliconi TV-Halterung mit Rotation","description":"Meliconi TV-Halterung mit Rotation, geeignet f\u00fcr Fernseher mit VESA-Bohrung 75-100-200 mm. Der Arm erm\u00f6glicht eine Neigung bis zu 45\u00b0. 100 % Made in Italy.","robots":{"index":"index","follow":"follow","max-snippet":"max-snippet:-1","max-image-preview":"max-image-preview:large","max-video-preview":"max-video-preview:-1"},"canonical":"https:\/\/www.meliconi.com\/de\/produkt\/cme-er200-meliconi-tv-halterung-mit-rotation\/","og_locale":"de_DE","og_type":"article","og_title":"CME ER200 - Meliconi - Meliconi TV-Halterung mit Rotation","og_description":"Meliconi TV-Halterung mit Rotation, geeignet f\u00fcr Fernseher mit VESA-Bohrung 75-100-200 mm. Der Arm erm\u00f6glicht eine Neigung bis zu 45\u00b0. 100 % Made in Italy.","og_url":"https:\/\/www.meliconi.com\/de\/produkt\/cme-er200-meliconi-tv-halterung-mit-rotation\/","og_site_name":"Meliconi","article_modified_time":"2024-10-08T14:17:56+00:00","og_image":[{"width":573,"height":576,"url":"https:\/\/www.meliconi.com\/wp-content\/uploads\/2021\/06\/Immagine11_Nt2Ajfj.png","type":"image\/png"}],"twitter_card":"summary_large_image","twitter_misc":{"Gesch\u00e4tzte Lesezeit":"1\u00a0Minute"},"schema":{"@context":"https:\/\/schema.org","@graph":[{"@type":"WebPage","@id":"https:\/\/www.meliconi.com\/de\/produkt\/cme-er200-meliconi-tv-halterung-mit-rotation\/","url":"https:\/\/www.meliconi.com\/de\/produkt\/cme-er200-meliconi-tv-halterung-mit-rotation\/","name":"CME ER200 - Meliconi - Meliconi TV-Halterung mit Rotation","isPartOf":{"@id":"https:\/\/www.meliconi.com\/de\/#website"},"primaryImageOfPage":{"@id":"https:\/\/www.meliconi.com\/de\/produkt\/cme-er200-meliconi-tv-halterung-mit-rotation\/#primaryimage"},"image":{"@id":"https:\/\/www.meliconi.com\/de\/produkt\/cme-er200-meliconi-tv-halterung-mit-rotation\/#primaryimage"},"thumbnailUrl":"https:\/\/www.meliconi.com\/wp-content\/uploads\/2021\/06\/Immagine11_Nt2Ajfj.png","datePublished":"2021-06-25T15:56:34+00:00","dateModified":"2024-10-08T14:17:56+00:00","description":"Meliconi TV-Halterung mit Rotation, geeignet f\u00fcr Fernseher mit VESA-Bohrung 75-100-200 mm. Der Arm erm\u00f6glicht eine Neigung bis zu 45\u00b0. 100 % Made in Italy.","breadcrumb":{"@id":"https:\/\/www.meliconi.com\/de\/produkt\/cme-er200-meliconi-tv-halterung-mit-rotation\/#breadcrumb"},"inLanguage":"de","potentialAction":[{"@type":"ReadAction","target":["https:\/\/www.meliconi.com\/de\/produkt\/cme-er200-meliconi-tv-halterung-mit-rotation\/"]}]},{"@type":"ImageObject","inLanguage":"de","@id":"https:\/\/www.meliconi.com\/de\/produkt\/cme-er200-meliconi-tv-halterung-mit-rotation\/#primaryimage","url":"https:\/\/www.meliconi.com\/wp-content\/uploads\/2021\/06\/Immagine11_Nt2Ajfj.png","contentUrl":"https:\/\/www.meliconi.com\/wp-content\/uploads\/2021\/06\/Immagine11_Nt2Ajfj.png","width":573,"height":576},{"@type":"BreadcrumbList","@id":"https:\/\/www.meliconi.com\/de\/produkt\/cme-er200-meliconi-tv-halterung-mit-rotation\/#breadcrumb","itemListElement":[{"@type":"ListItem","position":1,"name":"Home","item":"https:\/\/www.meliconi.com\/de\/"},{"@type":"ListItem","position":2,"name":"Shop","item":"https:\/\/www.meliconi.com\/de\/shop-de\/"},{"@type":"ListItem","position":3,"name":"CME ER200"}]},{"@type":"WebSite","@id":"https:\/\/www.meliconi.com\/de\/#website","url":"https:\/\/www.meliconi.com\/de\/","name":"Meliconi","description":"Lo specialista dell&#039;accessorio","publisher":{"@id":"https:\/\/www.meliconi.com\/de\/#organization"},"potentialAction":[{"@type":"SearchAction","target":{"@type":"EntryPoint","urlTemplate":"https:\/\/www.meliconi.com\/de\/?s={search_term_string}"},"query-input":{"@type":"PropertyValueSpecification","valueRequired":true,"valueName":"search_term_string"}}],"inLanguage":"de"},{"@type":"Organization","@id":"https:\/\/www.meliconi.com\/de\/#organization","name":"Meliconi","url":"https:\/\/www.meliconi.com\/de\/","logo":{"@type":"ImageObject","inLanguage":"de","@id":"https:\/\/www.meliconi.com\/de\/#\/schema\/logo\/image\/","url":"https:\/\/www.meliconi.com\/wp-content\/uploads\/2021\/06\/logo-meliconi.png","contentUrl":"https:\/\/www.meliconi.com\/wp-content\/uploads\/2021\/06\/logo-meliconi.png","width":338,"height":102,"caption":"Meliconi"},"image":{"@id":"https:\/\/www.meliconi.com\/de\/#\/schema\/logo\/image\/"}}]}},"_links":{"self":[{"href":"https:\/\/www.meliconi.com\/de\/wp-json\/wp\/v2\/product\/60305","targetHints":{"allow":["GET"]}}],"collection":[{"href":"https:\/\/www.meliconi.com\/de\/wp-json\/wp\/v2\/product"}],"about":[{"href":"https:\/\/www.meliconi.com\/de\/wp-json\/wp\/v2\/types\/product"}],"wp:featuredmedia":[{"embeddable":true,"href":"https:\/\/www.meliconi.com\/de\/wp-json\/wp\/v2\/media\/60306"}],"wp:attachment":[{"href":"https:\/\/www.meliconi.com\/de\/wp-json\/wp\/v2\/media?parent=60305"}],"wp:term":[{"taxonomy":"product_brand","embeddable":true,"href":"https:\/\/www.meliconi.com\/de\/wp-json\/wp\/v2\/product_brand?post=60305"},{"taxonomy":"product_cat","embeddable":true,"href":"https:\/\/www.meliconi.com\/de\/wp-json\/wp\/v2\/product_cat?post=60305"},{"taxonomy":"product_tag","embeddable":true,"href":"https:\/\/www.meliconi.com\/de\/wp-json\/wp\/v2\/product_tag?post=60305"}],"curies":[{"name":"wp","href":"https:\/\/api.w.org\/{rel}","templated":true}]}}