{"id":60299,"date":"2021-06-25T15:56:45","date_gmt":"2021-06-25T15:56:45","guid":{"rendered":"https:\/\/www.meliconi.com\/prodotto\/cme-edr400-supporto-tv-meliconi\/"},"modified":"2024-10-08T16:04:18","modified_gmt":"2024-10-08T14:04:18","slug":"cme-edr400-tv-halterung-meliconi","status":"publish","type":"product","link":"https:\/\/www.meliconi.com\/de\/produkt\/cme-edr400-tv-halterung-meliconi\/","title":{"rendered":"CME EDR400"},"content":{"rendered":"<p>CME ist die Linie von preisg\u00fcnstigen TV-Halterungen, die f\u00fcr diejenigen gedacht ist, die Meliconi-Qualit\u00e4t zu erschwinglichen Preisen suchen.<br \/>\nDer EDR400 ist eine Halterung, die f\u00fcr alle Fernseher mit VESA-Bohrung 200-300-400 mm geeignet ist. Der doppelte Arm bietet einen doppelten Vorteil: die M\u00f6glichkeit, den Fernseher weiter von der Wand wegzubewegen und ihn sowohl vertikal als auch horizontal bis zu 90\u00b0 zu neigen (abh\u00e4ngig von der Gr\u00f6\u00dfe des Fernsehers). Der Fernseher bleibt auch bei eingeklappter Position zentriert zur Befestigungsstelle.<br \/>\nDer EDR400 ist 100% Made in Italy.<\/p>\n","protected":false},"excerpt":{"rendered":"<p>TV-Halterung mit einem Arm<\/p>\n","protected":false},"featured_media":60301,"template":"","meta":{"_acf_changed":false},"product_brand":[],"product_cat":[1206],"product_tag":[],"class_list":{"0":"post-60299","1":"product","2":"type-product","3":"status-publish","4":"has-post-thumbnail","6":"product_cat-cme-de","8":"first","9":"instock","10":"taxable","11":"shipping-taxable","12":"product-type-simple"},"acf":[],"yoast_head":"<!-- This site is optimized with the Yoast SEO plugin v27.4 - https:\/\/yoast.com\/product\/yoast-seo-wordpress\/ -->\n<title>CME EDR400 - Meliconi - TV-Halterung Meliconi<\/title>\n<meta name=\"description\" content=\"TV-Halterung Meliconi von 40&#039;&#039; bis 55&#039;&#039; mit neigbarem und schwenkbarem Doppelarm. VESA-kompatibel 200x200-400x400, Abstand zur Wand 9-40 cm, Tragkraft 25 kg\" \/>\n<meta name=\"robots\" content=\"index, follow, max-snippet:-1, max-image-preview:large, max-video-preview:-1\" \/>\n<link rel=\"canonical\" href=\"https:\/\/www.meliconi.com\/de\/produkt\/cme-edr400-tv-halterung-meliconi\/\" \/>\n<meta property=\"og:locale\" content=\"de_DE\" \/>\n<meta property=\"og:type\" content=\"article\" \/>\n<meta property=\"og:title\" content=\"CME EDR400 - Meliconi - TV-Halterung Meliconi\" \/>\n<meta property=\"og:description\" content=\"TV-Halterung Meliconi von 40&#039;&#039; bis 55&#039;&#039; mit neigbarem und schwenkbarem Doppelarm. VESA-kompatibel 200x200-400x400, Abstand zur Wand 9-40 cm, Tragkraft 25 kg\" \/>\n<meta property=\"og:url\" content=\"https:\/\/www.meliconi.com\/de\/produkt\/cme-edr400-tv-halterung-meliconi\/\" \/>\n<meta property=\"og:site_name\" content=\"Meliconi\" \/>\n<meta property=\"article:modified_time\" content=\"2024-10-08T14:04:18+00:00\" \/>\n<meta property=\"og:image\" content=\"https:\/\/www.meliconi.com\/wp-content\/uploads\/2021\/06\/Immagine8_Xhx0HM4.png\" \/>\n\t<meta property=\"og:image:width\" content=\"573\" \/>\n\t<meta property=\"og:image:height\" content=\"596\" \/>\n\t<meta property=\"og:image:type\" content=\"image\/png\" \/>\n<meta name=\"twitter:card\" content=\"summary_large_image\" \/>\n<meta name=\"twitter:label1\" content=\"Gesch\u00e4tzte Lesezeit\" \/>\n\t<meta name=\"twitter:data1\" content=\"1\u00a0Minute\" \/>\n<script type=\"application\/ld+json\" class=\"yoast-schema-graph\">{\"@context\":\"https:\\\/\\\/schema.org\",\"@graph\":[{\"@type\":\"WebPage\",\"@id\":\"https:\\\/\\\/www.meliconi.com\\\/de\\\/produkt\\\/cme-edr400-tv-halterung-meliconi\\\/\",\"url\":\"https:\\\/\\\/www.meliconi.com\\\/de\\\/produkt\\\/cme-edr400-tv-halterung-meliconi\\\/\",\"name\":\"CME EDR400 - Meliconi - TV-Halterung Meliconi\",\"isPartOf\":{\"@id\":\"https:\\\/\\\/www.meliconi.com\\\/de\\\/#website\"},\"primaryImageOfPage\":{\"@id\":\"https:\\\/\\\/www.meliconi.com\\\/de\\\/produkt\\\/cme-edr400-tv-halterung-meliconi\\\/#primaryimage\"},\"image\":{\"@id\":\"https:\\\/\\\/www.meliconi.com\\\/de\\\/produkt\\\/cme-edr400-tv-halterung-meliconi\\\/#primaryimage\"},\"thumbnailUrl\":\"https:\\\/\\\/www.meliconi.com\\\/wp-content\\\/uploads\\\/2021\\\/06\\\/Immagine8_Xhx0HM4.png\",\"datePublished\":\"2021-06-25T15:56:45+00:00\",\"dateModified\":\"2024-10-08T14:04:18+00:00\",\"description\":\"TV-Halterung Meliconi von 40'' bis 55'' mit neigbarem und schwenkbarem Doppelarm. VESA-kompatibel 200x200-400x400, Abstand zur Wand 9-40 cm, Tragkraft 25 kg\",\"breadcrumb\":{\"@id\":\"https:\\\/\\\/www.meliconi.com\\\/de\\\/produkt\\\/cme-edr400-tv-halterung-meliconi\\\/#breadcrumb\"},\"inLanguage\":\"de\",\"potentialAction\":[{\"@type\":\"ReadAction\",\"target\":[\"https:\\\/\\\/www.meliconi.com\\\/de\\\/produkt\\\/cme-edr400-tv-halterung-meliconi\\\/\"]}]},{\"@type\":\"ImageObject\",\"inLanguage\":\"de\",\"@id\":\"https:\\\/\\\/www.meliconi.com\\\/de\\\/produkt\\\/cme-edr400-tv-halterung-meliconi\\\/#primaryimage\",\"url\":\"https:\\\/\\\/www.meliconi.com\\\/wp-content\\\/uploads\\\/2021\\\/06\\\/Immagine8_Xhx0HM4.png\",\"contentUrl\":\"https:\\\/\\\/www.meliconi.com\\\/wp-content\\\/uploads\\\/2021\\\/06\\\/Immagine8_Xhx0HM4.png\",\"width\":573,\"height\":596},{\"@type\":\"BreadcrumbList\",\"@id\":\"https:\\\/\\\/www.meliconi.com\\\/de\\\/produkt\\\/cme-edr400-tv-halterung-meliconi\\\/#breadcrumb\",\"itemListElement\":[{\"@type\":\"ListItem\",\"position\":1,\"name\":\"Home\",\"item\":\"https:\\\/\\\/www.meliconi.com\\\/de\\\/\"},{\"@type\":\"ListItem\",\"position\":2,\"name\":\"Shop\",\"item\":\"https:\\\/\\\/www.meliconi.com\\\/de\\\/shop-de\\\/\"},{\"@type\":\"ListItem\",\"position\":3,\"name\":\"CME EDR400\"}]},{\"@type\":\"WebSite\",\"@id\":\"https:\\\/\\\/www.meliconi.com\\\/de\\\/#website\",\"url\":\"https:\\\/\\\/www.meliconi.com\\\/de\\\/\",\"name\":\"Meliconi\",\"description\":\"Lo specialista dell&#039;accessorio\",\"publisher\":{\"@id\":\"https:\\\/\\\/www.meliconi.com\\\/de\\\/#organization\"},\"potentialAction\":[{\"@type\":\"SearchAction\",\"target\":{\"@type\":\"EntryPoint\",\"urlTemplate\":\"https:\\\/\\\/www.meliconi.com\\\/de\\\/?s={search_term_string}\"},\"query-input\":{\"@type\":\"PropertyValueSpecification\",\"valueRequired\":true,\"valueName\":\"search_term_string\"}}],\"inLanguage\":\"de\"},{\"@type\":\"Organization\",\"@id\":\"https:\\\/\\\/www.meliconi.com\\\/de\\\/#organization\",\"name\":\"Meliconi\",\"url\":\"https:\\\/\\\/www.meliconi.com\\\/de\\\/\",\"logo\":{\"@type\":\"ImageObject\",\"inLanguage\":\"de\",\"@id\":\"https:\\\/\\\/www.meliconi.com\\\/de\\\/#\\\/schema\\\/logo\\\/image\\\/\",\"url\":\"https:\\\/\\\/www.meliconi.com\\\/wp-content\\\/uploads\\\/2021\\\/06\\\/logo-meliconi.png\",\"contentUrl\":\"https:\\\/\\\/www.meliconi.com\\\/wp-content\\\/uploads\\\/2021\\\/06\\\/logo-meliconi.png\",\"width\":338,\"height\":102,\"caption\":\"Meliconi\"},\"image\":{\"@id\":\"https:\\\/\\\/www.meliconi.com\\\/de\\\/#\\\/schema\\\/logo\\\/image\\\/\"}}]}<\/script>\n<!-- \/ Yoast SEO plugin. -->","yoast_head_json":{"title":"CME EDR400 - Meliconi - TV-Halterung Meliconi","description":"TV-Halterung Meliconi von 40'' bis 55'' mit neigbarem und schwenkbarem Doppelarm. VESA-kompatibel 200x200-400x400, Abstand zur Wand 9-40 cm, Tragkraft 25 kg","robots":{"index":"index","follow":"follow","max-snippet":"max-snippet:-1","max-image-preview":"max-image-preview:large","max-video-preview":"max-video-preview:-1"},"canonical":"https:\/\/www.meliconi.com\/de\/produkt\/cme-edr400-tv-halterung-meliconi\/","og_locale":"de_DE","og_type":"article","og_title":"CME EDR400 - Meliconi - TV-Halterung Meliconi","og_description":"TV-Halterung Meliconi von 40'' bis 55'' mit neigbarem und schwenkbarem Doppelarm. VESA-kompatibel 200x200-400x400, Abstand zur Wand 9-40 cm, Tragkraft 25 kg","og_url":"https:\/\/www.meliconi.com\/de\/produkt\/cme-edr400-tv-halterung-meliconi\/","og_site_name":"Meliconi","article_modified_time":"2024-10-08T14:04:18+00:00","og_image":[{"width":573,"height":596,"url":"https:\/\/www.meliconi.com\/wp-content\/uploads\/2021\/06\/Immagine8_Xhx0HM4.png","type":"image\/png"}],"twitter_card":"summary_large_image","twitter_misc":{"Gesch\u00e4tzte Lesezeit":"1\u00a0Minute"},"schema":{"@context":"https:\/\/schema.org","@graph":[{"@type":"WebPage","@id":"https:\/\/www.meliconi.com\/de\/produkt\/cme-edr400-tv-halterung-meliconi\/","url":"https:\/\/www.meliconi.com\/de\/produkt\/cme-edr400-tv-halterung-meliconi\/","name":"CME EDR400 - Meliconi - TV-Halterung Meliconi","isPartOf":{"@id":"https:\/\/www.meliconi.com\/de\/#website"},"primaryImageOfPage":{"@id":"https:\/\/www.meliconi.com\/de\/produkt\/cme-edr400-tv-halterung-meliconi\/#primaryimage"},"image":{"@id":"https:\/\/www.meliconi.com\/de\/produkt\/cme-edr400-tv-halterung-meliconi\/#primaryimage"},"thumbnailUrl":"https:\/\/www.meliconi.com\/wp-content\/uploads\/2021\/06\/Immagine8_Xhx0HM4.png","datePublished":"2021-06-25T15:56:45+00:00","dateModified":"2024-10-08T14:04:18+00:00","description":"TV-Halterung Meliconi von 40'' bis 55'' mit neigbarem und schwenkbarem Doppelarm. VESA-kompatibel 200x200-400x400, Abstand zur Wand 9-40 cm, Tragkraft 25 kg","breadcrumb":{"@id":"https:\/\/www.meliconi.com\/de\/produkt\/cme-edr400-tv-halterung-meliconi\/#breadcrumb"},"inLanguage":"de","potentialAction":[{"@type":"ReadAction","target":["https:\/\/www.meliconi.com\/de\/produkt\/cme-edr400-tv-halterung-meliconi\/"]}]},{"@type":"ImageObject","inLanguage":"de","@id":"https:\/\/www.meliconi.com\/de\/produkt\/cme-edr400-tv-halterung-meliconi\/#primaryimage","url":"https:\/\/www.meliconi.com\/wp-content\/uploads\/2021\/06\/Immagine8_Xhx0HM4.png","contentUrl":"https:\/\/www.meliconi.com\/wp-content\/uploads\/2021\/06\/Immagine8_Xhx0HM4.png","width":573,"height":596},{"@type":"BreadcrumbList","@id":"https:\/\/www.meliconi.com\/de\/produkt\/cme-edr400-tv-halterung-meliconi\/#breadcrumb","itemListElement":[{"@type":"ListItem","position":1,"name":"Home","item":"https:\/\/www.meliconi.com\/de\/"},{"@type":"ListItem","position":2,"name":"Shop","item":"https:\/\/www.meliconi.com\/de\/shop-de\/"},{"@type":"ListItem","position":3,"name":"CME EDR400"}]},{"@type":"WebSite","@id":"https:\/\/www.meliconi.com\/de\/#website","url":"https:\/\/www.meliconi.com\/de\/","name":"Meliconi","description":"Lo specialista dell&#039;accessorio","publisher":{"@id":"https:\/\/www.meliconi.com\/de\/#organization"},"potentialAction":[{"@type":"SearchAction","target":{"@type":"EntryPoint","urlTemplate":"https:\/\/www.meliconi.com\/de\/?s={search_term_string}"},"query-input":{"@type":"PropertyValueSpecification","valueRequired":true,"valueName":"search_term_string"}}],"inLanguage":"de"},{"@type":"Organization","@id":"https:\/\/www.meliconi.com\/de\/#organization","name":"Meliconi","url":"https:\/\/www.meliconi.com\/de\/","logo":{"@type":"ImageObject","inLanguage":"de","@id":"https:\/\/www.meliconi.com\/de\/#\/schema\/logo\/image\/","url":"https:\/\/www.meliconi.com\/wp-content\/uploads\/2021\/06\/logo-meliconi.png","contentUrl":"https:\/\/www.meliconi.com\/wp-content\/uploads\/2021\/06\/logo-meliconi.png","width":338,"height":102,"caption":"Meliconi"},"image":{"@id":"https:\/\/www.meliconi.com\/de\/#\/schema\/logo\/image\/"}}]}},"_links":{"self":[{"href":"https:\/\/www.meliconi.com\/de\/wp-json\/wp\/v2\/product\/60299","targetHints":{"allow":["GET"]}}],"collection":[{"href":"https:\/\/www.meliconi.com\/de\/wp-json\/wp\/v2\/product"}],"about":[{"href":"https:\/\/www.meliconi.com\/de\/wp-json\/wp\/v2\/types\/product"}],"wp:featuredmedia":[{"embeddable":true,"href":"https:\/\/www.meliconi.com\/de\/wp-json\/wp\/v2\/media\/60301"}],"wp:attachment":[{"href":"https:\/\/www.meliconi.com\/de\/wp-json\/wp\/v2\/media?parent=60299"}],"wp:term":[{"taxonomy":"product_brand","embeddable":true,"href":"https:\/\/www.meliconi.com\/de\/wp-json\/wp\/v2\/product_brand?post=60299"},{"taxonomy":"product_cat","embeddable":true,"href":"https:\/\/www.meliconi.com\/de\/wp-json\/wp\/v2\/product_cat?post=60299"},{"taxonomy":"product_tag","embeddable":true,"href":"https:\/\/www.meliconi.com\/de\/wp-json\/wp\/v2\/product_tag?post=60299"}],"curies":[{"name":"wp","href":"https:\/\/api.w.org\/{rel}","templated":true}]}}