{"id":60288,"date":"2021-06-25T15:56:36","date_gmt":"2021-06-25T15:56:36","guid":{"rendered":"https:\/\/www.meliconi.com\/prodotto\/cme-edr100-supporto-per-tv-a-muro\/"},"modified":"2024-10-08T16:02:27","modified_gmt":"2024-10-08T14:02:27","slug":"cme-edr100-wandhalterung-fuer-fernseher","status":"publish","type":"product","link":"https:\/\/www.meliconi.com\/de\/produkt\/cme-edr100-wandhalterung-fuer-fernseher\/","title":{"rendered":"CME EDR100"},"content":{"rendered":"<p>CME ist die Linie von preisg\u00fcnstigen TV-Halterungen, die f\u00fcr diejenigen gedacht ist, die Meliconi-Qualit\u00e4t zu erschwinglichen Preisen suchen. Der EDR100 ist eine Wandhalterung f\u00fcr Fernseher, die f\u00fcr alle TVs mit VESA-Bohrungen 50-75-100 mm geeignet ist. Der doppelte Arm bietet einen doppelten Vorteil: die M\u00f6glichkeit, den Fernseher weiter von der Wand wegzubewegen und ihn sowohl vertikal als auch horizontal bis zu 90\u00b0 zu neigen (abh\u00e4ngig von der Gr\u00f6\u00dfe des Fernsehers). Der Fernseher bleibt auch bei eingeklappter Position zentriert zur Befestigungsstelle. Der EDR100 ist 100% Made in Italy.<br \/>\nDie Wandhalterung EDR100 von CME ist die perfekte Wahl f\u00fcr alle, die Qualit\u00e4t, Funktionalit\u00e4t und Preis-Leistungs-Verh\u00e4ltnis kombinieren m\u00f6chten. Entwickelt, um sich an verschiedene TV-Gr\u00f6\u00dfen anzupassen, bietet sie au\u00dfergew\u00f6hnliche Vielseitigkeit und ein Design, das das Seherlebnis verbessert.<\/p>\n","protected":false},"excerpt":{"rendered":"<p>Wandhalterung f\u00fcr Fernseher mit Doppelarm<\/p>\n","protected":false},"featured_media":60289,"template":"","meta":{"_acf_changed":false},"product_brand":[],"product_cat":[1206],"product_tag":[1122,1123,1124,1125,1126,1127,1128,1129,1130,1131,1132,1133,1134,1135,1136,1137,1138,1139,1140,1141,1162,1143,1144,1145,1146,1147,1148,1150,1152,1153,1154,1155,1156,1157,1158,1159,1160,1161],"class_list":{"0":"post-60288","1":"product","2":"type-product","3":"status-publish","4":"has-post-thumbnail","6":"product_cat-cme-de","7":"product_tag-braccio-tv-de","8":"product_tag-braccio-tv-32-pollici-de","9":"product_tag-porta-tv-de","10":"product_tag-porta-tv-da-parete-de","11":"product_tag-sostegno-tv-de","12":"product_tag-staffa-tv-de","13":"product_tag-staffa-tv-32-pollici-de","14":"product_tag-staffa-tv-43-pollici-de","15":"product_tag-staffa-tv-55-pollici-de","16":"product_tag-staffa-tv-65-pollici-de","17":"product_tag-staffa-tv-doppia-rotazione-de","18":"product_tag-staffe-per-tv-de","19":"product_tag-supporto-a-muro-per-tv-de","20":"product_tag-supporto-a-parete-per-tv-de","21":"product_tag-supporto-a-parete-tv-de","22":"product_tag-supporto-meliconi-per-tv-con-rotazione-de","23":"product_tag-supporto-per-tv-de","24":"product_tag-supporto-tv-de","25":"product_tag-supporto-tv-32-pollici-de","26":"product_tag-supporto-tv-32-pollici-a-parete-de","27":"product_tag-supporto-tv-32-a-parete-de-2","28":"product_tag-supporto-tv-a-parete-estensibile-de","29":"product_tag-supporto-tv-a-parete-orientabile-de","30":"product_tag-supporto-tv-con-braccio-estensibile-de","31":"product_tag-supporto-tv-da-soffitto-de","32":"product_tag-supporto-tv-doppio-braccio-de","33":"product_tag-supporto-tv-girevole-de","34":"product_tag-supporto-tv-inclinabile-e-girevole-de","35":"product_tag-supporto-tv-meliconi-de","36":"product_tag-supporto-tv-meliconi-doppia-rotazione-de","37":"product_tag-supporto-tv-muro-de","38":"product_tag-supporto-tv-muro-doppia-rotazione-de","39":"product_tag-supporto-tv-parete-de","40":"product_tag-supporto-tv-regolabile-de","41":"product_tag-supporto-tv-samsung-de","42":"product_tag-supporto-tv-soffitto-de","43":"product_tag-supporto-tv-universale-doppia-rotazione-de","44":"product_tag-supporto-x-tv-a-parete-de","45":"pa_movimento-supporto-double-rotation-de","47":"first","48":"instock","49":"taxable","50":"shipping-taxable","51":"purchasable","52":"product-type-simple"},"acf":[],"yoast_head":"<!-- This site is optimized with the Yoast SEO plugin v27.4 - https:\/\/yoast.com\/product\/yoast-seo-wordpress\/ -->\n<title>CME EDR100 - Meliconi - Wandhalterung f\u00fcr Fernseher<\/title>\n<meta name=\"description\" content=\"Wandhalterung f\u00fcr Fernseher mit Doppelarm, horizontale Neigung 90\u00b0, VESA-kompatibel 50-75-100 mm. Made in Italy. Meliconi-Qualit\u00e4t.\" \/>\n<meta name=\"robots\" content=\"index, follow, max-snippet:-1, max-image-preview:large, max-video-preview:-1\" \/>\n<link rel=\"canonical\" href=\"https:\/\/www.meliconi.com\/de\/produkt\/cme-edr100-wandhalterung-fuer-fernseher\/\" \/>\n<meta property=\"og:locale\" content=\"de_DE\" \/>\n<meta property=\"og:type\" content=\"article\" \/>\n<meta property=\"og:title\" content=\"CME EDR100 - Meliconi - Wandhalterung f\u00fcr Fernseher\" \/>\n<meta property=\"og:description\" content=\"Wandhalterung f\u00fcr Fernseher mit Doppelarm, horizontale Neigung 90\u00b0, VESA-kompatibel 50-75-100 mm. Made in Italy. Meliconi-Qualit\u00e4t.\" \/>\n<meta property=\"og:url\" content=\"https:\/\/www.meliconi.com\/de\/produkt\/cme-edr100-wandhalterung-fuer-fernseher\/\" \/>\n<meta property=\"og:site_name\" content=\"Meliconi\" \/>\n<meta property=\"article:modified_time\" content=\"2024-10-08T14:02:27+00:00\" \/>\n<meta property=\"og:image\" content=\"https:\/\/www.meliconi.com\/wp-content\/uploads\/2021\/06\/Immagine7_rtucQTX.png\" \/>\n\t<meta property=\"og:image:width\" content=\"573\" \/>\n\t<meta property=\"og:image:height\" content=\"596\" \/>\n\t<meta property=\"og:image:type\" content=\"image\/png\" \/>\n<meta name=\"twitter:card\" content=\"summary_large_image\" \/>\n<meta name=\"twitter:label1\" content=\"Gesch\u00e4tzte Lesezeit\" \/>\n\t<meta name=\"twitter:data1\" content=\"1\u00a0Minute\" \/>\n<script type=\"application\/ld+json\" class=\"yoast-schema-graph\">{\"@context\":\"https:\\\/\\\/schema.org\",\"@graph\":[{\"@type\":\"WebPage\",\"@id\":\"https:\\\/\\\/www.meliconi.com\\\/de\\\/produkt\\\/cme-edr100-wandhalterung-fuer-fernseher\\\/\",\"url\":\"https:\\\/\\\/www.meliconi.com\\\/de\\\/produkt\\\/cme-edr100-wandhalterung-fuer-fernseher\\\/\",\"name\":\"CME EDR100 - Meliconi - Wandhalterung f\u00fcr Fernseher\",\"isPartOf\":{\"@id\":\"https:\\\/\\\/www.meliconi.com\\\/de\\\/#website\"},\"primaryImageOfPage\":{\"@id\":\"https:\\\/\\\/www.meliconi.com\\\/de\\\/produkt\\\/cme-edr100-wandhalterung-fuer-fernseher\\\/#primaryimage\"},\"image\":{\"@id\":\"https:\\\/\\\/www.meliconi.com\\\/de\\\/produkt\\\/cme-edr100-wandhalterung-fuer-fernseher\\\/#primaryimage\"},\"thumbnailUrl\":\"https:\\\/\\\/www.meliconi.com\\\/wp-content\\\/uploads\\\/2021\\\/06\\\/Immagine7_rtucQTX.png\",\"datePublished\":\"2021-06-25T15:56:36+00:00\",\"dateModified\":\"2024-10-08T14:02:27+00:00\",\"description\":\"Wandhalterung f\u00fcr Fernseher mit Doppelarm, horizontale Neigung 90\u00b0, VESA-kompatibel 50-75-100 mm. Made in Italy. Meliconi-Qualit\u00e4t.\",\"breadcrumb\":{\"@id\":\"https:\\\/\\\/www.meliconi.com\\\/de\\\/produkt\\\/cme-edr100-wandhalterung-fuer-fernseher\\\/#breadcrumb\"},\"inLanguage\":\"de\",\"potentialAction\":[{\"@type\":\"ReadAction\",\"target\":[\"https:\\\/\\\/www.meliconi.com\\\/de\\\/produkt\\\/cme-edr100-wandhalterung-fuer-fernseher\\\/\"]}]},{\"@type\":\"ImageObject\",\"inLanguage\":\"de\",\"@id\":\"https:\\\/\\\/www.meliconi.com\\\/de\\\/produkt\\\/cme-edr100-wandhalterung-fuer-fernseher\\\/#primaryimage\",\"url\":\"https:\\\/\\\/www.meliconi.com\\\/wp-content\\\/uploads\\\/2021\\\/06\\\/Immagine7_rtucQTX.png\",\"contentUrl\":\"https:\\\/\\\/www.meliconi.com\\\/wp-content\\\/uploads\\\/2021\\\/06\\\/Immagine7_rtucQTX.png\",\"width\":573,\"height\":596},{\"@type\":\"BreadcrumbList\",\"@id\":\"https:\\\/\\\/www.meliconi.com\\\/de\\\/produkt\\\/cme-edr100-wandhalterung-fuer-fernseher\\\/#breadcrumb\",\"itemListElement\":[{\"@type\":\"ListItem\",\"position\":1,\"name\":\"Home\",\"item\":\"https:\\\/\\\/www.meliconi.com\\\/de\\\/\"},{\"@type\":\"ListItem\",\"position\":2,\"name\":\"Shop\",\"item\":\"https:\\\/\\\/www.meliconi.com\\\/de\\\/shop-de\\\/\"},{\"@type\":\"ListItem\",\"position\":3,\"name\":\"CME EDR100\"}]},{\"@type\":\"WebSite\",\"@id\":\"https:\\\/\\\/www.meliconi.com\\\/de\\\/#website\",\"url\":\"https:\\\/\\\/www.meliconi.com\\\/de\\\/\",\"name\":\"Meliconi\",\"description\":\"Lo specialista dell&#039;accessorio\",\"publisher\":{\"@id\":\"https:\\\/\\\/www.meliconi.com\\\/de\\\/#organization\"},\"potentialAction\":[{\"@type\":\"SearchAction\",\"target\":{\"@type\":\"EntryPoint\",\"urlTemplate\":\"https:\\\/\\\/www.meliconi.com\\\/de\\\/?s={search_term_string}\"},\"query-input\":{\"@type\":\"PropertyValueSpecification\",\"valueRequired\":true,\"valueName\":\"search_term_string\"}}],\"inLanguage\":\"de\"},{\"@type\":\"Organization\",\"@id\":\"https:\\\/\\\/www.meliconi.com\\\/de\\\/#organization\",\"name\":\"Meliconi\",\"url\":\"https:\\\/\\\/www.meliconi.com\\\/de\\\/\",\"logo\":{\"@type\":\"ImageObject\",\"inLanguage\":\"de\",\"@id\":\"https:\\\/\\\/www.meliconi.com\\\/de\\\/#\\\/schema\\\/logo\\\/image\\\/\",\"url\":\"https:\\\/\\\/www.meliconi.com\\\/wp-content\\\/uploads\\\/2021\\\/06\\\/logo-meliconi.png\",\"contentUrl\":\"https:\\\/\\\/www.meliconi.com\\\/wp-content\\\/uploads\\\/2021\\\/06\\\/logo-meliconi.png\",\"width\":338,\"height\":102,\"caption\":\"Meliconi\"},\"image\":{\"@id\":\"https:\\\/\\\/www.meliconi.com\\\/de\\\/#\\\/schema\\\/logo\\\/image\\\/\"}}]}<\/script>\n<!-- \/ Yoast SEO plugin. -->","yoast_head_json":{"title":"CME EDR100 - Meliconi - Wandhalterung f\u00fcr Fernseher","description":"Wandhalterung f\u00fcr Fernseher mit Doppelarm, horizontale Neigung 90\u00b0, VESA-kompatibel 50-75-100 mm. Made in Italy. Meliconi-Qualit\u00e4t.","robots":{"index":"index","follow":"follow","max-snippet":"max-snippet:-1","max-image-preview":"max-image-preview:large","max-video-preview":"max-video-preview:-1"},"canonical":"https:\/\/www.meliconi.com\/de\/produkt\/cme-edr100-wandhalterung-fuer-fernseher\/","og_locale":"de_DE","og_type":"article","og_title":"CME EDR100 - Meliconi - Wandhalterung f\u00fcr Fernseher","og_description":"Wandhalterung f\u00fcr Fernseher mit Doppelarm, horizontale Neigung 90\u00b0, VESA-kompatibel 50-75-100 mm. Made in Italy. Meliconi-Qualit\u00e4t.","og_url":"https:\/\/www.meliconi.com\/de\/produkt\/cme-edr100-wandhalterung-fuer-fernseher\/","og_site_name":"Meliconi","article_modified_time":"2024-10-08T14:02:27+00:00","og_image":[{"width":573,"height":596,"url":"https:\/\/www.meliconi.com\/wp-content\/uploads\/2021\/06\/Immagine7_rtucQTX.png","type":"image\/png"}],"twitter_card":"summary_large_image","twitter_misc":{"Gesch\u00e4tzte Lesezeit":"1\u00a0Minute"},"schema":{"@context":"https:\/\/schema.org","@graph":[{"@type":"WebPage","@id":"https:\/\/www.meliconi.com\/de\/produkt\/cme-edr100-wandhalterung-fuer-fernseher\/","url":"https:\/\/www.meliconi.com\/de\/produkt\/cme-edr100-wandhalterung-fuer-fernseher\/","name":"CME EDR100 - Meliconi - Wandhalterung f\u00fcr Fernseher","isPartOf":{"@id":"https:\/\/www.meliconi.com\/de\/#website"},"primaryImageOfPage":{"@id":"https:\/\/www.meliconi.com\/de\/produkt\/cme-edr100-wandhalterung-fuer-fernseher\/#primaryimage"},"image":{"@id":"https:\/\/www.meliconi.com\/de\/produkt\/cme-edr100-wandhalterung-fuer-fernseher\/#primaryimage"},"thumbnailUrl":"https:\/\/www.meliconi.com\/wp-content\/uploads\/2021\/06\/Immagine7_rtucQTX.png","datePublished":"2021-06-25T15:56:36+00:00","dateModified":"2024-10-08T14:02:27+00:00","description":"Wandhalterung f\u00fcr Fernseher mit Doppelarm, horizontale Neigung 90\u00b0, VESA-kompatibel 50-75-100 mm. Made in Italy. Meliconi-Qualit\u00e4t.","breadcrumb":{"@id":"https:\/\/www.meliconi.com\/de\/produkt\/cme-edr100-wandhalterung-fuer-fernseher\/#breadcrumb"},"inLanguage":"de","potentialAction":[{"@type":"ReadAction","target":["https:\/\/www.meliconi.com\/de\/produkt\/cme-edr100-wandhalterung-fuer-fernseher\/"]}]},{"@type":"ImageObject","inLanguage":"de","@id":"https:\/\/www.meliconi.com\/de\/produkt\/cme-edr100-wandhalterung-fuer-fernseher\/#primaryimage","url":"https:\/\/www.meliconi.com\/wp-content\/uploads\/2021\/06\/Immagine7_rtucQTX.png","contentUrl":"https:\/\/www.meliconi.com\/wp-content\/uploads\/2021\/06\/Immagine7_rtucQTX.png","width":573,"height":596},{"@type":"BreadcrumbList","@id":"https:\/\/www.meliconi.com\/de\/produkt\/cme-edr100-wandhalterung-fuer-fernseher\/#breadcrumb","itemListElement":[{"@type":"ListItem","position":1,"name":"Home","item":"https:\/\/www.meliconi.com\/de\/"},{"@type":"ListItem","position":2,"name":"Shop","item":"https:\/\/www.meliconi.com\/de\/shop-de\/"},{"@type":"ListItem","position":3,"name":"CME EDR100"}]},{"@type":"WebSite","@id":"https:\/\/www.meliconi.com\/de\/#website","url":"https:\/\/www.meliconi.com\/de\/","name":"Meliconi","description":"Lo specialista dell&#039;accessorio","publisher":{"@id":"https:\/\/www.meliconi.com\/de\/#organization"},"potentialAction":[{"@type":"SearchAction","target":{"@type":"EntryPoint","urlTemplate":"https:\/\/www.meliconi.com\/de\/?s={search_term_string}"},"query-input":{"@type":"PropertyValueSpecification","valueRequired":true,"valueName":"search_term_string"}}],"inLanguage":"de"},{"@type":"Organization","@id":"https:\/\/www.meliconi.com\/de\/#organization","name":"Meliconi","url":"https:\/\/www.meliconi.com\/de\/","logo":{"@type":"ImageObject","inLanguage":"de","@id":"https:\/\/www.meliconi.com\/de\/#\/schema\/logo\/image\/","url":"https:\/\/www.meliconi.com\/wp-content\/uploads\/2021\/06\/logo-meliconi.png","contentUrl":"https:\/\/www.meliconi.com\/wp-content\/uploads\/2021\/06\/logo-meliconi.png","width":338,"height":102,"caption":"Meliconi"},"image":{"@id":"https:\/\/www.meliconi.com\/de\/#\/schema\/logo\/image\/"}}]}},"_links":{"self":[{"href":"https:\/\/www.meliconi.com\/de\/wp-json\/wp\/v2\/product\/60288","targetHints":{"allow":["GET"]}}],"collection":[{"href":"https:\/\/www.meliconi.com\/de\/wp-json\/wp\/v2\/product"}],"about":[{"href":"https:\/\/www.meliconi.com\/de\/wp-json\/wp\/v2\/types\/product"}],"wp:featuredmedia":[{"embeddable":true,"href":"https:\/\/www.meliconi.com\/de\/wp-json\/wp\/v2\/media\/60289"}],"wp:attachment":[{"href":"https:\/\/www.meliconi.com\/de\/wp-json\/wp\/v2\/media?parent=60288"}],"wp:term":[{"taxonomy":"product_brand","embeddable":true,"href":"https:\/\/www.meliconi.com\/de\/wp-json\/wp\/v2\/product_brand?post=60288"},{"taxonomy":"product_cat","embeddable":true,"href":"https:\/\/www.meliconi.com\/de\/wp-json\/wp\/v2\/product_cat?post=60288"},{"taxonomy":"product_tag","embeddable":true,"href":"https:\/\/www.meliconi.com\/de\/wp-json\/wp\/v2\/product_tag?post=60288"}],"curies":[{"name":"wp","href":"https:\/\/api.w.org\/{rel}","templated":true}]}}