{"id":60265,"date":"2021-06-25T15:57:08","date_gmt":"2021-06-25T15:57:08","guid":{"rendered":"https:\/\/www.meliconi.com\/prodotto\/sos-calcare\/"},"modified":"2024-11-04T14:30:38","modified_gmt":"2024-11-04T13:30:38","slug":"sos-calcare","status":"publish","type":"product","link":"https:\/\/www.meliconi.com\/de\/produkt\/sos-calcare\/","title":{"rendered":"SOS Calcare Waschmaschinen"},"content":{"rendered":"<p>SOS Calcare ist die L\u00f6sung, um langfristig Probleme mit der Waschmaschine\/Sp\u00fclmaschine zu vermeiden.<br \/>\nSch\u00fctzt Ihr Ger\u00e4t vor Kalk, indem es Calcite in Aragonit umwandelt, mit der kombinierten Kraft von zwei starken Neodym-Magneten:<br \/>\n\u2022 Hilft, das Ger\u00e4t vor Kalkablagerungen zu sch\u00fctzen<br \/>\n\u2022 Tr\u00e4gt zur Verl\u00e4ngerung der Lebensdauer des Ger\u00e4ts bei<br \/>\n\u2022 Verbessert die Wasch- und Reinigungsqualit\u00e4t<br \/>\n\u2022 Reduziert den Einsatz von Waschmitteln um 30%<br \/>\n\u2022 Tr\u00e4gt zur Einsparung von Energieverbrauch bei, dank der antikalkwirkenden Wirkung auf das Heizelement<br \/>\n\u2022 Dichtungen inklusive<br \/>\n\u2022 Einfache Installation<br \/>\n\u2022 Universell 3\/4&#8220;<\/p>\n","protected":false},"excerpt":{"rendered":"<p>Magnetisches Antikalkr\u00f6hrchen, geeignet f\u00fcr Waschmaschinen und Sp\u00fclmaschinen.<br \/>\nHilft, die Lebensdauer des Ger\u00e4ts zu verl\u00e4ngern, verbessert die Waschqualit\u00e4t.<br \/>\nUniversell 3\/4&#8243;<\/p>\n","protected":false},"featured_media":60270,"template":"","meta":{"_acf_changed":false},"product_cat":[1172],"product_tag":[],"class_list":{"0":"post-60265","1":"product","2":"type-product","3":"status-publish","4":"has-post-thumbnail","6":"product_cat-wascherei-zubehor","8":"first","9":"instock","10":"taxable","11":"shipping-taxable","12":"purchasable","13":"product-type-simple"},"acf":[],"yoast_head":"<!-- This site is optimized with the Yoast SEO plugin v26.1.1 - https:\/\/yoast.com\/wordpress\/plugins\/seo\/ -->\n<title>SOS Calcare Waschmaschinen - Meliconi<\/title>\n<meta name=\"robots\" content=\"index, follow, max-snippet:-1, max-image-preview:large, max-video-preview:-1\" \/>\n<link rel=\"canonical\" href=\"https:\/\/www.meliconi.com\/de\/produkt\/sos-calcare\/\" \/>\n<meta property=\"og:locale\" content=\"de_DE\" \/>\n<meta property=\"og:type\" content=\"article\" \/>\n<meta property=\"og:title\" content=\"SOS Calcare Waschmaschinen - Meliconi\" \/>\n<meta property=\"og:description\" content=\"Magnetisches Antikalkr\u00f6hrchen, geeignet f\u00fcr Waschmaschinen und Sp\u00fclmaschinen. Hilft, die Lebensdauer des Ger\u00e4ts zu verl\u00e4ngern, verbessert die Waschqualit\u00e4t. Universell 3\/4&quot;\" \/>\n<meta property=\"og:url\" content=\"https:\/\/www.meliconi.com\/de\/produkt\/sos-calcare\/\" \/>\n<meta property=\"og:site_name\" content=\"Meliconi\" \/>\n<meta property=\"article:modified_time\" content=\"2024-11-04T13:30:38+00:00\" \/>\n<meta property=\"og:image\" content=\"https:\/\/www.meliconi.com\/wp-content\/uploads\/2021\/06\/656154_SOS_CALCARE-1024x1024.png\" \/>\n\t<meta property=\"og:image:width\" content=\"1024\" \/>\n\t<meta property=\"og:image:height\" content=\"1024\" \/>\n\t<meta property=\"og:image:type\" content=\"image\/png\" \/>\n<meta name=\"twitter:card\" content=\"summary_large_image\" \/>\n<meta name=\"twitter:label1\" content=\"Gesch\u00e4tzte Lesezeit\" \/>\n\t<meta name=\"twitter:data1\" content=\"1\u00a0Minute\" \/>\n<script type=\"application\/ld+json\" class=\"yoast-schema-graph\">{\"@context\":\"https:\/\/schema.org\",\"@graph\":[{\"@type\":\"WebPage\",\"@id\":\"https:\/\/www.meliconi.com\/de\/produkt\/sos-calcare\/\",\"url\":\"https:\/\/www.meliconi.com\/de\/produkt\/sos-calcare\/\",\"name\":\"SOS Calcare Waschmaschinen - Meliconi\",\"isPartOf\":{\"@id\":\"https:\/\/www.meliconi.com\/de\/#website\"},\"primaryImageOfPage\":{\"@id\":\"https:\/\/www.meliconi.com\/de\/produkt\/sos-calcare\/#primaryimage\"},\"image\":{\"@id\":\"https:\/\/www.meliconi.com\/de\/produkt\/sos-calcare\/#primaryimage\"},\"thumbnailUrl\":\"https:\/\/www.meliconi.com\/wp-content\/uploads\/2021\/06\/656154_SOS_CALCARE.png\",\"datePublished\":\"2021-06-25T15:57:08+00:00\",\"dateModified\":\"2024-11-04T13:30:38+00:00\",\"breadcrumb\":{\"@id\":\"https:\/\/www.meliconi.com\/de\/produkt\/sos-calcare\/#breadcrumb\"},\"inLanguage\":\"de\",\"potentialAction\":[{\"@type\":\"ReadAction\",\"target\":[\"https:\/\/www.meliconi.com\/de\/produkt\/sos-calcare\/\"]}]},{\"@type\":\"ImageObject\",\"inLanguage\":\"de\",\"@id\":\"https:\/\/www.meliconi.com\/de\/produkt\/sos-calcare\/#primaryimage\",\"url\":\"https:\/\/www.meliconi.com\/wp-content\/uploads\/2021\/06\/656154_SOS_CALCARE.png\",\"contentUrl\":\"https:\/\/www.meliconi.com\/wp-content\/uploads\/2021\/06\/656154_SOS_CALCARE.png\",\"width\":9449,\"height\":9449},{\"@type\":\"BreadcrumbList\",\"@id\":\"https:\/\/www.meliconi.com\/de\/produkt\/sos-calcare\/#breadcrumb\",\"itemListElement\":[{\"@type\":\"ListItem\",\"position\":1,\"name\":\"Home\",\"item\":\"https:\/\/www.meliconi.com\/de\/\"},{\"@type\":\"ListItem\",\"position\":2,\"name\":\"Shop\",\"item\":\"https:\/\/www.meliconi.com\/de\/shop-de\/\"},{\"@type\":\"ListItem\",\"position\":3,\"name\":\"SOS Calcare Waschmaschinen\"}]},{\"@type\":\"WebSite\",\"@id\":\"https:\/\/www.meliconi.com\/de\/#website\",\"url\":\"https:\/\/www.meliconi.com\/de\/\",\"name\":\"Meliconi\",\"description\":\"Lo specialista dell&#039;accessorio\",\"publisher\":{\"@id\":\"https:\/\/www.meliconi.com\/de\/#organization\"},\"potentialAction\":[{\"@type\":\"SearchAction\",\"target\":{\"@type\":\"EntryPoint\",\"urlTemplate\":\"https:\/\/www.meliconi.com\/de\/?s={search_term_string}\"},\"query-input\":{\"@type\":\"PropertyValueSpecification\",\"valueRequired\":true,\"valueName\":\"search_term_string\"}}],\"inLanguage\":\"de\"},{\"@type\":\"Organization\",\"@id\":\"https:\/\/www.meliconi.com\/de\/#organization\",\"name\":\"Meliconi\",\"url\":\"https:\/\/www.meliconi.com\/de\/\",\"logo\":{\"@type\":\"ImageObject\",\"inLanguage\":\"de\",\"@id\":\"https:\/\/www.meliconi.com\/de\/#\/schema\/logo\/image\/\",\"url\":\"https:\/\/www.meliconi.com\/wp-content\/uploads\/2021\/06\/logo-meliconi.png\",\"contentUrl\":\"https:\/\/www.meliconi.com\/wp-content\/uploads\/2021\/06\/logo-meliconi.png\",\"width\":338,\"height\":102,\"caption\":\"Meliconi\"},\"image\":{\"@id\":\"https:\/\/www.meliconi.com\/de\/#\/schema\/logo\/image\/\"}}]}<\/script>\n<!-- \/ Yoast SEO plugin. -->","yoast_head_json":{"title":"SOS Calcare Waschmaschinen - Meliconi","robots":{"index":"index","follow":"follow","max-snippet":"max-snippet:-1","max-image-preview":"max-image-preview:large","max-video-preview":"max-video-preview:-1"},"canonical":"https:\/\/www.meliconi.com\/de\/produkt\/sos-calcare\/","og_locale":"de_DE","og_type":"article","og_title":"SOS Calcare Waschmaschinen - Meliconi","og_description":"Magnetisches Antikalkr\u00f6hrchen, geeignet f\u00fcr Waschmaschinen und Sp\u00fclmaschinen. Hilft, die Lebensdauer des Ger\u00e4ts zu verl\u00e4ngern, verbessert die Waschqualit\u00e4t. Universell 3\/4\"","og_url":"https:\/\/www.meliconi.com\/de\/produkt\/sos-calcare\/","og_site_name":"Meliconi","article_modified_time":"2024-11-04T13:30:38+00:00","og_image":[{"width":1024,"height":1024,"url":"https:\/\/www.meliconi.com\/wp-content\/uploads\/2021\/06\/656154_SOS_CALCARE-1024x1024.png","type":"image\/png"}],"twitter_card":"summary_large_image","twitter_misc":{"Gesch\u00e4tzte Lesezeit":"1\u00a0Minute"},"schema":{"@context":"https:\/\/schema.org","@graph":[{"@type":"WebPage","@id":"https:\/\/www.meliconi.com\/de\/produkt\/sos-calcare\/","url":"https:\/\/www.meliconi.com\/de\/produkt\/sos-calcare\/","name":"SOS Calcare Waschmaschinen - Meliconi","isPartOf":{"@id":"https:\/\/www.meliconi.com\/de\/#website"},"primaryImageOfPage":{"@id":"https:\/\/www.meliconi.com\/de\/produkt\/sos-calcare\/#primaryimage"},"image":{"@id":"https:\/\/www.meliconi.com\/de\/produkt\/sos-calcare\/#primaryimage"},"thumbnailUrl":"https:\/\/www.meliconi.com\/wp-content\/uploads\/2021\/06\/656154_SOS_CALCARE.png","datePublished":"2021-06-25T15:57:08+00:00","dateModified":"2024-11-04T13:30:38+00:00","breadcrumb":{"@id":"https:\/\/www.meliconi.com\/de\/produkt\/sos-calcare\/#breadcrumb"},"inLanguage":"de","potentialAction":[{"@type":"ReadAction","target":["https:\/\/www.meliconi.com\/de\/produkt\/sos-calcare\/"]}]},{"@type":"ImageObject","inLanguage":"de","@id":"https:\/\/www.meliconi.com\/de\/produkt\/sos-calcare\/#primaryimage","url":"https:\/\/www.meliconi.com\/wp-content\/uploads\/2021\/06\/656154_SOS_CALCARE.png","contentUrl":"https:\/\/www.meliconi.com\/wp-content\/uploads\/2021\/06\/656154_SOS_CALCARE.png","width":9449,"height":9449},{"@type":"BreadcrumbList","@id":"https:\/\/www.meliconi.com\/de\/produkt\/sos-calcare\/#breadcrumb","itemListElement":[{"@type":"ListItem","position":1,"name":"Home","item":"https:\/\/www.meliconi.com\/de\/"},{"@type":"ListItem","position":2,"name":"Shop","item":"https:\/\/www.meliconi.com\/de\/shop-de\/"},{"@type":"ListItem","position":3,"name":"SOS Calcare Waschmaschinen"}]},{"@type":"WebSite","@id":"https:\/\/www.meliconi.com\/de\/#website","url":"https:\/\/www.meliconi.com\/de\/","name":"Meliconi","description":"Lo specialista dell&#039;accessorio","publisher":{"@id":"https:\/\/www.meliconi.com\/de\/#organization"},"potentialAction":[{"@type":"SearchAction","target":{"@type":"EntryPoint","urlTemplate":"https:\/\/www.meliconi.com\/de\/?s={search_term_string}"},"query-input":{"@type":"PropertyValueSpecification","valueRequired":true,"valueName":"search_term_string"}}],"inLanguage":"de"},{"@type":"Organization","@id":"https:\/\/www.meliconi.com\/de\/#organization","name":"Meliconi","url":"https:\/\/www.meliconi.com\/de\/","logo":{"@type":"ImageObject","inLanguage":"de","@id":"https:\/\/www.meliconi.com\/de\/#\/schema\/logo\/image\/","url":"https:\/\/www.meliconi.com\/wp-content\/uploads\/2021\/06\/logo-meliconi.png","contentUrl":"https:\/\/www.meliconi.com\/wp-content\/uploads\/2021\/06\/logo-meliconi.png","width":338,"height":102,"caption":"Meliconi"},"image":{"@id":"https:\/\/www.meliconi.com\/de\/#\/schema\/logo\/image\/"}}]}},"_links":{"self":[{"href":"https:\/\/www.meliconi.com\/de\/wp-json\/wp\/v2\/product\/60265","targetHints":{"allow":["GET"]}}],"collection":[{"href":"https:\/\/www.meliconi.com\/de\/wp-json\/wp\/v2\/product"}],"about":[{"href":"https:\/\/www.meliconi.com\/de\/wp-json\/wp\/v2\/types\/product"}],"wp:featuredmedia":[{"embeddable":true,"href":"https:\/\/www.meliconi.com\/de\/wp-json\/wp\/v2\/media\/60270"}],"wp:attachment":[{"href":"https:\/\/www.meliconi.com\/de\/wp-json\/wp\/v2\/media?parent=60265"}],"wp:term":[{"taxonomy":"product_cat","embeddable":true,"href":"https:\/\/www.meliconi.com\/de\/wp-json\/wp\/v2\/product_cat?post=60265"},{"taxonomy":"product_tag","embeddable":true,"href":"https:\/\/www.meliconi.com\/de\/wp-json\/wp\/v2\/product_tag?post=60265"}],"curies":[{"name":"wp","href":"https:\/\/api.w.org\/{rel}","templated":true}]}}