{"id":60258,"date":"2022-11-25T13:08:24","date_gmt":"2022-11-25T13:08:24","guid":{"rendered":"https:\/\/www.meliconi.com\/prodotto\/gumbody-personal-7-per-tv-tcl-thomson\/"},"modified":"2024-10-08T15:08:08","modified_gmt":"2024-10-08T13:08:08","slug":"gumbody-personal-7-fuer-tv-tcl-thomson","status":"publish","type":"product","link":"https:\/\/www.meliconi.com\/de\/produkt\/gumbody-personal-7-fuer-tv-tcl-thomson\/","title":{"rendered":"Gumbody Personal 7+ f\u00fcr TV TCL\/Thomson"},"content":{"rendered":"<p>Fernbedienung f\u00fcr 1 TCL\/THOMSON Fernseher, ersetzt die Originalfernbedienung des Fernsehers bei Fehlfunktion, Bruch oder Verlust.<br \/>\nBereits f\u00fcr TCL\/THOMSON-Fernseher programmiert (kein Eingeben eines Programmierungscodes erforderlich. Kann eine einfache Erstkonfiguration erfordern, um optimal zu funktionieren).<br \/>\nAlle Infrarotfunktionen der Originalfernbedienungen verf\u00fcgbar. Dank der Tabellen auf <a href=\"http:\/\/www.cme.it\">www.cme.it<\/a> k\u00f6nnen Sie genau \u00fcberpr\u00fcfen, auf welchen Tasten sich die gew\u00fcnschten Originalfunktionen befinden.<br \/>\nSchneller Zugriff auf die wichtigsten Streaming-Plattformen der Smart TVs (Netflix, Prime Video und andere).<br \/>\nDie ergonomische Form und das Geh\u00e4use aus weichem Gummi sorgen f\u00fcr einen sicheren Halt und sch\u00fctzen die Fernbedienung vor St\u00f6\u00dfen und St\u00fcrzen.<br \/>\nKann Signale von anderen Fernbedienungen empfangen (LEARN-Funktion): Ideal, um zus\u00e4tzlich zur Steuerung des Fernsehers auch die Lautst\u00e4rke von Soundbars und angeschlossenen Heim-Audiosystemen zu regeln.<br \/>\nSpezieller Web-Support auf <a href=\"http:\/\/www.cme.it\">www.cme.it<\/a> (Tabellen f\u00fcr Tasten-\/Funktionskorrespondenzen, vollst\u00e4ndiges Benutzerhandbuch, Videoanleitungen, h\u00e4ufig gestellte Fragen und vieles mehr).<\/p>\n","protected":false},"excerpt":{"rendered":"<p>Ersatzfernbedienung f\u00fcr digitale TCL\/THOMSON-Fernseher. Bereits vorprogrammiert. Alle Originalfunktionen verf\u00fcgbar.<br \/>\nSto\u00dffestes Gummigeh\u00e4use. Vollst\u00e4ndiger Web-Support.<\/p>\n","protected":false},"featured_media":60259,"template":"","meta":{"_acf_changed":false},"product_brand":[],"product_cat":[1046],"product_tag":[],"class_list":{"0":"post-60258","1":"product","2":"type-product","3":"status-publish","4":"has-post-thumbnail","6":"product_cat-kat-fernbedienungen","7":"pa_tipo-telecomando-per-marca-de","9":"first","10":"instock","11":"taxable","12":"shipping-taxable","13":"purchasable","14":"product-type-simple"},"acf":[],"yoast_head":"<!-- This site is optimized with the Yoast SEO plugin v27.4 - https:\/\/yoast.com\/product\/yoast-seo-wordpress\/ -->\n<title>Gumbody Personal 7+ f\u00fcr TV TCL\/Thomson - Meliconi<\/title>\n<meta name=\"robots\" content=\"index, follow, max-snippet:-1, max-image-preview:large, max-video-preview:-1\" \/>\n<link rel=\"canonical\" href=\"https:\/\/www.meliconi.com\/de\/produkt\/gumbody-personal-7-fuer-tv-tcl-thomson\/\" \/>\n<meta property=\"og:locale\" content=\"de_DE\" \/>\n<meta property=\"og:type\" content=\"article\" \/>\n<meta property=\"og:title\" content=\"Gumbody Personal 7+ f\u00fcr TV TCL\/Thomson - Meliconi\" \/>\n<meta property=\"og:description\" content=\"Ersatzfernbedienung f\u00fcr digitale TCL\/THOMSON-Fernseher. Bereits vorprogrammiert. Alle Originalfunktionen verf\u00fcgbar. Sto\u00dffestes Gummigeh\u00e4use. Vollst\u00e4ndiger Web-Support.\" \/>\n<meta property=\"og:url\" content=\"https:\/\/www.meliconi.com\/de\/produkt\/gumbody-personal-7-fuer-tv-tcl-thomson\/\" \/>\n<meta property=\"og:site_name\" content=\"Meliconi\" \/>\n<meta property=\"article:modified_time\" content=\"2024-10-08T13:08:08+00:00\" \/>\n<meta property=\"og:image\" content=\"https:\/\/www.meliconi.com\/wp-content\/uploads\/2022\/11\/PERSONAL-7-723x1024.png\" \/>\n\t<meta property=\"og:image:width\" content=\"723\" \/>\n\t<meta property=\"og:image:height\" content=\"1024\" \/>\n\t<meta property=\"og:image:type\" content=\"image\/png\" \/>\n<meta name=\"twitter:card\" content=\"summary_large_image\" \/>\n<meta name=\"twitter:label1\" content=\"Gesch\u00e4tzte Lesezeit\" \/>\n\t<meta name=\"twitter:data1\" content=\"1\u00a0Minute\" \/>\n<script type=\"application\/ld+json\" class=\"yoast-schema-graph\">{\"@context\":\"https:\\\/\\\/schema.org\",\"@graph\":[{\"@type\":\"WebPage\",\"@id\":\"https:\\\/\\\/www.meliconi.com\\\/de\\\/produkt\\\/gumbody-personal-7-fuer-tv-tcl-thomson\\\/\",\"url\":\"https:\\\/\\\/www.meliconi.com\\\/de\\\/produkt\\\/gumbody-personal-7-fuer-tv-tcl-thomson\\\/\",\"name\":\"Gumbody Personal 7+ f\u00fcr TV TCL\\\/Thomson - Meliconi\",\"isPartOf\":{\"@id\":\"https:\\\/\\\/www.meliconi.com\\\/de\\\/#website\"},\"primaryImageOfPage\":{\"@id\":\"https:\\\/\\\/www.meliconi.com\\\/de\\\/produkt\\\/gumbody-personal-7-fuer-tv-tcl-thomson\\\/#primaryimage\"},\"image\":{\"@id\":\"https:\\\/\\\/www.meliconi.com\\\/de\\\/produkt\\\/gumbody-personal-7-fuer-tv-tcl-thomson\\\/#primaryimage\"},\"thumbnailUrl\":\"https:\\\/\\\/www.meliconi.com\\\/wp-content\\\/uploads\\\/2022\\\/11\\\/PERSONAL-7.png\",\"datePublished\":\"2022-11-25T13:08:24+00:00\",\"dateModified\":\"2024-10-08T13:08:08+00:00\",\"breadcrumb\":{\"@id\":\"https:\\\/\\\/www.meliconi.com\\\/de\\\/produkt\\\/gumbody-personal-7-fuer-tv-tcl-thomson\\\/#breadcrumb\"},\"inLanguage\":\"de\",\"potentialAction\":[{\"@type\":\"ReadAction\",\"target\":[\"https:\\\/\\\/www.meliconi.com\\\/de\\\/produkt\\\/gumbody-personal-7-fuer-tv-tcl-thomson\\\/\"]}]},{\"@type\":\"ImageObject\",\"inLanguage\":\"de\",\"@id\":\"https:\\\/\\\/www.meliconi.com\\\/de\\\/produkt\\\/gumbody-personal-7-fuer-tv-tcl-thomson\\\/#primaryimage\",\"url\":\"https:\\\/\\\/www.meliconi.com\\\/wp-content\\\/uploads\\\/2022\\\/11\\\/PERSONAL-7.png\",\"contentUrl\":\"https:\\\/\\\/www.meliconi.com\\\/wp-content\\\/uploads\\\/2022\\\/11\\\/PERSONAL-7.png\",\"width\":4236,\"height\":6000},{\"@type\":\"BreadcrumbList\",\"@id\":\"https:\\\/\\\/www.meliconi.com\\\/de\\\/produkt\\\/gumbody-personal-7-fuer-tv-tcl-thomson\\\/#breadcrumb\",\"itemListElement\":[{\"@type\":\"ListItem\",\"position\":1,\"name\":\"Home\",\"item\":\"https:\\\/\\\/www.meliconi.com\\\/de\\\/\"},{\"@type\":\"ListItem\",\"position\":2,\"name\":\"Shop\",\"item\":\"https:\\\/\\\/www.meliconi.com\\\/de\\\/shop-de\\\/\"},{\"@type\":\"ListItem\",\"position\":3,\"name\":\"Gumbody Personal 7+ f\u00fcr TV TCL\\\/Thomson\"}]},{\"@type\":\"WebSite\",\"@id\":\"https:\\\/\\\/www.meliconi.com\\\/de\\\/#website\",\"url\":\"https:\\\/\\\/www.meliconi.com\\\/de\\\/\",\"name\":\"Meliconi\",\"description\":\"Lo specialista dell&#039;accessorio\",\"publisher\":{\"@id\":\"https:\\\/\\\/www.meliconi.com\\\/de\\\/#organization\"},\"potentialAction\":[{\"@type\":\"SearchAction\",\"target\":{\"@type\":\"EntryPoint\",\"urlTemplate\":\"https:\\\/\\\/www.meliconi.com\\\/de\\\/?s={search_term_string}\"},\"query-input\":{\"@type\":\"PropertyValueSpecification\",\"valueRequired\":true,\"valueName\":\"search_term_string\"}}],\"inLanguage\":\"de\"},{\"@type\":\"Organization\",\"@id\":\"https:\\\/\\\/www.meliconi.com\\\/de\\\/#organization\",\"name\":\"Meliconi\",\"url\":\"https:\\\/\\\/www.meliconi.com\\\/de\\\/\",\"logo\":{\"@type\":\"ImageObject\",\"inLanguage\":\"de\",\"@id\":\"https:\\\/\\\/www.meliconi.com\\\/de\\\/#\\\/schema\\\/logo\\\/image\\\/\",\"url\":\"https:\\\/\\\/www.meliconi.com\\\/wp-content\\\/uploads\\\/2021\\\/06\\\/logo-meliconi.png\",\"contentUrl\":\"https:\\\/\\\/www.meliconi.com\\\/wp-content\\\/uploads\\\/2021\\\/06\\\/logo-meliconi.png\",\"width\":338,\"height\":102,\"caption\":\"Meliconi\"},\"image\":{\"@id\":\"https:\\\/\\\/www.meliconi.com\\\/de\\\/#\\\/schema\\\/logo\\\/image\\\/\"}}]}<\/script>\n<!-- \/ Yoast SEO plugin. -->","yoast_head_json":{"title":"Gumbody Personal 7+ f\u00fcr TV TCL\/Thomson - Meliconi","robots":{"index":"index","follow":"follow","max-snippet":"max-snippet:-1","max-image-preview":"max-image-preview:large","max-video-preview":"max-video-preview:-1"},"canonical":"https:\/\/www.meliconi.com\/de\/produkt\/gumbody-personal-7-fuer-tv-tcl-thomson\/","og_locale":"de_DE","og_type":"article","og_title":"Gumbody Personal 7+ f\u00fcr TV TCL\/Thomson - Meliconi","og_description":"Ersatzfernbedienung f\u00fcr digitale TCL\/THOMSON-Fernseher. Bereits vorprogrammiert. Alle Originalfunktionen verf\u00fcgbar. Sto\u00dffestes Gummigeh\u00e4use. Vollst\u00e4ndiger Web-Support.","og_url":"https:\/\/www.meliconi.com\/de\/produkt\/gumbody-personal-7-fuer-tv-tcl-thomson\/","og_site_name":"Meliconi","article_modified_time":"2024-10-08T13:08:08+00:00","og_image":[{"width":723,"height":1024,"url":"https:\/\/www.meliconi.com\/wp-content\/uploads\/2022\/11\/PERSONAL-7-723x1024.png","type":"image\/png"}],"twitter_card":"summary_large_image","twitter_misc":{"Gesch\u00e4tzte Lesezeit":"1\u00a0Minute"},"schema":{"@context":"https:\/\/schema.org","@graph":[{"@type":"WebPage","@id":"https:\/\/www.meliconi.com\/de\/produkt\/gumbody-personal-7-fuer-tv-tcl-thomson\/","url":"https:\/\/www.meliconi.com\/de\/produkt\/gumbody-personal-7-fuer-tv-tcl-thomson\/","name":"Gumbody Personal 7+ f\u00fcr TV TCL\/Thomson - Meliconi","isPartOf":{"@id":"https:\/\/www.meliconi.com\/de\/#website"},"primaryImageOfPage":{"@id":"https:\/\/www.meliconi.com\/de\/produkt\/gumbody-personal-7-fuer-tv-tcl-thomson\/#primaryimage"},"image":{"@id":"https:\/\/www.meliconi.com\/de\/produkt\/gumbody-personal-7-fuer-tv-tcl-thomson\/#primaryimage"},"thumbnailUrl":"https:\/\/www.meliconi.com\/wp-content\/uploads\/2022\/11\/PERSONAL-7.png","datePublished":"2022-11-25T13:08:24+00:00","dateModified":"2024-10-08T13:08:08+00:00","breadcrumb":{"@id":"https:\/\/www.meliconi.com\/de\/produkt\/gumbody-personal-7-fuer-tv-tcl-thomson\/#breadcrumb"},"inLanguage":"de","potentialAction":[{"@type":"ReadAction","target":["https:\/\/www.meliconi.com\/de\/produkt\/gumbody-personal-7-fuer-tv-tcl-thomson\/"]}]},{"@type":"ImageObject","inLanguage":"de","@id":"https:\/\/www.meliconi.com\/de\/produkt\/gumbody-personal-7-fuer-tv-tcl-thomson\/#primaryimage","url":"https:\/\/www.meliconi.com\/wp-content\/uploads\/2022\/11\/PERSONAL-7.png","contentUrl":"https:\/\/www.meliconi.com\/wp-content\/uploads\/2022\/11\/PERSONAL-7.png","width":4236,"height":6000},{"@type":"BreadcrumbList","@id":"https:\/\/www.meliconi.com\/de\/produkt\/gumbody-personal-7-fuer-tv-tcl-thomson\/#breadcrumb","itemListElement":[{"@type":"ListItem","position":1,"name":"Home","item":"https:\/\/www.meliconi.com\/de\/"},{"@type":"ListItem","position":2,"name":"Shop","item":"https:\/\/www.meliconi.com\/de\/shop-de\/"},{"@type":"ListItem","position":3,"name":"Gumbody Personal 7+ f\u00fcr TV TCL\/Thomson"}]},{"@type":"WebSite","@id":"https:\/\/www.meliconi.com\/de\/#website","url":"https:\/\/www.meliconi.com\/de\/","name":"Meliconi","description":"Lo specialista dell&#039;accessorio","publisher":{"@id":"https:\/\/www.meliconi.com\/de\/#organization"},"potentialAction":[{"@type":"SearchAction","target":{"@type":"EntryPoint","urlTemplate":"https:\/\/www.meliconi.com\/de\/?s={search_term_string}"},"query-input":{"@type":"PropertyValueSpecification","valueRequired":true,"valueName":"search_term_string"}}],"inLanguage":"de"},{"@type":"Organization","@id":"https:\/\/www.meliconi.com\/de\/#organization","name":"Meliconi","url":"https:\/\/www.meliconi.com\/de\/","logo":{"@type":"ImageObject","inLanguage":"de","@id":"https:\/\/www.meliconi.com\/de\/#\/schema\/logo\/image\/","url":"https:\/\/www.meliconi.com\/wp-content\/uploads\/2021\/06\/logo-meliconi.png","contentUrl":"https:\/\/www.meliconi.com\/wp-content\/uploads\/2021\/06\/logo-meliconi.png","width":338,"height":102,"caption":"Meliconi"},"image":{"@id":"https:\/\/www.meliconi.com\/de\/#\/schema\/logo\/image\/"}}]}},"_links":{"self":[{"href":"https:\/\/www.meliconi.com\/de\/wp-json\/wp\/v2\/product\/60258","targetHints":{"allow":["GET"]}}],"collection":[{"href":"https:\/\/www.meliconi.com\/de\/wp-json\/wp\/v2\/product"}],"about":[{"href":"https:\/\/www.meliconi.com\/de\/wp-json\/wp\/v2\/types\/product"}],"wp:featuredmedia":[{"embeddable":true,"href":"https:\/\/www.meliconi.com\/de\/wp-json\/wp\/v2\/media\/60259"}],"wp:attachment":[{"href":"https:\/\/www.meliconi.com\/de\/wp-json\/wp\/v2\/media?parent=60258"}],"wp:term":[{"taxonomy":"product_brand","embeddable":true,"href":"https:\/\/www.meliconi.com\/de\/wp-json\/wp\/v2\/product_brand?post=60258"},{"taxonomy":"product_cat","embeddable":true,"href":"https:\/\/www.meliconi.com\/de\/wp-json\/wp\/v2\/product_cat?post=60258"},{"taxonomy":"product_tag","embeddable":true,"href":"https:\/\/www.meliconi.com\/de\/wp-json\/wp\/v2\/product_tag?post=60258"}],"curies":[{"name":"wp","href":"https:\/\/api.w.org\/{rel}","templated":true}]}}