{"id":60194,"date":"2023-02-10T07:49:58","date_gmt":"2023-02-10T07:49:58","guid":{"rendered":"https:\/\/www.meliconi.com\/prodotto\/at55-r1-usb\/"},"modified":"2024-10-08T14:56:38","modified_gmt":"2024-10-08T12:56:38","slug":"at55-r1-usb","status":"publish","type":"product","link":"https:\/\/www.meliconi.com\/de\/produkt\/at55-r1-usb\/","title":{"rendered":"AT55 R1 USB"},"content":{"rendered":"<p>Zukunftssicher: Die Antenne, kompatibel mit terrestrischen digitalen DVB-T-Signalen, ist mit 4G- und 5G-Interferenzfiltern ausgestattet und bereits f\u00fcr den Empfang von DVB-T2 HEVC-Signalen vorbereitet.<br \/>\nReichweite der Antenne: Ideal f\u00fcr den Empfang von Signalen von Repeatern in bis zu 30 km Entfernung.<br \/>\nVerst\u00e4rkerqualit\u00e4t: Interner Hochleistungsverst\u00e4rker (Rauschzahl = 1 dB).<br \/>\nStromversorgung: \u00dcber USB-Kabel (5V), das im Lieferumfang enthalten ist.<br \/>\nKompatibilit\u00e4t: Signale DVB-T, DVB-T HD, DVB-T2 HEVC, Radio DAB+. Empfangsbereich VHF + UHF (174~230 MHz 470~694 MHz).<\/p>\n","protected":false},"excerpt":{"rendered":"<p>Innen-TV-Antenne mit einstellbarer Verst\u00e4rkung. Bereits vorbereitet f\u00fcr DVB-T2 und 5G. Stromversorgung \u00fcber USB vom TV.<\/p>\n","protected":false},"featured_media":60196,"template":"","meta":{"_acf_changed":false},"product_brand":[],"product_cat":[1180,1168],"product_tag":[],"class_list":{"0":"post-60194","1":"product","2":"type-product","3":"status-publish","4":"has-post-thumbnail","6":"product_cat-aktionen","7":"product_cat-antennen-und-tv-verstarker","9":"first","10":"instock","11":"sale","12":"taxable","13":"shipping-taxable","14":"purchasable","15":"product-type-variable"},"acf":[],"yoast_head":"<!-- This site is optimized with the Yoast SEO plugin v27.4 - https:\/\/yoast.com\/product\/yoast-seo-wordpress\/ -->\n<title>AT55 R1 USB - Meliconi<\/title>\n<meta name=\"robots\" content=\"index, follow, max-snippet:-1, max-image-preview:large, max-video-preview:-1\" \/>\n<link rel=\"canonical\" href=\"https:\/\/www.meliconi.com\/de\/produkt\/at55-r1-usb\/\" \/>\n<meta property=\"og:locale\" content=\"de_DE\" \/>\n<meta property=\"og:type\" content=\"article\" \/>\n<meta property=\"og:title\" content=\"AT55 R1 USB - Meliconi\" \/>\n<meta property=\"og:description\" content=\"Innen-TV-Antenne mit einstellbarer Verst\u00e4rkung. Bereits vorbereitet f\u00fcr DVB-T2 und 5G. Stromversorgung \u00fcber USB vom TV.\" \/>\n<meta property=\"og:url\" content=\"https:\/\/www.meliconi.com\/de\/produkt\/at55-r1-usb\/\" \/>\n<meta property=\"og:site_name\" content=\"Meliconi\" \/>\n<meta property=\"article:modified_time\" content=\"2024-10-08T12:56:38+00:00\" \/>\n<meta property=\"og:image\" content=\"https:\/\/www.meliconi.com\/wp-content\/uploads\/2021\/06\/881014_AT55_fronte2-1-scaled.jpg\" \/>\n\t<meta property=\"og:image:width\" content=\"2560\" \/>\n\t<meta property=\"og:image:height\" content=\"1928\" \/>\n\t<meta property=\"og:image:type\" content=\"image\/jpeg\" \/>\n<meta name=\"twitter:card\" content=\"summary_large_image\" \/>\n<meta name=\"twitter:label1\" content=\"Gesch\u00e4tzte Lesezeit\" \/>\n\t<meta name=\"twitter:data1\" content=\"1\u00a0Minute\" \/>\n<script type=\"application\/ld+json\" class=\"yoast-schema-graph\">{\"@context\":\"https:\\\/\\\/schema.org\",\"@graph\":[{\"@type\":\"WebPage\",\"@id\":\"https:\\\/\\\/www.meliconi.com\\\/de\\\/produkt\\\/at55-r1-usb\\\/\",\"url\":\"https:\\\/\\\/www.meliconi.com\\\/de\\\/produkt\\\/at55-r1-usb\\\/\",\"name\":\"AT55 R1 USB - Meliconi\",\"isPartOf\":{\"@id\":\"https:\\\/\\\/www.meliconi.com\\\/de\\\/#website\"},\"primaryImageOfPage\":{\"@id\":\"https:\\\/\\\/www.meliconi.com\\\/de\\\/produkt\\\/at55-r1-usb\\\/#primaryimage\"},\"image\":{\"@id\":\"https:\\\/\\\/www.meliconi.com\\\/de\\\/produkt\\\/at55-r1-usb\\\/#primaryimage\"},\"thumbnailUrl\":\"https:\\\/\\\/www.meliconi.com\\\/wp-content\\\/uploads\\\/2021\\\/06\\\/881014_AT55_fronte2-1-scaled.jpg\",\"datePublished\":\"2023-02-10T07:49:58+00:00\",\"dateModified\":\"2024-10-08T12:56:38+00:00\",\"breadcrumb\":{\"@id\":\"https:\\\/\\\/www.meliconi.com\\\/de\\\/produkt\\\/at55-r1-usb\\\/#breadcrumb\"},\"inLanguage\":\"de\",\"potentialAction\":[{\"@type\":\"ReadAction\",\"target\":[\"https:\\\/\\\/www.meliconi.com\\\/de\\\/produkt\\\/at55-r1-usb\\\/\"]}]},{\"@type\":\"ImageObject\",\"inLanguage\":\"de\",\"@id\":\"https:\\\/\\\/www.meliconi.com\\\/de\\\/produkt\\\/at55-r1-usb\\\/#primaryimage\",\"url\":\"https:\\\/\\\/www.meliconi.com\\\/wp-content\\\/uploads\\\/2021\\\/06\\\/881014_AT55_fronte2-1-scaled.jpg\",\"contentUrl\":\"https:\\\/\\\/www.meliconi.com\\\/wp-content\\\/uploads\\\/2021\\\/06\\\/881014_AT55_fronte2-1-scaled.jpg\",\"width\":2560,\"height\":1928},{\"@type\":\"BreadcrumbList\",\"@id\":\"https:\\\/\\\/www.meliconi.com\\\/de\\\/produkt\\\/at55-r1-usb\\\/#breadcrumb\",\"itemListElement\":[{\"@type\":\"ListItem\",\"position\":1,\"name\":\"Home\",\"item\":\"https:\\\/\\\/www.meliconi.com\\\/de\\\/\"},{\"@type\":\"ListItem\",\"position\":2,\"name\":\"Shop\",\"item\":\"https:\\\/\\\/www.meliconi.com\\\/de\\\/shop-de\\\/\"},{\"@type\":\"ListItem\",\"position\":3,\"name\":\"AT55 R1 USB\"}]},{\"@type\":\"WebSite\",\"@id\":\"https:\\\/\\\/www.meliconi.com\\\/de\\\/#website\",\"url\":\"https:\\\/\\\/www.meliconi.com\\\/de\\\/\",\"name\":\"Meliconi\",\"description\":\"Lo specialista dell&#039;accessorio\",\"publisher\":{\"@id\":\"https:\\\/\\\/www.meliconi.com\\\/de\\\/#organization\"},\"potentialAction\":[{\"@type\":\"SearchAction\",\"target\":{\"@type\":\"EntryPoint\",\"urlTemplate\":\"https:\\\/\\\/www.meliconi.com\\\/de\\\/?s={search_term_string}\"},\"query-input\":{\"@type\":\"PropertyValueSpecification\",\"valueRequired\":true,\"valueName\":\"search_term_string\"}}],\"inLanguage\":\"de\"},{\"@type\":\"Organization\",\"@id\":\"https:\\\/\\\/www.meliconi.com\\\/de\\\/#organization\",\"name\":\"Meliconi\",\"url\":\"https:\\\/\\\/www.meliconi.com\\\/de\\\/\",\"logo\":{\"@type\":\"ImageObject\",\"inLanguage\":\"de\",\"@id\":\"https:\\\/\\\/www.meliconi.com\\\/de\\\/#\\\/schema\\\/logo\\\/image\\\/\",\"url\":\"https:\\\/\\\/www.meliconi.com\\\/wp-content\\\/uploads\\\/2021\\\/06\\\/logo-meliconi.png\",\"contentUrl\":\"https:\\\/\\\/www.meliconi.com\\\/wp-content\\\/uploads\\\/2021\\\/06\\\/logo-meliconi.png\",\"width\":338,\"height\":102,\"caption\":\"Meliconi\"},\"image\":{\"@id\":\"https:\\\/\\\/www.meliconi.com\\\/de\\\/#\\\/schema\\\/logo\\\/image\\\/\"}}]}<\/script>\n<!-- \/ Yoast SEO plugin. -->","yoast_head_json":{"title":"AT55 R1 USB - Meliconi","robots":{"index":"index","follow":"follow","max-snippet":"max-snippet:-1","max-image-preview":"max-image-preview:large","max-video-preview":"max-video-preview:-1"},"canonical":"https:\/\/www.meliconi.com\/de\/produkt\/at55-r1-usb\/","og_locale":"de_DE","og_type":"article","og_title":"AT55 R1 USB - Meliconi","og_description":"Innen-TV-Antenne mit einstellbarer Verst\u00e4rkung. Bereits vorbereitet f\u00fcr DVB-T2 und 5G. Stromversorgung \u00fcber USB vom TV.","og_url":"https:\/\/www.meliconi.com\/de\/produkt\/at55-r1-usb\/","og_site_name":"Meliconi","article_modified_time":"2024-10-08T12:56:38+00:00","og_image":[{"width":2560,"height":1928,"url":"https:\/\/www.meliconi.com\/wp-content\/uploads\/2021\/06\/881014_AT55_fronte2-1-scaled.jpg","type":"image\/jpeg"}],"twitter_card":"summary_large_image","twitter_misc":{"Gesch\u00e4tzte Lesezeit":"1\u00a0Minute"},"schema":{"@context":"https:\/\/schema.org","@graph":[{"@type":"WebPage","@id":"https:\/\/www.meliconi.com\/de\/produkt\/at55-r1-usb\/","url":"https:\/\/www.meliconi.com\/de\/produkt\/at55-r1-usb\/","name":"AT55 R1 USB - Meliconi","isPartOf":{"@id":"https:\/\/www.meliconi.com\/de\/#website"},"primaryImageOfPage":{"@id":"https:\/\/www.meliconi.com\/de\/produkt\/at55-r1-usb\/#primaryimage"},"image":{"@id":"https:\/\/www.meliconi.com\/de\/produkt\/at55-r1-usb\/#primaryimage"},"thumbnailUrl":"https:\/\/www.meliconi.com\/wp-content\/uploads\/2021\/06\/881014_AT55_fronte2-1-scaled.jpg","datePublished":"2023-02-10T07:49:58+00:00","dateModified":"2024-10-08T12:56:38+00:00","breadcrumb":{"@id":"https:\/\/www.meliconi.com\/de\/produkt\/at55-r1-usb\/#breadcrumb"},"inLanguage":"de","potentialAction":[{"@type":"ReadAction","target":["https:\/\/www.meliconi.com\/de\/produkt\/at55-r1-usb\/"]}]},{"@type":"ImageObject","inLanguage":"de","@id":"https:\/\/www.meliconi.com\/de\/produkt\/at55-r1-usb\/#primaryimage","url":"https:\/\/www.meliconi.com\/wp-content\/uploads\/2021\/06\/881014_AT55_fronte2-1-scaled.jpg","contentUrl":"https:\/\/www.meliconi.com\/wp-content\/uploads\/2021\/06\/881014_AT55_fronte2-1-scaled.jpg","width":2560,"height":1928},{"@type":"BreadcrumbList","@id":"https:\/\/www.meliconi.com\/de\/produkt\/at55-r1-usb\/#breadcrumb","itemListElement":[{"@type":"ListItem","position":1,"name":"Home","item":"https:\/\/www.meliconi.com\/de\/"},{"@type":"ListItem","position":2,"name":"Shop","item":"https:\/\/www.meliconi.com\/de\/shop-de\/"},{"@type":"ListItem","position":3,"name":"AT55 R1 USB"}]},{"@type":"WebSite","@id":"https:\/\/www.meliconi.com\/de\/#website","url":"https:\/\/www.meliconi.com\/de\/","name":"Meliconi","description":"Lo specialista dell&#039;accessorio","publisher":{"@id":"https:\/\/www.meliconi.com\/de\/#organization"},"potentialAction":[{"@type":"SearchAction","target":{"@type":"EntryPoint","urlTemplate":"https:\/\/www.meliconi.com\/de\/?s={search_term_string}"},"query-input":{"@type":"PropertyValueSpecification","valueRequired":true,"valueName":"search_term_string"}}],"inLanguage":"de"},{"@type":"Organization","@id":"https:\/\/www.meliconi.com\/de\/#organization","name":"Meliconi","url":"https:\/\/www.meliconi.com\/de\/","logo":{"@type":"ImageObject","inLanguage":"de","@id":"https:\/\/www.meliconi.com\/de\/#\/schema\/logo\/image\/","url":"https:\/\/www.meliconi.com\/wp-content\/uploads\/2021\/06\/logo-meliconi.png","contentUrl":"https:\/\/www.meliconi.com\/wp-content\/uploads\/2021\/06\/logo-meliconi.png","width":338,"height":102,"caption":"Meliconi"},"image":{"@id":"https:\/\/www.meliconi.com\/de\/#\/schema\/logo\/image\/"}}]}},"_links":{"self":[{"href":"https:\/\/www.meliconi.com\/de\/wp-json\/wp\/v2\/product\/60194","targetHints":{"allow":["GET"]}}],"collection":[{"href":"https:\/\/www.meliconi.com\/de\/wp-json\/wp\/v2\/product"}],"about":[{"href":"https:\/\/www.meliconi.com\/de\/wp-json\/wp\/v2\/types\/product"}],"wp:featuredmedia":[{"embeddable":true,"href":"https:\/\/www.meliconi.com\/de\/wp-json\/wp\/v2\/media\/60196"}],"wp:attachment":[{"href":"https:\/\/www.meliconi.com\/de\/wp-json\/wp\/v2\/media?parent=60194"}],"wp:term":[{"taxonomy":"product_brand","embeddable":true,"href":"https:\/\/www.meliconi.com\/de\/wp-json\/wp\/v2\/product_brand?post=60194"},{"taxonomy":"product_cat","embeddable":true,"href":"https:\/\/www.meliconi.com\/de\/wp-json\/wp\/v2\/product_cat?post=60194"},{"taxonomy":"product_tag","embeddable":true,"href":"https:\/\/www.meliconi.com\/de\/wp-json\/wp\/v2\/product_tag?post=60194"}],"curies":[{"name":"wp","href":"https:\/\/api.w.org\/{rel}","templated":true}]}}