{"id":60104,"date":"2024-05-13T17:28:40","date_gmt":"2024-05-13T15:28:40","guid":{"rendered":"https:\/\/www.meliconi.com\/prodotto\/xdr200-400-supporto-tv\/"},"modified":"2024-10-08T15:49:50","modified_gmt":"2024-10-08T13:49:50","slug":"xdr200-400-tv-halterung","status":"publish","type":"product","link":"https:\/\/www.meliconi.com\/de\/produkt\/xdr200-400-tv-halterung\/","title":{"rendered":"XDR200 400"},"content":{"rendered":"<p>Extra ist die neue TV-Halterungsserie von Meliconi, die ideal f\u00fcr jede Anforderung ist und fortschrittliche Technologie, modernste Materialien und innovatives Design vereint. Diese Produktreihe ist f\u00fcr die gr\u00f6\u00dften Fernseher konzipiert: Entdecken Sie unsere Optionen und finden Sie diejenige, die am besten zu Ihren Bed\u00fcrfnissen passt. Wie alle Meliconi-Halterungen zeichnet sich auch diese durch das Made in Italy-Siegel aus, das h\u00f6chste Qualit\u00e4t garantiert und eine einfache Installation mit minimalem Aufwand sicherstellt.<\/p>\n<p>Der XDR200 400 ist eine TV-Halterung mit doppelter Rotation, die speziell f\u00fcr Gipskartonw\u00e4nde entwickelt wurde und ideal f\u00fcr Fernseher mit VESA-Bohrungen 200-300-400 ist. Er ist mit einer doppelten Strebe (200 und 400) ausgestattet, um die Installation auch bei Fernsehern mit VESA 200-Anschluss zu erleichtern. Zudem verf\u00fcgt er \u00fcber das Fast Block-System und ist TUV-zertifiziert. Diese TV-Halterung f\u00fcr Gipskarton eignet sich f\u00fcr Fernseher mit einer Dicke von mindestens 12,5 mm und maximal 25 mm, kann in jeder Position installiert werden und hat eine Tragkraft von 30 kg.<\/p>\n<p>Das exklusive intelligente Verriegelungssystem FASTBLOCK erm\u00f6glicht die Montage des Fernsehers in 3 einfachen Schritten:<\/p>\n<ol>\n<li>Befestigen Sie die Platte an der Wand.<\/li>\n<li>Schrauben Sie die Halterungen auf der R\u00fcckseite des Fernsehers fest.<\/li>\n<li>Montieren Sie den Fernseher an der Wandplatte.<\/li>\n<\/ol>\n<p>Entdecken Sie die perfekte TV-Wandhalterung f\u00fcr Ihre Bed\u00fcrfnisse mit den Produkten der Extra-Linie von Meliconi!<\/p>\n","protected":false},"excerpt":{"rendered":"<p>TV-Halterung mit doppelter Rotation.<\/p>\n","protected":false},"featured_media":60112,"template":"","meta":{"_acf_changed":false},"product_cat":[1121],"product_tag":[1122,1123,1124,1125,1126,1127,1128,1129,1130,1131,1132,1133,1134,1135,1136,1137,1138,1139,1140,1141,1162,1143,1144,1145,1146,1147,1148,1150,1152,1153,1154,1155,1156,1157,1159,1160,1161],"class_list":{"0":"post-60104","1":"product","2":"type-product","3":"status-publish","4":"has-post-thumbnail","6":"product_cat-extra-de","7":"product_tag-braccio-tv-de","8":"product_tag-braccio-tv-32-pollici-de","9":"product_tag-porta-tv-de","10":"product_tag-porta-tv-da-parete-de","11":"product_tag-sostegno-tv-de","12":"product_tag-staffa-tv-de","13":"product_tag-staffa-tv-32-pollici-de","14":"product_tag-staffa-tv-43-pollici-de","15":"product_tag-staffa-tv-55-pollici-de","16":"product_tag-staffa-tv-65-pollici-de","17":"product_tag-staffa-tv-doppia-rotazione-de","18":"product_tag-staffe-per-tv-de","19":"product_tag-supporto-a-muro-per-tv-de","20":"product_tag-supporto-a-parete-per-tv-de","21":"product_tag-supporto-a-parete-tv-de","22":"product_tag-supporto-meliconi-per-tv-con-rotazione-de","23":"product_tag-supporto-per-tv-de","24":"product_tag-supporto-tv-de","25":"product_tag-supporto-tv-32-pollici-de","26":"product_tag-supporto-tv-32-pollici-a-parete-de","27":"product_tag-supporto-tv-32-a-parete-de-2","28":"product_tag-supporto-tv-a-parete-estensibile-de","29":"product_tag-supporto-tv-a-parete-orientabile-de","30":"product_tag-supporto-tv-con-braccio-estensibile-de","31":"product_tag-supporto-tv-da-soffitto-de","32":"product_tag-supporto-tv-doppio-braccio-de","33":"product_tag-supporto-tv-girevole-de","34":"product_tag-supporto-tv-inclinabile-e-girevole-de","35":"product_tag-supporto-tv-meliconi-de","36":"product_tag-supporto-tv-meliconi-doppia-rotazione-de","37":"product_tag-supporto-tv-muro-de","38":"product_tag-supporto-tv-muro-doppia-rotazione-de","39":"product_tag-supporto-tv-parete-de","40":"product_tag-supporto-tv-regolabile-de","41":"product_tag-supporto-tv-soffitto-de","42":"product_tag-supporto-tv-universale-doppia-rotazione-de","43":"product_tag-supporto-x-tv-a-parete-de","44":"pa_movimento-supporto-double-rotation-de","46":"first","47":"instock","48":"taxable","49":"shipping-taxable","50":"purchasable","51":"product-type-simple"},"acf":[],"yoast_head":"<!-- This site is optimized with the Yoast SEO plugin v26.1.1 - https:\/\/yoast.com\/wordpress\/plugins\/seo\/ -->\n<title>XDR200 400 - Meliconi TV-Halterung mit doppelter Schiene f\u00fcr Gipskarton<\/title>\n<meta name=\"description\" content=\"TV-Halterung f\u00fcr Gipskarton, kompatibel mit VESA 200-300-400 und Fernsehern von 32-65 Zoll. Geeignet f\u00fcr Gipskarton, maximale Tragkraft 30 kg, TUV\" \/>\n<meta name=\"robots\" content=\"index, follow, max-snippet:-1, max-image-preview:large, max-video-preview:-1\" \/>\n<link rel=\"canonical\" href=\"https:\/\/www.meliconi.com\/de\/produkt\/xdr200-400-tv-halterung\/\" \/>\n<meta property=\"og:locale\" content=\"de_DE\" \/>\n<meta property=\"og:type\" content=\"article\" \/>\n<meta property=\"og:title\" content=\"XDR200 400 - Meliconi TV-Halterung mit doppelter Schiene f\u00fcr Gipskarton\" \/>\n<meta property=\"og:description\" content=\"TV-Halterung f\u00fcr Gipskarton, kompatibel mit VESA 200-300-400 und Fernsehern von 32-65 Zoll. Geeignet f\u00fcr Gipskarton, maximale Tragkraft 30 kg, TUV\" \/>\n<meta property=\"og:url\" content=\"https:\/\/www.meliconi.com\/de\/produkt\/xdr200-400-tv-halterung\/\" \/>\n<meta property=\"og:site_name\" content=\"Meliconi\" \/>\n<meta property=\"article:modified_time\" content=\"2024-10-08T13:49:50+00:00\" \/>\n<meta property=\"og:image\" content=\"https:\/\/www.meliconi.com\/wp-content\/uploads\/2024\/05\/480879_XDR200400_UNITE-2-1024x724.png\" \/>\n\t<meta property=\"og:image:width\" content=\"1024\" \/>\n\t<meta property=\"og:image:height\" content=\"724\" \/>\n\t<meta property=\"og:image:type\" content=\"image\/png\" \/>\n<meta name=\"twitter:card\" content=\"summary_large_image\" \/>\n<meta name=\"twitter:label1\" content=\"Gesch\u00e4tzte Lesezeit\" \/>\n\t<meta name=\"twitter:data1\" content=\"2\u00a0Minuten\" \/>\n<script type=\"application\/ld+json\" class=\"yoast-schema-graph\">{\"@context\":\"https:\/\/schema.org\",\"@graph\":[{\"@type\":\"WebPage\",\"@id\":\"https:\/\/www.meliconi.com\/de\/produkt\/xdr200-400-tv-halterung\/\",\"url\":\"https:\/\/www.meliconi.com\/de\/produkt\/xdr200-400-tv-halterung\/\",\"name\":\"XDR200 400 - Meliconi TV-Halterung mit doppelter Schiene f\u00fcr Gipskarton\",\"isPartOf\":{\"@id\":\"https:\/\/www.meliconi.com\/de\/#website\"},\"primaryImageOfPage\":{\"@id\":\"https:\/\/www.meliconi.com\/de\/produkt\/xdr200-400-tv-halterung\/#primaryimage\"},\"image\":{\"@id\":\"https:\/\/www.meliconi.com\/de\/produkt\/xdr200-400-tv-halterung\/#primaryimage\"},\"thumbnailUrl\":\"https:\/\/www.meliconi.com\/wp-content\/uploads\/2024\/05\/480879_XDR200400_UNITE-2.png\",\"datePublished\":\"2024-05-13T15:28:40+00:00\",\"dateModified\":\"2024-10-08T13:49:50+00:00\",\"description\":\"TV-Halterung f\u00fcr Gipskarton, kompatibel mit VESA 200-300-400 und Fernsehern von 32-65 Zoll. Geeignet f\u00fcr Gipskarton, maximale Tragkraft 30 kg, TUV\",\"breadcrumb\":{\"@id\":\"https:\/\/www.meliconi.com\/de\/produkt\/xdr200-400-tv-halterung\/#breadcrumb\"},\"inLanguage\":\"de\",\"potentialAction\":[{\"@type\":\"ReadAction\",\"target\":[\"https:\/\/www.meliconi.com\/de\/produkt\/xdr200-400-tv-halterung\/\"]}]},{\"@type\":\"ImageObject\",\"inLanguage\":\"de\",\"@id\":\"https:\/\/www.meliconi.com\/de\/produkt\/xdr200-400-tv-halterung\/#primaryimage\",\"url\":\"https:\/\/www.meliconi.com\/wp-content\/uploads\/2024\/05\/480879_XDR200400_UNITE-2.png\",\"contentUrl\":\"https:\/\/www.meliconi.com\/wp-content\/uploads\/2024\/05\/480879_XDR200400_UNITE-2.png\",\"width\":6000,\"height\":4242},{\"@type\":\"BreadcrumbList\",\"@id\":\"https:\/\/www.meliconi.com\/de\/produkt\/xdr200-400-tv-halterung\/#breadcrumb\",\"itemListElement\":[{\"@type\":\"ListItem\",\"position\":1,\"name\":\"Home\",\"item\":\"https:\/\/www.meliconi.com\/de\/\"},{\"@type\":\"ListItem\",\"position\":2,\"name\":\"Shop\",\"item\":\"https:\/\/www.meliconi.com\/de\/shop-de\/\"},{\"@type\":\"ListItem\",\"position\":3,\"name\":\"XDR200 400\"}]},{\"@type\":\"WebSite\",\"@id\":\"https:\/\/www.meliconi.com\/de\/#website\",\"url\":\"https:\/\/www.meliconi.com\/de\/\",\"name\":\"Meliconi\",\"description\":\"Lo specialista dell&#039;accessorio\",\"publisher\":{\"@id\":\"https:\/\/www.meliconi.com\/de\/#organization\"},\"potentialAction\":[{\"@type\":\"SearchAction\",\"target\":{\"@type\":\"EntryPoint\",\"urlTemplate\":\"https:\/\/www.meliconi.com\/de\/?s={search_term_string}\"},\"query-input\":{\"@type\":\"PropertyValueSpecification\",\"valueRequired\":true,\"valueName\":\"search_term_string\"}}],\"inLanguage\":\"de\"},{\"@type\":\"Organization\",\"@id\":\"https:\/\/www.meliconi.com\/de\/#organization\",\"name\":\"Meliconi\",\"url\":\"https:\/\/www.meliconi.com\/de\/\",\"logo\":{\"@type\":\"ImageObject\",\"inLanguage\":\"de\",\"@id\":\"https:\/\/www.meliconi.com\/de\/#\/schema\/logo\/image\/\",\"url\":\"https:\/\/www.meliconi.com\/wp-content\/uploads\/2021\/06\/logo-meliconi.png\",\"contentUrl\":\"https:\/\/www.meliconi.com\/wp-content\/uploads\/2021\/06\/logo-meliconi.png\",\"width\":338,\"height\":102,\"caption\":\"Meliconi\"},\"image\":{\"@id\":\"https:\/\/www.meliconi.com\/de\/#\/schema\/logo\/image\/\"}}]}<\/script>\n<!-- \/ Yoast SEO plugin. -->","yoast_head_json":{"title":"XDR200 400 - Meliconi TV-Halterung mit doppelter Schiene f\u00fcr Gipskarton","description":"TV-Halterung f\u00fcr Gipskarton, kompatibel mit VESA 200-300-400 und Fernsehern von 32-65 Zoll. Geeignet f\u00fcr Gipskarton, maximale Tragkraft 30 kg, TUV","robots":{"index":"index","follow":"follow","max-snippet":"max-snippet:-1","max-image-preview":"max-image-preview:large","max-video-preview":"max-video-preview:-1"},"canonical":"https:\/\/www.meliconi.com\/de\/produkt\/xdr200-400-tv-halterung\/","og_locale":"de_DE","og_type":"article","og_title":"XDR200 400 - Meliconi TV-Halterung mit doppelter Schiene f\u00fcr Gipskarton","og_description":"TV-Halterung f\u00fcr Gipskarton, kompatibel mit VESA 200-300-400 und Fernsehern von 32-65 Zoll. Geeignet f\u00fcr Gipskarton, maximale Tragkraft 30 kg, TUV","og_url":"https:\/\/www.meliconi.com\/de\/produkt\/xdr200-400-tv-halterung\/","og_site_name":"Meliconi","article_modified_time":"2024-10-08T13:49:50+00:00","og_image":[{"width":1024,"height":724,"url":"https:\/\/www.meliconi.com\/wp-content\/uploads\/2024\/05\/480879_XDR200400_UNITE-2-1024x724.png","type":"image\/png"}],"twitter_card":"summary_large_image","twitter_misc":{"Gesch\u00e4tzte Lesezeit":"2\u00a0Minuten"},"schema":{"@context":"https:\/\/schema.org","@graph":[{"@type":"WebPage","@id":"https:\/\/www.meliconi.com\/de\/produkt\/xdr200-400-tv-halterung\/","url":"https:\/\/www.meliconi.com\/de\/produkt\/xdr200-400-tv-halterung\/","name":"XDR200 400 - Meliconi TV-Halterung mit doppelter Schiene f\u00fcr Gipskarton","isPartOf":{"@id":"https:\/\/www.meliconi.com\/de\/#website"},"primaryImageOfPage":{"@id":"https:\/\/www.meliconi.com\/de\/produkt\/xdr200-400-tv-halterung\/#primaryimage"},"image":{"@id":"https:\/\/www.meliconi.com\/de\/produkt\/xdr200-400-tv-halterung\/#primaryimage"},"thumbnailUrl":"https:\/\/www.meliconi.com\/wp-content\/uploads\/2024\/05\/480879_XDR200400_UNITE-2.png","datePublished":"2024-05-13T15:28:40+00:00","dateModified":"2024-10-08T13:49:50+00:00","description":"TV-Halterung f\u00fcr Gipskarton, kompatibel mit VESA 200-300-400 und Fernsehern von 32-65 Zoll. Geeignet f\u00fcr Gipskarton, maximale Tragkraft 30 kg, TUV","breadcrumb":{"@id":"https:\/\/www.meliconi.com\/de\/produkt\/xdr200-400-tv-halterung\/#breadcrumb"},"inLanguage":"de","potentialAction":[{"@type":"ReadAction","target":["https:\/\/www.meliconi.com\/de\/produkt\/xdr200-400-tv-halterung\/"]}]},{"@type":"ImageObject","inLanguage":"de","@id":"https:\/\/www.meliconi.com\/de\/produkt\/xdr200-400-tv-halterung\/#primaryimage","url":"https:\/\/www.meliconi.com\/wp-content\/uploads\/2024\/05\/480879_XDR200400_UNITE-2.png","contentUrl":"https:\/\/www.meliconi.com\/wp-content\/uploads\/2024\/05\/480879_XDR200400_UNITE-2.png","width":6000,"height":4242},{"@type":"BreadcrumbList","@id":"https:\/\/www.meliconi.com\/de\/produkt\/xdr200-400-tv-halterung\/#breadcrumb","itemListElement":[{"@type":"ListItem","position":1,"name":"Home","item":"https:\/\/www.meliconi.com\/de\/"},{"@type":"ListItem","position":2,"name":"Shop","item":"https:\/\/www.meliconi.com\/de\/shop-de\/"},{"@type":"ListItem","position":3,"name":"XDR200 400"}]},{"@type":"WebSite","@id":"https:\/\/www.meliconi.com\/de\/#website","url":"https:\/\/www.meliconi.com\/de\/","name":"Meliconi","description":"Lo specialista dell&#039;accessorio","publisher":{"@id":"https:\/\/www.meliconi.com\/de\/#organization"},"potentialAction":[{"@type":"SearchAction","target":{"@type":"EntryPoint","urlTemplate":"https:\/\/www.meliconi.com\/de\/?s={search_term_string}"},"query-input":{"@type":"PropertyValueSpecification","valueRequired":true,"valueName":"search_term_string"}}],"inLanguage":"de"},{"@type":"Organization","@id":"https:\/\/www.meliconi.com\/de\/#organization","name":"Meliconi","url":"https:\/\/www.meliconi.com\/de\/","logo":{"@type":"ImageObject","inLanguage":"de","@id":"https:\/\/www.meliconi.com\/de\/#\/schema\/logo\/image\/","url":"https:\/\/www.meliconi.com\/wp-content\/uploads\/2021\/06\/logo-meliconi.png","contentUrl":"https:\/\/www.meliconi.com\/wp-content\/uploads\/2021\/06\/logo-meliconi.png","width":338,"height":102,"caption":"Meliconi"},"image":{"@id":"https:\/\/www.meliconi.com\/de\/#\/schema\/logo\/image\/"}}]}},"_links":{"self":[{"href":"https:\/\/www.meliconi.com\/de\/wp-json\/wp\/v2\/product\/60104","targetHints":{"allow":["GET"]}}],"collection":[{"href":"https:\/\/www.meliconi.com\/de\/wp-json\/wp\/v2\/product"}],"about":[{"href":"https:\/\/www.meliconi.com\/de\/wp-json\/wp\/v2\/types\/product"}],"wp:featuredmedia":[{"embeddable":true,"href":"https:\/\/www.meliconi.com\/de\/wp-json\/wp\/v2\/media\/60112"}],"wp:attachment":[{"href":"https:\/\/www.meliconi.com\/de\/wp-json\/wp\/v2\/media?parent=60104"}],"wp:term":[{"taxonomy":"product_cat","embeddable":true,"href":"https:\/\/www.meliconi.com\/de\/wp-json\/wp\/v2\/product_cat?post=60104"},{"taxonomy":"product_tag","embeddable":true,"href":"https:\/\/www.meliconi.com\/de\/wp-json\/wp\/v2\/product_tag?post=60104"}],"curies":[{"name":"wp","href":"https:\/\/api.w.org\/{rel}","templated":true}]}}