{"id":59375,"date":"2022-11-25T11:51:08","date_gmt":"2022-11-25T11:51:08","guid":{"rendered":"https:\/\/www.meliconi.com\/prodotto\/gumbody-personal-4-per-tv-philips\/"},"modified":"2024-10-08T15:06:03","modified_gmt":"2024-10-08T13:06:03","slug":"gumbody-personal-4-fuer-tv-philips-fernbedienung-fuer-philips-tv","status":"publish","type":"product","link":"https:\/\/www.meliconi.com\/de\/produkt\/gumbody-personal-4-fuer-tv-philips-fernbedienung-fuer-philips-tv\/","title":{"rendered":"Gumbody Personal 4+ f\u00fcr TV PHILIPS"},"content":{"rendered":"<p>Die Gumbody Personal 4+ Fernbedienung, speziell f\u00fcr Philips-TVs, ist die ideale L\u00f6sung, um eine defekte, besch\u00e4digte oder verlorene Originalfernbedienung deines Philips-Fernsehers zu ersetzen. Diese Philips TV-Fernbedienung ist bereits f\u00fcr diese Marke vorprogrammiert, daher ist kein Programmierungscode erforderlich. Eine einfache Ersteinrichtung k\u00f6nnte jedoch notwendig sein, um eine optimale Funktion zu gew\u00e4hrleisten.<\/p>\n<p>Alle Infrarotfunktionen der Originalfernbedienungen sind verf\u00fcgbar (die eventuelle Pointer- und Sprachsteuerungsfunktion ist jedoch nicht abgedeckt \u2013 dies gilt f\u00fcr alle Personal-Modelle). Dank der Tabellen auf <a href=\"http:\/\/www.cme.it\">www.cme.it<\/a> kannst du genau \u00fcberpr\u00fcfen, welche Tasten den gew\u00fcnschten Originalfunktionen entsprechen.<\/p>\n<p>Die Fernbedienung bietet schnellen Zugriff auf die wichtigsten Streaming-Plattformen deiner Smart TV (wie Netflix, Prime Video und andere). Das ergonomische Design und das weiche Gummigeh\u00e4use sorgen f\u00fcr einen sicheren Griff und sch\u00fctzen die Fernbedienung vor St\u00f6\u00dfen und St\u00fcrzen.<\/p>\n<p>Sie verf\u00fcgt \u00fcber die LEARN-Funktion, die es erm\u00f6glicht, Signale von anderen Fernbedienungen zu \u00fcbernehmen, was ideal ist, um neben dem TV auch die Lautst\u00e4rkeregelung von Soundbars und angeschlossenen Audiosystemen zu steuern.<\/p>\n<p>F\u00fcr speziellen Web-Support besuche <a href=\"http:\/\/www.cme.it\">www.cme.it<\/a>, wo du Tasten-\/Funktionskorrespondenztabellen, vollst\u00e4ndige Benutzerhandb\u00fccher, Videoanleitungen, FAQs und mehr findest.<\/p>\n<p>Die umweltfreundliche Verpackung ist plastikfrei.<\/p>\n<p>Diese Philips TV-Fernbedienung bietet eine praktische und bequeme L\u00f6sung zur Steuerung deines Fernsehers und verbessert dein Fernseherlebnis mit erweiterten Funktionen und einem speziellen Support.<\/p>\n","protected":false},"excerpt":{"rendered":"<ul>\n<li>Kompatibilit\u00e4t: TV PHILIPS<\/li>\n<li>Vorprogrammiert: Keine Einrichtung erforderlich<\/li>\n<li>Vollst\u00e4ndige Funktionen: Alle Original-Infrarotfunktionen verf\u00fcgbar (Pointer- und Sprachsteuerung nicht enthalten)<\/li>\n<li>Schneller Zugriff: Streaming-Plattformen der Smart TV<\/li>\n<li>LEARN-Funktion: Steuert auch Soundbars und angeschlossene Audiosysteme<\/li>\n<li>Online-Support: Funktionstabellen, Handb\u00fccher, Videoguides, FAQ<\/li>\n<li>Umweltfreundlich: Plastikfreie Verpackung.<\/li>\n<\/ul>\n","protected":false},"featured_media":59376,"template":"","meta":{"_acf_changed":false},"product_cat":[1046],"product_tag":[1221,1222,1223,1224,1225,1226,1227,1228,1229,1230,1231,1232,1233,1234,1235],"class_list":{"0":"post-59375","1":"product","2":"type-product","3":"status-publish","4":"has-post-thumbnail","6":"product_cat-kat-fernbedienungen","7":"product_tag-codice-tv-philips-per-telecomando-universale-de","8":"product_tag-codici-telecomando-tv-philips-de","9":"product_tag-istruzioni-telecomando-tv-philips-de","10":"product_tag-resettare-tv-philips-senza-telecomando-de","11":"product_tag-telecomando-per-tv-philips-de","12":"product_tag-telecomando-per-tv-philips-originale-de","13":"product_tag-telecomando-philips-smart-tv-de","14":"product_tag-telecomando-philips-tv-de","15":"product_tag-telecomando-philips-tv-originale-de","16":"product_tag-telecomando-smart-tv-philips-de","17":"product_tag-telecomando-tv-philips-de","18":"product_tag-telecomando-tv-philips-originale-de","19":"product_tag-telecomando-tv-philips-universale-de","20":"product_tag-telecomando-universale-per-tv-philips-de","21":"product_tag-telecomando-universale-tv-philips-de","22":"pa_tipo-telecomando-per-marca-de","24":"first","25":"instock","26":"taxable","27":"shipping-taxable","28":"purchasable","29":"product-type-simple"},"acf":[],"yoast_head":"<!-- This site is optimized with the Yoast SEO plugin v26.1.1 - https:\/\/yoast.com\/wordpress\/plugins\/seo\/ -->\n<title>Gumbody Personal 4+ f\u00fcr TV PHILIPS - Meliconi<\/title>\n<meta name=\"description\" content=\"Meliconi Gumbody Personal 4+, Fernbedienung f\u00fcr Philips TV. Bereits vorprogrammiert. Gummiertes, sto\u00dffestes Geh\u00e4use. Web-Support\" \/>\n<meta name=\"robots\" content=\"index, follow, max-snippet:-1, max-image-preview:large, max-video-preview:-1\" \/>\n<link rel=\"canonical\" href=\"https:\/\/www.meliconi.com\/de\/produkt\/gumbody-personal-4-fuer-tv-philips-fernbedienung-fuer-philips-tv\/\" \/>\n<meta property=\"og:locale\" content=\"de_DE\" \/>\n<meta property=\"og:type\" content=\"article\" \/>\n<meta property=\"og:title\" content=\"Gumbody Personal 4+ f\u00fcr TV PHILIPS - Meliconi\" \/>\n<meta property=\"og:description\" content=\"Meliconi Gumbody Personal 4+, Fernbedienung f\u00fcr Philips TV. Bereits vorprogrammiert. Gummiertes, sto\u00dffestes Geh\u00e4use. Web-Support\" \/>\n<meta property=\"og:url\" content=\"https:\/\/www.meliconi.com\/de\/produkt\/gumbody-personal-4-fuer-tv-philips-fernbedienung-fuer-philips-tv\/\" \/>\n<meta property=\"og:site_name\" content=\"Meliconi\" \/>\n<meta property=\"article:modified_time\" content=\"2024-10-08T13:06:03+00:00\" \/>\n<meta property=\"og:image\" content=\"https:\/\/www.meliconi.com\/wp-content\/uploads\/2022\/11\/PERSONAL-4-723x1024.png\" \/>\n\t<meta property=\"og:image:width\" content=\"723\" \/>\n\t<meta property=\"og:image:height\" content=\"1024\" \/>\n\t<meta property=\"og:image:type\" content=\"image\/png\" \/>\n<meta name=\"twitter:card\" content=\"summary_large_image\" \/>\n<meta name=\"twitter:label1\" content=\"Gesch\u00e4tzte Lesezeit\" \/>\n\t<meta name=\"twitter:data1\" content=\"2\u00a0Minuten\" \/>\n<script type=\"application\/ld+json\" class=\"yoast-schema-graph\">{\"@context\":\"https:\/\/schema.org\",\"@graph\":[{\"@type\":\"WebPage\",\"@id\":\"https:\/\/www.meliconi.com\/de\/produkt\/gumbody-personal-4-fuer-tv-philips-fernbedienung-fuer-philips-tv\/\",\"url\":\"https:\/\/www.meliconi.com\/de\/produkt\/gumbody-personal-4-fuer-tv-philips-fernbedienung-fuer-philips-tv\/\",\"name\":\"Gumbody Personal 4+ f\u00fcr TV PHILIPS - Meliconi\",\"isPartOf\":{\"@id\":\"https:\/\/www.meliconi.com\/de\/#website\"},\"primaryImageOfPage\":{\"@id\":\"https:\/\/www.meliconi.com\/de\/produkt\/gumbody-personal-4-fuer-tv-philips-fernbedienung-fuer-philips-tv\/#primaryimage\"},\"image\":{\"@id\":\"https:\/\/www.meliconi.com\/de\/produkt\/gumbody-personal-4-fuer-tv-philips-fernbedienung-fuer-philips-tv\/#primaryimage\"},\"thumbnailUrl\":\"https:\/\/www.meliconi.com\/wp-content\/uploads\/2022\/11\/PERSONAL-4.png\",\"datePublished\":\"2022-11-25T11:51:08+00:00\",\"dateModified\":\"2024-10-08T13:06:03+00:00\",\"description\":\"Meliconi Gumbody Personal 4+, Fernbedienung f\u00fcr Philips TV. Bereits vorprogrammiert. Gummiertes, sto\u00dffestes Geh\u00e4use. Web-Support\",\"breadcrumb\":{\"@id\":\"https:\/\/www.meliconi.com\/de\/produkt\/gumbody-personal-4-fuer-tv-philips-fernbedienung-fuer-philips-tv\/#breadcrumb\"},\"inLanguage\":\"de\",\"potentialAction\":[{\"@type\":\"ReadAction\",\"target\":[\"https:\/\/www.meliconi.com\/de\/produkt\/gumbody-personal-4-fuer-tv-philips-fernbedienung-fuer-philips-tv\/\"]}]},{\"@type\":\"ImageObject\",\"inLanguage\":\"de\",\"@id\":\"https:\/\/www.meliconi.com\/de\/produkt\/gumbody-personal-4-fuer-tv-philips-fernbedienung-fuer-philips-tv\/#primaryimage\",\"url\":\"https:\/\/www.meliconi.com\/wp-content\/uploads\/2022\/11\/PERSONAL-4.png\",\"contentUrl\":\"https:\/\/www.meliconi.com\/wp-content\/uploads\/2022\/11\/PERSONAL-4.png\",\"width\":4236,\"height\":6000},{\"@type\":\"BreadcrumbList\",\"@id\":\"https:\/\/www.meliconi.com\/de\/produkt\/gumbody-personal-4-fuer-tv-philips-fernbedienung-fuer-philips-tv\/#breadcrumb\",\"itemListElement\":[{\"@type\":\"ListItem\",\"position\":1,\"name\":\"Home\",\"item\":\"https:\/\/www.meliconi.com\/de\/\"},{\"@type\":\"ListItem\",\"position\":2,\"name\":\"Shop\",\"item\":\"https:\/\/www.meliconi.com\/de\/shop-de\/\"},{\"@type\":\"ListItem\",\"position\":3,\"name\":\"Gumbody Personal 4+ f\u00fcr TV PHILIPS\"}]},{\"@type\":\"WebSite\",\"@id\":\"https:\/\/www.meliconi.com\/de\/#website\",\"url\":\"https:\/\/www.meliconi.com\/de\/\",\"name\":\"Meliconi\",\"description\":\"Lo specialista dell&#039;accessorio\",\"publisher\":{\"@id\":\"https:\/\/www.meliconi.com\/de\/#organization\"},\"potentialAction\":[{\"@type\":\"SearchAction\",\"target\":{\"@type\":\"EntryPoint\",\"urlTemplate\":\"https:\/\/www.meliconi.com\/de\/?s={search_term_string}\"},\"query-input\":{\"@type\":\"PropertyValueSpecification\",\"valueRequired\":true,\"valueName\":\"search_term_string\"}}],\"inLanguage\":\"de\"},{\"@type\":\"Organization\",\"@id\":\"https:\/\/www.meliconi.com\/de\/#organization\",\"name\":\"Meliconi\",\"url\":\"https:\/\/www.meliconi.com\/de\/\",\"logo\":{\"@type\":\"ImageObject\",\"inLanguage\":\"de\",\"@id\":\"https:\/\/www.meliconi.com\/de\/#\/schema\/logo\/image\/\",\"url\":\"https:\/\/www.meliconi.com\/wp-content\/uploads\/2021\/06\/logo-meliconi.png\",\"contentUrl\":\"https:\/\/www.meliconi.com\/wp-content\/uploads\/2021\/06\/logo-meliconi.png\",\"width\":338,\"height\":102,\"caption\":\"Meliconi\"},\"image\":{\"@id\":\"https:\/\/www.meliconi.com\/de\/#\/schema\/logo\/image\/\"}}]}<\/script>\n<!-- \/ Yoast SEO plugin. -->","yoast_head_json":{"title":"Gumbody Personal 4+ f\u00fcr TV PHILIPS - Meliconi","description":"Meliconi Gumbody Personal 4+, Fernbedienung f\u00fcr Philips TV. Bereits vorprogrammiert. Gummiertes, sto\u00dffestes Geh\u00e4use. Web-Support","robots":{"index":"index","follow":"follow","max-snippet":"max-snippet:-1","max-image-preview":"max-image-preview:large","max-video-preview":"max-video-preview:-1"},"canonical":"https:\/\/www.meliconi.com\/de\/produkt\/gumbody-personal-4-fuer-tv-philips-fernbedienung-fuer-philips-tv\/","og_locale":"de_DE","og_type":"article","og_title":"Gumbody Personal 4+ f\u00fcr TV PHILIPS - Meliconi","og_description":"Meliconi Gumbody Personal 4+, Fernbedienung f\u00fcr Philips TV. Bereits vorprogrammiert. Gummiertes, sto\u00dffestes Geh\u00e4use. Web-Support","og_url":"https:\/\/www.meliconi.com\/de\/produkt\/gumbody-personal-4-fuer-tv-philips-fernbedienung-fuer-philips-tv\/","og_site_name":"Meliconi","article_modified_time":"2024-10-08T13:06:03+00:00","og_image":[{"width":723,"height":1024,"url":"https:\/\/www.meliconi.com\/wp-content\/uploads\/2022\/11\/PERSONAL-4-723x1024.png","type":"image\/png"}],"twitter_card":"summary_large_image","twitter_misc":{"Gesch\u00e4tzte Lesezeit":"2\u00a0Minuten"},"schema":{"@context":"https:\/\/schema.org","@graph":[{"@type":"WebPage","@id":"https:\/\/www.meliconi.com\/de\/produkt\/gumbody-personal-4-fuer-tv-philips-fernbedienung-fuer-philips-tv\/","url":"https:\/\/www.meliconi.com\/de\/produkt\/gumbody-personal-4-fuer-tv-philips-fernbedienung-fuer-philips-tv\/","name":"Gumbody Personal 4+ f\u00fcr TV PHILIPS - Meliconi","isPartOf":{"@id":"https:\/\/www.meliconi.com\/de\/#website"},"primaryImageOfPage":{"@id":"https:\/\/www.meliconi.com\/de\/produkt\/gumbody-personal-4-fuer-tv-philips-fernbedienung-fuer-philips-tv\/#primaryimage"},"image":{"@id":"https:\/\/www.meliconi.com\/de\/produkt\/gumbody-personal-4-fuer-tv-philips-fernbedienung-fuer-philips-tv\/#primaryimage"},"thumbnailUrl":"https:\/\/www.meliconi.com\/wp-content\/uploads\/2022\/11\/PERSONAL-4.png","datePublished":"2022-11-25T11:51:08+00:00","dateModified":"2024-10-08T13:06:03+00:00","description":"Meliconi Gumbody Personal 4+, Fernbedienung f\u00fcr Philips TV. Bereits vorprogrammiert. Gummiertes, sto\u00dffestes Geh\u00e4use. Web-Support","breadcrumb":{"@id":"https:\/\/www.meliconi.com\/de\/produkt\/gumbody-personal-4-fuer-tv-philips-fernbedienung-fuer-philips-tv\/#breadcrumb"},"inLanguage":"de","potentialAction":[{"@type":"ReadAction","target":["https:\/\/www.meliconi.com\/de\/produkt\/gumbody-personal-4-fuer-tv-philips-fernbedienung-fuer-philips-tv\/"]}]},{"@type":"ImageObject","inLanguage":"de","@id":"https:\/\/www.meliconi.com\/de\/produkt\/gumbody-personal-4-fuer-tv-philips-fernbedienung-fuer-philips-tv\/#primaryimage","url":"https:\/\/www.meliconi.com\/wp-content\/uploads\/2022\/11\/PERSONAL-4.png","contentUrl":"https:\/\/www.meliconi.com\/wp-content\/uploads\/2022\/11\/PERSONAL-4.png","width":4236,"height":6000},{"@type":"BreadcrumbList","@id":"https:\/\/www.meliconi.com\/de\/produkt\/gumbody-personal-4-fuer-tv-philips-fernbedienung-fuer-philips-tv\/#breadcrumb","itemListElement":[{"@type":"ListItem","position":1,"name":"Home","item":"https:\/\/www.meliconi.com\/de\/"},{"@type":"ListItem","position":2,"name":"Shop","item":"https:\/\/www.meliconi.com\/de\/shop-de\/"},{"@type":"ListItem","position":3,"name":"Gumbody Personal 4+ f\u00fcr TV PHILIPS"}]},{"@type":"WebSite","@id":"https:\/\/www.meliconi.com\/de\/#website","url":"https:\/\/www.meliconi.com\/de\/","name":"Meliconi","description":"Lo specialista dell&#039;accessorio","publisher":{"@id":"https:\/\/www.meliconi.com\/de\/#organization"},"potentialAction":[{"@type":"SearchAction","target":{"@type":"EntryPoint","urlTemplate":"https:\/\/www.meliconi.com\/de\/?s={search_term_string}"},"query-input":{"@type":"PropertyValueSpecification","valueRequired":true,"valueName":"search_term_string"}}],"inLanguage":"de"},{"@type":"Organization","@id":"https:\/\/www.meliconi.com\/de\/#organization","name":"Meliconi","url":"https:\/\/www.meliconi.com\/de\/","logo":{"@type":"ImageObject","inLanguage":"de","@id":"https:\/\/www.meliconi.com\/de\/#\/schema\/logo\/image\/","url":"https:\/\/www.meliconi.com\/wp-content\/uploads\/2021\/06\/logo-meliconi.png","contentUrl":"https:\/\/www.meliconi.com\/wp-content\/uploads\/2021\/06\/logo-meliconi.png","width":338,"height":102,"caption":"Meliconi"},"image":{"@id":"https:\/\/www.meliconi.com\/de\/#\/schema\/logo\/image\/"}}]}},"_links":{"self":[{"href":"https:\/\/www.meliconi.com\/de\/wp-json\/wp\/v2\/product\/59375","targetHints":{"allow":["GET"]}}],"collection":[{"href":"https:\/\/www.meliconi.com\/de\/wp-json\/wp\/v2\/product"}],"about":[{"href":"https:\/\/www.meliconi.com\/de\/wp-json\/wp\/v2\/types\/product"}],"wp:featuredmedia":[{"embeddable":true,"href":"https:\/\/www.meliconi.com\/de\/wp-json\/wp\/v2\/media\/59376"}],"wp:attachment":[{"href":"https:\/\/www.meliconi.com\/de\/wp-json\/wp\/v2\/media?parent=59375"}],"wp:term":[{"taxonomy":"product_cat","embeddable":true,"href":"https:\/\/www.meliconi.com\/de\/wp-json\/wp\/v2\/product_cat?post=59375"},{"taxonomy":"product_tag","embeddable":true,"href":"https:\/\/www.meliconi.com\/de\/wp-json\/wp\/v2\/product_tag?post=59375"}],"curies":[{"name":"wp","href":"https:\/\/api.w.org\/{rel}","templated":true}]}}