{"id":59307,"date":"2022-11-25T10:50:48","date_gmt":"2022-11-25T10:50:48","guid":{"rendered":"https:\/\/www.meliconi.com\/prodotto\/gumbody-personal-1-per-tv-samsung\/"},"modified":"2024-10-08T15:03:02","modified_gmt":"2024-10-08T13:03:02","slug":"meliconi-gumbody-personal-1-fuer-samsung-tv","status":"publish","type":"product","link":"https:\/\/www.meliconi.com\/de\/produkt\/meliconi-gumbody-personal-1-fuer-samsung-tv\/","title":{"rendered":"Gumbody Personal 1+ f\u00fcr TV SAMSUNG"},"content":{"rendered":"<p>Die Gumbody Personal 1+ Fernbedienung, speziell f\u00fcr Samsung-TVs, ist die ideale L\u00f6sung, um eine defekte, besch\u00e4digte oder verlorene Originalfernbedienung zu ersetzen. Dank der vorkonfigurierten Einrichtung ist sie sofort einsatzbereit \u2013 einfach die Batterien einlegen und alle Funktionen deines Samsung Smart-TVs nutzen, ohne dass eine Programmierung erforderlich ist.<\/p>\n<p>Diese Samsung TV-Fernbedienung unterst\u00fctzt alle Infrarotfunktionen der Originalfernbedienung und bietet volle Kontrolle \u00fcber dein Samsung TV. \u00dcber die auf <a href=\"http:\/\/www.cme.it\">www.cme.it<\/a> verf\u00fcgbaren Tabellen kannst du zudem genau \u00fcberpr\u00fcfen, welche Tasten den gew\u00fcnschten Originalfunktionen entsprechen.<\/p>\n<p>Genie\u00dfe den schnellen Zugriff auf die wichtigsten Streaming-Plattformen direkt \u00fcber die Samsung TV-Fernbedienung. Das ergonomische Design und das Geh\u00e4use aus weichem Gummi bieten sicheren Halt und sch\u00fctzen die Fernbedienung vor St\u00f6\u00dfen und St\u00fcrzen, was sie zu einem zuverl\u00e4ssigen und langlebigen Zubeh\u00f6r macht.<\/p>\n<p>Zus\u00e4tzlich verf\u00fcgt die Fernbedienung \u00fcber die LEARN-Funktion, mit der Signale von anderen Fernbedienungen \u00fcbernommen werden k\u00f6nnen. Sie ist ideal, um nicht nur deinen Fernseher, sondern auch die Lautst\u00e4rke von Soundbars und angeschlossenen Heim-Audiosystemen zu steuern.<\/p>\n<p>F\u00fcr umfassende Unterst\u00fctzung besuche <a href=\"http:\/\/www.cme.it\">www.cme.it<\/a>, wo du Tasten-\/Funktionskorrespondenztabellen, Benutzerhandb\u00fccher, Videoanleitungen und Antworten auf h\u00e4ufig gestellte Fragen findest.<\/p>\n<p>Abgerundet wird das Angebot durch die umweltfreundliche Verpackung, die ohne Plastik auskommt und damit zum Schutz der Umwelt beitr\u00e4gt. W\u00e4hle die Gumbody Personal 1+ Fernbedienung f\u00fcr Samsung TV und erlebe Fernsehen ohne Unterbrechungen.<\/p>\n","protected":false},"excerpt":{"rendered":"<ul>\n<li>Kompatibilit\u00e4t: Samsung<\/li>\n<li>Sofort einsatzbereit: Keine Programmierung erforderlich<\/li>\n<li>Vollst\u00e4ndige Funktionen: Alle Originalfunktionen verf\u00fcgbar<\/li>\n<li>Ergonomisch und sto\u00dffest: Gummigeh\u00e4use<\/li>\n<li>LEARN-Funktion: Steuert auch Soundbars und angeschlossene Audiosysteme<\/li>\n<li>Online-Support: Funktionstabellen, Handb\u00fccher, Videoguides, FAQ<\/li>\n<li>Umweltfreundlich: Plastikfreie Verpackung.<\/li>\n<\/ul>\n","protected":false},"featured_media":59308,"template":"","meta":{"_acf_changed":false},"product_brand":[],"product_cat":[1046],"product_tag":[1085,1086,1087,1088,1089,1090,1091,1092,1093,1065,1094,1095,1096,1097,1098,1099,1100,1068,1071,1101,1076,1102,1103,1104,1105,1106,1107,1108],"class_list":{"0":"post-59307","1":"product","2":"type-product","3":"status-publish","4":"has-post-thumbnail","6":"product_cat-kat-fernbedienungen","7":"product_tag-app-telecomando-tv-de","8":"product_tag-applicazione-telecomando-tv-de","9":"product_tag-cover-telecomando-de","10":"product_tag-guscio-telecomando-de","11":"product_tag-istruzioni-telecomando-samsung-smart-tv-de","12":"product_tag-meliconi-telecomando-universale-de","13":"product_tag-programmare-telecomando-universale-tv-de","14":"product_tag-telecomando-apple-tv-de","15":"product_tag-telecomando-now-tv-de","16":"product_tag-telecomando-per-tv-lg-de","17":"product_tag-telecomando-per-tv-samsung-de","18":"product_tag-telecomando-samsung-smart-tv-de","19":"product_tag-telecomando-samsung-tv-de","20":"product_tag-telecomando-smart-tv-de","21":"product_tag-telecomando-smart-tv-samsung-de","22":"product_tag-telecomando-tv-de","23":"product_tag-telecomando-tv-akai-de","24":"product_tag-telecomando-tv-lg-de","25":"product_tag-telecomando-tv-lg-istruzioni-uso-de","26":"product_tag-telecomando-tv-samsung-de","27":"product_tag-telecomando-tv-smart-lg-de","28":"product_tag-telecomando-tv-sony-de","29":"product_tag-telecomando-tv-universale-de","30":"product_tag-telecomando-universal-tv-de","31":"product_tag-telecomando-universal-tv-codici-de","32":"product_tag-telecomando-universale-meliconi-de","33":"product_tag-telecomando-universale-smart-tv-de","34":"product_tag-telecomando-universale-tv-de","35":"pa_tipo-telecomando-per-marca-de","37":"first","38":"instock","39":"taxable","40":"shipping-taxable","41":"purchasable","42":"product-type-simple"},"acf":[],"yoast_head":"<!-- This site is optimized with the Yoast SEO plugin v27.4 - https:\/\/yoast.com\/product\/yoast-seo-wordpress\/ -->\n<title>Gumbody Personal 1+ f\u00fcr TV SAMSUNG - Meliconi<\/title>\n<meta name=\"description\" content=\"Meliconi Gumbody Personal 1+, Samsung TV-Fernbedienung. Sofort einsatzbereit. Gummigeh\u00e4use mit Antischock. Websupport.\" \/>\n<meta name=\"robots\" content=\"index, follow, max-snippet:-1, max-image-preview:large, max-video-preview:-1\" \/>\n<link rel=\"canonical\" href=\"https:\/\/www.meliconi.com\/de\/produkt\/meliconi-gumbody-personal-1-fuer-samsung-tv\/\" \/>\n<meta property=\"og:locale\" content=\"de_DE\" \/>\n<meta property=\"og:type\" content=\"article\" \/>\n<meta property=\"og:title\" content=\"Gumbody Personal 1+ f\u00fcr TV SAMSUNG - Meliconi\" \/>\n<meta property=\"og:description\" content=\"Meliconi Gumbody Personal 1+, Samsung TV-Fernbedienung. Sofort einsatzbereit. Gummigeh\u00e4use mit Antischock. Websupport.\" \/>\n<meta property=\"og:url\" content=\"https:\/\/www.meliconi.com\/de\/produkt\/meliconi-gumbody-personal-1-fuer-samsung-tv\/\" \/>\n<meta property=\"og:site_name\" content=\"Meliconi\" \/>\n<meta property=\"article:modified_time\" content=\"2024-10-08T13:03:02+00:00\" \/>\n<meta property=\"og:image\" content=\"https:\/\/www.meliconi.com\/wp-content\/uploads\/2022\/11\/PERSONAL-1-723x1024.png\" \/>\n\t<meta property=\"og:image:width\" content=\"723\" \/>\n\t<meta property=\"og:image:height\" content=\"1024\" \/>\n\t<meta property=\"og:image:type\" content=\"image\/png\" \/>\n<meta name=\"twitter:card\" content=\"summary_large_image\" \/>\n<meta name=\"twitter:label1\" content=\"Gesch\u00e4tzte Lesezeit\" \/>\n\t<meta name=\"twitter:data1\" content=\"2\u00a0Minuten\" \/>\n<script type=\"application\/ld+json\" class=\"yoast-schema-graph\">{\"@context\":\"https:\\\/\\\/schema.org\",\"@graph\":[{\"@type\":\"WebPage\",\"@id\":\"https:\\\/\\\/www.meliconi.com\\\/de\\\/produkt\\\/meliconi-gumbody-personal-1-fuer-samsung-tv\\\/\",\"url\":\"https:\\\/\\\/www.meliconi.com\\\/de\\\/produkt\\\/meliconi-gumbody-personal-1-fuer-samsung-tv\\\/\",\"name\":\"Gumbody Personal 1+ f\u00fcr TV SAMSUNG - Meliconi\",\"isPartOf\":{\"@id\":\"https:\\\/\\\/www.meliconi.com\\\/de\\\/#website\"},\"primaryImageOfPage\":{\"@id\":\"https:\\\/\\\/www.meliconi.com\\\/de\\\/produkt\\\/meliconi-gumbody-personal-1-fuer-samsung-tv\\\/#primaryimage\"},\"image\":{\"@id\":\"https:\\\/\\\/www.meliconi.com\\\/de\\\/produkt\\\/meliconi-gumbody-personal-1-fuer-samsung-tv\\\/#primaryimage\"},\"thumbnailUrl\":\"https:\\\/\\\/www.meliconi.com\\\/wp-content\\\/uploads\\\/2022\\\/11\\\/PERSONAL-1.png\",\"datePublished\":\"2022-11-25T10:50:48+00:00\",\"dateModified\":\"2024-10-08T13:03:02+00:00\",\"description\":\"Meliconi Gumbody Personal 1+, Samsung TV-Fernbedienung. Sofort einsatzbereit. Gummigeh\u00e4use mit Antischock. Websupport.\",\"breadcrumb\":{\"@id\":\"https:\\\/\\\/www.meliconi.com\\\/de\\\/produkt\\\/meliconi-gumbody-personal-1-fuer-samsung-tv\\\/#breadcrumb\"},\"inLanguage\":\"de\",\"potentialAction\":[{\"@type\":\"ReadAction\",\"target\":[\"https:\\\/\\\/www.meliconi.com\\\/de\\\/produkt\\\/meliconi-gumbody-personal-1-fuer-samsung-tv\\\/\"]}]},{\"@type\":\"ImageObject\",\"inLanguage\":\"de\",\"@id\":\"https:\\\/\\\/www.meliconi.com\\\/de\\\/produkt\\\/meliconi-gumbody-personal-1-fuer-samsung-tv\\\/#primaryimage\",\"url\":\"https:\\\/\\\/www.meliconi.com\\\/wp-content\\\/uploads\\\/2022\\\/11\\\/PERSONAL-1.png\",\"contentUrl\":\"https:\\\/\\\/www.meliconi.com\\\/wp-content\\\/uploads\\\/2022\\\/11\\\/PERSONAL-1.png\",\"width\":4236,\"height\":6000},{\"@type\":\"BreadcrumbList\",\"@id\":\"https:\\\/\\\/www.meliconi.com\\\/de\\\/produkt\\\/meliconi-gumbody-personal-1-fuer-samsung-tv\\\/#breadcrumb\",\"itemListElement\":[{\"@type\":\"ListItem\",\"position\":1,\"name\":\"Home\",\"item\":\"https:\\\/\\\/www.meliconi.com\\\/de\\\/\"},{\"@type\":\"ListItem\",\"position\":2,\"name\":\"Shop\",\"item\":\"https:\\\/\\\/www.meliconi.com\\\/de\\\/shop-de\\\/\"},{\"@type\":\"ListItem\",\"position\":3,\"name\":\"Gumbody Personal 1+ f\u00fcr TV SAMSUNG\"}]},{\"@type\":\"WebSite\",\"@id\":\"https:\\\/\\\/www.meliconi.com\\\/de\\\/#website\",\"url\":\"https:\\\/\\\/www.meliconi.com\\\/de\\\/\",\"name\":\"Meliconi\",\"description\":\"Lo specialista dell&#039;accessorio\",\"publisher\":{\"@id\":\"https:\\\/\\\/www.meliconi.com\\\/de\\\/#organization\"},\"potentialAction\":[{\"@type\":\"SearchAction\",\"target\":{\"@type\":\"EntryPoint\",\"urlTemplate\":\"https:\\\/\\\/www.meliconi.com\\\/de\\\/?s={search_term_string}\"},\"query-input\":{\"@type\":\"PropertyValueSpecification\",\"valueRequired\":true,\"valueName\":\"search_term_string\"}}],\"inLanguage\":\"de\"},{\"@type\":\"Organization\",\"@id\":\"https:\\\/\\\/www.meliconi.com\\\/de\\\/#organization\",\"name\":\"Meliconi\",\"url\":\"https:\\\/\\\/www.meliconi.com\\\/de\\\/\",\"logo\":{\"@type\":\"ImageObject\",\"inLanguage\":\"de\",\"@id\":\"https:\\\/\\\/www.meliconi.com\\\/de\\\/#\\\/schema\\\/logo\\\/image\\\/\",\"url\":\"https:\\\/\\\/www.meliconi.com\\\/wp-content\\\/uploads\\\/2021\\\/06\\\/logo-meliconi.png\",\"contentUrl\":\"https:\\\/\\\/www.meliconi.com\\\/wp-content\\\/uploads\\\/2021\\\/06\\\/logo-meliconi.png\",\"width\":338,\"height\":102,\"caption\":\"Meliconi\"},\"image\":{\"@id\":\"https:\\\/\\\/www.meliconi.com\\\/de\\\/#\\\/schema\\\/logo\\\/image\\\/\"}}]}<\/script>\n<!-- \/ Yoast SEO plugin. -->","yoast_head_json":{"title":"Gumbody Personal 1+ f\u00fcr TV SAMSUNG - Meliconi","description":"Meliconi Gumbody Personal 1+, Samsung TV-Fernbedienung. Sofort einsatzbereit. Gummigeh\u00e4use mit Antischock. Websupport.","robots":{"index":"index","follow":"follow","max-snippet":"max-snippet:-1","max-image-preview":"max-image-preview:large","max-video-preview":"max-video-preview:-1"},"canonical":"https:\/\/www.meliconi.com\/de\/produkt\/meliconi-gumbody-personal-1-fuer-samsung-tv\/","og_locale":"de_DE","og_type":"article","og_title":"Gumbody Personal 1+ f\u00fcr TV SAMSUNG - Meliconi","og_description":"Meliconi Gumbody Personal 1+, Samsung TV-Fernbedienung. Sofort einsatzbereit. Gummigeh\u00e4use mit Antischock. Websupport.","og_url":"https:\/\/www.meliconi.com\/de\/produkt\/meliconi-gumbody-personal-1-fuer-samsung-tv\/","og_site_name":"Meliconi","article_modified_time":"2024-10-08T13:03:02+00:00","og_image":[{"width":723,"height":1024,"url":"https:\/\/www.meliconi.com\/wp-content\/uploads\/2022\/11\/PERSONAL-1-723x1024.png","type":"image\/png"}],"twitter_card":"summary_large_image","twitter_misc":{"Gesch\u00e4tzte Lesezeit":"2\u00a0Minuten"},"schema":{"@context":"https:\/\/schema.org","@graph":[{"@type":"WebPage","@id":"https:\/\/www.meliconi.com\/de\/produkt\/meliconi-gumbody-personal-1-fuer-samsung-tv\/","url":"https:\/\/www.meliconi.com\/de\/produkt\/meliconi-gumbody-personal-1-fuer-samsung-tv\/","name":"Gumbody Personal 1+ f\u00fcr TV SAMSUNG - Meliconi","isPartOf":{"@id":"https:\/\/www.meliconi.com\/de\/#website"},"primaryImageOfPage":{"@id":"https:\/\/www.meliconi.com\/de\/produkt\/meliconi-gumbody-personal-1-fuer-samsung-tv\/#primaryimage"},"image":{"@id":"https:\/\/www.meliconi.com\/de\/produkt\/meliconi-gumbody-personal-1-fuer-samsung-tv\/#primaryimage"},"thumbnailUrl":"https:\/\/www.meliconi.com\/wp-content\/uploads\/2022\/11\/PERSONAL-1.png","datePublished":"2022-11-25T10:50:48+00:00","dateModified":"2024-10-08T13:03:02+00:00","description":"Meliconi Gumbody Personal 1+, Samsung TV-Fernbedienung. Sofort einsatzbereit. Gummigeh\u00e4use mit Antischock. Websupport.","breadcrumb":{"@id":"https:\/\/www.meliconi.com\/de\/produkt\/meliconi-gumbody-personal-1-fuer-samsung-tv\/#breadcrumb"},"inLanguage":"de","potentialAction":[{"@type":"ReadAction","target":["https:\/\/www.meliconi.com\/de\/produkt\/meliconi-gumbody-personal-1-fuer-samsung-tv\/"]}]},{"@type":"ImageObject","inLanguage":"de","@id":"https:\/\/www.meliconi.com\/de\/produkt\/meliconi-gumbody-personal-1-fuer-samsung-tv\/#primaryimage","url":"https:\/\/www.meliconi.com\/wp-content\/uploads\/2022\/11\/PERSONAL-1.png","contentUrl":"https:\/\/www.meliconi.com\/wp-content\/uploads\/2022\/11\/PERSONAL-1.png","width":4236,"height":6000},{"@type":"BreadcrumbList","@id":"https:\/\/www.meliconi.com\/de\/produkt\/meliconi-gumbody-personal-1-fuer-samsung-tv\/#breadcrumb","itemListElement":[{"@type":"ListItem","position":1,"name":"Home","item":"https:\/\/www.meliconi.com\/de\/"},{"@type":"ListItem","position":2,"name":"Shop","item":"https:\/\/www.meliconi.com\/de\/shop-de\/"},{"@type":"ListItem","position":3,"name":"Gumbody Personal 1+ f\u00fcr TV SAMSUNG"}]},{"@type":"WebSite","@id":"https:\/\/www.meliconi.com\/de\/#website","url":"https:\/\/www.meliconi.com\/de\/","name":"Meliconi","description":"Lo specialista dell&#039;accessorio","publisher":{"@id":"https:\/\/www.meliconi.com\/de\/#organization"},"potentialAction":[{"@type":"SearchAction","target":{"@type":"EntryPoint","urlTemplate":"https:\/\/www.meliconi.com\/de\/?s={search_term_string}"},"query-input":{"@type":"PropertyValueSpecification","valueRequired":true,"valueName":"search_term_string"}}],"inLanguage":"de"},{"@type":"Organization","@id":"https:\/\/www.meliconi.com\/de\/#organization","name":"Meliconi","url":"https:\/\/www.meliconi.com\/de\/","logo":{"@type":"ImageObject","inLanguage":"de","@id":"https:\/\/www.meliconi.com\/de\/#\/schema\/logo\/image\/","url":"https:\/\/www.meliconi.com\/wp-content\/uploads\/2021\/06\/logo-meliconi.png","contentUrl":"https:\/\/www.meliconi.com\/wp-content\/uploads\/2021\/06\/logo-meliconi.png","width":338,"height":102,"caption":"Meliconi"},"image":{"@id":"https:\/\/www.meliconi.com\/de\/#\/schema\/logo\/image\/"}}]}},"_links":{"self":[{"href":"https:\/\/www.meliconi.com\/de\/wp-json\/wp\/v2\/product\/59307","targetHints":{"allow":["GET"]}}],"collection":[{"href":"https:\/\/www.meliconi.com\/de\/wp-json\/wp\/v2\/product"}],"about":[{"href":"https:\/\/www.meliconi.com\/de\/wp-json\/wp\/v2\/types\/product"}],"wp:featuredmedia":[{"embeddable":true,"href":"https:\/\/www.meliconi.com\/de\/wp-json\/wp\/v2\/media\/59308"}],"wp:attachment":[{"href":"https:\/\/www.meliconi.com\/de\/wp-json\/wp\/v2\/media?parent=59307"}],"wp:term":[{"taxonomy":"product_brand","embeddable":true,"href":"https:\/\/www.meliconi.com\/de\/wp-json\/wp\/v2\/product_brand?post=59307"},{"taxonomy":"product_cat","embeddable":true,"href":"https:\/\/www.meliconi.com\/de\/wp-json\/wp\/v2\/product_cat?post=59307"},{"taxonomy":"product_tag","embeddable":true,"href":"https:\/\/www.meliconi.com\/de\/wp-json\/wp\/v2\/product_tag?post=59307"}],"curies":[{"name":"wp","href":"https:\/\/api.w.org\/{rel}","templated":true}]}}