{"id":59304,"date":"2022-11-25T11:37:25","date_gmt":"2022-11-25T11:37:25","guid":{"rendered":"https:\/\/www.meliconi.com\/prodotto\/gumbody-personal-2-per-tv-lg\/"},"modified":"2024-10-08T15:04:27","modified_gmt":"2024-10-08T13:04:27","slug":"gumbody-personal-2-fuer-tv-lg","status":"publish","type":"product","link":"https:\/\/www.meliconi.com\/de\/produkt\/gumbody-personal-2-fuer-tv-lg\/","title":{"rendered":"Gumbody Personal 2+ f\u00fcr TV LG"},"content":{"rendered":"<p>Die LG TV-Fernbedienung ist die perfekte L\u00f6sung, um die originale Fernbedienung deines LG Fernsehers zu ersetzen, falls sie defekt, besch\u00e4digt oder verloren gegangen ist. Diese Fernbedienung bietet alle Funktionen des Originals und sorgt f\u00fcr ein reibungsloses Benutzererlebnis.<\/p>\n<p>Es reicht aus, die Batterien einzulegen, und sie ist sofort einsatzbereit. Es ist keine Programmierung erforderlich. Alle Infrarotfunktionen der Originalfernbedienungen sind verf\u00fcgbar. Dank der Tabellen auf <a href=\"http:\/\/www.cme.it\">www.cme.it<\/a> kannst du genau \u00fcberpr\u00fcfen, welche Tasten den gew\u00fcnschten Originalfunktionen entsprechen.<\/p>\n<p>Mit der Fernbedienung hast du schnellen Zugriff auf die wichtigsten Streaming-Plattformen der Smart TVs. Das ergonomische Design und das weiche Gummigeh\u00e4use sorgen f\u00fcr einen sicheren Griff und sch\u00fctzen die Fernbedienung vor St\u00f6\u00dfen und St\u00fcrzen.<\/p>\n<p>Sie ist mit der LEARN-Funktion ausgestattet, die es erm\u00f6glicht, Signale von anderen Fernbedienungen zu \u00fcbernehmen. Ideal, um neben dem TV auch die Lautst\u00e4rkeregelung von Soundbars und angeschlossenen Audiosystemen zu steuern.<\/p>\n<p>F\u00fcr speziellen Web-Support besuche <a href=\"http:\/\/www.cme.it\">www.cme.it<\/a>, wo du Tasten-\/Funktionskorrespondenztabellen, vollst\u00e4ndige Bedienungsanleitungen, Videoanleitungen, FAQs und vieles mehr findest.<\/p>\n<p>Diese LG TV-Fernbedienung ist f\u00fcr eine praktische und bequeme Steuerung deines Fernsehers konzipiert und verbessert dein Fernseherlebnis mit erweiterten Funktionen und einem speziellen Support.<\/p>\n","protected":false},"excerpt":{"rendered":"<ul>\n<li>Kompatibilit\u00e4t: LG<\/li>\n<li>Sofort einsatzbereit: Keine Programmierung erforderlich<\/li>\n<li>Vollst\u00e4ndige Funktionen: Alle Originalfunktionen verf\u00fcgbar<\/li>\n<li>Sto\u00df- und sturzfestes Gummigeh\u00e4use<\/li>\n<li>LEARN-Funktion: Steuert auch Soundbars und angeschlossene Audiosysteme<\/li>\n<li>Online-Support: Funktionstabellen, Handb\u00fccher, Videoguides, FAQ<\/li>\n<li>Umweltfreundlich: Plastikfreie Verpackung.<\/li>\n<\/ul>\n","protected":false},"featured_media":59305,"template":"","meta":{"_acf_changed":false},"product_brand":[],"product_cat":[1046],"product_tag":[1047,1048,1049,1050,1051,1052,1053,1054,1055,1056,1057,1058,1059,1060,1061,1062,1063,1064,1065,1066,1067,1068,1069,1070,1071,1072,1073,1074,1075,1076,1077,1078,1079,1080,1081,1082,1083],"class_list":{"0":"post-59304","1":"product","2":"type-product","3":"status-publish","4":"has-post-thumbnail","6":"product_cat-kat-fernbedienungen","7":"product_tag-app-telecomando-tv-lg-de","8":"product_tag-codice-telecomando-tv-lg-de","9":"product_tag-codice-tv-lg-per-telecomando-sky-de","10":"product_tag-codice-tv-lg-per-telecomando-universale-de","11":"product_tag-codici-telecomando-sky-tv-lg-de","12":"product_tag-comandare-soundbar-con-telecomando-tv-lg-de","13":"product_tag-come-accendere-tv-lg-senza-telecomando-de","14":"product_tag-configurare-telecomando-sky-con-tv-lg-de","15":"product_tag-configurare-telecomando-sky-q-con-tv-lg-de","16":"product_tag-cover-telecomando-lg-smart-tv-de","17":"product_tag-istruzioni-telecomando-tv-lg-de","18":"product_tag-lg-tv-telecomando-de","19":"product_tag-reset-tv-lg-senza-telecomando-de","20":"product_tag-resettare-tv-lg-senza-telecomando-de","21":"product_tag-telecomando-lg-tv-de","22":"product_tag-telecomando-lg-tv-smart-de","23":"product_tag-telecomando-per-lg-tv-de","24":"product_tag-telecomando-per-smart-tv-lg-de","25":"product_tag-telecomando-per-tv-lg-de","26":"product_tag-telecomando-sky-tv-lg-de","27":"product_tag-telecomando-smart-tv-lg-de","28":"product_tag-telecomando-tv-lg-de","29":"product_tag-telecomando-tv-lg-app-de","30":"product_tag-telecomando-tv-lg-istruzioni-de","31":"product_tag-telecomando-tv-lg-istruzioni-uso-de","32":"product_tag-telecomando-tv-lg-non-funziona-de","33":"product_tag-telecomando-tv-lg-non-funziona-correttamente-de","34":"product_tag-telecomando-tv-lg-smart-de","35":"product_tag-telecomando-tv-lg-universale-de","36":"product_tag-telecomando-tv-smart-lg-de","37":"product_tag-telecomando-universale-lg-smart-tv-de","38":"product_tag-telecomando-universale-lg-tv-de","39":"product_tag-telecomando-universale-per-tv-lg-de","40":"product_tag-telecomando-universale-tv-lg-de","41":"product_tag-telecomando-x-tv-lg-de","42":"product_tag-tv-lg-telecomando-de","43":"product_tag-tv-lg-telecomando-non-funziona-de","44":"pa_tipo-telecomando-per-marca-de","46":"first","47":"instock","48":"taxable","49":"shipping-taxable","50":"purchasable","51":"product-type-simple"},"acf":[],"yoast_head":"<!-- This site is optimized with the Yoast SEO plugin v27.4 - https:\/\/yoast.com\/product\/yoast-seo-wordpress\/ -->\n<title>Gumbody Personal 2+ f\u00fcr TV LG - Meliconi - Fernbedienung f\u00fcr LG TV<\/title>\n<meta name=\"description\" content=\"Meliconi Gumbody Personal 2+, Fernbedienung f\u00fcr LG TV. Sofort einsatzbereit. Gummiertes, sto\u00dffestes Geh\u00e4use. Web-Support\" \/>\n<meta name=\"robots\" content=\"index, follow, max-snippet:-1, max-image-preview:large, max-video-preview:-1\" \/>\n<link rel=\"canonical\" href=\"https:\/\/www.meliconi.com\/de\/produkt\/gumbody-personal-2-fuer-tv-lg\/\" \/>\n<meta property=\"og:locale\" content=\"de_DE\" \/>\n<meta property=\"og:type\" content=\"article\" \/>\n<meta property=\"og:title\" content=\"Gumbody Personal 2+ f\u00fcr TV LG - Meliconi - Fernbedienung f\u00fcr LG TV\" \/>\n<meta property=\"og:description\" content=\"Meliconi Gumbody Personal 2+, Fernbedienung f\u00fcr LG TV. Sofort einsatzbereit. Gummiertes, sto\u00dffestes Geh\u00e4use. Web-Support\" \/>\n<meta property=\"og:url\" content=\"https:\/\/www.meliconi.com\/de\/produkt\/gumbody-personal-2-fuer-tv-lg\/\" \/>\n<meta property=\"og:site_name\" content=\"Meliconi\" \/>\n<meta property=\"article:modified_time\" content=\"2024-10-08T13:04:27+00:00\" \/>\n<meta property=\"og:image\" content=\"https:\/\/www.meliconi.com\/wp-content\/uploads\/2022\/11\/PERSONAL-2-723x1024.png\" \/>\n\t<meta property=\"og:image:width\" content=\"723\" \/>\n\t<meta property=\"og:image:height\" content=\"1024\" \/>\n\t<meta property=\"og:image:type\" content=\"image\/png\" \/>\n<meta name=\"twitter:card\" content=\"summary_large_image\" \/>\n<meta name=\"twitter:label1\" content=\"Gesch\u00e4tzte Lesezeit\" \/>\n\t<meta name=\"twitter:data1\" content=\"2\u00a0Minuten\" \/>\n<script type=\"application\/ld+json\" class=\"yoast-schema-graph\">{\"@context\":\"https:\\\/\\\/schema.org\",\"@graph\":[{\"@type\":\"WebPage\",\"@id\":\"https:\\\/\\\/www.meliconi.com\\\/de\\\/produkt\\\/gumbody-personal-2-fuer-tv-lg\\\/\",\"url\":\"https:\\\/\\\/www.meliconi.com\\\/de\\\/produkt\\\/gumbody-personal-2-fuer-tv-lg\\\/\",\"name\":\"Gumbody Personal 2+ f\u00fcr TV LG - Meliconi - Fernbedienung f\u00fcr LG TV\",\"isPartOf\":{\"@id\":\"https:\\\/\\\/www.meliconi.com\\\/de\\\/#website\"},\"primaryImageOfPage\":{\"@id\":\"https:\\\/\\\/www.meliconi.com\\\/de\\\/produkt\\\/gumbody-personal-2-fuer-tv-lg\\\/#primaryimage\"},\"image\":{\"@id\":\"https:\\\/\\\/www.meliconi.com\\\/de\\\/produkt\\\/gumbody-personal-2-fuer-tv-lg\\\/#primaryimage\"},\"thumbnailUrl\":\"https:\\\/\\\/www.meliconi.com\\\/wp-content\\\/uploads\\\/2022\\\/11\\\/PERSONAL-2.png\",\"datePublished\":\"2022-11-25T11:37:25+00:00\",\"dateModified\":\"2024-10-08T13:04:27+00:00\",\"description\":\"Meliconi Gumbody Personal 2+, Fernbedienung f\u00fcr LG TV. Sofort einsatzbereit. Gummiertes, sto\u00dffestes Geh\u00e4use. Web-Support\",\"breadcrumb\":{\"@id\":\"https:\\\/\\\/www.meliconi.com\\\/de\\\/produkt\\\/gumbody-personal-2-fuer-tv-lg\\\/#breadcrumb\"},\"inLanguage\":\"de\",\"potentialAction\":[{\"@type\":\"ReadAction\",\"target\":[\"https:\\\/\\\/www.meliconi.com\\\/de\\\/produkt\\\/gumbody-personal-2-fuer-tv-lg\\\/\"]}]},{\"@type\":\"ImageObject\",\"inLanguage\":\"de\",\"@id\":\"https:\\\/\\\/www.meliconi.com\\\/de\\\/produkt\\\/gumbody-personal-2-fuer-tv-lg\\\/#primaryimage\",\"url\":\"https:\\\/\\\/www.meliconi.com\\\/wp-content\\\/uploads\\\/2022\\\/11\\\/PERSONAL-2.png\",\"contentUrl\":\"https:\\\/\\\/www.meliconi.com\\\/wp-content\\\/uploads\\\/2022\\\/11\\\/PERSONAL-2.png\",\"width\":4236,\"height\":6000},{\"@type\":\"BreadcrumbList\",\"@id\":\"https:\\\/\\\/www.meliconi.com\\\/de\\\/produkt\\\/gumbody-personal-2-fuer-tv-lg\\\/#breadcrumb\",\"itemListElement\":[{\"@type\":\"ListItem\",\"position\":1,\"name\":\"Home\",\"item\":\"https:\\\/\\\/www.meliconi.com\\\/de\\\/\"},{\"@type\":\"ListItem\",\"position\":2,\"name\":\"Shop\",\"item\":\"https:\\\/\\\/www.meliconi.com\\\/de\\\/shop-de\\\/\"},{\"@type\":\"ListItem\",\"position\":3,\"name\":\"Gumbody Personal 2+ f\u00fcr TV LG\"}]},{\"@type\":\"WebSite\",\"@id\":\"https:\\\/\\\/www.meliconi.com\\\/de\\\/#website\",\"url\":\"https:\\\/\\\/www.meliconi.com\\\/de\\\/\",\"name\":\"Meliconi\",\"description\":\"Lo specialista dell&#039;accessorio\",\"publisher\":{\"@id\":\"https:\\\/\\\/www.meliconi.com\\\/de\\\/#organization\"},\"potentialAction\":[{\"@type\":\"SearchAction\",\"target\":{\"@type\":\"EntryPoint\",\"urlTemplate\":\"https:\\\/\\\/www.meliconi.com\\\/de\\\/?s={search_term_string}\"},\"query-input\":{\"@type\":\"PropertyValueSpecification\",\"valueRequired\":true,\"valueName\":\"search_term_string\"}}],\"inLanguage\":\"de\"},{\"@type\":\"Organization\",\"@id\":\"https:\\\/\\\/www.meliconi.com\\\/de\\\/#organization\",\"name\":\"Meliconi\",\"url\":\"https:\\\/\\\/www.meliconi.com\\\/de\\\/\",\"logo\":{\"@type\":\"ImageObject\",\"inLanguage\":\"de\",\"@id\":\"https:\\\/\\\/www.meliconi.com\\\/de\\\/#\\\/schema\\\/logo\\\/image\\\/\",\"url\":\"https:\\\/\\\/www.meliconi.com\\\/wp-content\\\/uploads\\\/2021\\\/06\\\/logo-meliconi.png\",\"contentUrl\":\"https:\\\/\\\/www.meliconi.com\\\/wp-content\\\/uploads\\\/2021\\\/06\\\/logo-meliconi.png\",\"width\":338,\"height\":102,\"caption\":\"Meliconi\"},\"image\":{\"@id\":\"https:\\\/\\\/www.meliconi.com\\\/de\\\/#\\\/schema\\\/logo\\\/image\\\/\"}}]}<\/script>\n<!-- \/ Yoast SEO plugin. -->","yoast_head_json":{"title":"Gumbody Personal 2+ f\u00fcr TV LG - Meliconi - Fernbedienung f\u00fcr LG TV","description":"Meliconi Gumbody Personal 2+, Fernbedienung f\u00fcr LG TV. Sofort einsatzbereit. Gummiertes, sto\u00dffestes Geh\u00e4use. Web-Support","robots":{"index":"index","follow":"follow","max-snippet":"max-snippet:-1","max-image-preview":"max-image-preview:large","max-video-preview":"max-video-preview:-1"},"canonical":"https:\/\/www.meliconi.com\/de\/produkt\/gumbody-personal-2-fuer-tv-lg\/","og_locale":"de_DE","og_type":"article","og_title":"Gumbody Personal 2+ f\u00fcr TV LG - Meliconi - Fernbedienung f\u00fcr LG TV","og_description":"Meliconi Gumbody Personal 2+, Fernbedienung f\u00fcr LG TV. Sofort einsatzbereit. Gummiertes, sto\u00dffestes Geh\u00e4use. Web-Support","og_url":"https:\/\/www.meliconi.com\/de\/produkt\/gumbody-personal-2-fuer-tv-lg\/","og_site_name":"Meliconi","article_modified_time":"2024-10-08T13:04:27+00:00","og_image":[{"width":723,"height":1024,"url":"https:\/\/www.meliconi.com\/wp-content\/uploads\/2022\/11\/PERSONAL-2-723x1024.png","type":"image\/png"}],"twitter_card":"summary_large_image","twitter_misc":{"Gesch\u00e4tzte Lesezeit":"2\u00a0Minuten"},"schema":{"@context":"https:\/\/schema.org","@graph":[{"@type":"WebPage","@id":"https:\/\/www.meliconi.com\/de\/produkt\/gumbody-personal-2-fuer-tv-lg\/","url":"https:\/\/www.meliconi.com\/de\/produkt\/gumbody-personal-2-fuer-tv-lg\/","name":"Gumbody Personal 2+ f\u00fcr TV LG - Meliconi - Fernbedienung f\u00fcr LG TV","isPartOf":{"@id":"https:\/\/www.meliconi.com\/de\/#website"},"primaryImageOfPage":{"@id":"https:\/\/www.meliconi.com\/de\/produkt\/gumbody-personal-2-fuer-tv-lg\/#primaryimage"},"image":{"@id":"https:\/\/www.meliconi.com\/de\/produkt\/gumbody-personal-2-fuer-tv-lg\/#primaryimage"},"thumbnailUrl":"https:\/\/www.meliconi.com\/wp-content\/uploads\/2022\/11\/PERSONAL-2.png","datePublished":"2022-11-25T11:37:25+00:00","dateModified":"2024-10-08T13:04:27+00:00","description":"Meliconi Gumbody Personal 2+, Fernbedienung f\u00fcr LG TV. Sofort einsatzbereit. Gummiertes, sto\u00dffestes Geh\u00e4use. Web-Support","breadcrumb":{"@id":"https:\/\/www.meliconi.com\/de\/produkt\/gumbody-personal-2-fuer-tv-lg\/#breadcrumb"},"inLanguage":"de","potentialAction":[{"@type":"ReadAction","target":["https:\/\/www.meliconi.com\/de\/produkt\/gumbody-personal-2-fuer-tv-lg\/"]}]},{"@type":"ImageObject","inLanguage":"de","@id":"https:\/\/www.meliconi.com\/de\/produkt\/gumbody-personal-2-fuer-tv-lg\/#primaryimage","url":"https:\/\/www.meliconi.com\/wp-content\/uploads\/2022\/11\/PERSONAL-2.png","contentUrl":"https:\/\/www.meliconi.com\/wp-content\/uploads\/2022\/11\/PERSONAL-2.png","width":4236,"height":6000},{"@type":"BreadcrumbList","@id":"https:\/\/www.meliconi.com\/de\/produkt\/gumbody-personal-2-fuer-tv-lg\/#breadcrumb","itemListElement":[{"@type":"ListItem","position":1,"name":"Home","item":"https:\/\/www.meliconi.com\/de\/"},{"@type":"ListItem","position":2,"name":"Shop","item":"https:\/\/www.meliconi.com\/de\/shop-de\/"},{"@type":"ListItem","position":3,"name":"Gumbody Personal 2+ f\u00fcr TV LG"}]},{"@type":"WebSite","@id":"https:\/\/www.meliconi.com\/de\/#website","url":"https:\/\/www.meliconi.com\/de\/","name":"Meliconi","description":"Lo specialista dell&#039;accessorio","publisher":{"@id":"https:\/\/www.meliconi.com\/de\/#organization"},"potentialAction":[{"@type":"SearchAction","target":{"@type":"EntryPoint","urlTemplate":"https:\/\/www.meliconi.com\/de\/?s={search_term_string}"},"query-input":{"@type":"PropertyValueSpecification","valueRequired":true,"valueName":"search_term_string"}}],"inLanguage":"de"},{"@type":"Organization","@id":"https:\/\/www.meliconi.com\/de\/#organization","name":"Meliconi","url":"https:\/\/www.meliconi.com\/de\/","logo":{"@type":"ImageObject","inLanguage":"de","@id":"https:\/\/www.meliconi.com\/de\/#\/schema\/logo\/image\/","url":"https:\/\/www.meliconi.com\/wp-content\/uploads\/2021\/06\/logo-meliconi.png","contentUrl":"https:\/\/www.meliconi.com\/wp-content\/uploads\/2021\/06\/logo-meliconi.png","width":338,"height":102,"caption":"Meliconi"},"image":{"@id":"https:\/\/www.meliconi.com\/de\/#\/schema\/logo\/image\/"}}]}},"_links":{"self":[{"href":"https:\/\/www.meliconi.com\/de\/wp-json\/wp\/v2\/product\/59304","targetHints":{"allow":["GET"]}}],"collection":[{"href":"https:\/\/www.meliconi.com\/de\/wp-json\/wp\/v2\/product"}],"about":[{"href":"https:\/\/www.meliconi.com\/de\/wp-json\/wp\/v2\/types\/product"}],"wp:featuredmedia":[{"embeddable":true,"href":"https:\/\/www.meliconi.com\/de\/wp-json\/wp\/v2\/media\/59305"}],"wp:attachment":[{"href":"https:\/\/www.meliconi.com\/de\/wp-json\/wp\/v2\/media?parent=59304"}],"wp:term":[{"taxonomy":"product_brand","embeddable":true,"href":"https:\/\/www.meliconi.com\/de\/wp-json\/wp\/v2\/product_brand?post=59304"},{"taxonomy":"product_cat","embeddable":true,"href":"https:\/\/www.meliconi.com\/de\/wp-json\/wp\/v2\/product_cat?post=59304"},{"taxonomy":"product_tag","embeddable":true,"href":"https:\/\/www.meliconi.com\/de\/wp-json\/wp\/v2\/product_tag?post=59304"}],"curies":[{"name":"wp","href":"https:\/\/api.w.org\/{rel}","templated":true}]}}