{"id":59941,"date":"2021-05-31T10:28:51","date_gmt":"2021-05-31T10:28:51","guid":{"rendered":"https:\/\/www.meliconi.com\/tv-halterungen\/cme\/"},"modified":"2024-10-08T08:54:17","modified_gmt":"2024-10-08T06:54:17","slug":"cme","status":"publish","type":"page","link":"https:\/\/www.meliconi.com\/de\/tv-halterungen\/cme\/","title":{"rendered":"CME"},"content":{"rendered":"<div>\n<h1>CME: Der beste Verb\u00fcndete f\u00fcr deinen Fernseher<\/h1>\n<p><a href=\"https:\/\/www.meliconi.com\/de\/shop\/fernseher\/kat-tv-halterungen\/cme-de\/\">Entdecken sie alle Modelle<\/a><\/p>\n<\/div>\n<div>\n<p><strong>MELICONI pr\u00e4sentiert die Wandhalterungen CME<\/strong>, eine preisg\u00fcnstige Serie mit schlichten Linien, die auf Funktionalit\u00e4t und Praktikabilit\u00e4t setzt.<\/p>\n<p>Die <strong>CME<\/strong>-Halterungen erf\u00fcllen jede Anforderung: von der ultra-flachen Halterung f\u00fcr LED-Fernseher bis hin zur schwenkbaren Halterung mit bis zu 90\u00b0 Beweglichkeit, alles streng made in Italy, mit 5 Jahren Garantie und T\u00dcV-Zertifizierung zum Schutz der Produktqualit\u00e4t.<\/p>\n<\/div>\n<div>W\u00e4hle die f\u00fcr dich passende Funktion<\/div>\n<ul>\n<li>\n<p><img decoding=\"async\" src=\"\/wp-content\/uploads\/2021\/06\/cme-long-page-fisso.png\" alt=\"\"><\/p>\n<h3>Fixed<\/h3>\n<p><a href=\"https:\/\/www.meliconi.com\/de\/shop\/fernseher\/kat-tv-halterungen\/cme-de\/#fixed\"><\/a><\/p>\n<\/li>\n<li>\n<p><img decoding=\"async\" src=\"\/wp-content\/uploads\/2021\/06\/cme-long-page-rotazione-verticale.png\" alt=\"\"><\/p>\n<h3>Tilted<\/h3>\n<p><a href=\"https:\/\/www.meliconi.com\/de\/shop\/fernseher\/kat-tv-halterungen\/cme-de\/#tilted\"><\/a><\/p>\n<\/li>\n<li>\n<p><img decoding=\"async\" src=\"\/wp-content\/uploads\/2021\/06\/cme-long-page-rotazione-braccio-singolo.png\" alt=\"\"><\/p>\n<h3>Rotation<\/h3>\n<p><a href=\"https:\/\/www.meliconi.com\/de\/shop\/fernseher\/kat-tv-halterungen\/cme-de\/#rotation\"><\/a><\/p>\n<\/li>\n<li>\n<p><img decoding=\"async\" src=\"\/wp-content\/uploads\/2021\/06\/cme-long-page-doppia-rotazione.png\" alt=\"\"><\/p>\n<h3>Double rotation<\/h3>\n<p><a href=\"https:\/\/www.meliconi.com\/de\/shop\/fernseher\/kat-tv-halterungen\/cme-de\/#double-rotation\"><\/a><\/p>\n<\/li>\n<\/ul>\n<p><!--more--><br \/>\n<!-- {\"name\":\"Long Page - Audio\",\"type\":\"layout\",\"children\":[{\"type\":\"section\",\"props\":{\"animation\":\"slide-bottom-small\",\"animation_delay\":\"200\",\"class\":\"uk-animation-fade\",\"height\":\"viewport\",\"height_offset_top\":true,\"height_viewport\":80,\"image\":\"wp-content\\\/uploads\\\/2021\\\/06\\\/cme-long-page-hero.jpg\",\"image_effect\":\"parallax\",\"image_parallax_bgy\":\"0,100\",\"image_parallax_easing\":\"1\",\"image_position\":\"center-center\",\"image_size\":\"cover\",\"media_overlay_gradient\":\"linear-gradient(90deg, rgba(0,0,0,0.75) 0%, rgba(255,255,255,0) 70%)\",\"padding\":\"large\",\"style\":\"default\",\"text_color\":\"light\",\"title_breakpoint\":\"xl\",\"title_position\":\"top-left\",\"title_rotation\":\"left\",\"vertical_align\":\"middle\",\"width\":\"default\"},\"children\":[{\"type\":\"row\",\"children\":[{\"type\":\"column\",\"props\":{\"image_position\":\"center-center\",\"position_sticky_breakpoint\":\"m\"},\"children\":[{\"type\":\"panel\",\"props\":{\"content\":\"\",\"content_column_breakpoint\":\"m\",\"content_style\":\"text-lead\",\"icon_width\":80,\"image\":\"\",\"image_align\":\"top\",\"image_grid_breakpoint\":\"m\",\"image_grid_width\":\"1-2\",\"image_svg_color\":\"emphasis\",\"image_width\":\"200\",\"link\":\"https:\\\/\\\/www.meliconi.com\\\/de\\\/shop\\\/fernseher\\\/kat-tv-halterungen\\\/cme-de\\\/\",\"link_margin\":\"medium\",\"link_size\":\"large\",\"link_style\":\"primary\",\"link_text\":\"Entdecken sie alle Modelle\",\"margin\":\"default\",\"maxwidth\":\"2xlarge\",\"meta_align\":\"below-title\",\"meta_element\":\"div\",\"meta_style\":\"text-meta\",\"title\":\"CME: Der beste Verb\\u00fcndete f\\u00fcr deinen Fernseher\",\"title_align\":\"top\",\"title_element\":\"h1\",\"title_grid_breakpoint\":\"m\",\"title_grid_width\":\"1-2\",\"title_hover_style\":\"reset\",\"title_style\":\"heading-medium\"}}]}]}],\"name\":\"Hero\"},{\"type\":\"section\",\"props\":{\"animation\":\"slide-bottom-small\",\"animation_delay\":\"200\",\"class\":\"uk-animation-fade\",\"image\":\"wp-content\\\/uploads\\\/2021\\\/07\\\/long-page-supporti-tv-cme2x.png\",\"image_effect\":\"parallax\",\"image_parallax_bgx\":\"-200,-200\",\"image_parallax_bgy\":\"0,100\",\"image_parallax_breakpoint\":\"m\",\"image_parallax_easing\":\"1\",\"image_position\":\"bottom-left\",\"media_overlay\":\"rgba(21, 25, 27, 0.7)\",\"media_visibility\":\"s\",\"padding\":\"large\",\"style\":\"secondary\",\"title_breakpoint\":\"xl\",\"title_position\":\"top-left\",\"title_rotation\":\"left\",\"vertical_align\":\"middle\",\"width\":\"default\"},\"children\":[{\"type\":\"row\",\"children\":[{\"type\":\"column\",\"props\":{\"image_position\":\"center-center\",\"position_sticky_breakpoint\":\"m\",\"width_medium\":\"1-3\"}},{\"type\":\"column\",\"props\":{\"image_position\":\"center-center\",\"position_sticky_breakpoint\":\"m\",\"width_medium\":\"2-3\"},\"children\":[{\"type\":\"text\",\"props\":{\"animation\":\"parallax\",\"block_align\":\"center\",\"column_breakpoint\":\"m\",\"content\":\"\n\n<p><strong>MELICONI pr\\u00e4sentiert die Wandhalterungen CME<\\\/strong>, eine preisg\\u00fcnstige Serie mit schlichten Linien, die auf Funktionalit\\u00e4t und Praktikabilit\\u00e4t setzt.<\\\/p>\\n\n\n<p>Die <strong>CME<\\\/strong>-Halterungen erf\\u00fcllen jede Anforderung: von der ultra-flachen Halterung f\\u00fcr LED-Fernseher bis hin zur schwenkbaren Halterung mit bis zu 90\\u00b0 Beweglichkeit, alles streng made in Italy, mit 5 Jahren Garantie und T\\u00dcV-Zertifizierung zum Schutz der Produktqualit\\u00e4t.<\\\/p>\",\"margin\":\"default\",\"maxwidth\":\"2xlarge\",\"parallax_easing\":\"1\",\"parallax_end\":\"70vh + 70%\",\"parallax_opacity\":\"0,1\",\"parallax_y\":\"50,0\",\"text_style\":\"lead\"}}]}],\"props\":{\"layout\":\"1-3,2-3\"}}],\"name\":\"Descrizione\"},{\"type\":\"section\",\"props\":{\"animation\":\"slide-bottom-small\",\"animation_delay\":\"200\",\"image_position\":\"center-center\",\"style\":\"muted\",\"title_breakpoint\":\"xl\",\"title_position\":\"top-left\",\"title_rotation\":\"left\",\"vertical_align\":\"middle\",\"width\":\"large\"},\"children\":[{\"type\":\"row\",\"children\":[{\"type\":\"column\",\"props\":{\"image_position\":\"center-center\",\"position_sticky_breakpoint\":\"m\"},\"children\":[{\"type\":\"headline\",\"props\":{\"content\":\"W\\u00e4hle die f\\u00fcr dich passende Funktion\",\"text_align\":\"center\",\"title_element\":\"div\",\"title_style\":\"heading-small\"}},{\"type\":\"grid\",\"props\":{\"content_column_breakpoint\":\"m\",\"css\":\".el-image {\\n    -webkit-filter: brightness(200%);\\n    filter: brightness(200%);\\n}\",\"filter_align\":\"left\",\"filter_all\":true,\"filter_grid_breakpoint\":\"m\",\"filter_grid_width\":\"auto\",\"filter_position\":\"top\",\"filter_style\":\"tab\",\"grid_column_gap\":\"small\",\"grid_default\":\"1\",\"grid_medium\":\"4\",\"grid_row_gap\":\"small\",\"grid_small\":\"2\",\"icon_width\":80,\"image_align\":\"top\",\"image_grid_breakpoint\":\"m\",\"image_grid_width\":\"1-2\",\"image_svg_color\":\"emphasis\",\"image_transition\":\"scale-up\",\"item_animation\":true,\"link_style\":\"default\",\"link_text\":\"\",\"margin\":\"medium\",\"margin_remove_bottom\":true,\"meta_align\":\"below-title\",\"meta_element\":\"div\",\"meta_style\":\"text-meta\",\"panel_image_no_padding\":false,\"panel_link\":true,\"panel_padding\":\"default\",\"panel_style\":\"card-secondary\",\"parallax_easing\":\"1\",\"show_content\":true,\"show_image\":true,\"show_link\":true,\"show_meta\":true,\"show_title\":true,\"text_align\":\"center\",\"title_align\":\"top\",\"title_element\":\"h3\",\"title_grid_breakpoint\":\"m\",\"title_grid_width\":\"1-2\",\"title_hover_style\":\"reset\"},\"children\":[{\"type\":\"grid_item\",\"props\":{\"image\":\"wp-content\\\/uploads\\\/2021\\\/06\\\/cme-long-page-fisso.png\",\"link\":\"https:\\\/\\\/www.meliconi.com\\\/de\\\/shop\\\/fernseher\\\/kat-tv-halterungen\\\/cme-de\\\/#fixed\",\"title\":\"Fixed\"}},{\"type\":\"grid_item\",\"props\":{\"image\":\"wp-content\\\/uploads\\\/2021\\\/06\\\/cme-long-page-rotazione-verticale.png\",\"link\":\"https:\\\/\\\/www.meliconi.com\\\/de\\\/shop\\\/fernseher\\\/kat-tv-halterungen\\\/cme-de\\\/#tilted\",\"title\":\"Tilted\"}},{\"type\":\"grid_item\",\"props\":{\"image\":\"wp-content\\\/uploads\\\/2021\\\/06\\\/cme-long-page-rotazione-braccio-singolo.png\",\"link\":\"https:\\\/\\\/www.meliconi.com\\\/de\\\/shop\\\/fernseher\\\/kat-tv-halterungen\\\/cme-de\\\/#rotation\",\"title\":\"Rotation\"}},{\"type\":\"grid_item\",\"props\":{\"image\":\"wp-content\\\/uploads\\\/2021\\\/06\\\/cme-long-page-doppia-rotazione.png\",\"link\":\"https:\\\/\\\/www.meliconi.com\\\/de\\\/shop\\\/fernseher\\\/kat-tv-halterungen\\\/cme-de\\\/#double-rotation\",\"title\":\"Double rotation\"}}]}]}]}]}],\"version\":\"4.3.5\"} --><\/p>\n","protected":false},"excerpt":{"rendered":"<p>CME: Der beste Verb\u00fcndete f\u00fcr deinen Fernseher Entdecken sie alle Modelle MELICONI pr\u00e4sentiert die Wandhalterungen CME, eine preisg\u00fcnstige Serie mit schlichten Linien, die auf Funktionalit\u00e4t und Praktikabilit\u00e4t setzt. Die CME-Halterungen erf\u00fcllen jede Anforderung: von der ultra-flachen Halterung f\u00fcr LED-Fernseher bis hin zur schwenkbaren Halterung mit bis zu 90\u00b0 Beweglichkeit, alles streng made in Italy, mit [&hellip;]<\/p>\n","protected":false},"author":1,"featured_media":0,"parent":59806,"menu_order":0,"comment_status":"closed","ping_status":"closed","template":"","meta":{"_acf_changed":false,"footnotes":""},"class_list":["post-59941","page","type-page","status-publish","hentry"],"acf":[],"yoast_head":"<!-- This site is optimized with the Yoast SEO plugin v26.1.1 - https:\/\/yoast.com\/wordpress\/plugins\/seo\/ -->\n<title>CME - Meliconi<\/title>\n<meta name=\"robots\" content=\"index, follow, max-snippet:-1, max-image-preview:large, max-video-preview:-1\" \/>\n<link rel=\"canonical\" href=\"https:\/\/www.meliconi.com\/de\/tv-halterungen\/cme\/\" \/>\n<meta property=\"og:locale\" content=\"de_DE\" \/>\n<meta property=\"og:type\" content=\"article\" \/>\n<meta property=\"og:title\" content=\"CME - Meliconi\" \/>\n<meta property=\"og:description\" content=\"CME: Der beste Verb\u00fcndete f\u00fcr deinen Fernseher Entdecken sie alle Modelle MELICONI pr\u00e4sentiert die Wandhalterungen CME, eine preisg\u00fcnstige Serie mit schlichten Linien, die auf Funktionalit\u00e4t und Praktikabilit\u00e4t setzt. Die CME-Halterungen erf\u00fcllen jede Anforderung: von der ultra-flachen Halterung f\u00fcr LED-Fernseher bis hin zur schwenkbaren Halterung mit bis zu 90\u00b0 Beweglichkeit, alles streng made in Italy, mit [&hellip;]\" \/>\n<meta property=\"og:url\" content=\"https:\/\/www.meliconi.com\/de\/tv-halterungen\/cme\/\" \/>\n<meta property=\"og:site_name\" content=\"Meliconi\" \/>\n<meta property=\"article:modified_time\" content=\"2024-10-08T06:54:17+00:00\" \/>\n<meta name=\"twitter:card\" content=\"summary_large_image\" \/>\n<meta name=\"twitter:label1\" content=\"Gesch\u00e4tzte Lesezeit\" \/>\n\t<meta name=\"twitter:data1\" content=\"2\u00a0Minuten\" \/>\n<script type=\"application\/ld+json\" class=\"yoast-schema-graph\">{\"@context\":\"https:\/\/schema.org\",\"@graph\":[{\"@type\":\"WebPage\",\"@id\":\"https:\/\/www.meliconi.com\/de\/tv-halterungen\/cme\/\",\"url\":\"https:\/\/www.meliconi.com\/de\/tv-halterungen\/cme\/\",\"name\":\"CME - Meliconi\",\"isPartOf\":{\"@id\":\"https:\/\/www.meliconi.com\/de\/#website\"},\"datePublished\":\"2021-05-31T10:28:51+00:00\",\"dateModified\":\"2024-10-08T06:54:17+00:00\",\"breadcrumb\":{\"@id\":\"https:\/\/www.meliconi.com\/de\/tv-halterungen\/cme\/#breadcrumb\"},\"inLanguage\":\"de\",\"potentialAction\":[{\"@type\":\"ReadAction\",\"target\":[\"https:\/\/www.meliconi.com\/de\/tv-halterungen\/cme\/\"]}]},{\"@type\":\"BreadcrumbList\",\"@id\":\"https:\/\/www.meliconi.com\/de\/tv-halterungen\/cme\/#breadcrumb\",\"itemListElement\":[{\"@type\":\"ListItem\",\"position\":1,\"name\":\"Home\",\"item\":\"https:\/\/www.meliconi.com\/de\/\"},{\"@type\":\"ListItem\",\"position\":2,\"name\":\"TV-Halterungen\",\"item\":\"https:\/\/www.meliconi.com\/de\/tv-halterungen\/\"},{\"@type\":\"ListItem\",\"position\":3,\"name\":\"CME\"}]},{\"@type\":\"WebSite\",\"@id\":\"https:\/\/www.meliconi.com\/de\/#website\",\"url\":\"https:\/\/www.meliconi.com\/de\/\",\"name\":\"Meliconi\",\"description\":\"Lo specialista dell&#039;accessorio\",\"publisher\":{\"@id\":\"https:\/\/www.meliconi.com\/de\/#organization\"},\"potentialAction\":[{\"@type\":\"SearchAction\",\"target\":{\"@type\":\"EntryPoint\",\"urlTemplate\":\"https:\/\/www.meliconi.com\/de\/?s={search_term_string}\"},\"query-input\":{\"@type\":\"PropertyValueSpecification\",\"valueRequired\":true,\"valueName\":\"search_term_string\"}}],\"inLanguage\":\"de\"},{\"@type\":\"Organization\",\"@id\":\"https:\/\/www.meliconi.com\/de\/#organization\",\"name\":\"Meliconi\",\"url\":\"https:\/\/www.meliconi.com\/de\/\",\"logo\":{\"@type\":\"ImageObject\",\"inLanguage\":\"de\",\"@id\":\"https:\/\/www.meliconi.com\/de\/#\/schema\/logo\/image\/\",\"url\":\"https:\/\/www.meliconi.com\/wp-content\/uploads\/2021\/06\/logo-meliconi.png\",\"contentUrl\":\"https:\/\/www.meliconi.com\/wp-content\/uploads\/2021\/06\/logo-meliconi.png\",\"width\":338,\"height\":102,\"caption\":\"Meliconi\"},\"image\":{\"@id\":\"https:\/\/www.meliconi.com\/de\/#\/schema\/logo\/image\/\"}}]}<\/script>\n<!-- \/ Yoast SEO plugin. -->","yoast_head_json":{"title":"CME - Meliconi","robots":{"index":"index","follow":"follow","max-snippet":"max-snippet:-1","max-image-preview":"max-image-preview:large","max-video-preview":"max-video-preview:-1"},"canonical":"https:\/\/www.meliconi.com\/de\/tv-halterungen\/cme\/","og_locale":"de_DE","og_type":"article","og_title":"CME - Meliconi","og_description":"CME: Der beste Verb\u00fcndete f\u00fcr deinen Fernseher Entdecken sie alle Modelle MELICONI pr\u00e4sentiert die Wandhalterungen CME, eine preisg\u00fcnstige Serie mit schlichten Linien, die auf Funktionalit\u00e4t und Praktikabilit\u00e4t setzt. Die CME-Halterungen erf\u00fcllen jede Anforderung: von der ultra-flachen Halterung f\u00fcr LED-Fernseher bis hin zur schwenkbaren Halterung mit bis zu 90\u00b0 Beweglichkeit, alles streng made in Italy, mit [&hellip;]","og_url":"https:\/\/www.meliconi.com\/de\/tv-halterungen\/cme\/","og_site_name":"Meliconi","article_modified_time":"2024-10-08T06:54:17+00:00","twitter_card":"summary_large_image","twitter_misc":{"Gesch\u00e4tzte Lesezeit":"2\u00a0Minuten"},"schema":{"@context":"https:\/\/schema.org","@graph":[{"@type":"WebPage","@id":"https:\/\/www.meliconi.com\/de\/tv-halterungen\/cme\/","url":"https:\/\/www.meliconi.com\/de\/tv-halterungen\/cme\/","name":"CME - Meliconi","isPartOf":{"@id":"https:\/\/www.meliconi.com\/de\/#website"},"datePublished":"2021-05-31T10:28:51+00:00","dateModified":"2024-10-08T06:54:17+00:00","breadcrumb":{"@id":"https:\/\/www.meliconi.com\/de\/tv-halterungen\/cme\/#breadcrumb"},"inLanguage":"de","potentialAction":[{"@type":"ReadAction","target":["https:\/\/www.meliconi.com\/de\/tv-halterungen\/cme\/"]}]},{"@type":"BreadcrumbList","@id":"https:\/\/www.meliconi.com\/de\/tv-halterungen\/cme\/#breadcrumb","itemListElement":[{"@type":"ListItem","position":1,"name":"Home","item":"https:\/\/www.meliconi.com\/de\/"},{"@type":"ListItem","position":2,"name":"TV-Halterungen","item":"https:\/\/www.meliconi.com\/de\/tv-halterungen\/"},{"@type":"ListItem","position":3,"name":"CME"}]},{"@type":"WebSite","@id":"https:\/\/www.meliconi.com\/de\/#website","url":"https:\/\/www.meliconi.com\/de\/","name":"Meliconi","description":"Lo specialista dell&#039;accessorio","publisher":{"@id":"https:\/\/www.meliconi.com\/de\/#organization"},"potentialAction":[{"@type":"SearchAction","target":{"@type":"EntryPoint","urlTemplate":"https:\/\/www.meliconi.com\/de\/?s={search_term_string}"},"query-input":{"@type":"PropertyValueSpecification","valueRequired":true,"valueName":"search_term_string"}}],"inLanguage":"de"},{"@type":"Organization","@id":"https:\/\/www.meliconi.com\/de\/#organization","name":"Meliconi","url":"https:\/\/www.meliconi.com\/de\/","logo":{"@type":"ImageObject","inLanguage":"de","@id":"https:\/\/www.meliconi.com\/de\/#\/schema\/logo\/image\/","url":"https:\/\/www.meliconi.com\/wp-content\/uploads\/2021\/06\/logo-meliconi.png","contentUrl":"https:\/\/www.meliconi.com\/wp-content\/uploads\/2021\/06\/logo-meliconi.png","width":338,"height":102,"caption":"Meliconi"},"image":{"@id":"https:\/\/www.meliconi.com\/de\/#\/schema\/logo\/image\/"}}]}},"_links":{"self":[{"href":"https:\/\/www.meliconi.com\/de\/wp-json\/wp\/v2\/pages\/59941","targetHints":{"allow":["GET"]}}],"collection":[{"href":"https:\/\/www.meliconi.com\/de\/wp-json\/wp\/v2\/pages"}],"about":[{"href":"https:\/\/www.meliconi.com\/de\/wp-json\/wp\/v2\/types\/page"}],"author":[{"embeddable":true,"href":"https:\/\/www.meliconi.com\/de\/wp-json\/wp\/v2\/users\/1"}],"replies":[{"embeddable":true,"href":"https:\/\/www.meliconi.com\/de\/wp-json\/wp\/v2\/comments?post=59941"}],"version-history":[{"count":3,"href":"https:\/\/www.meliconi.com\/de\/wp-json\/wp\/v2\/pages\/59941\/revisions"}],"predecessor-version":[{"id":60921,"href":"https:\/\/www.meliconi.com\/de\/wp-json\/wp\/v2\/pages\/59941\/revisions\/60921"}],"up":[{"embeddable":true,"href":"https:\/\/www.meliconi.com\/de\/wp-json\/wp\/v2\/pages\/59806"}],"wp:attachment":[{"href":"https:\/\/www.meliconi.com\/de\/wp-json\/wp\/v2\/media?parent=59941"}],"curies":[{"name":"wp","href":"https:\/\/api.w.org\/{rel}","templated":true}]}}