{"id":59935,"date":"2021-05-25T15:08:24","date_gmt":"2021-05-25T15:08:24","guid":{"rendered":"https:\/\/www.meliconi.com\/audio\/cuffie-tv\/"},"modified":"2025-10-15T12:18:39","modified_gmt":"2025-10-15T10:18:39","slug":"tv-kopfhoerer","status":"publish","type":"page","link":"https:\/\/www.meliconi.com\/de\/audio\/tv-kopfhoerer\/","title":{"rendered":"TV-Kopfh\u00f6rer"},"content":{"rendered":"<ul>\n<li>\n<p><img decoding=\"async\" src=\"\/wp-content\/uploads\/2021\/07\/secondary_menu_icon_cuffie_tv_con_cavo.png\" alt=\"\"><\/p>\n<div>Kopfh\u00f6rer mit Kabel<\/div>\n<p><a href=\"https:\/\/www.meliconi.com\/de\/shop\/kat-audio\/tv-kopfhorer\/kabelgebundene-tv-kopfhorer\/\"><\/a><\/p>\n<\/li>\n<li>\n<p><img decoding=\"async\" src=\"\/wp-content\/uploads\/2021\/06\/secondary_menu_icon_cuffie-tv-wireless.png\" alt=\"\"><\/p>\n<div>Kabellose TV-Kopfh\u00f6rer<\/div>\n<p><a href=\"https:\/\/www.meliconi.com\/de\/shop\/kat-audio\/tv-kopfhorer\/kabellose-tv-kopfhorer\/\"><\/a><\/p>\n<\/li>\n<li>\n<p><img decoding=\"async\" src=\"\/wp-content\/uploads\/2021\/06\/secondary_menu_icon_cuffie_bluetooth.png\" alt=\"\"><\/p>\n<div>Bluetooth TV-Kopfh\u00f6rer<\/div>\n<p><a href=\"\/de\/shop\/kat-audio\/tv-kopfhorer\/bluetooth-tv-kopfhorer\/\"><\/a><\/p>\n<\/li>\n<\/ul>\n<div>\n<h1>Meliconi TV-Kopfh\u00f6rer<\/h1>\n<div>\n<p>Kabelgebundene Kopfh&ouml;rer, Kopfh&ouml;rer mit Kabel, kabellose Kopfh&ouml;rer, mit oder ohne Ladestation, Over-Ear- oder Stethoskop-Kopfh&ouml;rer &ndash; die TV-Kopfh&ouml;rerfamilie von Meliconi zeichnet sich durch hohe Klangqualit&auml;t und das Streben nach einem essenziellen, modernen und unverwechselbaren Design aus. Ideal, um fernzusehen oder andere Audiovideoger&auml;te in Ruhe zu genie&szlig;en, ohne die Nachbarn zu st&ouml;ren.<\/p>\n<\/div>\n<p><a href=\"https:\/\/www.meliconi.com\/de\/shop\/kat-audio\/tv-kopfhorer\/\">Entdecke die Produkte<\/a><\/p>\n<\/div>\n<div>\n<h2>Kopfh\u00f6rer mit Kabel<\/h2>\n<div>\n<p>Die Kopfh&ouml;rer mit Kabel von Meliconi sind eine bequeme L&ouml;sung, um TV-Programme zu verfolgen, ohne die Nachbarn zu st&ouml;ren. Das 5 m lange Kabel erm&ouml;glicht es, den Fernseher bequem vom Bett oder Sofa aus zu h&ouml;ren. Das Modell HP50 bietet auch eine interessante Klangwiedergabe dank eines 50 mm Lautsprechers und Ohrmuscheln, die ausreichend vor Umgebungsger&auml;uschen sch&uuml;tzen.<\/p>\n<\/div>\n<\/div>\n<div>\n<h2>Kabellose TV-Kopfh\u00f6rer<\/h2>\n<div>\n<p>Die kabellosen TV-Kopfh&ouml;rer, die mit jedem Audio-\/Videoger&auml;t mit Audioausgang verwendet werden k&ouml;nnen, sind mit mehreren Eing&auml;ngen (3,5 mm Klinke, RCA, digitaler Koaxialanschluss und digitaler optischer Toslink-Anschluss) ausgestattet, was die vollst&auml;ndige Kompatibilit&auml;t mit allen heute auf dem Markt befindlichen TV-Modellen gew&auml;hrleistet. Dank der drahtlosen Technologie bieten die kabellosen TV-Kopfh&ouml;rer von Meliconi v&ouml;llige Bewegungsfreiheit in der Umgebung. Elegant und funktional passen sie sich perfekt der Form des Ohrs an, dank eines ergonomischen Designs, das auf maximalen Komfort w&auml;hrend des Gebrauchs ausgelegt ist. Einige Modelle verf&uuml;gen &uuml;ber eine Basisstation, auf der die Batterien gleichzeitig aufgeladen werden k&ouml;nnen.<\/p>\n<\/div>\n<\/div>\n<ul>\n<li>\n<p><img decoding=\"async\" src=\"\/wp-content\/uploads\/2021\/07\/cuffie-tv-long-page-cuffie-cavo.png\" alt=\"\"><\/p>\n<h3>Kabelgebundene TV-Kopfh\u00f6rer<\/h3>\n<p><a href=\"https:\/\/www.meliconi.com\/de\/shop\/kat-audio\/tv-kopfhorer\/kabelgebundene-tv-kopfhorer\/\">Mehr erfahren<\/a><\/p>\n<\/li>\n<li>\n<p><img decoding=\"async\" src=\"\/wp-content\/uploads\/2021\/05\/cuffie-wireless-min-1.png\" alt=\"\"><\/p>\n<h3>Kabellose TV-Kopfh\u00f6rer<\/h3>\n<p><a href=\"https:\/\/www.meliconi.com\/de\/shop\/kat-audio\/tv-kopfhorer\/kabellose-tv-kopfhorer\/\">Mehr erfahren<\/a><\/p>\n<\/li>\n<li>\n<p><img decoding=\"async\" src=\"\/wp-content\/uploads\/2025\/10\/497338_STILL-LIFE-8_ombra-scaled.png\" alt=\"\"><\/p>\n<h3>Bluetooth TV-Kopfh\u00f6rer<\/h3>\n<p><a href=\"\/de\/shop\/kat-audio\/tv-kopfhorer\/bluetooth-tv-kopfhorer\/\">Mehr erfahren<\/a><\/p>\n<\/li>\n<\/ul>\n<p><!--more--><br \/>\n<!-- {\"name\":\"Long Page - Audio\",\"type\":\"layout\",\"children\":[{\"type\":\"section\",\"props\":{\"image_position\":\"center-center\",\"padding\":\"none\",\"style\":\"default\",\"title_breakpoint\":\"xl\",\"title_position\":\"top-left\",\"title_rotation\":\"left\",\"vertical_align\":\"middle\",\"width\":\"\"},\"children\":[{\"type\":\"row\",\"children\":[{\"type\":\"column\",\"props\":{\"image_position\":\"center-center\",\"position_sticky_breakpoint\":\"m\"},\"children\":[{\"type\":\"panel-slider\",\"props\":{\"attributes\":\"uk-sticky=\\\"offset:60;media:960;\\\"\",\"class\":\"me-secondary-menu\",\"content_column_breakpoint\":\"m\",\"icon_width\":\"30\",\"image_align\":\"top\",\"image_grid_breakpoint\":\"m\",\"image_grid_width\":\"1-5\",\"image_link\":false,\"image_svg_color\":\"emphasis\",\"image_width\":\"75\",\"link_style\":\"default\",\"link_text\":\"\",\"margin\":\"\",\"meta_align\":\"below-title\",\"meta_element\":\"div\",\"meta_style\":\"text-meta\",\"nav\":\"\",\"nav_align\":\"center\",\"nav_breakpoint\":\"s\",\"panel_image_no_padding\":false,\"panel_link\":true,\"panel_match\":true,\"panel_padding\":\"small\",\"panel_style\":\"card-secondary\",\"show_content\":true,\"show_image\":true,\"show_link\":true,\"show_meta\":true,\"show_title\":true,\"slidenav\":\"default\",\"slidenav_breakpoint\":\"\",\"slidenav_color\":\"light\",\"slidenav_large\":false,\"slidenav_margin\":\"\",\"slidenav_outside_breakpoint\":\"xl\",\"slider_autoplay_pause\":true,\"slider_center\":false,\"slider_divider\":true,\"slider_finite\":true,\"slider_gap\":\"\",\"slider_width\":\"fixed\",\"slider_width_default\":\"1-2\",\"slider_width_medium\":\"1-3\",\"slider_width_small\":\"1-2\",\"text_align\":\"center\",\"title_align\":\"top\",\"title_element\":\"div\",\"title_grid_breakpoint\":\"m\",\"title_grid_width\":\"1-2\",\"title_hover_style\":\"heading\",\"title_link\":true,\"title_style\":\"h6\"},\"children\":[{\"type\":\"panel-slider_item\",\"props\":{\"icon\":\"\",\"image\":\"wp-content\\\/uploads\\\/2021\\\/07\\\/secondary_menu_icon_cuffie_tv_con_cavo.png\",\"link\":\"https:\\\/\\\/www.meliconi.com\\\/de\\\/shop\\\/kat-audio\\\/tv-kopfhorer\\\/kabelgebundene-tv-kopfhorer\\\/\",\"title\":\"Kopfh\\u00f6rer mit Kabel\"}},{\"type\":\"panel-slider_item\",\"props\":{\"icon\":\"\",\"image\":\"wp-content\\\/uploads\\\/2021\\\/06\\\/secondary_menu_icon_cuffie-tv-wireless.png\",\"link\":\"https:\\\/\\\/www.meliconi.com\\\/de\\\/shop\\\/kat-audio\\\/tv-kopfhorer\\\/kabellose-tv-kopfhorer\\\/\",\"title\":\"Kabellose TV-Kopfh\\u00f6rer\"}},{\"type\":\"panel-slider_item\",\"props\":{\"icon\":\"\",\"image\":\"wp-content\\\/uploads\\\/2021\\\/06\\\/secondary_menu_icon_cuffie_bluetooth.png\",\"link\":\"de\\\/shop\\\/kat-audio\\\/tv-kopfhorer\\\/bluetooth-tv-kopfhorer\\\/\",\"title\":\"Bluetooth TV-Kopfh\\u00f6rer\"}}],\"modified\":\"2021-05-05T12:19:20.663Z\",\"name\":\"Secondary Menu\"}]}]}],\"name\":\"Menu secondario\"},{\"type\":\"section\",\"props\":{\"animation\":\"slide-bottom-small\",\"animation_delay\":\"200\",\"class\":\"uk-animation-fade uk-margin-small-bottom\",\"image\":\"wp-content\\\/uploads\\\/2021\\\/05\\\/foto-cuffie-tv-divano-1.jpg\",\"image_position\":\"center-center\",\"image_size\":\"cover\",\"media_overlay_gradient\":\"linear-gradient(90deg, rgba(0,0,0,0.5) 0%, rgba(255,255,255,0) 80%)\",\"padding\":\"large\",\"padding_remove_horizontal\":false,\"style\":\"secondary\",\"title_breakpoint\":\"xl\",\"title_position\":\"top-left\",\"title_rotation\":\"left\",\"vertical_align\":\"middle\",\"width\":\"default\"},\"children\":[{\"type\":\"row\",\"children\":[{\"type\":\"column\",\"props\":{\"image_position\":\"center-center\",\"position_sticky_breakpoint\":\"m\"},\"children\":[{\"type\":\"panel\",\"props\":{\"content\":\"\n\n<p>Kabelgebundene Kopfh&ouml;rer, Kopfh&ouml;rer mit Kabel, kabellose Kopfh&ouml;rer, mit oder ohne Ladestation, Over-Ear- oder Stethoskop-Kopfh&ouml;rer &ndash; die TV-Kopfh&ouml;rerfamilie von Meliconi zeichnet sich durch hohe Klangqualit&auml;t und das Streben nach einem essenziellen, modernen und unverwechselbaren Design aus. Ideal, um fernzusehen oder andere Audiovideoger&auml;te in Ruhe zu genie&szlig;en, ohne die Nachbarn zu st&ouml;ren.<\\\/p>\",\"content_column_breakpoint\":\"m\",\"content_style\":\"text-lead\",\"icon_width\":80,\"image\":\"\",\"image_align\":\"top\",\"image_grid_breakpoint\":\"m\",\"image_grid_width\":\"1-2\",\"image_svg_color\":\"emphasis\",\"image_width\":\"200\",\"link\":\"https:\\\/\\\/www.meliconi.com\\\/de\\\/shop\\\/kat-audio\\\/tv-kopfhorer\\\/\",\"link_margin\":\"medium\",\"link_size\":\"large\",\"link_style\":\"primary\",\"link_text\":\"Entdecke die Produkte\",\"margin\":\"default\",\"maxwidth\":\"xlarge\",\"meta_align\":\"below-title\",\"meta_element\":\"div\",\"meta_style\":\"text-meta\",\"title\":\"Meliconi TV-Kopfh\\u00f6rer\",\"title_align\":\"top\",\"title_element\":\"h1\",\"title_grid_breakpoint\":\"m\",\"title_grid_width\":\"1-2\",\"title_hover_style\":\"reset\",\"title_style\":\"heading-medium\"}}]}]}],\"name\":\"Hero\"},{\"type\":\"section\",\"props\":{\"animation\":\"slide-bottom-small\",\"animation_delay\":\"200\",\"class\":\"uk-animation-fade uk-margin-small-bottom\",\"image\":\"wp-content\\\/uploads\\\/2021\\\/06\\\/497305_HP50-dettaglio.jpg\",\"image_position\":\"center-right\",\"image_size\":\"cover\",\"media_overlay\":\"rgba(21, 25, 27, 0.7)\",\"padding\":\"large\",\"style\":\"secondary\",\"title_breakpoint\":\"xl\",\"title_position\":\"top-left\",\"title_rotation\":\"left\",\"vertical_align\":\"middle\",\"width\":\"default\"},\"children\":[{\"type\":\"row\",\"children\":[{\"type\":\"column\",\"props\":{\"image_position\":\"center-center\",\"position_sticky_breakpoint\":\"m\"},\"children\":[{\"type\":\"panel\",\"props\":{\"content\":\"\n\n<p>Die Kopfh&ouml;rer mit Kabel von Meliconi sind eine bequeme L&ouml;sung, um TV-Programme zu verfolgen, ohne die Nachbarn zu st&ouml;ren. Das 5 m lange Kabel erm&ouml;glicht es, den Fernseher bequem vom Bett oder Sofa aus zu h&ouml;ren. Das Modell HP50 bietet auch eine interessante Klangwiedergabe dank eines 50 mm Lautsprechers und Ohrmuscheln, die ausreichend vor Umgebungsger&auml;uschen sch&uuml;tzen.<\\\/p>\",\"content_column_breakpoint\":\"m\",\"content_style\":\"text-lead\",\"icon_width\":80,\"image\":\"\",\"image_align\":\"top\",\"image_grid_breakpoint\":\"m\",\"image_grid_width\":\"1-2\",\"image_svg_color\":\"emphasis\",\"image_width\":\"200\",\"link_margin\":\"medium\",\"link_size\":\"large\",\"link_style\":\"primary\",\"link_text\":\"Scopri i prodotti\",\"margin\":\"default\",\"maxwidth\":\"xlarge\",\"meta_align\":\"below-title\",\"meta_element\":\"div\",\"meta_style\":\"text-meta\",\"title\":\"Kopfh\\u00f6rer mit Kabel\",\"title_align\":\"top\",\"title_element\":\"h2\",\"title_grid_breakpoint\":\"m\",\"title_grid_width\":\"1-2\",\"title_hover_style\":\"reset\",\"title_style\":\"heading-small\"}}]}]}],\"name\":\"Cuffie Con Cavo\"},{\"type\":\"section\",\"props\":{\"animation\":\"slide-bottom-small\",\"animation_delay\":\"200\",\"class\":\"uk-animation-fade\",\"image\":\"wp-content\\\/uploads\\\/2021\\\/06\\\/HP600_Pro_close_up_cuffia_1-scaled.jpg\",\"image_position\":\"center-center\",\"image_size\":\"width-1-1\",\"media_overlay\":\"rgba(21, 25, 27, 0.7)\",\"padding\":\"large\",\"style\":\"secondary\",\"title_breakpoint\":\"xl\",\"title_position\":\"top-left\",\"title_rotation\":\"left\",\"vertical_align\":\"middle\",\"width\":\"default\"},\"children\":[{\"type\":\"row\",\"children\":[{\"type\":\"column\",\"props\":{\"image_position\":\"center-center\",\"position_sticky_breakpoint\":\"m\"},\"children\":[{\"type\":\"panel\",\"props\":{\"block_align\":\"right\",\"content\":\"\n\n<p>Die kabellosen TV-Kopfh&ouml;rer, die mit jedem Audio-\\\/Videoger&auml;t mit Audioausgang verwendet werden k&ouml;nnen, sind mit mehreren Eing&auml;ngen (3,5 mm Klinke, RCA, digitaler Koaxialanschluss und digitaler optischer Toslink-Anschluss) ausgestattet, was die vollst&auml;ndige Kompatibilit&auml;t mit allen heute auf dem Markt befindlichen TV-Modellen gew&auml;hrleistet. Dank der drahtlosen Technologie bieten die kabellosen TV-Kopfh&ouml;rer von Meliconi v&ouml;llige Bewegungsfreiheit in der Umgebung. Elegant und funktional passen sie sich perfekt der Form des Ohrs an, dank eines ergonomischen Designs, das auf maximalen Komfort w&auml;hrend des Gebrauchs ausgelegt ist. Einige Modelle verf&uuml;gen &uuml;ber eine Basisstation, auf der die Batterien gleichzeitig aufgeladen werden k&ouml;nnen.<\\\/p>\",\"content_column_breakpoint\":\"m\",\"content_style\":\"text-lead\",\"icon_width\":80,\"image\":\"\",\"image_align\":\"top\",\"image_grid_breakpoint\":\"m\",\"image_grid_width\":\"1-2\",\"image_svg_color\":\"emphasis\",\"image_width\":\"200\",\"link_margin\":\"medium\",\"link_size\":\"large\",\"link_style\":\"primary\",\"link_text\":\"Scopri i prodotti\",\"margin\":\"default\",\"maxwidth\":\"xlarge\",\"maxwidth_breakpoint\":\"m\",\"meta_align\":\"below-title\",\"meta_element\":\"div\",\"meta_style\":\"text-meta\",\"title\":\"Kabellose TV-Kopfh\\u00f6rer\",\"title_align\":\"top\",\"title_element\":\"h2\",\"title_grid_breakpoint\":\"m\",\"title_grid_width\":\"1-2\",\"title_hover_style\":\"reset\",\"title_style\":\"heading-small\"}}]}]}],\"name\":\"Cuffie TV Wireless\"},{\"type\":\"section\",\"props\":{\"animation\":\"slide-bottom-small\",\"animation_delay\":\"200\",\"class\":\"uk-padding-small\",\"image_position\":\"center-center\",\"padding\":\"xsmall\",\"style\":\"default\",\"title_breakpoint\":\"xl\",\"title_position\":\"top-left\",\"title_rotation\":\"left\",\"vertical_align\":\"middle\",\"width\":\"\"},\"children\":[{\"type\":\"row\",\"children\":[{\"type\":\"column\",\"props\":{\"image_position\":\"center-center\",\"position_sticky_breakpoint\":\"m\"},\"children\":[{\"type\":\"grid\",\"props\":{\"attributes\":\"uk-height-match=\\\".el-image\\\"\",\"class\":\"me-grid-product-page\",\"content_column_breakpoint\":\"m\",\"content_margin\":\"small\",\"filter_align\":\"left\",\"filter_all\":true,\"filter_grid_breakpoint\":\"m\",\"filter_grid_width\":\"auto\",\"filter_position\":\"top\",\"filter_style\":\"tab\",\"grid_column_gap\":\"small\",\"grid_default\":\"1\",\"grid_medium\":\"\",\"grid_row_gap\":\"small\",\"grid_small\":\"2\",\"icon_width\":80,\"image_align\":\"bottom\",\"image_grid_breakpoint\":\"m\",\"image_grid_width\":\"1-2\",\"image_height\":\"330\",\"image_svg_color\":\"emphasis\",\"image_transition\":\"scale-up\",\"image_width\":\"540\",\"item_animation\":true,\"link_style\":\"primary\",\"link_text\":\"Mehr erfahren\",\"margin\":\"default\",\"meta_align\":\"below-title\",\"meta_element\":\"div\",\"meta_style\":\"text-meta\",\"panel_image_no_padding\":true,\"panel_link\":true,\"panel_padding\":\"default\",\"panel_style\":\"card-secondary\",\"parallax_easing\":\"1\",\"show_content\":true,\"show_image\":true,\"show_link\":true,\"show_meta\":true,\"show_title\":true,\"text_align\":\"center\",\"title_align\":\"top\",\"title_element\":\"h3\",\"title_grid_breakpoint\":\"m\",\"title_grid_width\":\"1-2\",\"title_hover_style\":\"reset\",\"title_style\":\"h1\"},\"children\":[{\"type\":\"grid_item\",\"props\":{\"content\":\"\",\"image\":\"wp-content\\\/uploads\\\/2021\\\/07\\\/cuffie-tv-long-page-cuffie-cavo.png\",\"link\":\"https:\\\/\\\/www.meliconi.com\\\/de\\\/shop\\\/kat-audio\\\/tv-kopfhorer\\\/kabelgebundene-tv-kopfhorer\\\/\",\"title\":\"Kabelgebundene TV-Kopfh\\u00f6rer\"}},{\"type\":\"grid_item\",\"props\":{\"content\":\"\",\"image\":\"wp-content\\\/uploads\\\/2021\\\/05\\\/cuffie-wireless-min-1.png\",\"link\":\"https:\\\/\\\/www.meliconi.com\\\/de\\\/shop\\\/kat-audio\\\/tv-kopfhorer\\\/kabellose-tv-kopfhorer\\\/\",\"title\":\"Kabellose TV-Kopfh\\u00f6rer\"}},{\"type\":\"grid_item\",\"props\":{\"content\":\"\",\"image\":\"wp-content\\\/uploads\\\/2025\\\/10\\\/497338_STILL-LIFE-8_ombra-scaled.png\",\"link\":\"de\\\/shop\\\/kat-audio\\\/tv-kopfhorer\\\/bluetooth-tv-kopfhorer\\\/\",\"title\":\"Bluetooth TV-Kopfh\\u00f6rer\"}}]}]}]}],\"name\":\"Grid Cuffie TV\"}],\"version\":\"4.3.5\"} --><\/p>\n","protected":false},"excerpt":{"rendered":"<p>Kopfh\u00f6rer mit Kabel Kabellose TV-Kopfh\u00f6rer Bluetooth TV-Kopfh\u00f6rer Meliconi TV-Kopfh\u00f6rer Kabelgebundene Kopfh&ouml;rer, Kopfh&ouml;rer mit Kabel, kabellose Kopfh&ouml;rer, mit oder ohne Ladestation, Over-Ear- oder Stethoskop-Kopfh&ouml;rer &ndash; die TV-Kopfh&ouml;rerfamilie von Meliconi zeichnet sich durch hohe Klangqualit&auml;t und das Streben nach einem essenziellen, modernen und unverwechselbaren Design aus. Ideal, um fernzusehen oder andere Audiovideoger&auml;te in Ruhe zu genie&szlig;en, ohne [&hellip;]<\/p>\n","protected":false},"author":1,"featured_media":0,"parent":59802,"menu_order":0,"comment_status":"closed","ping_status":"closed","template":"","meta":{"_acf_changed":false,"footnotes":""},"class_list":["post-59935","page","type-page","status-publish","hentry"],"acf":[],"yoast_head":"<!-- This site is optimized with the Yoast SEO plugin v26.1.1 - https:\/\/yoast.com\/wordpress\/plugins\/seo\/ -->\n<title>TV-Kopfh\u00f6rer - Meliconi<\/title>\n<meta name=\"robots\" content=\"index, follow, max-snippet:-1, max-image-preview:large, max-video-preview:-1\" \/>\n<link rel=\"canonical\" href=\"https:\/\/www.meliconi.com\/de\/audio\/tv-kopfhoerer\/\" \/>\n<meta property=\"og:locale\" content=\"de_DE\" \/>\n<meta property=\"og:type\" content=\"article\" \/>\n<meta property=\"og:title\" content=\"TV-Kopfh\u00f6rer - Meliconi\" \/>\n<meta property=\"og:description\" content=\"Kopfh\u00f6rer mit Kabel Kabellose TV-Kopfh\u00f6rer Bluetooth TV-Kopfh\u00f6rer Meliconi TV-Kopfh\u00f6rer Kabelgebundene Kopfh&ouml;rer, Kopfh&ouml;rer mit Kabel, kabellose Kopfh&ouml;rer, mit oder ohne Ladestation, Over-Ear- oder Stethoskop-Kopfh&ouml;rer &ndash; die TV-Kopfh&ouml;rerfamilie von Meliconi zeichnet sich durch hohe Klangqualit&auml;t und das Streben nach einem essenziellen, modernen und unverwechselbaren Design aus. Ideal, um fernzusehen oder andere Audiovideoger&auml;te in Ruhe zu genie&szlig;en, ohne [&hellip;]\" \/>\n<meta property=\"og:url\" content=\"https:\/\/www.meliconi.com\/de\/audio\/tv-kopfhoerer\/\" \/>\n<meta property=\"og:site_name\" content=\"Meliconi\" \/>\n<meta property=\"article:modified_time\" content=\"2025-10-15T10:18:39+00:00\" \/>\n<meta name=\"twitter:card\" content=\"summary_large_image\" \/>\n<meta name=\"twitter:label1\" content=\"Gesch\u00e4tzte Lesezeit\" \/>\n\t<meta name=\"twitter:data1\" content=\"3\u00a0Minuten\" \/>\n<script type=\"application\/ld+json\" class=\"yoast-schema-graph\">{\"@context\":\"https:\/\/schema.org\",\"@graph\":[{\"@type\":\"WebPage\",\"@id\":\"https:\/\/www.meliconi.com\/de\/audio\/tv-kopfhoerer\/\",\"url\":\"https:\/\/www.meliconi.com\/de\/audio\/tv-kopfhoerer\/\",\"name\":\"TV-Kopfh\u00f6rer - Meliconi\",\"isPartOf\":{\"@id\":\"https:\/\/www.meliconi.com\/de\/#website\"},\"datePublished\":\"2021-05-25T15:08:24+00:00\",\"dateModified\":\"2025-10-15T10:18:39+00:00\",\"breadcrumb\":{\"@id\":\"https:\/\/www.meliconi.com\/de\/audio\/tv-kopfhoerer\/#breadcrumb\"},\"inLanguage\":\"de\",\"potentialAction\":[{\"@type\":\"ReadAction\",\"target\":[\"https:\/\/www.meliconi.com\/de\/audio\/tv-kopfhoerer\/\"]}]},{\"@type\":\"BreadcrumbList\",\"@id\":\"https:\/\/www.meliconi.com\/de\/audio\/tv-kopfhoerer\/#breadcrumb\",\"itemListElement\":[{\"@type\":\"ListItem\",\"position\":1,\"name\":\"Home\",\"item\":\"https:\/\/www.meliconi.com\/de\/\"},{\"@type\":\"ListItem\",\"position\":2,\"name\":\"Audio\",\"item\":\"https:\/\/www.meliconi.com\/de\/audio\/\"},{\"@type\":\"ListItem\",\"position\":3,\"name\":\"TV-Kopfh\u00f6rer\"}]},{\"@type\":\"WebSite\",\"@id\":\"https:\/\/www.meliconi.com\/de\/#website\",\"url\":\"https:\/\/www.meliconi.com\/de\/\",\"name\":\"Meliconi\",\"description\":\"Lo specialista dell&#039;accessorio\",\"publisher\":{\"@id\":\"https:\/\/www.meliconi.com\/de\/#organization\"},\"potentialAction\":[{\"@type\":\"SearchAction\",\"target\":{\"@type\":\"EntryPoint\",\"urlTemplate\":\"https:\/\/www.meliconi.com\/de\/?s={search_term_string}\"},\"query-input\":{\"@type\":\"PropertyValueSpecification\",\"valueRequired\":true,\"valueName\":\"search_term_string\"}}],\"inLanguage\":\"de\"},{\"@type\":\"Organization\",\"@id\":\"https:\/\/www.meliconi.com\/de\/#organization\",\"name\":\"Meliconi\",\"url\":\"https:\/\/www.meliconi.com\/de\/\",\"logo\":{\"@type\":\"ImageObject\",\"inLanguage\":\"de\",\"@id\":\"https:\/\/www.meliconi.com\/de\/#\/schema\/logo\/image\/\",\"url\":\"https:\/\/www.meliconi.com\/wp-content\/uploads\/2021\/06\/logo-meliconi.png\",\"contentUrl\":\"https:\/\/www.meliconi.com\/wp-content\/uploads\/2021\/06\/logo-meliconi.png\",\"width\":338,\"height\":102,\"caption\":\"Meliconi\"},\"image\":{\"@id\":\"https:\/\/www.meliconi.com\/de\/#\/schema\/logo\/image\/\"}}]}<\/script>\n<!-- \/ Yoast SEO plugin. -->","yoast_head_json":{"title":"TV-Kopfh\u00f6rer - Meliconi","robots":{"index":"index","follow":"follow","max-snippet":"max-snippet:-1","max-image-preview":"max-image-preview:large","max-video-preview":"max-video-preview:-1"},"canonical":"https:\/\/www.meliconi.com\/de\/audio\/tv-kopfhoerer\/","og_locale":"de_DE","og_type":"article","og_title":"TV-Kopfh\u00f6rer - Meliconi","og_description":"Kopfh\u00f6rer mit Kabel Kabellose TV-Kopfh\u00f6rer Bluetooth TV-Kopfh\u00f6rer Meliconi TV-Kopfh\u00f6rer Kabelgebundene Kopfh&ouml;rer, Kopfh&ouml;rer mit Kabel, kabellose Kopfh&ouml;rer, mit oder ohne Ladestation, Over-Ear- oder Stethoskop-Kopfh&ouml;rer &ndash; die TV-Kopfh&ouml;rerfamilie von Meliconi zeichnet sich durch hohe Klangqualit&auml;t und das Streben nach einem essenziellen, modernen und unverwechselbaren Design aus. Ideal, um fernzusehen oder andere Audiovideoger&auml;te in Ruhe zu genie&szlig;en, ohne [&hellip;]","og_url":"https:\/\/www.meliconi.com\/de\/audio\/tv-kopfhoerer\/","og_site_name":"Meliconi","article_modified_time":"2025-10-15T10:18:39+00:00","twitter_card":"summary_large_image","twitter_misc":{"Gesch\u00e4tzte Lesezeit":"3\u00a0Minuten"},"schema":{"@context":"https:\/\/schema.org","@graph":[{"@type":"WebPage","@id":"https:\/\/www.meliconi.com\/de\/audio\/tv-kopfhoerer\/","url":"https:\/\/www.meliconi.com\/de\/audio\/tv-kopfhoerer\/","name":"TV-Kopfh\u00f6rer - Meliconi","isPartOf":{"@id":"https:\/\/www.meliconi.com\/de\/#website"},"datePublished":"2021-05-25T15:08:24+00:00","dateModified":"2025-10-15T10:18:39+00:00","breadcrumb":{"@id":"https:\/\/www.meliconi.com\/de\/audio\/tv-kopfhoerer\/#breadcrumb"},"inLanguage":"de","potentialAction":[{"@type":"ReadAction","target":["https:\/\/www.meliconi.com\/de\/audio\/tv-kopfhoerer\/"]}]},{"@type":"BreadcrumbList","@id":"https:\/\/www.meliconi.com\/de\/audio\/tv-kopfhoerer\/#breadcrumb","itemListElement":[{"@type":"ListItem","position":1,"name":"Home","item":"https:\/\/www.meliconi.com\/de\/"},{"@type":"ListItem","position":2,"name":"Audio","item":"https:\/\/www.meliconi.com\/de\/audio\/"},{"@type":"ListItem","position":3,"name":"TV-Kopfh\u00f6rer"}]},{"@type":"WebSite","@id":"https:\/\/www.meliconi.com\/de\/#website","url":"https:\/\/www.meliconi.com\/de\/","name":"Meliconi","description":"Lo specialista dell&#039;accessorio","publisher":{"@id":"https:\/\/www.meliconi.com\/de\/#organization"},"potentialAction":[{"@type":"SearchAction","target":{"@type":"EntryPoint","urlTemplate":"https:\/\/www.meliconi.com\/de\/?s={search_term_string}"},"query-input":{"@type":"PropertyValueSpecification","valueRequired":true,"valueName":"search_term_string"}}],"inLanguage":"de"},{"@type":"Organization","@id":"https:\/\/www.meliconi.com\/de\/#organization","name":"Meliconi","url":"https:\/\/www.meliconi.com\/de\/","logo":{"@type":"ImageObject","inLanguage":"de","@id":"https:\/\/www.meliconi.com\/de\/#\/schema\/logo\/image\/","url":"https:\/\/www.meliconi.com\/wp-content\/uploads\/2021\/06\/logo-meliconi.png","contentUrl":"https:\/\/www.meliconi.com\/wp-content\/uploads\/2021\/06\/logo-meliconi.png","width":338,"height":102,"caption":"Meliconi"},"image":{"@id":"https:\/\/www.meliconi.com\/de\/#\/schema\/logo\/image\/"}}]}},"_links":{"self":[{"href":"https:\/\/www.meliconi.com\/de\/wp-json\/wp\/v2\/pages\/59935","targetHints":{"allow":["GET"]}}],"collection":[{"href":"https:\/\/www.meliconi.com\/de\/wp-json\/wp\/v2\/pages"}],"about":[{"href":"https:\/\/www.meliconi.com\/de\/wp-json\/wp\/v2\/types\/page"}],"author":[{"embeddable":true,"href":"https:\/\/www.meliconi.com\/de\/wp-json\/wp\/v2\/users\/1"}],"replies":[{"embeddable":true,"href":"https:\/\/www.meliconi.com\/de\/wp-json\/wp\/v2\/comments?post=59935"}],"version-history":[{"count":4,"href":"https:\/\/www.meliconi.com\/de\/wp-json\/wp\/v2\/pages\/59935\/revisions"}],"predecessor-version":[{"id":68332,"href":"https:\/\/www.meliconi.com\/de\/wp-json\/wp\/v2\/pages\/59935\/revisions\/68332"}],"up":[{"embeddable":true,"href":"https:\/\/www.meliconi.com\/de\/wp-json\/wp\/v2\/pages\/59802"}],"wp:attachment":[{"href":"https:\/\/www.meliconi.com\/de\/wp-json\/wp\/v2\/media?parent=59935"}],"curies":[{"name":"wp","href":"https:\/\/api.w.org\/{rel}","templated":true}]}}