{"id":59924,"date":"2021-04-20T08:37:16","date_gmt":"2021-04-20T08:37:16","guid":{"rendered":"https:\/\/www.meliconi.com\/programma-telecomando\/"},"modified":"2024-10-08T09:02:26","modified_gmt":"2024-10-08T07:02:26","slug":"fernbedienungsprogramm","status":"publish","type":"page","link":"https:\/\/www.meliconi.com\/de\/fernbedienungsprogramm\/","title":{"rendered":"Fernbedienungsprogramm"},"content":{"rendered":"<div>\n<p>W\u00e4hlen Sie die zu programmierende Meliconi-Fernbedienung aus.<\/p>\n<\/div>\n<ul>\n<li>\n<h3>Neuere Fernbedienungen<\/h3>\n<div>\n<a class=\"uk-button uk-button-primary uk-width-1-1 uk-margin-top\"\n            id=\"me-programma-telecomando-btn\"\n            href=\"https:\/\/www.meliconiservice.com\/meliconi\/menu.php?idm=de&#038;pag=a\"\n            target=\"_blank\"\n            rel=\"noopener\">Trova codici<\/a>\n<\/div>\n<\/li>\n<li>\n<h3>Andere Fernbedienungen<\/h3>\n<div>\n<select class=\"uk-select\" id=\"me-programma-telecomando-old\">  <option selected=\"true\" disabled=\"disabled\">\n    Scegli il tuo telecomando  <\/option>\n  <option value=\"\">\n    AC100  <\/option>\n  <option value=\"\">\n    Algo 2 RC  <\/option>\n  <option value=\"\">\n    Algo 2  <\/option>\n  <option value=\"\">\n    Algo  <\/option>\n  <option value=\"\">\n    Control 5 Digital CME  <\/option>\n  <option value=\"\">\n    Control 5-500 Plus  <\/option>\n  <option value=\"\">\n    Control 5-500  <\/option>\n  <option value=\"\">\n    Control 4  <\/option>\n  <option value=\"\">\n    Control 3-300 Plus  <\/option>\n  <option value=\"\">\n    Control 2 digital  <\/option>\n  <option value=\"\">\n    Control 2 digital CME  <\/option>\n  <option value=\"\">\n    Control 2 SIMPLE  <\/option>\n  <option value=\"\">\n    Control 2  <\/option>\n  <option value=\"\">\n    Control TV Digital  <\/option>\n  <option value=\"\">\n    Control TV 100  <\/option>\n  <option value=\"\">\n    Control TV  <\/option>\n  <option value=\"\">\n    Digital 5 RC  <\/option>\n  <option value=\"\">\n    Digital 3 Light  <\/option>\n  <option value=\"\">\n    Digital 5 web (versione francese)  <\/option>\n  <option value=\"\">\n    Digital 4  <\/option>\n  <option value=\"\">\n    Digital 2 Smart  <\/option>\n  <option value=\"\">\n    Digital 6 light  <\/option>\n  <option value=\"\">\n    Facile Smart  <\/option>\n  <option value=\"\">\n    Facile 3 web  <\/option>\n  <option value=\"\">\n    Facile 1 RC  <\/option>\n  <option value=\"\">\n    Facile 1 web  <\/option>\n  <option value=\"\">\n    Facile 100  <\/option>\n  <option value=\"\">\n    Facile  <\/option>\n  <option value=\"\">\n    Facile Light  <\/option>\n  <option value=\"\">\n    Flash 2 RC  <\/option>\n  <option value=\"\">\n    Flash 4  <\/option>\n  <option value=\"\">\n    Flash 2  <\/option>\n  <option value=\"\">\n    Fully 8 RC  <\/option>\n  <option value=\"\">\n    Fully 8  <\/option>\n  <option value=\"\">\n    Guest Plus  <\/option>\n  <option value=\"\">\n    Guest  <\/option>\n  <option value=\"\">\n    Hotel01  <\/option>\n  <option value=\"\">\n    Hotel02  <\/option>\n  <option value=\"\">\n    Hotel03  <\/option>\n  <option value=\"\">\n    Irweb  <\/option>\n  <option value=\"\">\n    Logic12  <\/option>\n  <option value=\"\">\n    Mycro  <\/option>\n  <option value=\"\">\n    Personal 1  <\/option>\n  <option value=\"\">\n    Personal 2  <\/option>\n  <option value=\"\">\n    Personal 3 per SONY  <\/option>\n  <option value=\"\">\n    Personal 4 per PHILIPS  <\/option>\n  <option value=\"\">\n    Personal  <\/option>\n  <option value=\"\">\n    Pratico 2 Light RC  <\/option>\n  <option value=\"\">\n    Pratico 2 Light  <\/option>\n  <option value=\"\">\n    Pratico for SKY plus  <\/option>\n  <option value=\"\">\n    Pratico Digital for SKY RC  <\/option>\n  <option value=\"\">\n    Pratico for MEDIASET PREMIUM  <\/option>\n  <option value=\"\">\n    Pratico 6 RC  <\/option>\n  <option value=\"\">\n    Pratico 6  <\/option>\n  <option value=\"\">\n    Pratico 2 RC  <\/option>\n  <option value=\"\">\n    Pratico 2  <\/option>\n  <option value=\"\">\n    Senior 2.1  <\/option>\n  <option value=\"\">\n    Senior 2 R5  <\/option>\n  <option value=\"\">\n    Senior 2 RC  <\/option>\n  <option value=\"\">\n    Senior 2  <\/option>\n  <option value=\"\">\n    Smart 4  <\/option>\n  <option value=\"\">\n    Speedy 210 combo RC  <\/option>\n  <option value=\"\">\n    Speedy 210 Combo  <\/option>\n  <option value=\"\">\n    Speedy 110 Plus  <\/option>\n  <option value=\"\">\n    Speedy 110 Fluo  <\/option>\n  <option value=\"\">\n    Speedy 110  <\/option>\n  <option value=\"\">\n    Speedy 100 Plus  <\/option>\n  <option value=\"\">\n    Speedy Goal Plus  <\/option>\n  <option value=\"\">\n    Speedy Goal  <\/option>\n  <option value=\"\">\n    Speedy 2 Combo  <\/option>\n  <option value=\"\">\n    Speedy Plus  <\/option>\n  <option value=\"\">\n    Speedy 2  <\/option>\n  <option value=\"\">\n    Speedy  <\/option>\n  <option value=\"\">\n    Universal 5 Smart  <\/option>\n  <option value=\"\">\n    Universal 5 web  <\/option>\n  <option value=\"\">\n    Universal 5-500  <\/option>\n  <option value=\"\">\n    Universal 3 web  <\/option>\n  <option value=\"\">\n    Universal 3-300  <\/option>\n  <option value=\"\">\n    Universal 4  <\/option>\n  <option value=\"\">\n    Universal 3  <\/option>\n  <option value=\"\">\n    Universal 2  <\/option>\n  <option value=\"\">\n    URC 3  <\/option>\n<\/select>\n<a class=\"uk-button uk-button-primary uk-width-1-1 uk-margin-top disabled\" id=\"me-programma-telecomando-btn-old\" target=\"_blank\" disabled>Trova codici<\/a>\n<\/div>\n<\/li>\n<\/ul>\n<hr>\n<div>\n<p>100 % italienische, spezialisierte telefonische technische Unterst\u00fctzung unter <strong class=\"uk-background-primary\"><a href=\"tel:+390266012766\">02 66012766<\/a><\/strong><br \/>Vollst\u00e4ndiger Web-Support f\u00fcr das neue Sortiment unter <strong class=\"uk-background-primary\"><a href=\"https:\/\/www.cme.it\" target=\"_blank\" rel=\"noopener\">www.cme.it<\/a><\/strong><\/p>\n<\/div>\n<p><!--more--><br \/>\n<!-- {\"type\":\"layout\",\"children\":[{\"type\":\"section\",\"props\":{\"animation\":\"fade\",\"animation_delay\":false,\"header_transparent\":true,\"header_transparent_noplaceholder\":true,\"header_transparent_text_color\":\"dark\",\"height\":\"viewport\",\"height_offset_top\":true,\"image\":\"wp-content\\\/uploads\\\/2021\\\/04\\\/telecomandi_bg.jpg\",\"image_parallax_bgy\":\"0,-130\",\"image_position\":\"center-center\",\"image_size\":\"cover\",\"media_overlay\":\"rgba(21, 25, 27, 0.7)\",\"style\":\"secondary\",\"title_breakpoint\":\"xl\",\"title_position\":\"top-left\",\"title_rotation\":\"left\",\"vertical_align\":\"middle\",\"width\":\"xsmall\"},\"children\":[{\"type\":\"row\",\"children\":[{\"type\":\"column\",\"props\":{\"image_position\":\"center-center\",\"position_sticky_breakpoint\":\"m\"},\"children\":[{\"type\":\"headline\",\"props\":{\"text_align\":\"center\",\"title_element\":\"h1\",\"title_style\":\"heading-small\"},\"source\":{\"query\":{\"name\":\"pages.singlePage\"},\"props\":{\"content\":{\"filters\":{\"search\":\"\"},\"name\":\"title\"}}}},{\"type\":\"text\",\"props\":{\"column_breakpoint\":\"m\",\"content\":\"\n\n<p>W\\u00e4hlen Sie die zu programmierende Meliconi-Fernbedienung aus.<\\\/p>\",\"margin\":\"medium\",\"margin_remove_top\":true,\"text_align\":\"center\",\"text_style\":\"lead\"}},{\"type\":\"switcher\",\"props\":{\"content_column_breakpoint\":\"m\",\"image_align\":\"top\",\"image_grid_breakpoint\":\"m\",\"image_grid_width\":\"1-2\",\"image_svg_color\":\"emphasis\",\"link_style\":\"default\",\"link_text\":\"Read more\",\"margin\":\"default\",\"meta_align\":\"below-title\",\"meta_element\":\"div\",\"meta_style\":\"text-meta\",\"nav\":\"tab\",\"nav_align\":\"center\",\"nav_grid_breakpoint\":\"m\",\"nav_grid_width\":\"auto\",\"nav_position\":\"top\",\"show_content\":true,\"show_image\":false,\"show_label\":true,\"show_link\":false,\"show_meta\":false,\"show_thumbnail\":false,\"show_title\":false,\"switcher_animation\":\"fade\",\"switcher_height\":true,\"thumbnav_height\":\"75\",\"thumbnav_svg_color\":\"emphasis\",\"thumbnav_width\":\"100\",\"title_align\":\"top\",\"title_element\":\"h3\",\"title_grid_breakpoint\":\"m\",\"title_grid_width\":\"1-2\"},\"children\":[{\"type\":\"switcher_item\",\"props\":{\"content\":\"\n\n<p>[programma-telecomando]<\\\/p>\",\"title\":\"Neuere Fernbedienungen\"}},{\"type\":\"switcher_item\",\"props\":{\"content\":\"\n\n<p>[programma-telecomando-old]<\\\/p>\",\"title\":\"Andere Fernbedienungen\"}}]},{\"type\":\"divider\",\"props\":{\"divider_element\":\"hr\",\"margin\":\"medium\"}},{\"type\":\"text\",\"props\":{\"column_breakpoint\":\"m\",\"content\":\"\n\n<p>100 % italienische, spezialisierte telefonische technische Unterst\\u00fctzung unter <strong class=\\\"uk-background-primary\\\"><a href=\\\"tel:+390266012766\\\">02 66012766<\\\/a><\\\/strong><br \\\/>Vollst\\u00e4ndiger Web-Support f\\u00fcr das neue Sortiment unter <strong class=\\\"uk-background-primary\\\"><a href=\\\"https:\\\/\\\/www.cme.it\\\" target=\\\"_blank\\\" rel=\\\"noopener\\\">www.cme.it<\\\/a><\\\/strong><\\\/p>\",\"margin\":\"\",\"margin_remove_bottom\":false,\"text_align\":\"center\"}}]}]}]}],\"version\":\"4.3.5\"} --><\/p>\n","protected":false},"excerpt":{"rendered":"<p>W\u00e4hlen Sie die zu programmierende Meliconi-Fernbedienung aus. Neuere Fernbedienungen Andere Fernbedienungen 100 % italienische, spezialisierte telefonische technische Unterst\u00fctzung unter 02 66012766Vollst\u00e4ndiger Web-Support f\u00fcr das neue Sortiment unter www.cme.it<\/p>\n","protected":false},"author":1,"featured_media":0,"parent":0,"menu_order":0,"comment_status":"closed","ping_status":"closed","template":"","meta":{"_acf_changed":false,"footnotes":""},"class_list":["post-59924","page","type-page","status-publish","hentry"],"acf":[],"yoast_head":"<!-- This site is optimized with the Yoast SEO plugin v26.1.1 - https:\/\/yoast.com\/wordpress\/plugins\/seo\/ -->\n<title>Fernbedienungsprogramm - Meliconi<\/title>\n<meta name=\"robots\" content=\"index, follow, max-snippet:-1, max-image-preview:large, max-video-preview:-1\" \/>\n<link rel=\"canonical\" href=\"https:\/\/www.meliconi.com\/de\/fernbedienungsprogramm\/\" \/>\n<meta property=\"og:locale\" content=\"de_DE\" \/>\n<meta property=\"og:type\" content=\"article\" \/>\n<meta property=\"og:title\" content=\"Fernbedienungsprogramm - Meliconi\" \/>\n<meta property=\"og:description\" content=\"W\u00e4hlen Sie die zu programmierende Meliconi-Fernbedienung aus. Neuere Fernbedienungen Andere Fernbedienungen 100 % italienische, spezialisierte telefonische technische Unterst\u00fctzung unter 02 66012766Vollst\u00e4ndiger Web-Support f\u00fcr das neue Sortiment unter www.cme.it\" \/>\n<meta property=\"og:url\" content=\"https:\/\/www.meliconi.com\/de\/fernbedienungsprogramm\/\" \/>\n<meta property=\"og:site_name\" content=\"Meliconi\" \/>\n<meta property=\"article:modified_time\" content=\"2024-10-08T07:02:26+00:00\" \/>\n<meta name=\"twitter:card\" content=\"summary_large_image\" \/>\n<meta name=\"twitter:label1\" content=\"Gesch\u00e4tzte Lesezeit\" \/>\n\t<meta name=\"twitter:data1\" content=\"1\u00a0Minute\" \/>\n<script type=\"application\/ld+json\" class=\"yoast-schema-graph\">{\"@context\":\"https:\/\/schema.org\",\"@graph\":[{\"@type\":\"WebPage\",\"@id\":\"https:\/\/www.meliconi.com\/de\/fernbedienungsprogramm\/\",\"url\":\"https:\/\/www.meliconi.com\/de\/fernbedienungsprogramm\/\",\"name\":\"Fernbedienungsprogramm - Meliconi\",\"isPartOf\":{\"@id\":\"https:\/\/www.meliconi.com\/de\/#website\"},\"datePublished\":\"2021-04-20T08:37:16+00:00\",\"dateModified\":\"2024-10-08T07:02:26+00:00\",\"breadcrumb\":{\"@id\":\"https:\/\/www.meliconi.com\/de\/fernbedienungsprogramm\/#breadcrumb\"},\"inLanguage\":\"de\",\"potentialAction\":[{\"@type\":\"ReadAction\",\"target\":[\"https:\/\/www.meliconi.com\/de\/fernbedienungsprogramm\/\"]}]},{\"@type\":\"BreadcrumbList\",\"@id\":\"https:\/\/www.meliconi.com\/de\/fernbedienungsprogramm\/#breadcrumb\",\"itemListElement\":[{\"@type\":\"ListItem\",\"position\":1,\"name\":\"Home\",\"item\":\"https:\/\/www.meliconi.com\/de\/\"},{\"@type\":\"ListItem\",\"position\":2,\"name\":\"Fernbedienungsprogramm\"}]},{\"@type\":\"WebSite\",\"@id\":\"https:\/\/www.meliconi.com\/de\/#website\",\"url\":\"https:\/\/www.meliconi.com\/de\/\",\"name\":\"Meliconi\",\"description\":\"Lo specialista dell&#039;accessorio\",\"publisher\":{\"@id\":\"https:\/\/www.meliconi.com\/de\/#organization\"},\"potentialAction\":[{\"@type\":\"SearchAction\",\"target\":{\"@type\":\"EntryPoint\",\"urlTemplate\":\"https:\/\/www.meliconi.com\/de\/?s={search_term_string}\"},\"query-input\":{\"@type\":\"PropertyValueSpecification\",\"valueRequired\":true,\"valueName\":\"search_term_string\"}}],\"inLanguage\":\"de\"},{\"@type\":\"Organization\",\"@id\":\"https:\/\/www.meliconi.com\/de\/#organization\",\"name\":\"Meliconi\",\"url\":\"https:\/\/www.meliconi.com\/de\/\",\"logo\":{\"@type\":\"ImageObject\",\"inLanguage\":\"de\",\"@id\":\"https:\/\/www.meliconi.com\/de\/#\/schema\/logo\/image\/\",\"url\":\"https:\/\/www.meliconi.com\/wp-content\/uploads\/2021\/06\/logo-meliconi.png\",\"contentUrl\":\"https:\/\/www.meliconi.com\/wp-content\/uploads\/2021\/06\/logo-meliconi.png\",\"width\":338,\"height\":102,\"caption\":\"Meliconi\"},\"image\":{\"@id\":\"https:\/\/www.meliconi.com\/de\/#\/schema\/logo\/image\/\"}}]}<\/script>\n<!-- \/ Yoast SEO plugin. -->","yoast_head_json":{"title":"Fernbedienungsprogramm - Meliconi","robots":{"index":"index","follow":"follow","max-snippet":"max-snippet:-1","max-image-preview":"max-image-preview:large","max-video-preview":"max-video-preview:-1"},"canonical":"https:\/\/www.meliconi.com\/de\/fernbedienungsprogramm\/","og_locale":"de_DE","og_type":"article","og_title":"Fernbedienungsprogramm - Meliconi","og_description":"W\u00e4hlen Sie die zu programmierende Meliconi-Fernbedienung aus. Neuere Fernbedienungen Andere Fernbedienungen 100 % italienische, spezialisierte telefonische technische Unterst\u00fctzung unter 02 66012766Vollst\u00e4ndiger Web-Support f\u00fcr das neue Sortiment unter www.cme.it","og_url":"https:\/\/www.meliconi.com\/de\/fernbedienungsprogramm\/","og_site_name":"Meliconi","article_modified_time":"2024-10-08T07:02:26+00:00","twitter_card":"summary_large_image","twitter_misc":{"Gesch\u00e4tzte Lesezeit":"1\u00a0Minute"},"schema":{"@context":"https:\/\/schema.org","@graph":[{"@type":"WebPage","@id":"https:\/\/www.meliconi.com\/de\/fernbedienungsprogramm\/","url":"https:\/\/www.meliconi.com\/de\/fernbedienungsprogramm\/","name":"Fernbedienungsprogramm - Meliconi","isPartOf":{"@id":"https:\/\/www.meliconi.com\/de\/#website"},"datePublished":"2021-04-20T08:37:16+00:00","dateModified":"2024-10-08T07:02:26+00:00","breadcrumb":{"@id":"https:\/\/www.meliconi.com\/de\/fernbedienungsprogramm\/#breadcrumb"},"inLanguage":"de","potentialAction":[{"@type":"ReadAction","target":["https:\/\/www.meliconi.com\/de\/fernbedienungsprogramm\/"]}]},{"@type":"BreadcrumbList","@id":"https:\/\/www.meliconi.com\/de\/fernbedienungsprogramm\/#breadcrumb","itemListElement":[{"@type":"ListItem","position":1,"name":"Home","item":"https:\/\/www.meliconi.com\/de\/"},{"@type":"ListItem","position":2,"name":"Fernbedienungsprogramm"}]},{"@type":"WebSite","@id":"https:\/\/www.meliconi.com\/de\/#website","url":"https:\/\/www.meliconi.com\/de\/","name":"Meliconi","description":"Lo specialista dell&#039;accessorio","publisher":{"@id":"https:\/\/www.meliconi.com\/de\/#organization"},"potentialAction":[{"@type":"SearchAction","target":{"@type":"EntryPoint","urlTemplate":"https:\/\/www.meliconi.com\/de\/?s={search_term_string}"},"query-input":{"@type":"PropertyValueSpecification","valueRequired":true,"valueName":"search_term_string"}}],"inLanguage":"de"},{"@type":"Organization","@id":"https:\/\/www.meliconi.com\/de\/#organization","name":"Meliconi","url":"https:\/\/www.meliconi.com\/de\/","logo":{"@type":"ImageObject","inLanguage":"de","@id":"https:\/\/www.meliconi.com\/de\/#\/schema\/logo\/image\/","url":"https:\/\/www.meliconi.com\/wp-content\/uploads\/2021\/06\/logo-meliconi.png","contentUrl":"https:\/\/www.meliconi.com\/wp-content\/uploads\/2021\/06\/logo-meliconi.png","width":338,"height":102,"caption":"Meliconi"},"image":{"@id":"https:\/\/www.meliconi.com\/de\/#\/schema\/logo\/image\/"}}]}},"_links":{"self":[{"href":"https:\/\/www.meliconi.com\/de\/wp-json\/wp\/v2\/pages\/59924","targetHints":{"allow":["GET"]}}],"collection":[{"href":"https:\/\/www.meliconi.com\/de\/wp-json\/wp\/v2\/pages"}],"about":[{"href":"https:\/\/www.meliconi.com\/de\/wp-json\/wp\/v2\/types\/page"}],"author":[{"embeddable":true,"href":"https:\/\/www.meliconi.com\/de\/wp-json\/wp\/v2\/users\/1"}],"replies":[{"embeddable":true,"href":"https:\/\/www.meliconi.com\/de\/wp-json\/wp\/v2\/comments?post=59924"}],"version-history":[{"count":2,"href":"https:\/\/www.meliconi.com\/de\/wp-json\/wp\/v2\/pages\/59924\/revisions"}],"predecessor-version":[{"id":61463,"href":"https:\/\/www.meliconi.com\/de\/wp-json\/wp\/v2\/pages\/59924\/revisions\/61463"}],"wp:attachment":[{"href":"https:\/\/www.meliconi.com\/de\/wp-json\/wp\/v2\/media?parent=59924"}],"curies":[{"name":"wp","href":"https:\/\/api.w.org\/{rel}","templated":true}]}}